{"id":2112,"date":"2025-10-27T14:08:34","date_gmt":"2025-10-27T06:08:34","guid":{"rendered":"https:\/\/minghanggroup.com\/?post_type=product&#038;p=2112"},"modified":"2025-10-27T14:08:34","modified_gmt":"2025-10-27T06:08:34","slug":"glass-milk-bottles-with-lids-wholesale-for-dairy-and-dessert","status":"publish","type":"product","link":"https:\/\/minghanggroup.com\/it\/prodotto\/glass-milk-bottles-with-lids-wholesale-for-dairy-and-dessert\/","title":{"rendered":"Normalmente, responderemos em at\u00e9 30 minutos."},"content":{"rendered":"<p>bottiglie di latte in vetro con coperchi all&#039;ingrosso, bottiglia di vetro per latte al cioccolato<\/p>\n<p>Il packaging per il tuo marchio di latticini dovrebbe essere quello che cattura davvero l&#039;attenzione dei clienti che scorrono le pagine. Produciamo all&#039;ingrosso bottiglie di vetro per il latte con coperchio che rendono ogni versamento un momento di puro piacere. Questi barattoli di vetro di ispirazione retr\u00f2 combinano il fascino senza tempo con le caratteristiche pratiche e moderne, perfetti per latte al cioccolato, latticini o succhi di frutta. Essendo il tuo fornitore affidabile di imballaggi in vetro, utilizziamo materie prime fresche che garantiscono che il tuo prodotto rimanga fresco pi\u00f9 a lungo.<\/p>\n<h2>Caratteristiche del prodotto<\/h2>\n<ol>\n<li><strong>Design sottile ed elegante:<\/strong>Con il loro design visivamente leggero ed elegante, le linee alte e slanciate della bottiglia in vetro per il latte al cioccolato si adatterebbero perfettamente allo stile di un marchio di latte, succo o budino di alta qualit\u00e0.<\/li>\n<li><strong>Vetro trasparente spesso:<\/strong>\u00c8 realizzato in vetro lucido e robusto, e cos\u00ec il colore naturale del prodotto viene messo in risalto; il contenitore \u00e8 allo stesso tempo bello e funzionale.<\/li>\n<li><strong>Capacit\u00e0 versatile:<\/strong>Questa capacit\u00e0 \u00e8 perfetta per diversi tipi di utilizzo, come latte fresco, yogurt, budino e cold brew.<\/li>\n<li><strong>Design della bocca sigillabile:<\/strong>I tappi in metallo, plastica o alluminio con cui \u00e8 compatibile garantiscono una chiusura ermetica e quindi la freschezza pu\u00f2 essere mantenuta pi\u00f9 a lungo.<\/li>\n<\/ol>\n<h2>Specifiche chiave<\/h2>\n<table style=\"border-collapse: collapse; width: 80%; margin-left: auto; margin-right: auto;\" border=\"0\" width=\"288\" cellspacing=\"0\" cellpadding=\"0\">\n<tbody>\n<tr style=\"height: 13.50pt;\">\n<td style=\"height: 13.5pt; width: 54pt; text-align: center;\" width=\"72\" height=\"18\">Modello<\/td>\n<td style=\"width: 54pt; text-align: center;\" width=\"72\">Capacit\u00e0 (ml)<\/td>\n<td style=\"width: 54pt; text-align: center;\" width=\"72\">Dimensioni (cm)<\/td>\n<td style=\"width: 54pt; text-align: center;\" width=\"72\">Tipo di bottiglia<\/td>\n<\/tr>\n<tr style=\"height: 13.50pt;\">\n<td style=\"height: 13.5pt; text-align: center;\" align=\"right\" height=\"18\">64010038<\/td>\n<td style=\"text-align: center;\" align=\"right\">100<\/td>\n<td style=\"text-align: center;\">4.5&#215;9.5<\/td>\n<td class=\"et2\" style=\"text-align: center;\" rowspan=\"2\">Magro Alto<\/td>\n<\/tr>\n<tr style=\"height: 13.50pt;\">\n<td style=\"height: 13.5pt; text-align: center;\" align=\"right\" height=\"18\">64020039<\/td>\n<td style=\"text-align: center;\" align=\"right\">200<\/td>\n<td style=\"text-align: center;\">6.0&#215;12.8<\/td>\n<\/tr>\n<\/tbody>\n<\/table>\n<h2>Caso di successo<\/h2>\n<p>Un marchio di latticini di nicchia ci ha commissionato la creazione di bottiglie di latte in vetro personalizzate con tappo, vendute all&#039;ingrosso. La bottiglia da 200 ml, con la sua silhouette slanciata, non \u00e8 solo un modo meraviglioso per presentare il prodotto risparmiando spazio sia in esposizione che in spedizione, ma \u00e8 anche una perfetta combinazione di eleganza e praticit\u00e0.<\/p>\n<p>Il cliente ha optato per un tappo a vite bianco opaco con sigillo termoretraibile trasparente, in linea con lo stile minimalista del marchio, ottenendo cos\u00ec una confezione elegante e sobria. La delicata stampa satinata del logo sulla bottiglia emana un&#039;atmosfera lussuosa e artigianale, ideale per bar e supermercati di lusso.<\/p>\n<p>Il nuovo packaging \u00e8 stato accolto con entusiasmo dai clienti fin dal lancio. L&#039;azienda fornitrice del latte ha registrato un aumento delle vendite del 28% nelle prime sei settimane.<\/p>\n<h2>I tuoi suggerimenti per la personalizzazione<\/h2>\n<p>La bottiglia lunga in vetro per il latte al cioccolato del tuo marchio dovrebbe essere quella che trasmette il fascino unico del tuo brand. Basta comunicarci il nome del tuo gusto (come &#034;crema al miele&#034; o &#034;aroma di mango&#034;) e creeremo una delicata sfumatura di colore, un logo in rilievo o una finitura satinata che rifletter\u00e0 la natura del tuo marchio. Hai una collaborazione con un bar e hai bisogno di una capacit\u00e0 di 100 ml o 200 ml? Questa bottiglia per il latte alta e sottile \u00e8 esattamente ci\u00f2 che ti serve!<\/p>\n<p>La tua bottiglia di vetro non \u00e8 una semplice confezione, ma un riflesso della qualit\u00e0 e dello stile del tuo marchio. Facciamolo creando drink indimenticabili, ma solo una bottiglia alla volta.<\/p>","protected":false},"excerpt":{"rendered":"<p>Bottiglie di latte in vetro con tappo all&#039;ingrosso, perfette per yogurt e frullati. La bottiglia di latte al cioccolato \u00e8 personalizzabile con loghi e rivestimento colorato per il tuo marchio.<\/p>","protected":false},"featured_media":2114,"template":"","meta":{"postBodyCss":"","postBodyMargin":[],"postBodyPadding":[],"postBodyBackground":{"backgroundType":"classic","gradient":""}},"product_brand":[],"product_cat":[15,16,46],"product_tag":[],"class_list":{"0":"post-2112","1":"product","2":"type-product","3":"status-publish","4":"has-post-thumbnail","6":"product_cat-glass-containers","7":"product_cat-glass-bottles","8":"product_cat-glass-milk-bottles","10":"first","11":"instock","12":"shipping-taxable","13":"product-type-simple"},"jetpack_sharing_enabled":true,"_links":{"self":[{"href":"https:\/\/minghanggroup.com\/it\/wp-json\/wp\/v2\/product\/2112","targetHints":{"allow":["GET"]}}],"collection":[{"href":"https:\/\/minghanggroup.com\/it\/wp-json\/wp\/v2\/product"}],"about":[{"href":"https:\/\/minghanggroup.com\/it\/wp-json\/wp\/v2\/types\/product"}],"wp:featuredmedia":[{"embeddable":true,"href":"https:\/\/minghanggroup.com\/it\/wp-json\/wp\/v2\/media\/2114"}],"wp:attachment":[{"href":"https:\/\/minghanggroup.com\/it\/wp-json\/wp\/v2\/media?parent=2112"}],"wp:term":[{"taxonomy":"product_brand","embeddable":true,"href":"https:\/\/minghanggroup.com\/it\/wp-json\/wp\/v2\/product_brand?post=2112"},{"taxonomy":"product_cat","embeddable":true,"href":"https:\/\/minghanggroup.com\/it\/wp-json\/wp\/v2\/product_cat?post=2112"},{"taxonomy":"product_tag","embeddable":true,"href":"https:\/\/minghanggroup.com\/it\/wp-json\/wp\/v2\/product_tag?post=2112"}],"curies":[{"name":"wp","href":"https:\/\/api.w.org\/{rel}","templated":true}]}}