{"id":2075,"date":"2025-10-24T17:06:14","date_gmt":"2025-10-24T09:06:14","guid":{"rendered":"https:\/\/minghanggroup.com\/?post_type=product&#038;p=2075"},"modified":"2026-01-20T13:44:11","modified_gmt":"2026-01-20T05:44:11","slug":"wholesale-glass-yogurt-bottles-for-packaging","status":"publish","type":"product","link":"https:\/\/minghanggroup.com\/it\/prodotto\/wholesale-glass-yogurt-bottles-for-packaging\/","title":{"rendered":"Bottiglie di yogurt in vetro a doppio cuore da 100 ml, 150 ml e 250 ml per latte e dessert"},"content":{"rendered":"<p>Per far s\u00ec che il tuo marchio di latte si distingua dalla massa, un packaging accattivante \u00e8 fondamentale. Realizziamo adorabili contenitori per yogurt in vetro a forma di cuore che creano un momento di stupore con il tuo yogurt. Essendo un apprezzato produttore di imballaggi in vetro, siamo orgogliosi di fornire le migliori materie prime per i tuoi prodotti lattiero-caseari. Queste eleganti bottiglie per il latte in vetro riciclabile offrono un perfetto mix di fascino retr\u00f2 e funzionalit\u00e0 contemporanea: perch\u00e9 non arricchire yogurt, succo di frutta o anche un piccolo dessert?<\/p>\n<h2>Caratteristiche del prodotto<\/h2>\n<ol>\n<li><strong>Design romantico a forma di cuore:<\/strong>La goffratura a doppio cuore \u00e8 il dettaglio che rende romantiche le bottiglie di yogurt in vetro e che catturer\u00e0 sicuramente l&#039;attenzione su ogni scaffale.<\/li>\n<li><strong>Vista freschezza vetro trasparente:<\/strong>Il vetro trasparente mette in risalto il colore brillante dello yogurt, consentendo al cliente di constatare la qualit\u00e0 pi\u00f9 fresca ancora prima di acquistarlo.<\/li>\n<li><strong>Sigillo perfetto per il coperchio:<\/strong>La bocca leggermente svasata si adatta a qualsiasi tappo di bottiglia, quindi non ci sono perdite, non ci sono fuoriuscite, solo pura gioia del latte.<\/li>\n<li><strong>Dimensioni ottimizzate per ogni linea di prodotti lattiero-caseari:<\/strong>Siamo qui per supportarti nell&#039;imbottigliamento dei tuoi prodotti lattiero-caseari, da campioni da 100 ml a sfusi da 250 ml.<\/li>\n<\/ol>\n<h2>Specifiche chiave<\/h2>\n<table style=\"border-collapse: collapse; width: 80%; margin-left: auto; margin-right: auto;\" border=\"0\" width=\"288\" cellspacing=\"0\" cellpadding=\"0\">\n<tbody>\n<tr style=\"height: 13.50pt;\">\n<td style=\"height: 13.5pt; width: 54pt; text-align: center;\" width=\"72\" height=\"18\">Modello<\/td>\n<td style=\"width: 54pt; text-align: center;\" width=\"72\">Capacit\u00e0 (ml)<\/td>\n<td style=\"width: 54pt; text-align: center;\" width=\"72\">Dimensioni (cm)<\/td>\n<td style=\"width: 54pt; text-align: center;\" width=\"72\">Modello<\/td>\n<\/tr>\n<tr style=\"height: 13.50pt;\">\n<td style=\"height: 13.5pt; text-align: center;\" align=\"right\" height=\"18\">64010035<\/td>\n<td style=\"text-align: center;\" align=\"right\">100<\/td>\n<td style=\"text-align: center;\">6.2&#215;6.7<\/td>\n<td class=\"et2\" style=\"text-align: center;\" rowspan=\"3\">Doppio cuore<\/td>\n<\/tr>\n<tr style=\"height: 13.50pt;\">\n<td style=\"height: 13.5pt; text-align: center;\" align=\"right\" height=\"18\">64015036<\/td>\n<td style=\"text-align: center;\" align=\"right\">150<\/td>\n<td style=\"text-align: center;\">6.3&#215;7.9<\/td>\n<\/tr>\n<tr style=\"height: 13.50pt;\">\n<td style=\"height: 13.5pt; text-align: center;\" align=\"right\" height=\"18\">64025037<\/td>\n<td style=\"text-align: center;\" align=\"right\">250<\/td>\n<td style=\"text-align: center;\">7.0&#215;9.6<\/td>\n<\/tr>\n<\/tbody>\n<\/table>\n<h2>Caso di successo<\/h2>\n<p>Dopo che un marchio lattiero-caseario locale ha deciso di lanciare un nuovo packaging per il suo yogurt, si \u00e8 rivolto a noi per chiederci delle bottiglie di yogurt in vetro personalizzate a forma di cuore. Una delicata stampa a doppio cuore, fresca e amorevole, \u00e8 applicata con eleganza su ogni bottiglia da 150 ml, che si sposa perfettamente con il concetto &#034;Fatto con il cuore&#034; del marchio.<\/p>\n<p>Per abbinarsi al packaging a tema amoroso, il caseificio ha scelto un tappo in alluminio color pastello con una guarnizione ermetica in silicone per garantire la freschezza del prodotto a lungo. Il design elegante e a tenuta stagna \u00e8 proprio ci\u00f2 di cui la catena del freddo ha bisogno.<\/p>\n<p>Subito dopo l&#039;introduzione del nuovo prodotto, i clienti sono rimasti affascinati dall&#039;aspetto adorabile e raffinato del prodotto, pertanto le vendite sono aumentate del 35% in due mesi.<\/p>\n<h2>I tuoi suggerimenti per la personalizzazione<\/h2>\n<p>Dite addio alle bottiglie standard: la vostra bottiglia di budino in vetro Double Heart dovrebbe riflettere lo stile unico del vostro brand. Diteci il vostro gusto (ad esempio &#034;Budino al Latte di Rosa&#034;), personalizza il tappo e create una copertura color pastello. Cercate un nuovo dessert da 250 ml? Creiamo insieme un&#039;esperienza memorabile.<\/p>","protected":false},"excerpt":{"rendered":"<p>Addolcisci il tuo marchio con le nostre bottiglie di yogurt in vetro a doppio cuore, perfette per latte, dessert o yogurt. Disponibili coperchi, loghi e colori personalizzati per un tocco di classe.<\/p>","protected":false},"featured_media":2076,"template":"","meta":{"postBodyCss":"","postBodyMargin":[],"postBodyPadding":[],"postBodyBackground":{"backgroundType":"classic","gradient":""}},"product_brand":[],"product_cat":[15,16,46],"product_tag":[65,64],"class_list":{"0":"post-2075","1":"product","2":"type-product","3":"status-publish","4":"has-post-thumbnail","6":"product_cat-glass-containers","7":"product_cat-glass-bottles","8":"product_cat-glass-milk-bottles","9":"product_tag-glass-jam-jars","10":"product_tag-glass-yogurt-jars","12":"first","13":"instock","14":"shipping-taxable","15":"product-type-simple"},"jetpack_sharing_enabled":true,"_links":{"self":[{"href":"https:\/\/minghanggroup.com\/it\/wp-json\/wp\/v2\/product\/2075","targetHints":{"allow":["GET"]}}],"collection":[{"href":"https:\/\/minghanggroup.com\/it\/wp-json\/wp\/v2\/product"}],"about":[{"href":"https:\/\/minghanggroup.com\/it\/wp-json\/wp\/v2\/types\/product"}],"wp:featuredmedia":[{"embeddable":true,"href":"https:\/\/minghanggroup.com\/it\/wp-json\/wp\/v2\/media\/2076"}],"wp:attachment":[{"href":"https:\/\/minghanggroup.com\/it\/wp-json\/wp\/v2\/media?parent=2075"}],"wp:term":[{"taxonomy":"product_brand","embeddable":true,"href":"https:\/\/minghanggroup.com\/it\/wp-json\/wp\/v2\/product_brand?post=2075"},{"taxonomy":"product_cat","embeddable":true,"href":"https:\/\/minghanggroup.com\/it\/wp-json\/wp\/v2\/product_cat?post=2075"},{"taxonomy":"product_tag","embeddable":true,"href":"https:\/\/minghanggroup.com\/it\/wp-json\/wp\/v2\/product_tag?post=2075"}],"curies":[{"name":"wp","href":"https:\/\/api.w.org\/{rel}","templated":true}]}}