{"id":2070,"date":"2025-10-24T15:25:50","date_gmt":"2025-10-24T07:25:50","guid":{"rendered":"https:\/\/minghanggroup.com\/?post_type=product&#038;p=2070"},"modified":"2025-10-24T17:40:11","modified_gmt":"2025-10-24T09:40:11","slug":"vertical-line-glass-yogurt-bottle-for-dessert-and-jelly","status":"publish","type":"product","link":"https:\/\/minghanggroup.com\/it\/prodotto\/vertical-line-glass-yogurt-bottle-for-dessert-and-jelly\/","title":{"rendered":"Descubra como um dispensador de azeite de vidro personalizado valorizou a marca de um restaurante alem\u00e3o, reduziu o desperd\u00edcio e elevou a experi\u00eancia gastron\u00f4mica."},"content":{"rendered":"<p>I contenitori per yogurt della tua linea devono essere tali da invogliare i clienti a smettere di scorrere la pagina. Realizziamo design per bottiglie di yogurt in vetro che trasformano i tuoi prodotti lattiero-caseari in un&#039;esperienza visiva unica. Queste bottiglie di latte in vetro riutilizzabili hanno un piacevole tocco retr\u00f2, pur essendo completamente moderne nello stile e nella funzionalit\u00e0: perfette per yogurt, frullati o anche piccoli dessert.<\/p>\n<h2>Caratteristiche del prodotto<\/h2>\n<p><strong>Eleganza della presa verticale<\/strong><\/p>\n<p>Grazie alle nervature verticali, la bottiglia di yogurt in vetro ti dar\u00e0 una sensazione di lusso: non dovrai preoccuparti che ti scivoli di mano.<\/p>\n<p><strong>Vista di freschezza cristallina<\/strong><\/p>\n<p>L&#039;uso del vetro trasparente consente di vedere il colore brillante dello yogurt: i clienti possono constatarne la qualit\u00e0 ancora prima di acquistarlo.<\/p>\n<p><strong>Compatibilit\u00e0 del tappo Seal-Perfect<\/strong><\/p>\n<p>Il tappo della bottiglia con il design a bocca larga si abbina perfettamente alla bottiglia: non ci saranno perdite o fuoriuscite, solo la pura gioia di.<\/p>\n<h2>Specifiche chiave<\/h2>\n<table style=\"border-collapse: collapse; width: 80%; margin-left: auto; margin-right: auto;\" border=\"0\" width=\"288\" cellspacing=\"0\" cellpadding=\"0\">\n<tbody>\n<tr style=\"height: 13.50pt;\">\n<td style=\"height: 13.5pt; width: 54pt; text-align: center;\" width=\"72\" height=\"18\">Modello<\/td>\n<td style=\"width: 54pt; text-align: center;\" width=\"72\">Capacit\u00e0 (ml)<\/td>\n<td style=\"width: 54pt; text-align: center;\" width=\"72\">Dimensioni (cm)<\/td>\n<td style=\"width: 54pt; text-align: center;\" width=\"72\">Modello<\/td>\n<\/tr>\n<tr style=\"height: 13.50pt;\">\n<td style=\"height: 13.5pt; text-align: center;\" align=\"right\" height=\"18\">64010031<\/td>\n<td style=\"text-align: center;\" align=\"right\">100<\/td>\n<td style=\"text-align: center;\">6.8&#215;6.7<\/td>\n<td class=\"et2\" style=\"text-align: center;\" rowspan=\"4\">Verticale<\/td>\n<\/tr>\n<tr style=\"height: 13.50pt;\">\n<td style=\"height: 13.5pt; text-align: center;\" align=\"right\" height=\"18\">64013032<\/td>\n<td style=\"text-align: center;\" align=\"right\">130<\/td>\n<td style=\"text-align: center;\">6.6&#215;7.4<\/td>\n<\/tr>\n<tr style=\"height: 13.50pt;\">\n<td style=\"height: 13.5pt; text-align: center;\" align=\"right\" height=\"18\">64015033<\/td>\n<td style=\"text-align: center;\" align=\"right\">150<\/td>\n<td style=\"text-align: center;\">6.4&#215;7.7<\/td>\n<\/tr>\n<tr style=\"height: 13.50pt;\">\n<td style=\"height: 13.5pt; text-align: center;\" align=\"right\" height=\"18\">64020034<\/td>\n<td style=\"text-align: center;\" align=\"right\">200<\/td>\n<td style=\"text-align: center;\">7.2&#215;7.5<\/td>\n<\/tr>\n<\/tbody>\n<\/table>\n<h2>Caso di successo<\/h2>\n<p>Un produttore di yogurt artigianale, su piccola scala, ci ha contattato per una bottiglia di yogurt in vetro personalizzata da 150 ml per valorizzare la sua linea di prodotti premium. Insieme abbiamo progettato una bottiglia con strisce verticali e un collo liscio e completamente filettato. Il design \u00e8 assolutamente perfetto per i tappi twist-off in alluminio e bamb\u00f9, garantendo cos\u00ec un&#039;esperienza d&#039;uso naturale ed ecologica.<\/p>\n<p>La goffratura verticale esalta inoltre la presa e conferisce alla bottiglia un aspetto elegante e artigianale. Inoltre, per garantire la massima freschezza, ogni tappo \u00e8 dotato di un rivestimento in silicone alimentare che garantisce una tenuta ermetica durante la conservazione e il trasporto.<\/p>\n<p>Gli ordini online sono cresciuti del 45% in soli due mesi.<\/p>\n<h2>I tuoi suggerimenti per la personalizzazione<\/h2>\n<p>Non usare barattoli semplici: il tuo barattolo per budino al latte in vetro a righe merita di avere una personalit\u00e0. Comunicaci il nome del tuo dessert (ad esempio, &#034;sogno di baccelli di vaniglia&#034;) e lo realizzeremo con strisce satinate, rivestimenti pastello o una delicata goffratura del logo. Hai bisogno di 150 ml per i budini da caff\u00e8 o 250 ml per i set regalo? Scegli la dimensione, il coperchio e il colore e preparati per una spedizione rapida senza quantit\u00e0 minima d&#039;ordine. Trasforma il barattolo per budino nel tuo marchio.<\/p>","protected":false},"excerpt":{"rendered":"<p>Elegante bottiglia per yogurt in vetro rigato con linee verticali, perfetta per dessert a base di latte, yogurt e gelatina. Resistente, riutilizzabile e ideale per il confezionamento di dessert.<\/p>","protected":false},"featured_media":2071,"template":"","meta":{"postBodyCss":"","postBodyMargin":[],"postBodyPadding":[],"postBodyBackground":{"backgroundType":"classic","gradient":""}},"product_brand":[],"product_cat":[15,46],"product_tag":[],"class_list":{"0":"post-2070","1":"product","2":"type-product","3":"status-publish","4":"has-post-thumbnail","6":"product_cat-glass-containers","7":"product_cat-glass-milk-bottles","9":"first","10":"instock","11":"shipping-taxable","12":"product-type-simple"},"jetpack_sharing_enabled":true,"_links":{"self":[{"href":"https:\/\/minghanggroup.com\/it\/wp-json\/wp\/v2\/product\/2070","targetHints":{"allow":["GET"]}}],"collection":[{"href":"https:\/\/minghanggroup.com\/it\/wp-json\/wp\/v2\/product"}],"about":[{"href":"https:\/\/minghanggroup.com\/it\/wp-json\/wp\/v2\/types\/product"}],"wp:featuredmedia":[{"embeddable":true,"href":"https:\/\/minghanggroup.com\/it\/wp-json\/wp\/v2\/media\/2071"}],"wp:attachment":[{"href":"https:\/\/minghanggroup.com\/it\/wp-json\/wp\/v2\/media?parent=2070"}],"wp:term":[{"taxonomy":"product_brand","embeddable":true,"href":"https:\/\/minghanggroup.com\/it\/wp-json\/wp\/v2\/product_brand?post=2070"},{"taxonomy":"product_cat","embeddable":true,"href":"https:\/\/minghanggroup.com\/it\/wp-json\/wp\/v2\/product_cat?post=2070"},{"taxonomy":"product_tag","embeddable":true,"href":"https:\/\/minghanggroup.com\/it\/wp-json\/wp\/v2\/product_tag?post=2070"}],"curies":[{"name":"wp","href":"https:\/\/api.w.org\/{rel}","templated":true}]}}