{"id":2064,"date":"2025-10-24T14:07:42","date_gmt":"2025-10-24T06:07:42","guid":{"rendered":"https:\/\/minghanggroup.com\/?post_type=product&#038;p=2064"},"modified":"2026-01-20T13:44:22","modified_gmt":"2026-01-20T05:44:22","slug":"glass-milk-bottle-with-lid-clear-dessert-jars-wholesale","status":"publish","type":"product","link":"https:\/\/minghanggroup.com\/it\/prodotto\/glass-milk-bottle-with-lid-clear-dessert-jars-wholesale\/","title":{"rendered":"Bottiglia di latte in vetro con coperchio \u2013 Barattoli trasparenti per dessert da 100-200 ml"},"content":{"rendered":"<p>Il packaging dei vostri marchi di miele dovrebbe essere tale da invogliare i consumatori a sceglierli dallo scaffale. Realizziamo bottiglie di vetro per il latte con coperchio e bottiglie di vetro per budino che presentano i dessert in modo accattivante. Queste bottiglie di vetro per il latte, pensate per essere riutilizzate, uniscono il passato al presente in modo molto pratico: un&#039;ottima soluzione per latte, yogurt o persino marmellate fatte in casa.<\/p>\n<h2>Caratteristiche del prodotto<\/h2>\n<ol>\n<li><strong>Meraviglie a bocca larga:<\/strong>Togli, metti e conserva: il tuo yogurt o la tua marmellata non si macchieranno a causa di una fuoriuscita accidentale.<\/li>\n<li><strong>Vetrina cristallina:<\/strong>Il vetro trasparente mette in risalto il colore brillante del tuo budino: la qualit\u00e0 si percepisce solo guardandolo, non assaggiandolo.<\/li>\n<li><strong>Chiusura del coperchio Seal-Perfect:<\/strong>Le viti di estensione della bocca sono allineate saldamente: non ci sono perdite, non ci sono dubbi, solo la beatitudine del dessert pi\u00f9 puro.<\/li>\n<\/ol>\n<h2>Specifiche chiave<\/h2>\n<table style=\"border-collapse: collapse; width: 80%; margin-left: auto; margin-right: auto;\" border=\"0\" width=\"360\" cellspacing=\"0\" cellpadding=\"0\">\n<tbody>\n<tr style=\"height: 13.50pt;\">\n<td style=\"height: 13.5pt; width: 54pt; text-align: center;\" width=\"72\" height=\"18\">Modello<\/td>\n<td style=\"width: 54pt; text-align: center;\" width=\"72\">Capacit\u00e0 (ml)<\/td>\n<td style=\"width: 54pt; text-align: center;\" width=\"72\">Dimensioni (cm)<\/td>\n<td style=\"width: 54pt; text-align: center;\" width=\"72\">Tipo di collo<\/td>\n<td style=\"width: 54pt; text-align: center;\" width=\"72\">Forma<\/td>\n<\/tr>\n<tr style=\"height: 13.50pt;\">\n<td style=\"height: 13.5pt; text-align: center;\" align=\"right\" height=\"18\">64015026<\/td>\n<td style=\"text-align: center;\" align=\"right\">150<\/td>\n<td style=\"text-align: center;\">6.5&#215;7.0<\/td>\n<td class=\"et2\" style=\"text-align: center;\" rowspan=\"2\">Bocca larga<\/td>\n<td class=\"et2\" style=\"text-align: center;\" rowspan=\"5\">Girare<\/td>\n<\/tr>\n<tr style=\"height: 13.50pt;\">\n<td style=\"height: 13.5pt; text-align: center;\" align=\"right\" height=\"18\">64020027<\/td>\n<td style=\"text-align: center;\" align=\"right\">200<\/td>\n<td style=\"text-align: center;\">7.1&#215;7.7<\/td>\n<\/tr>\n<tr style=\"height: 13.50pt;\">\n<td style=\"height: 13.5pt; text-align: center;\" align=\"right\" height=\"18\">64010028<\/td>\n<td style=\"text-align: center;\" align=\"right\">100<\/td>\n<td style=\"text-align: center;\">5.5&#215;7.5<\/td>\n<td class=\"et2\" style=\"text-align: center;\" rowspan=\"3\">Collo a lug<\/td>\n<\/tr>\n<tr style=\"height: 13.50pt;\">\n<td style=\"height: 13.5pt; text-align: center;\" align=\"right\" height=\"18\">64015029<\/td>\n<td style=\"text-align: center;\" align=\"right\">150<\/td>\n<td style=\"text-align: center;\">6.5&#215;8.3<\/td>\n<\/tr>\n<tr style=\"height: 13.50pt;\">\n<td style=\"height: 13.5pt; text-align: center;\" align=\"right\" height=\"18\">64020030<\/td>\n<td style=\"text-align: center;\" align=\"right\">200<\/td>\n<td style=\"text-align: center;\">6.8&#215;8.5<\/td>\n<\/tr>\n<\/tbody>\n<\/table>\n<h2>Caso di successo<\/h2>\n<p>Un produttore di marmellate speciali ha deciso di collaborare con noi per realizzare vasetti di yogurt in vetro da 150 ml personalizzati per la sua nuova linea di marmellate artigianali. Questi vasetti a bocca larga sono pensati per consentire di prelevare la marmellata con un cucchiaio o di spalmarla direttamente sul pane tostato. Per garantire la freschezza del prodotto e renderlo pi\u00f9 appetibile per i consumatori, il produttore ha scelto coperchi ermetici in alluminio con guarnizioni in silicone per evitare perdite e mantenere il prodotto fresco anche in caso di spedizione prolungata.<\/p>\n<p>Per il branding, il produttore ha decorato i vasetti con loghi in rilievo e coperchi colorati che richiamano ogni gusto di marmellata (dal rosso fragola al blu mirtillo), creando cos\u00ec un look accattivante e uniforme sugli scaffali dei negozi. Il vetro perfettamente trasparente \u00e8 un mezzo eccellente per mettere in risalto i colori vivaci delle marmellate e attirare cos\u00ec i clienti sia in negozio che online.<\/p>\n<p>Il nuovo packaging ha avuto molto successo sin dal suo lancio: gli ordini online sono aumentati del 50% e i clienti abituali hanno elogiato i barattoli per la loro riutilizzabilit\u00e0, l&#039;aspetto premium e il potenziale come regalo.<\/p>\n<h2>I tuoi suggerimenti per la personalizzazione<\/h2>\n<p>Basta darci il nome del tuo gusto, come &#034;Budino al Latte Classico&#034; o &#034;Dessert alla Crema di Mango&#034;, e lo realizzeremo appositamente per te. Scegli colori personalizzati per il tappo, loghi in rilievo o stampe che si adattino al look del tuo marchio. Che ne dici di un bicchiere da 100 ml, 200 ml o di una dimensione speciale? Disponiamo di stampi flessibili e prototipazione rapida.<\/p>\n<p>Che si tratti di semplici barattoli in stile caffetteria o di famose bottiglie di budino, creeremo un viaggio nel confezionamento dei dessert indimenticabile come il contenuto.<\/p>","protected":false},"excerpt":{"rendered":"<p>Bottiglia per il latte in vetro all&#039;ingrosso con coperchio e forma rotonda e liscia, ideale per yogurt o marmellate. Vasetti per dessert resistenti, trasparenti e perfetti per l&#039;uso domestico o al bar.<\/p>","protected":false},"featured_media":2065,"template":"","meta":{"postBodyCss":"","postBodyMargin":[],"postBodyPadding":[],"postBodyBackground":{"backgroundType":"classic","gradient":""}},"product_brand":[],"product_cat":[15,16,46],"product_tag":[65,64],"class_list":{"0":"post-2064","1":"product","2":"type-product","3":"status-publish","4":"has-post-thumbnail","6":"product_cat-glass-containers","7":"product_cat-glass-bottles","8":"product_cat-glass-milk-bottles","9":"product_tag-glass-jam-jars","10":"product_tag-glass-yogurt-jars","12":"first","13":"instock","14":"shipping-taxable","15":"product-type-simple"},"jetpack_sharing_enabled":true,"_links":{"self":[{"href":"https:\/\/minghanggroup.com\/it\/wp-json\/wp\/v2\/product\/2064","targetHints":{"allow":["GET"]}}],"collection":[{"href":"https:\/\/minghanggroup.com\/it\/wp-json\/wp\/v2\/product"}],"about":[{"href":"https:\/\/minghanggroup.com\/it\/wp-json\/wp\/v2\/types\/product"}],"wp:featuredmedia":[{"embeddable":true,"href":"https:\/\/minghanggroup.com\/it\/wp-json\/wp\/v2\/media\/2065"}],"wp:attachment":[{"href":"https:\/\/minghanggroup.com\/it\/wp-json\/wp\/v2\/media?parent=2064"}],"wp:term":[{"taxonomy":"product_brand","embeddable":true,"href":"https:\/\/minghanggroup.com\/it\/wp-json\/wp\/v2\/product_brand?post=2064"},{"taxonomy":"product_cat","embeddable":true,"href":"https:\/\/minghanggroup.com\/it\/wp-json\/wp\/v2\/product_cat?post=2064"},{"taxonomy":"product_tag","embeddable":true,"href":"https:\/\/minghanggroup.com\/it\/wp-json\/wp\/v2\/product_tag?post=2064"}],"curies":[{"name":"wp","href":"https:\/\/api.w.org\/{rel}","templated":true}]}}