{"id":2041,"date":"2025-10-23T16:24:47","date_gmt":"2025-10-23T08:24:47","guid":{"rendered":"https:\/\/minghanggroup.com\/?post_type=product&#038;p=2041"},"modified":"2025-10-23T16:32:04","modified_gmt":"2025-10-23T08:32:04","slug":"wholesale-glass-honey-jars-with-lids-and-wavy-bottom","status":"publish","type":"product","link":"https:\/\/minghanggroup.com\/it\/prodotto\/wholesale-glass-honey-jars-with-lids-and-wavy-bottom\/","title":{"rendered":"Vasetti di miele in vetro da 180 ml e 360 \u200b\u200bml all&#039;ingrosso con coperchi e fondo ondulato"},"content":{"rendered":"<p>Questi barattoli di miele in vetro sono realizzati con una bottiglia rotonda in vetro trasparente con una base testurizzata e un tappo color oro rosa che non solo mette in mostra magnificamente il miele dorato all&#039;interno, ma emana anche un&#039;atmosfera elegante e lussuosa.<\/p>\n<h2>Caratteristiche del prodotto<\/h2>\n<ul>\n<li><strong>Vetro trasparente:<\/strong> Grazie alla bottiglia in vetro trasparente, \u00e8 possibile vedere facilmente il livello del miele e le sue condizioni, rendendo cos\u00ec le ricariche semplici e comode.<\/li>\n<li><strong>Design elegante della bottiglia:<\/strong> L&#039;attrattiva del prodotto \u00e8 accentuata dalla forma sottile della bottiglia e dalla base ondulata che conferiscono al prodotto un aspetto elegante e affascinante.<\/li>\n<li><strong>Dettaglio strutturato:<\/strong> L&#039;uso del vetro trasparente insieme alla base ondulata crea la combinazione perfetta tra un tocco di classe, lusso e sofisticatezza, elevando di conseguenza il prodotto a un livello di alta gamma.<\/li>\n<\/ul>\n<h2>Specifiche chiave<\/h2>\n<table style=\"border-collapse: collapse; margin-left: auto; margin-right: auto; width: 345.02pt;\" border=\"0\" width=\"460\" cellspacing=\"0\" cellpadding=\"0\">\n<tbody>\n<tr style=\"height: 13.50pt;\">\n<td style=\"height: 13.50pt; width: 93.75pt;\" width=\"125\" height=\"18\">Caratteristica<\/td>\n<td style=\"width: 251.25pt;\" width=\"335\">Specifica<\/td>\n<\/tr>\n<tr style=\"height: 13.50pt;\">\n<td style=\"height: 13.50pt;\" height=\"18\">Capacit\u00e0<\/td>\n<td>180 ml, 360 ml<\/td>\n<\/tr>\n<tr style=\"height: 13.50pt;\">\n<td style=\"height: 13.50pt;\" height=\"18\">Dimensioni<\/td>\n<td>8,5\u00d79,4 cm, 10,0\u00d710,7 cm<\/td>\n<\/tr>\n<tr style=\"height: 13.50pt;\">\n<td style=\"height: 13.50pt;\" height=\"18\">Materiale<\/td>\n<td>Vetro trasparente, coperchio a vite in PP color oro rosa<\/td>\n<\/tr>\n<tr style=\"height: 13.50pt;\">\n<td style=\"height: 13.50pt;\" height=\"18\">Opzioni del coperchio<\/td>\n<td>Oro rosa (colori personalizzati disponibili)<\/td>\n<\/tr>\n<tr style=\"height: 13.50pt;\">\n<td style=\"height: 13.50pt;\" height=\"18\">Ideale per<\/td>\n<td>Miele grezzo, miscele infuse, set regalo<\/td>\n<\/tr>\n<\/tbody>\n<\/table>\n<h2>Storia di successo: trasformazione del marchio gourmet<\/h2>\n<p>Un&#039;azienda di prodotti alimentari gourmet specializzata in miele monorigine, alla ricerca di un barattolo di miele in vetro con un coperchio perfetto per il suo marchio premium, ha deciso di acquistare il nostro barattolo di miele Athena da 360 ml con tappo oro rosa. Le vendite online sono aumentate del 40% subito dopo il primo mese; inoltre, il feedback dei clienti ha evidenziato che l&#039;aspetto lussuoso del barattolo di miele era ci\u00f2 che apprezzavano di pi\u00f9. Questi contenitori in vetro sono molto resistenti e, di conseguenza, i reclami per danni da spedizione sono stati ridotti del 30% rispetto alle loro bottiglie pi\u00f9 fragili. E questo \u00e8 stato l&#039;inizio della loro partnership. Attualmente ordinano 50.000 bottiglie al mese e hanno aggiunto i barattoli di miele da 180 ml alla loro linea di prodotti.<\/p>\n<h2>Personalizza i tuoi barattoli di miele in vetro<\/h2>\n<ul>\n<li><strong>Finitura in vetro smerigliato:<\/strong> \u00c8 possibile creare un elegante effetto opaco per l&#039;intero barattolo o solo per una parte di esso, conferendogli cos\u00ec un aspetto gradevole, morbido e di alta qualit\u00e0.<\/li>\n<li><strong>Fondo in rilievo:<\/strong> Stampa il tuo logo o qualsiasi immagine del tuo marchio sul lato inferiore del bicchiere per un&#039;immagine del marchio sofisticata.<\/li>\n<li><strong>Colore del cappuccio personalizzato:<\/strong> Assicurati che il colore del tappo corrisponda esattamente al colore del tuo marchio (ad esempio, alla tavolozza dei colori Pantone).<\/li>\n<li><strong>Guarnizione interna:<\/strong> Scegli il materiale di rivestimento con cui il miele che fornisci verr\u00e0 sigillato al meglio, grazie alla sua viscosit\u00e0.<\/li>\n<\/ul>\n<p>Siete pronti a migliorare il vostro packaging aggiungendo vasetti di miele in vetro di alta qualit\u00e0 con coperchio? Saremo lieti di fornirvi un preventivo all&#039;ingrosso. Contattateci e scoprite come la nostra selezione pu\u00f2 aiutare la vostra attivit\u00e0 a crescere.<\/p>","protected":false},"excerpt":{"rendered":"<p>Vasetti di vetro pregiati per miele con tappi a vite color oro rosa. Ideali per produttori di miele e marmellate, questi vasetti di alta qualit\u00e0 sono disponibili in grandi quantit\u00e0 con campioni gratuiti.<\/p>","protected":false},"featured_media":2042,"template":"","meta":{"postBodyCss":"","postBodyMargin":[],"postBodyPadding":[],"postBodyBackground":{"backgroundType":"classic","gradient":""}},"product_brand":[],"product_cat":[15,17,52],"product_tag":[],"class_list":{"0":"post-2041","1":"product","2":"type-product","3":"status-publish","4":"has-post-thumbnail","6":"product_cat-glass-containers","7":"product_cat-glass-jars","8":"product_cat-glass-honey-jars","10":"first","11":"instock","12":"shipping-taxable","13":"product-type-simple"},"jetpack_sharing_enabled":true,"_links":{"self":[{"href":"https:\/\/minghanggroup.com\/it\/wp-json\/wp\/v2\/product\/2041","targetHints":{"allow":["GET"]}}],"collection":[{"href":"https:\/\/minghanggroup.com\/it\/wp-json\/wp\/v2\/product"}],"about":[{"href":"https:\/\/minghanggroup.com\/it\/wp-json\/wp\/v2\/types\/product"}],"wp:featuredmedia":[{"embeddable":true,"href":"https:\/\/minghanggroup.com\/it\/wp-json\/wp\/v2\/media\/2042"}],"wp:attachment":[{"href":"https:\/\/minghanggroup.com\/it\/wp-json\/wp\/v2\/media?parent=2041"}],"wp:term":[{"taxonomy":"product_brand","embeddable":true,"href":"https:\/\/minghanggroup.com\/it\/wp-json\/wp\/v2\/product_brand?post=2041"},{"taxonomy":"product_cat","embeddable":true,"href":"https:\/\/minghanggroup.com\/it\/wp-json\/wp\/v2\/product_cat?post=2041"},{"taxonomy":"product_tag","embeddable":true,"href":"https:\/\/minghanggroup.com\/it\/wp-json\/wp\/v2\/product_tag?post=2041"}],"curies":[{"name":"wp","href":"https:\/\/api.w.org\/{rel}","templated":true}]}}