{"id":2037,"date":"2025-10-23T17:07:40","date_gmt":"2025-10-23T09:07:40","guid":{"rendered":"https:\/\/minghanggroup.com\/?post_type=product&#038;p=2037"},"modified":"2026-01-20T13:44:34","modified_gmt":"2026-01-20T05:44:34","slug":"glass-milk-bottles-with-lids-glass-pudding-cups-wholesale","status":"publish","type":"product","link":"https:\/\/minghanggroup.com\/it\/prodotto\/glass-milk-bottles-with-lids-glass-pudding-cups-wholesale\/","title":{"rendered":"Bottiglie di latte in vetro da 50-200 ml con coperchio per dessert, yogurt e budino"},"content":{"rendered":"<p>I tuoi dolci meritano un packaging che si venda da solo, non che si limiti a contenerli. Realizziamo coppette in vetro per budino che esaltano i tuoi dessert, mentre le nostre bottiglie in vetro per il latte con coperchio gestiscono i latticini con un fascino naturale. Queste bottiglie in vetro riutilizzabili trasformano ogni barattolo in un momento di grande impatto visivo.<\/p>\n<h2>Caratteristiche del prodotto<\/h2>\n<ol>\n<li><strong>Vetrina prodotti vibrante:<\/strong>Utilizzando il vetro trasparente, \u00e8 possibile mettere in risalto il colore intenso del budino e, di conseguenza, sono i consumatori a percepirne la qualit\u00e0 prima di assaggiarlo.<\/li>\n<li><strong>Sigillo perfetto per il coperchio:<\/strong>I tappi delle bottiglie vengono chiusi ermeticamente con l&#039;aiuto di colli filettati, quindi non ci sono perdite, non si sporca e rimane solo il puro piacere del dessert.<\/li>\n<li><strong>Piccole dimensioni salvaspazio:<\/strong>Che si tratti di campioni da 50 ml o di confezioni da 200 ml, queste bottiglie di vetro per il latte con coperchio possono essere impilate come una pila di libri.<\/li>\n<li><strong>Riutilizzabilit\u00e0 dolce e sicura:<\/strong>Grazie al vetro spesso, che resiste al calore, \u00e8 possibile riutilizzarlo per conservare yogurt, marmellata o persino latte.<\/li>\n<\/ol>\n<h2>Specifiche chiave<\/h2>\n<table style=\"border-collapse: collapse; width: 80%; margin-left: auto; margin-right: auto;\" border=\"0\" width=\"363\" cellspacing=\"0\" cellpadding=\"0\">\n<tbody>\n<tr style=\"height: 13.50pt;\">\n<td style=\"height: 13.5pt; width: 56.25pt; text-align: center;\" width=\"75\" height=\"18\">Modello<\/td>\n<td style=\"width: 54pt; text-align: center;\" width=\"72\">Capacit\u00e0 (ml)<\/td>\n<td style=\"width: 54pt; text-align: center;\" width=\"72\">Dimensioni (cm)<\/td>\n<td style=\"width: 54pt; text-align: center;\" width=\"72\">Tipo di collo<\/td>\n<td style=\"width: 54pt; text-align: center;\" width=\"72\">Forma<\/td>\n<\/tr>\n<tr style=\"height: 13.50pt;\">\n<td style=\"height: 13.5pt; text-align: center;\" align=\"right\" height=\"18\">64005021<\/td>\n<td style=\"text-align: center;\" align=\"right\">50<\/td>\n<td style=\"text-align: center;\">4.8&#215;5.8<\/td>\n<td class=\"et2\" style=\"text-align: center;\" rowspan=\"5\">Filettato<\/td>\n<td class=\"et2\" style=\"text-align: center;\" rowspan=\"5\">Girare<\/td>\n<\/tr>\n<tr style=\"height: 13.50pt;\">\n<td style=\"height: 13.5pt; text-align: center;\" align=\"right\" height=\"18\">64007522<\/td>\n<td style=\"text-align: center;\" align=\"right\">75<\/td>\n<td style=\"text-align: center;\">5.1&#215;7.1<\/td>\n<\/tr>\n<tr style=\"height: 13.50pt;\">\n<td style=\"height: 13.5pt; text-align: center;\" align=\"right\" height=\"18\">64010023<\/td>\n<td style=\"text-align: center;\" align=\"right\">100<\/td>\n<td style=\"text-align: center;\">5.5&#215;7.3<\/td>\n<\/tr>\n<tr style=\"height: 13.50pt;\">\n<td style=\"height: 13.5pt; text-align: center;\" align=\"right\" height=\"18\">64015024<\/td>\n<td style=\"text-align: center;\" align=\"right\">150<\/td>\n<td style=\"text-align: center;\">6.5&#215;7.8<\/td>\n<\/tr>\n<tr style=\"height: 13.50pt;\">\n<td style=\"height: 13.5pt; text-align: center;\" align=\"right\" height=\"18\">64020025<\/td>\n<td style=\"text-align: center;\" align=\"right\">200<\/td>\n<td style=\"text-align: center;\">7.0&#215;9.0<\/td>\n<\/tr>\n<\/tbody>\n<\/table>\n<h2>Caso di successo<\/h2>\n<p>Una pasticceria artigianale ci ha contattato per realizzare delle coppette in vetro personalizzate da 100 ml per la sua linea di budini alla crema di frutti di bosco. Ogni coppetta ha un&#039;imboccatura ampia e arrotondata, cos\u00ec i clienti possono disporre a strati frutti di bosco e panna e allo stesso tempo godersi i colori vivaci del dessert attraverso il vetro cristallino.<\/p>\n<p>Per impreziosire il prodotto e mantenerlo fresco, il negozio ha deciso di utilizzare un tappo a vite dorato e un involucro di carta a forma di cucchiaio, creando cos\u00ec un design elegante e trasportabile. Il marchio ha inoltre inciso il suo logo sul fondo della tazza, conferendo cos\u00ec a ogni budino un tocco delicato e artigianale, in linea con la filosofia del marchio in fatto di dessert artigianali.<\/p>\n<p>In seguito all&#039;introduzione del nuovo packaging, le vendite di dessert online del negozio sono aumentate vertiginosamente del 40%.<\/p>\n<h2>I tuoi suggerimenti per la personalizzazione<\/h2>\n<p>Elimina dalla tua mente i barattoli standard. Condividi con noi la tua idea di budino \u2013 pensa a &#034;Vanilla Dream&#034; o &#034;Mango Fragrance&#034; \u2013 e potrai personalizzarne non solo la forma, il colore tenue, ma anche il logo in rilievo. Una bottiglia da 150 ml per un nuovo prodotto stagionale \u00e8 proprio quello che ti serve, giusto? Il tuo barattolo di vetro per budino al latte non \u00e8 solo un packaging; \u00e8 un delizioso mezzo per raccontare la storia del tuo brand.<\/p>","protected":false},"excerpt":{"rendered":"<p>Bottiglie di latte in vetro trasparente con coperchio e bicchierini in vetro per budino, ideali per yogurt, dessert o crema pasticcera. Personalizzabili con coperchi, loghi e colori per bar, latticini o uso domestico.<\/p>","protected":false},"featured_media":2046,"template":"","meta":{"postBodyCss":"","postBodyMargin":[],"postBodyPadding":[],"postBodyBackground":{"backgroundType":"classic","gradient":""}},"product_brand":[],"product_cat":[15,46],"product_tag":[65,64],"class_list":{"0":"post-2037","1":"product","2":"type-product","3":"status-publish","4":"has-post-thumbnail","6":"product_cat-glass-containers","7":"product_cat-glass-milk-bottles","8":"product_tag-glass-jam-jars","9":"product_tag-glass-yogurt-jars","11":"first","12":"instock","13":"shipping-taxable","14":"product-type-simple"},"jetpack_sharing_enabled":true,"_links":{"self":[{"href":"https:\/\/minghanggroup.com\/it\/wp-json\/wp\/v2\/product\/2037","targetHints":{"allow":["GET"]}}],"collection":[{"href":"https:\/\/minghanggroup.com\/it\/wp-json\/wp\/v2\/product"}],"about":[{"href":"https:\/\/minghanggroup.com\/it\/wp-json\/wp\/v2\/types\/product"}],"wp:featuredmedia":[{"embeddable":true,"href":"https:\/\/minghanggroup.com\/it\/wp-json\/wp\/v2\/media\/2046"}],"wp:attachment":[{"href":"https:\/\/minghanggroup.com\/it\/wp-json\/wp\/v2\/media?parent=2037"}],"wp:term":[{"taxonomy":"product_brand","embeddable":true,"href":"https:\/\/minghanggroup.com\/it\/wp-json\/wp\/v2\/product_brand?post=2037"},{"taxonomy":"product_cat","embeddable":true,"href":"https:\/\/minghanggroup.com\/it\/wp-json\/wp\/v2\/product_cat?post=2037"},{"taxonomy":"product_tag","embeddable":true,"href":"https:\/\/minghanggroup.com\/it\/wp-json\/wp\/v2\/product_tag?post=2037"}],"curies":[{"name":"wp","href":"https:\/\/api.w.org\/{rel}","templated":true}]}}