{"id":2032,"date":"2025-10-23T15:54:11","date_gmt":"2025-10-23T07:54:11","guid":{"rendered":"https:\/\/minghanggroup.com\/?post_type=product&#038;p=2032"},"modified":"2026-01-20T13:45:59","modified_gmt":"2026-01-20T05:45:59","slug":"square-glass-milk-bottles-for-dairy-storage-and-packaging","status":"publish","type":"product","link":"https:\/\/minghanggroup.com\/it\/prodotto\/square-glass-milk-bottles-for-dairy-storage-and-packaging\/","title":{"rendered":"Bottiglie di latte in vetro quadrate da 300 ml e 500 ml per la conservazione e il confezionamento di prodotti lattiero-caseari"},"content":{"rendered":"<p>Il tuo marchio di latticini ha bisogno di bottiglie che facciano risparmiare spazio e aumentino le vendite: niente pi\u00f9 scomode bottiglie rotonde che affollano gli scaffali. Realizziamo bottiglie di latte in vetro quadrate, impilabili come un sogno, per un&#039;esperienza di lusso a ogni versata. Queste soluzioni per la conservazione del latte in bottiglie di vetro trasformano il tuo latte in un oggetto di design, perfetto per latticini, succhi o cold brew.<\/p>\n<h2>Caratteristiche del prodotto<\/h2>\n<ol>\n<li><strong>Design quadrato e moderno:<\/strong>Il layout della bottiglia quadrata \u00e8 molto bello dal punto di vista visivo e rappresenta un&#039;ottima soluzione per il marchio, che desidera avere un design stabile senza che la bottiglia si ribalti, conferendogli un aspetto moderno ed elegante che aiuta a far crescere ulteriormente l&#039;immagine del marchio.<\/li>\n<li><strong>Vetro spesso e resistente:<\/strong>\u00c8 realizzato in vetro spesso e ad alta trasparenza, quindi \u00e8 resistente e pu\u00f2 essere utilizzato pi\u00f9 volte senza danneggiarsi.<\/li>\n<li><strong>Collo largo per un facile riempimento:<\/strong>Il collo largo \u00e8 progettato in modo tale da rendere molto facile versare il latte, il succo o il caff\u00e8 e anche la pulizia \u00e8 molto semplice.<\/li>\n<li><strong>Opzioni personalizzabili:<\/strong>Pu\u00f2 avere un coperchio in metallo, plastica o bamb\u00f9 e supporta funzioni personalizzabili come stampa, verniciatura a spruzzo e goffratura.<\/li>\n<\/ol>\n<h2>Specifiche chiave<\/h2>\n<table style=\"border-collapse: collapse; width: 80%; margin-left: auto; margin-right: auto;\" border=\"0\" width=\"288\" cellspacing=\"0\" cellpadding=\"0\">\n<tbody>\n<tr style=\"height: 13.50pt;\">\n<td style=\"height: 13.5pt; width: 54pt; text-align: center;\" width=\"72\" height=\"18\">Modello<\/td>\n<td style=\"width: 54pt; text-align: center;\" width=\"72\">Capacit\u00e0<\/td>\n<td style=\"width: 54pt; text-align: center;\" width=\"72\">Dimensioni (cm)<\/td>\n<td style=\"width: 54pt; text-align: center;\" width=\"72\">Forma<\/td>\n<\/tr>\n<tr style=\"height: 13.50pt;\">\n<td style=\"height: 13.5pt; text-align: center;\" align=\"right\" height=\"18\">64030019<\/td>\n<td style=\"text-align: center;\" align=\"right\">300 ml\/10 oz<\/td>\n<td style=\"text-align: center;\">7.6&#215;12.3<\/td>\n<td class=\"et2\" style=\"text-align: center;\" rowspan=\"2\">Piazza<\/td>\n<\/tr>\n<tr style=\"height: 13.50pt;\">\n<td style=\"height: 13.5pt; text-align: center;\" align=\"right\" height=\"18\">64050020<\/td>\n<td style=\"text-align: center;\" align=\"right\">500 ml\/16 oz<\/td>\n<td style=\"text-align: center;\">8.6&#215;13.6<\/td>\n<\/tr>\n<\/tbody>\n<\/table>\n<h2>Caso di successo<\/h2>\n<p>Un caseificio si \u00e8 rivolto a noi con una richiesta di 150.000 bottiglie di vetro quadrate personalizzate da 300 ml.<\/p>\n<p>\u00c8 molto pratico riempire e pulire la bottiglia attraverso l&#039;ampia apertura, mentre i tappi a vite in metallo e i coperchi in bamb\u00f9 possono essere applicati sul collo completamente filettato, offrendo cos\u00ec ai rivenditori e ai partner del settore del caff\u00e8 opzioni flessibili.<\/p>\n<p>A proposito, non solo la forma quadrata conferisce al prodotto uno stile minimalista e alla moda, ma aiuta anche a risparmiare spazio e spazio sugli scaffali, sia durante la spedizione che durante l&#039;esposizione. Per valorizzare il marchio, lo stabilimento ha applicato una finitura satinata e un logo serigrafato sulla bottiglia.<\/p>\n<p>La linea di latte d&#039;avena \u00e8 diventata una delle preferite dai clienti, particolarmente entusiasti del design a prova di perdite e della bottiglia riutilizzabile. In due mesi, la nuova bottiglia ha generato il 65% del fatturato totale.<\/p>\n<h2>I tuoi suggerimenti per la personalizzazione<\/h2>\n<p>Vuoi che la tua bottiglia di latte quadrata in vetro sia pi\u00f9 evidente? Puoi scegliere una finitura satinata, un logo in rilievo o una delicata sfumatura di colore per abbinarla al tuo gusto. Inoltre, semplicemente aggiungendo un coperchio in bamb\u00f9 o alluminio, non solo la metterai in risalto, ma la coordinerai anche perfettamente con il tuo marchio stagionale, che si tratti di latte ai frutti di bosco, bevande all&#039;avena o caff\u00e8 freddo. Il tuo articolo verr\u00e0 rapidamente ritirato dagli scaffali e sar\u00e0 un&#039;ottima dimostrazione di stile, con dimensioni del tappo che vanno da 300 ml a 500 ml.<\/p>","protected":false},"excerpt":{"rendered":"<p>Vendita all&#039;ingrosso di eleganti bottiglie quadrate in vetro per il latte e contenitori in vetro per la conservazione di latticini, caff\u00e8 o succhi. Personalizzabili con tappi, colori e logo in rilievo per un marchio premium.<\/p>","protected":false},"featured_media":2033,"template":"","meta":{"postBodyCss":"","postBodyMargin":[],"postBodyPadding":[],"postBodyBackground":{"backgroundType":"classic","gradient":""}},"product_brand":[],"product_cat":[15,16,46],"product_tag":[64,72],"class_list":{"0":"post-2032","1":"product","2":"type-product","3":"status-publish","4":"has-post-thumbnail","6":"product_cat-glass-containers","7":"product_cat-glass-bottles","8":"product_cat-glass-milk-bottles","9":"product_tag-glass-yogurt-jars","10":"product_tag-juice-bottles","12":"first","13":"instock","14":"shipping-taxable","15":"product-type-simple"},"jetpack_sharing_enabled":true,"_links":{"self":[{"href":"https:\/\/minghanggroup.com\/it\/wp-json\/wp\/v2\/product\/2032","targetHints":{"allow":["GET"]}}],"collection":[{"href":"https:\/\/minghanggroup.com\/it\/wp-json\/wp\/v2\/product"}],"about":[{"href":"https:\/\/minghanggroup.com\/it\/wp-json\/wp\/v2\/types\/product"}],"wp:featuredmedia":[{"embeddable":true,"href":"https:\/\/minghanggroup.com\/it\/wp-json\/wp\/v2\/media\/2033"}],"wp:attachment":[{"href":"https:\/\/minghanggroup.com\/it\/wp-json\/wp\/v2\/media?parent=2032"}],"wp:term":[{"taxonomy":"product_brand","embeddable":true,"href":"https:\/\/minghanggroup.com\/it\/wp-json\/wp\/v2\/product_brand?post=2032"},{"taxonomy":"product_cat","embeddable":true,"href":"https:\/\/minghanggroup.com\/it\/wp-json\/wp\/v2\/product_cat?post=2032"},{"taxonomy":"product_tag","embeddable":true,"href":"https:\/\/minghanggroup.com\/it\/wp-json\/wp\/v2\/product_tag?post=2032"}],"curies":[{"name":"wp","href":"https:\/\/api.w.org\/{rel}","templated":true}]}}