{"id":2020,"date":"2025-10-23T11:55:20","date_gmt":"2025-10-23T03:55:20","guid":{"rendered":"https:\/\/minghanggroup.com\/?post_type=product&#038;p=2020"},"modified":"2025-10-23T17:37:53","modified_gmt":"2025-10-23T09:37:53","slug":"wholesale-small-honey-jars-with-metal-screw-lids","status":"publish","type":"product","link":"https:\/\/minghanggroup.com\/it\/prodotto\/wholesale-small-honey-jars-with-metal-screw-lids\/","title":{"rendered":"Barattoli di miele piccoli all&#039;ingrosso con coperchi a vite in metallo da 50 ml, 75 ml, 100 ml e 150 ml"},"content":{"rendered":"<p>Questi piccoli vasetti per miele sono realizzati in vetro trasparente di forma cilindrica e sono disponibili in varie dimensioni e con coperchi per soddisfare le vostre esigenze. In sostanza, sono il perfetto mix di stile minimalista, trendy, colorato e curato nei dettagli, poich\u00e9 rendono il miele dorato visibile in modo splendido.<\/p>\n<h2>Caratteristiche del prodotto<\/h2>\n<ul>\n<li><strong>Vetro trasparente:<\/strong> Grazie al vetro trasparente \u00e8 possibile controllare rapidamente la quantit\u00e0 e lo stato del miele, rendendo l&#039;intero processo di riempimento senza problemi.<\/li>\n<li><strong>Cilindrico:<\/strong> La forma cilindrica \u00e8 molto salvaspazio e pu\u00f2 quindi essere comodamente riposta nei mobili della cucina, ecc.<\/li>\n<li><strong>Bocca larga per un facile accesso:<\/strong> Grazie alla pratica imboccatura larga, estrarre il miele dal barattolo e spalmarlo sul pane diventa semplicissimo.<\/li>\n<\/ul>\n<h2>Specifiche chiave<\/h2>\n<table style=\"border-collapse: collapse; margin-left: auto; margin-right: auto; width: 641.27pt;\" border=\"0\" width=\"855\" cellspacing=\"0\" cellpadding=\"0\">\n<tbody>\n<tr style=\"height: 13.50pt;\">\n<td style=\"height: 13.50pt; width: 145.50pt;\" width=\"194\" height=\"18\">Categoria di specificazione<\/td>\n<td style=\"width: 495.75pt;\" width=\"661\">Dettagli<\/td>\n<\/tr>\n<tr style=\"height: 13.50pt;\">\n<td style=\"height: 13.50pt;\" height=\"18\">Capacit\u00e0<\/td>\n<td>50 ml, 75 ml, 100 ml, 150 ml<\/td>\n<\/tr>\n<tr style=\"height: 13.50pt;\">\n<td style=\"height: 13.50pt;\" height=\"18\">Misurare<\/td>\n<td>Da 4,7 x 6,7 cm a 5,5 x 10 cm<\/td>\n<\/tr>\n<tr style=\"height: 13.50pt;\">\n<td style=\"height: 13.50pt;\" height=\"18\">Materiale<\/td>\n<td>Vetro trasparente, coperchio in PP viola\/rame\/rosso<\/td>\n<\/tr>\n<tr style=\"height: 13.50pt;\">\n<td style=\"height: 13.50pt;\" height=\"18\">Opzioni del coperchio<\/td>\n<td>Viola, rame, rosso (colori personalizzati disponibili)<\/td>\n<\/tr>\n<tr style=\"height: 13.50pt;\">\n<td style=\"height: 13.50pt;\" height=\"18\">Usi ideali<\/td>\n<td>Piccoli vasetti di miele, contenitori per miele, vasetti di miele campione<\/td>\n<\/tr>\n<\/tbody>\n<\/table>\n<h2>Storia di successo: valorizzazione di un marchio di miele regionale<\/h2>\n<p>L&#039;apicoltore locale che aveva bisogno di barattoli di miele in vetro accattivanti per il mercato agricolo si \u00e8 rivolto a noi. Il nostro barattolo di miele da 150 ml con coperchio dorato \u00e8 stata la loro scelta. Inizialmente, il robusto vetro ha ridotto di quasi la met\u00e0 le rotture dovute al trasporto, consentendo al collettivo di apicoltori di risparmiare 180 dollari al mese sulla sostituzione dei barattoli di miele rotti. In seguito, il coperchio colorato \u00e8 stato il motivo della crescita delle vendite: un marchio di miele artigianale ha annunciato un aumento del 42% nel numero di acquirenti che hanno provato i barattoli da 150 ml. Colpiti dalla qualit\u00e0 del prodotto e dal feedback dei clienti, hanno effettuato altri tre ordini da 100.000 unit\u00e0 e hanno introdotto i nostri piccoli barattoli di miele da 150 ml come confezioni di prova.<\/p>\n<h2>Rendi il tuo contenitore di vetro per il miele davvero tuo<\/h2>\n<ul>\n<li><strong>Serigrafia:<\/strong> Un marchio o un&#039;opera d&#039;arte possono essere stampati su vetro nel modo pi\u00f9 diretto possibile tramite questo metodo, ottenendo solitamente un effetto gradevole e una presenza del marchio che dura a lungo a livello visivo.<\/li>\n<li><strong>Decalcomanie in ceramica:<\/strong> Decalcomanie estremamente sottili, luminose e colorate, incollate a caldo sulla superficie del vetro per un prodotto pi\u00f9 duraturo.<\/li>\n<li><strong>Colori personalizzati del cappuccio:<\/strong> Perch\u00e9 limitarti ai nostri colori predefiniti? Rendi il colore del tuo berretto identico al colore Pantone del tuo brand.<\/li>\n<li><strong>Rivestimento interno del cappuccio:<\/strong> Sono disponibili vari materiali di rivestimento (ad esempio, PVC, pasta di carta) tra cui scegliere quello che garantisce la migliore tenuta del miele.<\/li>\n<\/ul>\n<p>Siete pronti a trovare il contenitore ideale per il miele per il vostro lotto? Scoprite la gamma completa dei nostri prodotti e contattateci per un preventivo all&#039;ingrosso.<\/p>","protected":false},"excerpt":{"rendered":"<p>Piccoli e resistenti vasetti per miele con coperchio a vite, ideali per miele, marmellata o sciroppo. Realizzati in vetro di alta qualit\u00e0 per uso alimentare, disponibili con prezzi all&#039;ingrosso e consegna rapida.<\/p>","protected":false},"featured_media":2022,"template":"","meta":{"postBodyCss":"","postBodyMargin":[],"postBodyPadding":[],"postBodyBackground":{"backgroundType":"classic","gradient":""}},"product_brand":[],"product_cat":[15,17,52],"product_tag":[],"class_list":{"0":"post-2020","1":"product","2":"type-product","3":"status-publish","4":"has-post-thumbnail","6":"product_cat-glass-containers","7":"product_cat-glass-jars","8":"product_cat-glass-honey-jars","10":"first","11":"instock","12":"shipping-taxable","13":"product-type-simple"},"jetpack_sharing_enabled":true,"_links":{"self":[{"href":"https:\/\/minghanggroup.com\/it\/wp-json\/wp\/v2\/product\/2020","targetHints":{"allow":["GET"]}}],"collection":[{"href":"https:\/\/minghanggroup.com\/it\/wp-json\/wp\/v2\/product"}],"about":[{"href":"https:\/\/minghanggroup.com\/it\/wp-json\/wp\/v2\/types\/product"}],"wp:featuredmedia":[{"embeddable":true,"href":"https:\/\/minghanggroup.com\/it\/wp-json\/wp\/v2\/media\/2022"}],"wp:attachment":[{"href":"https:\/\/minghanggroup.com\/it\/wp-json\/wp\/v2\/media?parent=2020"}],"wp:term":[{"taxonomy":"product_brand","embeddable":true,"href":"https:\/\/minghanggroup.com\/it\/wp-json\/wp\/v2\/product_brand?post=2020"},{"taxonomy":"product_cat","embeddable":true,"href":"https:\/\/minghanggroup.com\/it\/wp-json\/wp\/v2\/product_cat?post=2020"},{"taxonomy":"product_tag","embeddable":true,"href":"https:\/\/minghanggroup.com\/it\/wp-json\/wp\/v2\/product_tag?post=2020"}],"curies":[{"name":"wp","href":"https:\/\/api.w.org\/{rel}","templated":true}]}}