{"id":1891,"date":"2025-10-22T13:02:51","date_gmt":"2025-10-22T05:02:51","guid":{"rendered":"https:\/\/minghanggroup.com\/?post_type=product&#038;p=1891"},"modified":"2025-10-22T17:11:23","modified_gmt":"2025-10-22T09:11:23","slug":"wholesale-round-glass-honey-bottles-and-jam-jars","status":"publish","type":"product","link":"https:\/\/minghanggroup.com\/it\/prodotto\/wholesale-round-glass-honey-bottles-and-jam-jars\/","title":{"rendered":"Bottiglie rotonde in vetro per miele e barattoli per marmellata da 100 ml a 500 ml all&#039;ingrosso"},"content":{"rendered":"<p>Le bottiglie per miele sono realizzate con un corpo in vetro trasparente, che forma un cilindro visivamente accattivante, e un coperchio di colore nero. Il loro design minimale e pratico \u00e8 disponibile in diverse capacit\u00e0.<\/p>\n<h2>Caratteristiche del prodotto<\/h2>\n<ul>\n<li><strong>Forma cilindrica:<\/strong> L&#039;utilizzo di questo contenitore cilindrico alla moda per il miele lo rende una soluzione perfetta non solo per la conservazione in cucina, ma anche in altre stanze, consentendo di risparmiare spazio.<\/li>\n<li><strong>Bocca larga:<\/strong> Grazie alla facile apertura offerta da questo design, il riempimento \u00e8 rapido e la pulizia \u00e8 senza problemi, cos\u00ec i clienti possono estrarre il miele senza sporcarsi le mani.<\/li>\n<li><strong>Scelte di pi\u00f9 dimensioni:<\/strong> Disponiamo di vasetti di miele per l&#039;intero ciclo aziendale, dai piccoli vasetti da 100 ml per la campionatura ai vasetti da 500 ml per il miele sfuso.<\/li>\n<\/ul>\n<h2>Specifiche chiave<\/h2>\n<table style=\"border-collapse: collapse; margin-left: auto; margin-right: auto; width: 455.27pt;\" border=\"0\" width=\"607\" cellspacing=\"0\" cellpadding=\"0\">\n<tbody>\n<tr style=\"height: 13.50pt;\">\n<td style=\"height: 13.50pt; width: 90.00pt;\" width=\"120\" height=\"18\">Caratteristica<\/td>\n<td style=\"width: 365.25pt;\" width=\"487\">Specifica<\/td>\n<\/tr>\n<tr style=\"height: 13.50pt;\">\n<td style=\"height: 13.50pt;\" height=\"18\">Capacit\u00e0<\/td>\n<td>100 ml, 150 ml, 180 ml, 220 ml, 280 ml, 380 ml, 500 ml<\/td>\n<\/tr>\n<tr style=\"height: 13.50pt;\">\n<td style=\"height: 13.50pt;\" height=\"18\">Misurare<\/td>\n<td>Da 6,1\u00d76,8 cm a 8,5\u00d712,8 cm<\/td>\n<\/tr>\n<tr style=\"height: 13.50pt;\">\n<td style=\"height: 13.50pt;\" height=\"18\">Materiale<\/td>\n<td>Vetro trasparente, coperchio a vite in PP nero<\/td>\n<\/tr>\n<tr style=\"height: 13.50pt;\">\n<td style=\"height: 13.50pt;\" height=\"18\">Colore del coperchio<\/td>\n<td>Nero (colori personalizzati disponibili)<\/td>\n<\/tr>\n<tr style=\"height: 13.50pt;\">\n<td style=\"height: 13.50pt;\" height=\"18\">Ideale per<\/td>\n<td>Miele grezzo, marmellate, conserve<\/td>\n<\/tr>\n<tr style=\"height: 13.50pt;\">\n<td style=\"height: 13.50pt;\" height=\"18\">Uso ideale<\/td>\n<td>Bottiglie di miele, barattoli di marmellata rotondi, contenitori di vetro per il miele<\/td>\n<\/tr>\n<\/tbody>\n<\/table>\n<h2>Storia di successo: il design classico stimola la crescita delle vendite<\/h2>\n<p>Una cooperativa di apicoltori di medie dimensioni stava affrontando problemi di imballaggio. Per risolvere il problema, hanno testato 1.400 bottiglie rotonde in vetro per miele con coperchi neri (200 per ogni formato). Questo design pratico e riconoscibile si integra perfettamente con l&#039;immagine del loro marchio, che punta su miele puro e naturale. Questa iniziativa ha trasformato significativamente la loro attivit\u00e0. In primo luogo, i sette formati di vasetti per miele hanno un indice di soddisfazione del cliente del 92%, eliminando la confusione tra vasetti di diversi fornitori. Un produttore artigianale di marmellate ha registrato un aumento del 38% nelle vendite di confezioni regalo grazie alle dimensioni perfette dei vasetti da 100 ml e 150 ml per la degustazione. Inoltre, i coperchi ermetici hanno ridotto gli sprechi di miele e marmellate del 40%, spingendo l&#039;azienda a effettuare altri quattro ordini per un totale di 200.000 vasetti di miele per espandere la propria attivit\u00e0.<\/p>\n<h2>Consigli per la personalizzazione del barattolo di miele in vetro<\/h2>\n<ul>\n<li><strong>Personalizzazione del colore del coperchio:<\/strong> Non un semplice nero? Personalizzando i colori del coperchio in modo che riflettano i colori del tuo marchio, i clienti potranno identificarti immediatamente.<\/li>\n<li><strong>Scelta del materiale del coperchio:<\/strong> Che sia di plastica o di metallo, scegli la finitura e la consistenza che preferisci, per un look glamour o quotidiano.<\/li>\n<li><strong>Incisione satinata:<\/strong> Per ottenere un aspetto visivo elegante, di classe, lussuoso e artigianale, \u00e8 possibile utilizzare l&#039;incisione del vetro per creare loghi, fasce o motivi satinati sul prodotto.<\/li>\n<li><strong>Tinte colorate:<\/strong> I barattoli di miele possono essere un po&#039; pi\u00f9 invitanti e attrarre pi\u00f9 acquirenti se alla parte trasparente del vetro vengono aggiunte delle delicate tonalit\u00e0 ambrate (per il miele) o rosse (per la marmellata), per valorizzare il prodotto all&#039;interno e far s\u00ec che il barattolo sia visibile tra gli altri.<\/li>\n<li><strong>Capacit\u00e0 personalizzata:<\/strong> Descubra como as f\u00e1bricas de potes de vidro Mason ajudam as marcas de alimentos e bebidas a alcan\u00e7ar pureza e sustentabilidade.<\/li>\n<\/ul>","protected":false},"excerpt":{"rendered":"<p>Bottiglie rotonde in vetro per miele di varie dimensioni. Ideali per il confezionamento di miele e marmellate, con personalizzazione del logo, prezzi all&#039;ingrosso e consegna rapida.<\/p>","protected":false},"featured_media":1893,"template":"","meta":{"postBodyCss":"","postBodyMargin":[],"postBodyPadding":[],"postBodyBackground":{"backgroundType":"classic","gradient":""}},"product_brand":[],"product_cat":[15,17,52],"product_tag":[],"class_list":{"0":"post-1891","1":"product","2":"type-product","3":"status-publish","4":"has-post-thumbnail","6":"product_cat-glass-containers","7":"product_cat-glass-jars","8":"product_cat-glass-honey-jars","10":"first","11":"instock","12":"shipping-taxable","13":"product-type-simple"},"jetpack_sharing_enabled":true,"_links":{"self":[{"href":"https:\/\/minghanggroup.com\/it\/wp-json\/wp\/v2\/product\/1891","targetHints":{"allow":["GET"]}}],"collection":[{"href":"https:\/\/minghanggroup.com\/it\/wp-json\/wp\/v2\/product"}],"about":[{"href":"https:\/\/minghanggroup.com\/it\/wp-json\/wp\/v2\/types\/product"}],"wp:featuredmedia":[{"embeddable":true,"href":"https:\/\/minghanggroup.com\/it\/wp-json\/wp\/v2\/media\/1893"}],"wp:attachment":[{"href":"https:\/\/minghanggroup.com\/it\/wp-json\/wp\/v2\/media?parent=1891"}],"wp:term":[{"taxonomy":"product_brand","embeddable":true,"href":"https:\/\/minghanggroup.com\/it\/wp-json\/wp\/v2\/product_brand?post=1891"},{"taxonomy":"product_cat","embeddable":true,"href":"https:\/\/minghanggroup.com\/it\/wp-json\/wp\/v2\/product_cat?post=1891"},{"taxonomy":"product_tag","embeddable":true,"href":"https:\/\/minghanggroup.com\/it\/wp-json\/wp\/v2\/product_tag?post=1891"}],"curies":[{"name":"wp","href":"https:\/\/api.w.org\/{rel}","templated":true}]}}