{"id":1848,"date":"2025-10-20T16:01:18","date_gmt":"2025-10-20T08:01:18","guid":{"rendered":"https:\/\/minghanggroup.com\/?post_type=product&#038;p=1848"},"modified":"2025-10-20T17:18:10","modified_gmt":"2025-10-20T09:18:10","slug":"bulk-dual-function-glass-2-in-1-oil-dispensers-with-handle","status":"publish","type":"product","link":"https:\/\/minghanggroup.com\/it\/prodotto\/bulk-dual-function-glass-2-in-1-oil-dispensers-with-handle\/","title":{"rendered":"Distributori di olio in vetro 2 in 1 a doppia funzione da 450 ml con maniglia"},"content":{"rendered":"<p>Questa bottiglia per olio \u00e8 realizzata in vetro trasparente e ha un tappo rinfrescante verde chiaro, una comoda maniglia e una cannuccia integrata per versare facilmente. La bottiglia \u00e8 una perfetta combinazione di stile e funzionalit\u00e0 che render\u00e0 la tua esperienza in cucina ancora pi\u00f9 piacevole.<\/p>\n<h2>Caratteristiche del prodotto<\/h2>\n<ul>\n<li><strong>Design a doppia funzione:<\/strong> Alterna facilmente le funzioni del dispositivo per versare o spruzzare con precisione.<\/li>\n<li><strong>Design della maniglia:<\/strong> La maniglia integrata garantisce una presa salda e comoda e un facile accesso.<\/li>\n<li><strong>Vetro trasparente:<\/strong> Grazie al vetro trasparente, \u00e8 possibile monitorare facilmente il livello dell&#039;olio nella bottiglia, rendendone semplice il riempimento.<\/li>\n<\/ul>\n<h2>Specifiche chiave<\/h2>\n<table style=\"border-collapse: collapse; margin-left: auto; margin-right: auto; width: 575.27pt;\" border=\"0\" width=\"767\" cellspacing=\"0\" cellpadding=\"0\">\n<tbody>\n<tr style=\"height: 13.50pt;\">\n<td style=\"height: 13.50pt; width: 103.50pt;\" width=\"138\" height=\"18\">Caratteristica<\/td>\n<td style=\"width: 471.75pt;\" width=\"629\">Specifica<\/td>\n<\/tr>\n<tr style=\"height: 13.50pt;\">\n<td style=\"height: 13.50pt;\" height=\"18\">Capacit\u00e0<\/td>\n<td>450 ml<\/td>\n<\/tr>\n<tr style=\"height: 13.50pt;\">\n<td style=\"height: 13.50pt;\" height=\"18\">Dimensioni<\/td>\n<td>8,0\u00d718,5 cm<\/td>\n<\/tr>\n<tr style=\"height: 13.50pt;\">\n<td style=\"height: 13.50pt;\" height=\"18\">Materiale<\/td>\n<td>Vetro trasparente, pompa e coperchio in PP<\/td>\n<\/tr>\n<tr style=\"height: 13.50pt;\">\n<td style=\"height: 13.50pt;\" height=\"18\">Tipo di distributore<\/td>\n<td>Doppia funzione: spruzzare + versare<\/td>\n<\/tr>\n<tr style=\"height: 13.50pt;\">\n<td style=\"height: 13.50pt;\" height=\"18\">Colore del coperchio<\/td>\n<td>Verde chiaro con impugnatura ergonomica<\/td>\n<\/tr>\n<tr style=\"height: 13.50pt;\">\n<td style=\"height: 13.50pt;\" height=\"18\">Ideale per<\/td>\n<td>Oli d&#039;oliva, aceto, condimenti, marinate<\/td>\n<\/tr>\n<tr style=\"height: 13.50pt;\">\n<td style=\"height: 13.50pt;\" height=\"18\">Uso ideale<\/td>\n<td>Distributore di olio 2 in 1, flacone spray per olio in vetro, bottiglie per olio, contenitore per cucina<\/td>\n<\/tr>\n<\/tbody>\n<\/table>\n<h2>Storia di successo: conquistare il mercato gourmet<\/h2>\n<p>Un marchio di box in abbonamento per prodotti gourmet era alla ricerca di un prodotto di punta da inserire nelle sue box premium. L&#039;azienda si \u00e8 imbattuta nel nostro dispenser per olio 2 in 1 e ha quindi effettuato il suo primo acquisto di 5.000 unit\u00e0. La reazione \u00e8 stata positiva. La doppia funzionalit\u00e0 ha ridotto lo spreco di olio del 28%. La fidelizzazione degli abbonati \u00e8 aumentata del 25% in quel trimestre, con i risultati di un sondaggio che ha evidenziato il dispenser per olio come il prodotto pi\u00f9 popolare. Di conseguenza, l&#039;azienda ha lanciato con successo una linea di utensili da cucina indipendente, utilizzando la nostra bottiglia per olio come prodotto di punta, diventando cos\u00ec il fulcro della sua strategia di approvvigionamento, che in otto mesi ha portato a tre ordini consecutivi per un totale di 350.000 unit\u00e0.<\/p>\n<h2>Raccomandazioni per la personalizzazione del marchio<\/h2>\n<ul>\n<li><strong>Colori del cappuccio e dell&#039;impugnatura:<\/strong> La maggior parte delle opzioni di colore per il tappo e l&#039;impugnatura di un prodotto personalizzato includono nero, bianco e marrone effetto legno.<\/li>\n<li><strong>Tinte per vetri:<\/strong> I corpi in vetro ambrato o verde servono a proteggere l&#039;emulsione dai raggi UV.<\/li>\n<li><strong>Segni di misurazione smerigliati:<\/strong> I segni di misurazione incisi sul vetro (ad esempio 100 ml, 250 ml, 400 ml) servono agli utenti come guida per misurare con precisione l&#039;olio per cucinare o per controllare le porzioni.<\/li>\n<li><strong>Materiale del tubo di immersione:<\/strong> Il materiale del tubo di immersione interno scelto pu\u00f2 essere personalizzato per assolvere a una determinata funzione o per essere esteticamente gradevole.<\/li>\n<\/ul>","protected":false},"excerpt":{"rendered":"<p>Dispenser per olio 2 in 1 a doppia funzione, con coperchio e maniglia. Caratterizzato da un design semplice e accattivante, \u00e8 facile da usare, personalizzabile e disponibile per ordini all&#039;ingrosso.<\/p>","protected":false},"featured_media":1850,"template":"","meta":{"postBodyCss":"","postBodyMargin":[],"postBodyPadding":[],"postBodyBackground":{"backgroundType":"classic","gradient":""}},"product_brand":[],"product_cat":[15,16,18],"product_tag":[],"class_list":{"0":"post-1848","1":"product","2":"type-product","3":"status-publish","4":"has-post-thumbnail","6":"product_cat-glass-containers","7":"product_cat-glass-bottles","8":"product_cat-glass-oil-bottles","10":"first","11":"instock","12":"shipping-taxable","13":"product-type-simple"},"jetpack_sharing_enabled":true,"_links":{"self":[{"href":"https:\/\/minghanggroup.com\/it\/wp-json\/wp\/v2\/product\/1848","targetHints":{"allow":["GET"]}}],"collection":[{"href":"https:\/\/minghanggroup.com\/it\/wp-json\/wp\/v2\/product"}],"about":[{"href":"https:\/\/minghanggroup.com\/it\/wp-json\/wp\/v2\/types\/product"}],"wp:featuredmedia":[{"embeddable":true,"href":"https:\/\/minghanggroup.com\/it\/wp-json\/wp\/v2\/media\/1850"}],"wp:attachment":[{"href":"https:\/\/minghanggroup.com\/it\/wp-json\/wp\/v2\/media?parent=1848"}],"wp:term":[{"taxonomy":"product_brand","embeddable":true,"href":"https:\/\/minghanggroup.com\/it\/wp-json\/wp\/v2\/product_brand?post=1848"},{"taxonomy":"product_cat","embeddable":true,"href":"https:\/\/minghanggroup.com\/it\/wp-json\/wp\/v2\/product_cat?post=1848"},{"taxonomy":"product_tag","embeddable":true,"href":"https:\/\/minghanggroup.com\/it\/wp-json\/wp\/v2\/product_tag?post=1848"}],"curies":[{"name":"wp","href":"https:\/\/api.w.org\/{rel}","templated":true}]}}