{"id":1837,"date":"2025-10-20T14:07:09","date_gmt":"2025-10-20T06:07:09","guid":{"rendered":"https:\/\/minghanggroup.com\/?post_type=product&#038;p=1837"},"modified":"2025-10-20T17:28:54","modified_gmt":"2025-10-20T09:28:54","slug":"wholesale-cooking-oil-spray-bottles-with-silver-metal-lid","status":"publish","type":"product","link":"https:\/\/minghanggroup.com\/it\/prodotto\/wholesale-cooking-oil-spray-bottles-with-silver-metal-lid\/","title":{"rendered":"Flaconi spray per olio da cucina da 100 ml all&#039;ingrosso con coperchio in metallo argentato"},"content":{"rendered":"<p>Questo \u00e8 praticamente il miglior flacone spray per olio da cucina che si possa immaginare. Un meraviglioso mix di stile moderno e praticit\u00e0 in cucina, con una bella forma cilindrica, un corpo in vetro trasparente e un tappo in metallo argentato.<\/p>\n<h2>Caratteristiche del prodotto<\/h2>\n<ul>\n<li><strong>Vetro trasparente:<\/strong> Un contenitore di vetro trasparente \u00e8 un modo estremamente comodo per sapere la quantit\u00e0 di olio rimasta nella bottiglia e, di conseguenza, quando \u00e8 necessario rabboccarla.<\/li>\n<li><strong>Cilindrico sottile:<\/strong> La sottile forma cilindrica della bottiglia \u00e8 uno strumento estremamente pratico per riporre e risparmiare spazio in cucina.<\/li>\n<li><strong>Tappo in metallo:<\/strong> Il tappo in metallo argentato si abbina perfettamente al vetro trasparente, formando cos\u00ec un elegante abbinamento che render\u00e0 la vostra cucina ancora pi\u00f9 bella.<\/li>\n<\/ul>\n<h2>Specifiche chiave<\/h2>\n<table style=\"border-collapse: collapse; margin-left: auto; margin-right: auto; width: 363.02pt;\" border=\"0\" width=\"484\" cellspacing=\"0\" cellpadding=\"0\">\n<tbody>\n<tr style=\"height: 13.50pt;\">\n<td style=\"height: 13.50pt; width: 103.50pt;\" width=\"138\" height=\"18\">Caratteristica<\/td>\n<td style=\"width: 259.50pt;\" width=\"346\">Specifica<\/td>\n<\/tr>\n<tr style=\"height: 13.50pt;\">\n<td style=\"height: 13.50pt;\" height=\"18\">Capacit\u00e0<\/td>\n<td>100 ml<\/td>\n<\/tr>\n<tr style=\"height: 13.50pt;\">\n<td style=\"height: 13.50pt;\" height=\"18\">Dimensioni<\/td>\n<td>4,0\u00d718,5 cm (cilindrico sottile)<\/td>\n<\/tr>\n<tr style=\"height: 13.50pt;\">\n<td style=\"height: 13.50pt;\" height=\"18\">Materiale<\/td>\n<td>Corpo in vetro trasparente, pompa in metallo<\/td>\n<\/tr>\n<tr style=\"height: 13.50pt;\">\n<td style=\"height: 13.50pt;\" height=\"18\">Tipo di pompa<\/td>\n<td>Nebulizzazione fine, ugello regolabile<\/td>\n<\/tr>\n<tr style=\"height: 13.50pt;\">\n<td style=\"height: 13.50pt;\" height=\"18\">Ideale per<\/td>\n<td>Olio d&#039;oliva, aceto, olio, condimenti<\/td>\n<\/tr>\n<\/tbody>\n<\/table>\n<h2>Storia di successo: un bestseller per un marchio di prodotti per la salute<\/h2>\n<p>Una startup che punta a fornire utensili da cucina salutari era alla ricerca di un lussuoso flacone spray per olio e, pertanto, ha ordinato 2.000 unit\u00e0 di flaconi spray cilindrici da 100 ml con meccanismo a pulsante in metallo per testare il mercato. Il risultato \u00e8 stato ampiamente positivo. Il flacone in vetro e lo spruzzatore in metallo si sono dimostrati incredibilmente resistenti, con un tasso di rottura inferiore del 70% rispetto alle bottiglie di plastica, consentendo al distributore di risparmiare 600 dollari in costi di sostituzione mensili. In secondo luogo, lo spray fine ha aiutato il panificio a ridurre il consumo di olio del 25%, con un conseguente aumento del 40% delle vendite. Sei mesi dopo, la startup ha ordinato altre 100.000 unit\u00e0. Il flacone spray per olio \u00e8 ora un articolo indispensabile per l&#039;azienda ogni trimestre.<\/p>\n<h2>Consigli di personalizzazione<\/h2>\n<ul>\n<li><strong>Finitura a spruzzo:<\/strong> Sostituisci lo spruzzatore metallico con una delle numerose finiture disponibili, come oro, nero o oro rosa.<\/li>\n<li><strong>Colore del vetro:<\/strong> Oltre al vetro trasparente standard, che \u00e8 quello pi\u00f9 comunemente scelto, disponiamo di vetro ambrato o blu cobalto per una protezione UV specifica per ogni marchio.<\/li>\n<li><strong>Serigrafia:<\/strong> Utilizza il tuo logo e il tuo marchio come stampa, realizzata direttamente sulla bottiglia di vetro mediante un inchiostro resistente e lavabile in lavastoviglie.<\/li>\n<li><strong>Design personalizzato del cappuccio:<\/strong> Sebbene il meccanismo di spruzzatura sia standard, possiamo sicuramente personalizzare il colore di base o le decorazioni per adattarle alle vostre esigenze di montaggio.<\/li>\n<li><strong>Capacit\u00e0 personalizzata:<\/strong> Hai bisogno di una dimensione leggermente diversa? Possiamo adattare la capacit\u00e0 da 100 ml alle tue specifiche esigenze di imbottigliamento.<\/li>\n<\/ul>\n<p>Pronti a offrire ai vostri clienti il \u200b\u200bflacone spray per olio da cucina pi\u00f9 venduto? Contattateci per prezzi all&#039;ingrosso e spedizioni rapide.<\/p>","protected":false},"excerpt":{"rendered":"<p>Flacone spray per olio da cucina in vetro trasparente con tappo in metallo argentato. Resistente, ideale per oli da cucina, consegna diretta dal produttore con spedizione rapida.<\/p>","protected":false},"featured_media":1839,"template":"","meta":{"postBodyCss":"","postBodyMargin":[],"postBodyPadding":[],"postBodyBackground":{"backgroundType":"classic","gradient":""}},"product_brand":[],"product_cat":[15,16,18],"product_tag":[],"class_list":{"0":"post-1837","1":"product","2":"type-product","3":"status-publish","4":"has-post-thumbnail","6":"product_cat-glass-containers","7":"product_cat-glass-bottles","8":"product_cat-glass-oil-bottles","10":"first","11":"instock","12":"shipping-taxable","13":"product-type-simple"},"jetpack_sharing_enabled":true,"_links":{"self":[{"href":"https:\/\/minghanggroup.com\/it\/wp-json\/wp\/v2\/product\/1837","targetHints":{"allow":["GET"]}}],"collection":[{"href":"https:\/\/minghanggroup.com\/it\/wp-json\/wp\/v2\/product"}],"about":[{"href":"https:\/\/minghanggroup.com\/it\/wp-json\/wp\/v2\/types\/product"}],"wp:featuredmedia":[{"embeddable":true,"href":"https:\/\/minghanggroup.com\/it\/wp-json\/wp\/v2\/media\/1839"}],"wp:attachment":[{"href":"https:\/\/minghanggroup.com\/it\/wp-json\/wp\/v2\/media?parent=1837"}],"wp:term":[{"taxonomy":"product_brand","embeddable":true,"href":"https:\/\/minghanggroup.com\/it\/wp-json\/wp\/v2\/product_brand?post=1837"},{"taxonomy":"product_cat","embeddable":true,"href":"https:\/\/minghanggroup.com\/it\/wp-json\/wp\/v2\/product_cat?post=1837"},{"taxonomy":"product_tag","embeddable":true,"href":"https:\/\/minghanggroup.com\/it\/wp-json\/wp\/v2\/product_tag?post=1837"}],"curies":[{"name":"wp","href":"https:\/\/api.w.org\/{rel}","templated":true}]}}