{"id":1832,"date":"2025-10-20T11:29:00","date_gmt":"2025-10-20T03:29:00","guid":{"rendered":"https:\/\/minghanggroup.com\/?post_type=product&#038;p=1832"},"modified":"2025-10-20T17:26:18","modified_gmt":"2025-10-20T09:26:18","slug":"wholesale-brown-rectangular-olive-oil-glass-bottles","status":"publish","type":"product","link":"https:\/\/minghanggroup.com\/it\/prodotto\/wholesale-brown-rectangular-olive-oil-glass-bottles\/","title":{"rendered":"Bottiglie di vetro rettangolari marroni per olio d&#039;oliva all&#039;ingrosso da 250 ml, 500 ml e 750 ml"},"content":{"rendered":"<p>Realizzate in vetro marrone, queste bottiglie quadrate per olio d&#039;oliva mantengono il tuo olio d&#039;oliva fresco pi\u00f9 a lungo. Disponibili in tre formati, sono perfette per conservare ed esporre il tuo olio d&#039;oliva.<\/p>\n<h2>Caratteristiche del prodotto<\/h2>\n<ul>\n<li><strong>Controllo del versamento senza gocciolamento:<\/strong> Il beccuccio appositamente progettato aiuta a prevenire le gocce e quindi a mantenere pulita l&#039;area di lavoro.<\/li>\n<li><strong>Vetro marrone:<\/strong> Il vetro marrone \u00e8 molto efficace nel bloccare la luce e ci\u00f2 aiuta a ridurre l&#039;ossidazione e l&#039;eventuale deterioramento dell&#039;olio, che cos\u00ec si conserva meglio.<\/li>\n<li><strong>Bottiglia rettangolare:<\/strong> La bottiglia di forma rettangolare pu\u00f2 essere molto pratica e pu\u00f2 essere tenuta in cucina senza problemi, risparmiando cos\u00ec lo spazio che si utilizzava per conservarla.<\/li>\n<\/ul>\n<h2>Specifiche chiave<\/h2>\n<table style=\"border-collapse: collapse; margin-left: auto; margin-right: auto; width: 556.52pt;\" border=\"0\" width=\"742\" cellspacing=\"0\" cellpadding=\"0\">\n<tbody>\n<tr style=\"height: 13.50pt;\">\n<td style=\"height: 13.50pt; width: 103.50pt;\" width=\"138\" height=\"18\">Caratteristica<\/td>\n<td style=\"width: 453.00pt;\" width=\"604\">Specifica<\/td>\n<\/tr>\n<tr style=\"height: 13.50pt;\">\n<td style=\"height: 13.50pt;\" height=\"18\">Capacit\u00e0<\/td>\n<td>250 ml, 500 ml, 750 ml<\/td>\n<\/tr>\n<tr style=\"height: 13.50pt;\">\n<td style=\"height: 13.50pt;\" height=\"18\">Dimensioni<\/td>\n<td>4,7\u00d74,7\u00d721,0 cm, 5,8\u00d75,8\u00d726,4 cm, 6,5\u00d76,5\u00d730,2 cm<\/td>\n<\/tr>\n<tr style=\"height: 13.50pt;\">\n<td style=\"height: 13.50pt;\" height=\"18\">Misura del collo<\/td>\n<td>outubro 31, 2025<\/td>\n<\/tr>\n<tr style=\"height: 13.50pt;\">\n<td style=\"height: 13.50pt;\" height=\"18\">Materiale<\/td>\n<td>Coperchio in vetro ambrato, PP o metallo<\/td>\n<\/tr>\n<tr style=\"height: 13.50pt;\">\n<td style=\"height: 13.50pt;\" height=\"18\">Forma<\/td>\n<td>Bottiglia di vetro quadrata<\/td>\n<\/tr>\n<tr style=\"height: 13.50pt;\">\n<td style=\"height: 13.50pt;\" height=\"18\">Opzioni del coperchio<\/td>\n<td>Coperchio a vite (personalizzabile)<\/td>\n<\/tr>\n<tr style=\"height: 13.50pt;\">\n<td style=\"height: 13.50pt;\" height=\"18\">Uso ideale<\/td>\n<td>Bottiglia di olio d&#039;oliva, bottiglie di vetro per olio d&#039;oliva, ampolle, bottiglia di olio da cucina<\/td>\n<\/tr>\n<\/tbody>\n<\/table>\n<p>&nbsp;<\/p>\n<h2>Storia di successo: portare un marchio gourmet locale al livello successivo<\/h2>\n<p>Il distributore di specialit\u00e0 alimentari nell&#039;area del Mediterraneo era alla ricerca di una bottiglia in vetro distintiva per la sua nuova linea di oli d&#039;oliva monorigine. Inizialmente ha effettuato un piccolo ordine di 5.000 unit\u00e0 della nostra bottiglia in vetro trasparente da 500 ml. La reazione \u00e8 stata molto positiva, soprattutto perch\u00e9 la bottiglia in vetro scuro aiutava l&#039;olio d&#039;oliva a mantenere il 30% della sua freschezza. La percentuale di acquirenti abituali \u00e8 aumentata dal 32% al 70%. In meno di sei mesi, il distributore ha effettuato un ordine importante di ulteriori 250.000 bottiglie in tre formati e, attualmente, la bottiglia in vetro \u00e8 l&#039;unico tipo di imballaggio utilizzato per tutte le sue linee di prodotti premium.<\/p>\n<h2>Suggerimenti per la personalizzazione<\/h2>\n<ul>\n<li><strong>Colore del coperchio:<\/strong> Per fissare i coperchi a vite, scegli un colore tra una variet\u00e0 di colori, come oro, nero, argento o verde.<\/li>\n<li><strong>Logo in rilievo:<\/strong> Fai risaltare il tuo logo direttamente sul vetro per una sensazione elegante e piacevole al tatto.<\/li>\n<li><strong>Finitura in vetro smerigliato:<\/strong> Utilizzare un trattamento di acidatura su una parte o sull&#039;intera bottiglia per ottenere un aspetto opaco di alta qualit\u00e0.<\/li>\n<li><strong>Etichettatura ACL (lettere colorate applicate):<\/strong> Con questo metodo l&#039;etichetta viene applicata direttamente sul vetro, ottenendo un design luminoso e duraturo.<\/li>\n<\/ul>","protected":false},"excerpt":{"rendered":"<p>Eleganti bottiglie di vetro per olio d&#039;oliva con tappo a vite, disponibili in tre formati. Perfette per cucine, ristoranti e grossisti. Campioni gratuiti disponibili.<\/p>","protected":false},"featured_media":1836,"template":"","meta":{"postBodyCss":"","postBodyMargin":[],"postBodyPadding":[],"postBodyBackground":{"backgroundType":"classic","gradient":""}},"product_brand":[],"product_cat":[15,16,18],"product_tag":[],"class_list":{"0":"post-1832","1":"product","2":"type-product","3":"status-publish","4":"has-post-thumbnail","6":"product_cat-glass-containers","7":"product_cat-glass-bottles","8":"product_cat-glass-oil-bottles","10":"first","11":"instock","12":"shipping-taxable","13":"product-type-simple"},"jetpack_sharing_enabled":true,"_links":{"self":[{"href":"https:\/\/minghanggroup.com\/it\/wp-json\/wp\/v2\/product\/1832","targetHints":{"allow":["GET"]}}],"collection":[{"href":"https:\/\/minghanggroup.com\/it\/wp-json\/wp\/v2\/product"}],"about":[{"href":"https:\/\/minghanggroup.com\/it\/wp-json\/wp\/v2\/types\/product"}],"wp:featuredmedia":[{"embeddable":true,"href":"https:\/\/minghanggroup.com\/it\/wp-json\/wp\/v2\/media\/1836"}],"wp:attachment":[{"href":"https:\/\/minghanggroup.com\/it\/wp-json\/wp\/v2\/media?parent=1832"}],"wp:term":[{"taxonomy":"product_brand","embeddable":true,"href":"https:\/\/minghanggroup.com\/it\/wp-json\/wp\/v2\/product_brand?post=1832"},{"taxonomy":"product_cat","embeddable":true,"href":"https:\/\/minghanggroup.com\/it\/wp-json\/wp\/v2\/product_cat?post=1832"},{"taxonomy":"product_tag","embeddable":true,"href":"https:\/\/minghanggroup.com\/it\/wp-json\/wp\/v2\/product_tag?post=1832"}],"curies":[{"name":"wp","href":"https:\/\/api.w.org\/{rel}","templated":true}]}}