{"id":1789,"date":"2025-10-17T16:06:32","date_gmt":"2025-10-17T08:06:32","guid":{"rendered":"https:\/\/minghanggroup.com\/?post_type=product&#038;p=1789"},"modified":"2025-10-17T17:44:32","modified_gmt":"2025-10-17T09:44:32","slug":"bulk-stainless-steel-oil-dispensers-with-glass-liner","status":"publish","type":"product","link":"https:\/\/minghanggroup.com\/it\/prodotto\/bulk-stainless-steel-oil-dispensers-with-glass-liner\/","title":{"rendered":"Dispenser per olio in acciaio inox con rivestimento in vetro, disponibili nelle confezioni da 200 ml, 300 ml e 500 ml."},"content":{"rendered":"<p>Queste bottiglie per olio e aceto sono dotate di parti in vetro trasparente per un tocco di stile e parti in metallo per una maggiore resistenza. Inoltre, sono dotate di diversi beccucci versatori, che le rendono una perfetta combinazione di eleganza moderna e praticit\u00e0 in cucina.<\/p>\n<h2>Caratteristiche del prodotto<\/h2>\n<ul>\n<li><strong>Beccucci versatori multipli:<\/strong> Forniamo diversi beccucci in metallo per versare il liquido in base alle diverse abitudini, in modo che il versamento sia fluido e l&#039;utente possa controllare facilmente la quantit\u00e0 da utilizzare.<\/li>\n<li><strong>Costruzione ibrida in vetro e acciaio inossidabile:<\/strong> Il livello dell&#039;olio \u00e8 visibile attraverso il vetro. La parte esterna in metallo rende il prodotto resistente e gli conferisce un aspetto alla moda.<\/li>\n<li><strong>Disponibili diverse misure:<\/strong> Sono disponibili tre bottiglie di dimensioni diverse, quindi puoi scegliere quella pi\u00f9 adatta al tuo utilizzo.<\/li>\n<\/ul>\n<h2>Specifiche chiave<\/h2>\n<table style=\"border-collapse: collapse; margin-left: auto; margin-right: auto; width: 536.27pt;\" border=\"0\" width=\"715\" cellspacing=\"0\" cellpadding=\"0\">\n<tbody>\n<tr style=\"height: 13.50pt;\">\n<td style=\"height: 13.50pt; width: 125.25pt;\" width=\"167\" height=\"18\">Caratteristica<\/td>\n<td style=\"width: 411.00pt;\" width=\"548\">Specifica<\/td>\n<\/tr>\n<tr style=\"height: 13.50pt;\">\n<td style=\"height: 13.50pt;\" height=\"18\">Capacit\u00e0<\/td>\n<td>200 ml, 300 ml, 500 ml<\/td>\n<\/tr>\n<tr style=\"height: 13.50pt;\">\n<td style=\"height: 13.50pt;\" height=\"18\">Dimensioni<\/td>\n<td>6,0\u00d715,6 cm, 6,7\u00d714,5 cm, 6,5\u00d719,8 cm<\/td>\n<\/tr>\n<tr style=\"height: 13.50pt;\">\n<td style=\"height: 13.50pt;\" height=\"18\">Materiale del corpo<\/td>\n<td>Vetro trasparente + collare in acciaio inossidabile<\/td>\n<\/tr>\n<tr style=\"height: 13.50pt;\">\n<td style=\"height: 13.50pt;\" height=\"18\">Tipo di coperchio<\/td>\n<td>Beccuccio in metallo con controllo antigoccia<\/td>\n<\/tr>\n<tr style=\"height: 13.50pt;\">\n<td style=\"height: 13.50pt;\" height=\"18\">Forma<\/td>\n<td>Bottiglia cilindrica in vetro con dettagli in metallo<\/td>\n<\/tr>\n<tr style=\"height: 13.50pt;\">\n<td style=\"height: 13.50pt;\" height=\"18\">Uso ideale<\/td>\n<td>Bottiglie per olio e aceto, bottiglie per olio, bottiglie per olio d&#039;oliva da cucina<\/td>\n<\/tr>\n<\/tbody>\n<\/table>\n<h2>Caso reale<\/h2>\n<p>Un rivenditore statunitense di specialit\u00e0 alimentari stava per lanciare una linea di prodotti artigianali e necessitava di un packaging che ne comunicasse visivamente la lussuosa qualit\u00e0. Per il primo ordine di 12.000 unit\u00e0, ha deciso di utilizzare le nostre bottiglie di olio personalizzate in acciaio inossidabile da 300 ml con uno speciale tappo metallico. Il feedback dei clienti \u00e8 stato ottimo, sottolineando il design elegante e la praticit\u00e0 del prodotto. Il tasso di riacquisto \u00e8 aumentato del 60% e l&#039;utilizzo del beccuccio in metallo ha contribuito a una riduzione del 38% del consumo di olio e aceto. Il rivenditore, entusiasta delle vendite rapide e delle buone recensioni dei clienti, ha effettuato un nuovo ordine di 35.000 unit\u00e0 per aggiungere altri prodotti alla propria linea solo tre mesi dopo.<\/p>\n<h2>Suggerimenti per la personalizzazione<\/h2>\n<ul>\n<li><strong>Finitura del collare metallico:<\/strong> Cambia il colore della parte superiore in metallo: scegli tra nichel spazzolato, oro, rame o nero opaco.<\/li>\n<li><strong>Finitura del distributore:<\/strong>Abbina il distributore di olio in acciaio inossidabile al collare con finitura simile o contrastante (ad esempio, collare dorato con beccuccio nero).<\/li>\n<li><strong>Logo serigrafato:<\/strong>Il tuo logo pu\u00f2 essere stampato sul vetro trasparente in un colore che si abbina ai dettagli metallici.<\/li>\n<\/ul>\n<p>Vorresti acquistare grandi quantit\u00e0 di eleganti bottiglie di olio in acciaio inossidabile che attirino l&#039;attenzione dei clienti? Perch\u00e9 non fissiamo un incontro per discutere del tuo ordine all&#039;ingrosso o di idee personalizzate? Siamo sempre pronti a servirti.<\/p>","protected":false},"excerpt":{"rendered":"<p>Eleganti dispenser per olio in acciaio inox con rivestimento in vetro trasparente. Resistenti bottiglie per olio e aceto, disponibili per personalizzazioni all&#039;ingrosso e ordini all&#039;ingrosso.<\/p>","protected":false},"featured_media":1797,"template":"","meta":{"postBodyCss":"","postBodyMargin":[],"postBodyPadding":[],"postBodyBackground":{"backgroundType":"classic","gradient":""}},"product_brand":[],"product_cat":[15,16,18],"product_tag":[],"class_list":{"0":"post-1789","1":"product","2":"type-product","3":"status-publish","4":"has-post-thumbnail","6":"product_cat-glass-containers","7":"product_cat-glass-bottles","8":"product_cat-glass-oil-bottles","10":"first","11":"instock","12":"shipping-taxable","13":"product-type-simple"},"jetpack_sharing_enabled":true,"_links":{"self":[{"href":"https:\/\/minghanggroup.com\/it\/wp-json\/wp\/v2\/product\/1789","targetHints":{"allow":["GET"]}}],"collection":[{"href":"https:\/\/minghanggroup.com\/it\/wp-json\/wp\/v2\/product"}],"about":[{"href":"https:\/\/minghanggroup.com\/it\/wp-json\/wp\/v2\/types\/product"}],"wp:featuredmedia":[{"embeddable":true,"href":"https:\/\/minghanggroup.com\/it\/wp-json\/wp\/v2\/media\/1797"}],"wp:attachment":[{"href":"https:\/\/minghanggroup.com\/it\/wp-json\/wp\/v2\/media?parent=1789"}],"wp:term":[{"taxonomy":"product_brand","embeddable":true,"href":"https:\/\/minghanggroup.com\/it\/wp-json\/wp\/v2\/product_brand?post=1789"},{"taxonomy":"product_cat","embeddable":true,"href":"https:\/\/minghanggroup.com\/it\/wp-json\/wp\/v2\/product_cat?post=1789"},{"taxonomy":"product_tag","embeddable":true,"href":"https:\/\/minghanggroup.com\/it\/wp-json\/wp\/v2\/product_tag?post=1789"}],"curies":[{"name":"wp","href":"https:\/\/api.w.org\/{rel}","templated":true}]}}