{"id":1642,"date":"2025-10-16T16:24:25","date_gmt":"2025-10-16T08:24:25","guid":{"rendered":"https:\/\/minghanggroup.com\/?post_type=product&#038;p=1642"},"modified":"2025-10-16T17:50:57","modified_gmt":"2025-10-16T09:50:57","slug":"wholesale-cylindrical-amber-glass-olive-oil-bottles","status":"publish","type":"product","link":"https:\/\/minghanggroup.com\/it\/prodotto\/wholesale-cylindrical-amber-glass-olive-oil-bottles\/","title":{"rendered":"Bottiglie di olio d&#039;oliva cilindriche in vetro ambrato all&#039;ingrosso da 250 ml, 500 ml e 750 ml"},"content":{"rendered":"<p>Queste bottiglie di olio d&#039;oliva in vetro ambrato sono il mezzo perfetto per conservare e decorare l&#039;olio d&#039;oliva, poich\u00e9 l&#039;elegante vetro ambrato \u00e8 stato trasformato in forme cilindriche graziose, eleganti e snelle, disponibili in diverse dimensioni e non solo raffinate nel loro fascino, ma anche efficienti nell&#039;uso.<\/p>\n<h2>Caratteristiche del prodotto<\/h2>\n<ul>\n<li><strong>Design anti-UV:<\/strong> Il vetro ambrato mantiene il prodotto fresco bloccando i raggi nocivi della luce.<\/li>\n<li><strong>Versare senza gocciolare ogni volta:<\/strong> Il tappo speciale del versatore \u00e8 antigoccia e non lascia appiccicosi n\u00e9 i lati della bottiglia n\u00e9 il piano di lavoro.<\/li>\n<li><strong>Forma cilindrica sottile:<\/strong> Il design sottile consente di riporre il prodotto sul bancone o sugli scaffali della dispensa senza bisogno di spazio extra.<\/li>\n<\/ul>\n<h2>Specifiche chiave<\/h2>\n<table style=\"border-collapse: collapse; margin-left: auto; margin-right: auto; width: 457.52pt;\" border=\"0\" width=\"610\" cellspacing=\"0\" cellpadding=\"0\">\n<tbody>\n<tr style=\"height: 13.50pt;\">\n<td style=\"height: 13.50pt; width: 103.50pt;\" width=\"138\" height=\"18\">Caratteristica<\/td>\n<td style=\"width: 354.00pt;\" width=\"472\">Specifica<\/td>\n<\/tr>\n<tr style=\"height: 13.50pt;\">\n<td style=\"height: 13.50pt;\" height=\"18\">Capacit\u00e0<\/td>\n<td>250 ml, 500 ml, 750 ml<\/td>\n<\/tr>\n<tr style=\"height: 13.50pt;\">\n<td style=\"height: 13.50pt;\" height=\"18\">Dimensioni<\/td>\n<td>5,0\u00d723,2 cm, 6,1\u00d728,0 cm, 6,9\u00d730,9 cm<\/td>\n<\/tr>\n<tr style=\"height: 13.50pt;\">\n<td style=\"height: 13.50pt;\" height=\"18\">Misura del collo<\/td>\n<td>Filettatura 19\u00d730mm<\/td>\n<\/tr>\n<tr style=\"height: 13.50pt;\">\n<td style=\"height: 13.50pt;\" height=\"18\">Materiale<\/td>\n<td>Vetro ambrato, coperchio in metallo<\/td>\n<\/tr>\n<tr style=\"height: 13.50pt;\">\n<td style=\"height: 13.50pt;\" height=\"18\">Forma<\/td>\n<td>Bottiglia di vetro cilindrica<\/td>\n<\/tr>\n<tr style=\"height: 13.50pt;\">\n<td style=\"height: 13.50pt;\" height=\"18\">Opzioni del coperchio<\/td>\n<td>Coperchio nero\/oro (personalizzabile)<\/td>\n<\/tr>\n<tr style=\"height: 13.50pt;\">\n<td style=\"height: 13.50pt;\" height=\"18\">Uso ideale<\/td>\n<td>Distributore di olio d&#039;oliva in vetro, oliere, bottiglie di olio<\/td>\n<\/tr>\n<\/tbody>\n<\/table>\n<h2>Storia di successo: costruire un marchio attraverso un packaging coerente<\/h2>\n<p>Il produttore di specialit\u00e0 alimentari californiane, che le distribuisce in tutto il mondo, aveva bisogno di vasetti di vetro di alta qualit\u00e0 per confezionare il suo olio d&#039;oliva e ha deciso di effettuare il primo ordine con noi: 5.000 bottiglie di olio d&#039;oliva in vetro ambrato da 250 ml e 500 ml ciascuna. I rivenditori sono entusiasti di vedere l&#039;aspetto professionale dei prodotti e sottolineano anche i numerosi vantaggi dell&#039;uso del vetro opaco, che la maggior parte dei rappresentanti pubblicizza per i propri marchi. Di conseguenza, chi acquistava prima ha aumentato gli acquisti poich\u00e9 il tasso di riacquisto entro 90 giorni \u00e8 salito al 72%. Grazie a questo successo iniziale, gli ordini successivi hanno raggiunto quasi 200.000 unit\u00e0 dopo soli otto mesi.<\/p>\n<h2>Personalizza le tue bottiglie di olio d&#039;oliva in vetro ambrato<\/h2>\n<ul>\n<li><strong>Logo satinato:<\/strong> L&#039;incisione ad acido \u00e8 il metodo da utilizzare quando si desidera ottenere un logo raffinato, monocromatico, con finitura opaca e dall&#039;aspetto lussuoso.<\/li>\n<li><strong>Serigrafia:<\/strong> Il colore brillante sullo sfondo scuro del vetro ambrato utilizzato per l&#039;inchiostro render\u00e0 il tuo logo leggibile anche da grande distanza.<\/li>\n<li><strong>Colore del cappuccio personalizzato:<\/strong> Se preferisci che il tappo a vite abbia i colori del tuo marchio, puoi scegliere tra oro, argento, nero, ecc.<\/li>\n<li><strong>Tinta ambrata pi\u00f9 scura:<\/strong> Aiuta a prevenire al massimo i raggi UV con una maggiore pigmentazione. Perfetto per oli d&#039;oliva estremamente sensibili.<\/li>\n<\/ul>","protected":false},"excerpt":{"rendered":"<p>Bottiglie per olio d&#039;oliva in vetro ambrato con tappo a vite. Sottili, resistenti e perfette per l&#039;uso in cucina. Ordini all&#039;ingrosso, spedizione rapida e campioni gratuiti offerti.<\/p>","protected":false},"featured_media":1649,"template":"","meta":{"postBodyCss":"","postBodyMargin":[],"postBodyPadding":[],"postBodyBackground":{"backgroundType":"classic","gradient":""}},"product_brand":[],"product_cat":[15,16,18],"product_tag":[],"class_list":{"0":"post-1642","1":"product","2":"type-product","3":"status-publish","4":"has-post-thumbnail","6":"product_cat-glass-containers","7":"product_cat-glass-bottles","8":"product_cat-glass-oil-bottles","10":"first","11":"instock","12":"shipping-taxable","13":"product-type-simple"},"jetpack_sharing_enabled":true,"_links":{"self":[{"href":"https:\/\/minghanggroup.com\/it\/wp-json\/wp\/v2\/product\/1642","targetHints":{"allow":["GET"]}}],"collection":[{"href":"https:\/\/minghanggroup.com\/it\/wp-json\/wp\/v2\/product"}],"about":[{"href":"https:\/\/minghanggroup.com\/it\/wp-json\/wp\/v2\/types\/product"}],"wp:featuredmedia":[{"embeddable":true,"href":"https:\/\/minghanggroup.com\/it\/wp-json\/wp\/v2\/media\/1649"}],"wp:attachment":[{"href":"https:\/\/minghanggroup.com\/it\/wp-json\/wp\/v2\/media?parent=1642"}],"wp:term":[{"taxonomy":"product_brand","embeddable":true,"href":"https:\/\/minghanggroup.com\/it\/wp-json\/wp\/v2\/product_brand?post=1642"},{"taxonomy":"product_cat","embeddable":true,"href":"https:\/\/minghanggroup.com\/it\/wp-json\/wp\/v2\/product_cat?post=1642"},{"taxonomy":"product_tag","embeddable":true,"href":"https:\/\/minghanggroup.com\/it\/wp-json\/wp\/v2\/product_tag?post=1642"}],"curies":[{"name":"wp","href":"https:\/\/api.w.org\/{rel}","templated":true}]}}