{"id":1592,"date":"2025-10-16T14:11:48","date_gmt":"2025-10-16T06:11:48","guid":{"rendered":"https:\/\/minghanggroup.com\/?post_type=product&#038;p=1592"},"modified":"2025-10-16T17:53:08","modified_gmt":"2025-10-16T09:53:08","slug":"wholesale-glass-oil-dispenser-bottles-with-metal-pour-spout","status":"publish","type":"product","link":"https:\/\/minghanggroup.com\/it\/prodotto\/wholesale-glass-oil-dispenser-bottles-with-metal-pour-spout\/","title":{"rendered":"Bottiglie di vetro per olio da 200 ml all&#039;ingrosso con beccuccio in metallo"},"content":{"rendered":"<p>Questo flacone dispenser per olio \u00e8 perfetto per olio d&#039;oliva, aceto o qualsiasi liquido dal sapore gradevole. La sua parte stretta \u00e8 realizzata in vetro trasparente di ottima qualit\u00e0 e presenta un moderno beccuccio nero e argento per un versamento uniforme e senza gocciolamenti.<\/p>\n<h2>Caratteristiche del prodotto<\/h2>\n<ul>\n<li><strong>Versamento preciso e senza gocciolamenti:<\/strong> Il tappo a vite nero e argento controlla il flusso e riduce gli sprechi, rendendolo perfetto per oli e aceti di alta qualit\u00e0.<\/li>\n<li><strong>Stile bottiglia sottile:<\/strong> La forma stretta consente di esporre e riporre la bottiglia in cucina.<\/li>\n<li><strong>Vetro trasparente di prima qualit\u00e0:<\/strong> Il vetro perfettamente trasparente non solo mette in risalto il colore dorato dell&#039;olio d&#039;oliva o quello scuro del ricco aceto balsamico, ma trasmette anche l&#039;impressione della massima qualit\u00e0 e purezza del prodotto.<\/li>\n<\/ul>\n<h2>Specifiche chiave<\/h2>\n<table style=\"border-collapse: collapse; margin-left: auto; margin-right: auto; width: 328.52pt;\" border=\"0\" width=\"438\" cellspacing=\"0\" cellpadding=\"0\">\n<tbody>\n<tr style=\"height: 13.50pt;\">\n<td style=\"height: 13.50pt; width: 103.50pt;\" width=\"138\" height=\"18\">Caratteristica<\/td>\n<td style=\"width: 225.00pt;\" width=\"300\">Specifica<\/td>\n<\/tr>\n<tr style=\"height: 13.50pt;\">\n<td style=\"height: 13.50pt;\" height=\"18\">Capacit\u00e0<\/td>\n<td>200 ml<\/td>\n<\/tr>\n<tr style=\"height: 13.50pt;\">\n<td style=\"height: 13.50pt;\" height=\"18\">Dimensioni<\/td>\n<td>6,5 cm (L) \u00d7 19 cm (A)<\/td>\n<\/tr>\n<tr style=\"height: 13.50pt;\">\n<td style=\"height: 13.50pt;\" height=\"18\">Materiale<\/td>\n<td>Vetro trasparente<\/td>\n<\/tr>\n<tr style=\"height: 13.50pt;\">\n<td style=\"height: 13.50pt;\" height=\"18\">Tipo di coperchio<\/td>\n<td>Tappo a vite con erogatore in metallo<\/td>\n<\/tr>\n<tr style=\"height: 13.50pt;\">\n<td style=\"height: 13.50pt;\" height=\"18\">Ideale per<\/td>\n<td>Olio d&#039;oliva, aceto, condimenti<\/td>\n<\/tr>\n<\/tbody>\n<\/table>\n<h2>Storia di successo dal mondo reale: dal primo ordine a un partner fedele<\/h2>\n<p>Il nostro cliente europeo, il marchio di olio d&#039;oliva speciale che si rivolge al mercato nordico, aveva bisogno di un dispenser per olio in vetro che avesse un aspetto lussuoso ma che allo stesso tempo fosse resistente per un elevato volume di spedizioni. Hanno scelto la nostra bottiglia per olio in vetro, abbinata a un tappo nero antigoccia, e hanno effettuato un ordine iniziale di 5.000 unit\u00e0 per testare il mercato. Inizialmente, grazie alla caratteristica antigoccia del dispenser, il dispenser di precisione ha ridotto il consumo di olio del 32%. Tre mesi dopo, il tasso di riacquisto \u00e8 aumentato del 40% e, successivamente, hanno effettuato altri quattro ordini, il che significa che il volume totale dei loro ordini ha raggiunto le 300.000 bottiglie all&#039;anno.<\/p>\n<h2>Consigli per bottiglie di distribuzione dell&#039;olio personalizzate<\/h2>\n<ul>\n<li>Marcatura della capacit\u00e0: posizionare delle marcature graduate sul lato del contenitore per migliorarne la funzionalit\u00e0.<\/li>\n<li>Colorazione: applica un tocco di colore, come il verde o l&#039;ambra, sul vetro trasparente per ottenere un aspetto distintivo.<\/li>\n<li>Rivestimento spray: applica un rivestimento sottile e strutturato su tutta la bottiglia per una presa comoda e allo stesso tempo elegante.<\/li>\n<li>Colore del tappo personalizzato: puoi cambiare il colore del tappo a vite con i colori del tuo marchio: offriamo un&#039;ampia gamma di finiture.<\/li>\n<\/ul>","protected":false},"excerpt":{"rendered":"<p>Flacone sottile in vetro per olio con elegante beccuccio in metallo. Semplice ma raffinato, ideale per ristoranti e forniture all&#039;ingrosso con spedizione rapida.<\/p>","protected":false},"featured_media":1601,"template":"","meta":{"postBodyCss":"","postBodyMargin":[],"postBodyPadding":[],"postBodyBackground":{"backgroundType":"classic","gradient":""}},"product_brand":[],"product_cat":[15,16,18],"product_tag":[],"class_list":{"0":"post-1592","1":"product","2":"type-product","3":"status-publish","4":"has-post-thumbnail","6":"product_cat-glass-containers","7":"product_cat-glass-bottles","8":"product_cat-glass-oil-bottles","10":"first","11":"instock","12":"shipping-taxable","13":"product-type-simple"},"jetpack_sharing_enabled":true,"_links":{"self":[{"href":"https:\/\/minghanggroup.com\/it\/wp-json\/wp\/v2\/product\/1592","targetHints":{"allow":["GET"]}}],"collection":[{"href":"https:\/\/minghanggroup.com\/it\/wp-json\/wp\/v2\/product"}],"about":[{"href":"https:\/\/minghanggroup.com\/it\/wp-json\/wp\/v2\/types\/product"}],"wp:featuredmedia":[{"embeddable":true,"href":"https:\/\/minghanggroup.com\/it\/wp-json\/wp\/v2\/media\/1601"}],"wp:attachment":[{"href":"https:\/\/minghanggroup.com\/it\/wp-json\/wp\/v2\/media?parent=1592"}],"wp:term":[{"taxonomy":"product_brand","embeddable":true,"href":"https:\/\/minghanggroup.com\/it\/wp-json\/wp\/v2\/product_brand?post=1592"},{"taxonomy":"product_cat","embeddable":true,"href":"https:\/\/minghanggroup.com\/it\/wp-json\/wp\/v2\/product_cat?post=1592"},{"taxonomy":"product_tag","embeddable":true,"href":"https:\/\/minghanggroup.com\/it\/wp-json\/wp\/v2\/product_tag?post=1592"}],"curies":[{"name":"wp","href":"https:\/\/api.w.org\/{rel}","templated":true}]}}