{"id":1471,"date":"2025-10-15T15:31:39","date_gmt":"2025-10-15T07:31:39","guid":{"rendered":"https:\/\/minghanggroup.com\/?post_type=product&#038;p=1471"},"modified":"2025-10-16T15:23:41","modified_gmt":"2025-10-16T07:23:41","slug":"wholesale-green-glass-olive-oil-dispensers-with-metal-lids","status":"publish","type":"product","link":"https:\/\/minghanggroup.com\/it\/prodotto\/wholesale-green-glass-olive-oil-dispensers-with-metal-lids\/","title":{"rendered":"Distributori di olio d&#039;oliva in vetro verde all&#039;ingrosso con coperchi in metallo 250 ml 500 ml 750 ml"},"content":{"rendered":"<p>Queste bottiglie per olio d&#039;oliva sono realizzate in elegante vetro verde con una forma cilindrica liscia, sottile e allungata e sono disponibili con tappi neri e dorati. Sono disponibili in diverse dimensioni.<\/p>\n<h2>Caratteristiche del prodotto<\/h2>\n<ul>\n<li><strong>Protezione UV integrata:<\/strong> Il vetro verde protegge l&#039;olio d&#039;oliva dalla luce, mantenendolo fresco e potendo essere utilizzato pi\u00f9 a lungo.<\/li>\n<li><strong>Forma cilindrica sottile:<\/strong> La bottiglia, con la sua forma cilindrica allungata, non \u00e8 solo elegante ma anche compatta, quindi pu\u00f2 essere facilmente esposta e riposta in cucina, risparmiando spazio.<\/li>\n<li><strong>Varie opzioni di cappuccio:<\/strong> I tappi, disponibili in nero, oro e altri colori, non solo soddisfano i diversi gusti estetici degli utenti, ma garantiscono anche che il contenitore sia sigillato ermeticamente.<\/li>\n<\/ul>\n<h2>Specifiche chiave<\/h2>\n<table style=\"border-collapse: collapse; margin-left: auto; margin-right: auto; width: 520.52pt;\" border=\"0\" width=\"694\" cellspacing=\"0\" cellpadding=\"0\">\n<tbody>\n<tr style=\"height: 13.50pt;\">\n<td style=\"height: 13.50pt; width: 103.50pt;\" width=\"138\" height=\"18\">Caratteristica<\/td>\n<td style=\"width: 417.00pt;\" width=\"556\">Specifica<\/td>\n<\/tr>\n<tr style=\"height: 13.50pt;\">\n<td style=\"height: 13.50pt;\" height=\"18\">Capacit\u00e0<\/td>\n<td>250 ml 500 ml 750 ml<\/td>\n<\/tr>\n<tr style=\"height: 13.50pt;\">\n<td style=\"height: 13.50pt;\" height=\"18\">Dimensioni<\/td>\n<td>5,0\u00d723,2 cm, 6,1\u00d728,0 cm, 6,9\u00d730,9 cm<\/td>\n<\/tr>\n<tr style=\"height: 13.50pt;\">\n<td style=\"height: 13.50pt;\" height=\"18\">Misura del collo<\/td>\n<td>Collo a vite 19\u00d730mm<\/td>\n<\/tr>\n<tr style=\"height: 13.50pt;\">\n<td style=\"height: 13.50pt;\" height=\"18\">Materiale<\/td>\n<td>Corpo in vetro verde, coperchio in metallo<\/td>\n<\/tr>\n<tr style=\"height: 13.50pt;\">\n<td style=\"height: 13.50pt;\" height=\"18\">Forma<\/td>\n<td>Bottiglia di vetro cilindrica<\/td>\n<\/tr>\n<tr style=\"height: 13.50pt;\">\n<td style=\"height: 13.50pt;\" height=\"18\">Opzioni del coperchio<\/td>\n<td>Beccuccio nero, beccuccio dorato, tappo solido<\/td>\n<\/tr>\n<tr style=\"height: 13.50pt;\">\n<td style=\"height: 13.50pt;\" height=\"18\">Ideale per<\/td>\n<td>Oli d&#039;oliva, aceto, oli da cucina<\/td>\n<\/tr>\n<tr style=\"height: 13.50pt;\">\n<td style=\"height: 13.50pt;\" height=\"18\">Uso ideale<\/td>\n<td>Bottiglia di olio d&#039;oliva, bottiglie di olio e aceto, bottiglia di olio d&#039;oliva da cucina<\/td>\n<\/tr>\n<\/tbody>\n<\/table>\n<h2>Storia di successo<\/h2>\n<p>Un importatore di olio d&#039;oliva artigianale statunitense ha optato per le nostre bottiglie quadrate in vetro verde da 250 ml con tappo verde e ha inizialmente effettuato un ordine di 5.000 unit\u00e0. Dopo tre mesi, l&#039;importatore ci ha comunicato che le vendite del prodotto nei negozi di alimentari specializzati sono aumentate del 40% rispetto al precedente lancio. Entro 90 giorni, il 65% degli acquirenti ha riacquistato. Grazie a questo successo, \u00e8 stato creato un ordine all&#039;ingrosso, che ha portato a un&#039;estensione della disponibilit\u00e0 delle bottiglie sfuse da 500 ml con un volume medio annuo di ordini di 200.000 unit\u00e0.<\/p>\n<h2>Suggerimenti per la personalizzazione<\/h2>\n<ul>\n<li>Severit\u00e0 del colore del vetro: \u00e8 possibile cambiare il colore del vetro dal verde zaffiro scuro al verde chiaro.<\/li>\n<li>Finitura satinata: \u00e8 possibile applicare una superficie completamente satinata (acido-H) per ottenere una consistenza morbida e opaca e un aspetto sofisticato e opaco.<\/li>\n<li>Logo Ambsced: il logo del tuo marchio pu\u00f2 essere stampato direttamente sul vetro durante la produzione, per un tocco tattile lussuoso e di alta qualit\u00e0.<\/li>\n<li>Opzioni colore ID: ottieni il colore ID da una serie di colori (come nero, argento o oro) che si abbina o completa la tavolozza del tuo marchio.<\/li>\n<li>Forma del coperchio personalizzata: ti aiuteremo a creare una forma del coperchio personalizzata che si distingua e diventi la parte pi\u00f9 riconoscibile del tuo imballaggio.<\/li>\n<\/ul>\n<p>Se desideri realizzare delle belle bottiglie di olio d&#039;oliva, contattaci per un preventivo all&#039;ingrosso e per la spedizione all&#039;ingrosso.<\/p>","protected":false},"excerpt":{"rendered":"<p>Questi dispenser per olio d&#039;oliva verde sono dotati di coperchi in metallo. Realizzati in vetro di alta qualit\u00e0, disponibili in varie dimensioni e ideali per la vendita all&#039;ingrosso. Campioni gratuiti disponibili.<\/p>","protected":false},"featured_media":1501,"template":"","meta":{"postBodyCss":"","postBodyMargin":[],"postBodyPadding":[],"postBodyBackground":{"backgroundType":"classic","gradient":""}},"product_brand":[],"product_cat":[15,16,18],"product_tag":[],"class_list":{"0":"post-1471","1":"product","2":"type-product","3":"status-publish","4":"has-post-thumbnail","6":"product_cat-glass-containers","7":"product_cat-glass-bottles","8":"product_cat-glass-oil-bottles","10":"first","11":"instock","12":"shipping-taxable","13":"product-type-simple"},"jetpack_sharing_enabled":true,"_links":{"self":[{"href":"https:\/\/minghanggroup.com\/it\/wp-json\/wp\/v2\/product\/1471","targetHints":{"allow":["GET"]}}],"collection":[{"href":"https:\/\/minghanggroup.com\/it\/wp-json\/wp\/v2\/product"}],"about":[{"href":"https:\/\/minghanggroup.com\/it\/wp-json\/wp\/v2\/types\/product"}],"wp:featuredmedia":[{"embeddable":true,"href":"https:\/\/minghanggroup.com\/it\/wp-json\/wp\/v2\/media\/1501"}],"wp:attachment":[{"href":"https:\/\/minghanggroup.com\/it\/wp-json\/wp\/v2\/media?parent=1471"}],"wp:term":[{"taxonomy":"product_brand","embeddable":true,"href":"https:\/\/minghanggroup.com\/it\/wp-json\/wp\/v2\/product_brand?post=1471"},{"taxonomy":"product_cat","embeddable":true,"href":"https:\/\/minghanggroup.com\/it\/wp-json\/wp\/v2\/product_cat?post=1471"},{"taxonomy":"product_tag","embeddable":true,"href":"https:\/\/minghanggroup.com\/it\/wp-json\/wp\/v2\/product_tag?post=1471"}],"curies":[{"name":"wp","href":"https:\/\/api.w.org\/{rel}","templated":true}]}}