{"id":1449,"date":"2025-10-15T05:48:05","date_gmt":"2025-10-15T05:48:05","guid":{"rendered":"https:\/\/minghanggroup.com\/?post_type=product&#038;p=1449"},"modified":"2025-10-16T15:23:33","modified_gmt":"2025-10-16T07:23:33","slug":"wholesale-cylinder-kitchen-oil-dispensers-with-screw-lids","status":"publish","type":"product","link":"https:\/\/minghanggroup.com\/it\/prodotto\/wholesale-cylinder-kitchen-oil-dispensers-with-screw-lids\/","title":{"rendered":"Distributori di olio da cucina cilindrici all&#039;ingrosso con coperchi a vite da 100 ml, 250 ml, 500 ml, 750 ml"},"content":{"rendered":"<p>Realizzati in vetro trasparente, questi dispenser per olio da cucina hanno un corpo cilindrico fluido, lungo e stretto. Sono disponibili in diverse dimensioni e hanno un tappo a vite. In questo modo, rappresentano un perfetto connubio tra stile minimalista e praticit\u00e0 in cucina.<\/p>\n<h2>Caratteristiche del prodotto<\/h2>\n<ul>\n<li><strong>Corpo cilindrico sottile:<\/strong> Il lungo corpo cilindrico rende le bottiglie facili da tenere e riporre in cucina, risparmiando cos\u00ec spazio.<\/li>\n<li><strong>Design con tappo a vite:<\/strong> Il tappo a vite svolge una doppia funzione: oltre a consentire un corretto utilizzo con il tappo giusto, garantisce una tenuta stagna e impedisce l&#039;ossidazione dell&#039;olio.<\/li>\n<li><strong>Disponibili diverse misure:<\/strong> Sono disponibili quattro diverse dimensioni di bottiglie che ti aiuteranno a determinare la dimensione pi\u00f9 adatta per il tuo uso quotidiano in casa o per piccole quantit\u00e0.<\/li>\n<\/ul>\n<h2>Specifiche chiave<\/h2>\n<table style=\"border-collapse: collapse; margin-left: auto; margin-right: auto; width: 473.27pt;\" border=\"0\" width=\"631\" cellspacing=\"0\" cellpadding=\"0\">\n<tbody>\n<tr style=\"height: 13.50pt;\">\n<td style=\"height: 13.50pt; width: 103.50pt;\" width=\"138\" height=\"18\">Caratteristica<\/td>\n<td style=\"width: 369.75pt;\" width=\"493\">Specifica<\/td>\n<\/tr>\n<tr style=\"height: 13.50pt;\">\n<td style=\"height: 13.50pt;\" height=\"18\">Capacit\u00e0<\/td>\n<td>100 ml, 250 ml, 500 ml, 750 ml<\/td>\n<\/tr>\n<tr style=\"height: 13.50pt;\">\n<td style=\"height: 13.50pt;\" height=\"18\">Dimensioni<\/td>\n<td>4,5\u00d715,0 cm, 5,0\u00d723,2 cm, 6,1\u00d728,0 cm, 6,9\u00d731,2 cm<\/td>\n<\/tr>\n<tr style=\"height: 13.50pt;\">\n<td style=\"height: 13.50pt;\" height=\"18\">Misura del collo<\/td>\n<td>Collo a vite 17\u00d729mm<\/td>\n<\/tr>\n<tr style=\"height: 13.50pt;\">\n<td style=\"height: 13.50pt;\" height=\"18\">Materiale<\/td>\n<td>Corpo in vetro trasparente, coperchio in metallo<\/td>\n<\/tr>\n<tr style=\"height: 13.50pt;\">\n<td style=\"height: 13.50pt;\" height=\"18\">Forma<\/td>\n<td>Bottiglia di vetro cilindrica<\/td>\n<\/tr>\n<tr style=\"height: 13.50pt;\">\n<td style=\"height: 13.50pt;\" height=\"18\">Opzioni del coperchio<\/td>\n<td>Beccucci versatori neri, dorati, verdi o tappi solidi<\/td>\n<\/tr>\n<tr style=\"height: 13.50pt;\">\n<td style=\"height: 13.50pt;\" height=\"18\">Ideale per<\/td>\n<td>Olio d&#039;oliva, aceto, oli da cucina<\/td>\n<\/tr>\n<tr style=\"height: 13.50pt;\">\n<td style=\"height: 13.50pt;\" height=\"18\">Uso ideale<\/td>\n<td>Distributore di olio da cucina, oliere, bottiglia di olio da cucina<\/td>\n<\/tr>\n<\/tbody>\n<\/table>\n<h2>Storia di successo<\/h2>\n<p>Il distributore europeo di specialit\u00e0 alimentari era alla ricerca di una bottiglia di vetro unica nel suo genere per la sua nuova linea di oli d&#039;oliva artigianali. Ha scelto il nostro dispenser quadrato da 500 ml, con tappo a vite nero e logo stampato in oro. Dopo una produzione limitata di 10.000 bottiglie, la risposta del prodotto \u00e8 stata eccellente. Il distributore ha dichiarato un aumento del 25% nei tassi di riacquisto da parte dei clienti al dettaglio e una diminuzione del 95% dei reclami per perdite. Questo risultato ha portato alla presenza di ordini all&#039;ingrosso trimestrali regolari per 10.000 bottiglie, che a loro volta assicurano alla bottiglia di vetro il ruolo di uno dei prodotti principali della loro linea di packaging gourmet.<\/p>\n<h2>Suggerimenti per la personalizzazione delle bottiglie di olio in vetro<\/h2>\n<ul>\n<li>Colorazione: \u00e8 possibile conferire al vetro trasparente una delicata colorazione verde o ambrata, non solo per proteggerlo dai raggi UV, ma anche per migliorare l&#039;aspetto del prodotto.<\/li>\n<li>Serigrafia: il modo pi\u00f9 alla moda e permanente per disegnare il tuo logo o disegno su un vetro \u00e8 stamparlo direttamente sul vetro.<\/li>\n<li>Dimensioni personalizzate: se desideri una bottiglia da 100 ml per una piccola cucina o una grande bottiglia da 1000 ml per lo stoccaggio commerciale di grandi quantit\u00e0, possiamo realizzare le dimensioni che preferisci.<\/li>\n<li>Rivestimento interno: l&#039;aggiunta di un rivestimento interno a determinati oli pu\u00f2 essere un metodo per proteggere ulteriormente il sapore e l&#039;integrit\u00e0 del contenuto.<\/li>\n<\/ul>\n<p>Vuoi utilizzare questo pratico dispenser per migliorare l&#039;immagine del tuo marchio? Faccelo sapere e saremo lieti di fornirti un preventivo per la spedizione all&#039;ingrosso e all&#039;ingrosso a prezzi competitivi.<\/p>","protected":false},"excerpt":{"rendered":"<p>Dispenser per olio da cucina in vetro trasparente dal design sottile, resistente e semplice da usare quotidianamente. Spedizione rapida e campioni gratuiti disponibili per ordini all'ingrosso.<\/p>","protected":false},"featured_media":1465,"template":"","meta":{"postBodyCss":"","postBodyMargin":[],"postBodyPadding":[],"postBodyBackground":{"backgroundType":"classic","gradient":""}},"product_brand":[],"product_cat":[15,16,18],"product_tag":[],"class_list":{"0":"post-1449","1":"product","2":"type-product","3":"status-publish","4":"has-post-thumbnail","6":"product_cat-glass-containers","7":"product_cat-glass-bottles","8":"product_cat-glass-oil-bottles","10":"first","11":"instock","12":"shipping-taxable","13":"product-type-simple"},"jetpack_sharing_enabled":true,"_links":{"self":[{"href":"https:\/\/minghanggroup.com\/it\/wp-json\/wp\/v2\/product\/1449","targetHints":{"allow":["GET"]}}],"collection":[{"href":"https:\/\/minghanggroup.com\/it\/wp-json\/wp\/v2\/product"}],"about":[{"href":"https:\/\/minghanggroup.com\/it\/wp-json\/wp\/v2\/types\/product"}],"wp:featuredmedia":[{"embeddable":true,"href":"https:\/\/minghanggroup.com\/it\/wp-json\/wp\/v2\/media\/1465"}],"wp:attachment":[{"href":"https:\/\/minghanggroup.com\/it\/wp-json\/wp\/v2\/media?parent=1449"}],"wp:term":[{"taxonomy":"product_brand","embeddable":true,"href":"https:\/\/minghanggroup.com\/it\/wp-json\/wp\/v2\/product_brand?post=1449"},{"taxonomy":"product_cat","embeddable":true,"href":"https:\/\/minghanggroup.com\/it\/wp-json\/wp\/v2\/product_cat?post=1449"},{"taxonomy":"product_tag","embeddable":true,"href":"https:\/\/minghanggroup.com\/it\/wp-json\/wp\/v2\/product_tag?post=1449"}],"curies":[{"name":"wp","href":"https:\/\/api.w.org\/{rel}","templated":true}]}}