{"id":1417,"date":"2025-10-15T03:24:25","date_gmt":"2025-10-15T03:24:25","guid":{"rendered":"https:\/\/minghanggroup.com\/?post_type=product&#038;p=1417"},"modified":"2025-10-16T15:23:25","modified_gmt":"2025-10-16T07:23:25","slug":"bulk-unique-curved-glass-cooking-oil-bottles-with-handle","status":"publish","type":"product","link":"https:\/\/minghanggroup.com\/it\/prodotto\/bulk-unique-curved-glass-cooking-oil-bottles-with-handle\/","title":{"rendered":"Bottiglie di olio da cucina in vetro curvo uniche all&#039;ingrosso con manico da 100 ml, 250 ml, 500 ml"},"content":{"rendered":"<p>Nel dettaglio, queste bottiglie per olio sono state progettate in vetro trasparente per evidenziare l'esclusivo design rialzato, visivamente accattivante e comodo da usare. Sono inoltre dotate di un robusto manico in vetro per versare senza bisogno di cinghie. Disponibili in diverse dimensioni e con diversi stili di tappo, queste bottiglie conservano l'olio in modo elegante e aggiungono un tocco di stile alla vostra cucina.<\/p>\n<h2>Caratteristiche del prodotto<\/h2>\n<ul>\n<li class=\" translation-block\"><strong>Corpo curvo distintivo:<\/strong> il design curvo rialzato non solo conferisce una forma estetica, ma garantisce anche un certo grado di resistenza allo scivolamento.<\/li>\n<li class=\" translation-block\"><strong>Manico in vetro:<\/strong> l'elegante manico in vetro offre una presa comoda e facilita il versamento.<\/li>\n<li class=\" translation-block\"><strong>Vari stili di aperture per bottiglie:<\/strong> un tappo sigilla il coperchio per una comoda conservazione, mentre una parte superiore aperta consente di versare rapidamente, soddisfacendo cos\u00ec diverse esigenze in cucina.<\/li>\n<\/ul>\n<h2>Specifiche chiave<\/h2>\n<table style=\"border-collapse: collapse; margin-left: auto; margin-right: auto; width: 473.27pt;\" border=\"0\" width=\"631\" cellspacing=\"0\" cellpadding=\"0\">\n<tbody>\n<tr style=\"height: 13.50pt;\">\n<td style=\"height: 13.50pt; width: 103.50pt;\" width=\"138\" height=\"18\">Caratteristica<\/td>\n<td style=\"width: 369.75pt;\" width=\"493\">Specifica<\/td>\n<\/tr>\n<tr style=\"height: 13.50pt;\">\n<td style=\"height: 13.50pt;\" height=\"18\">Capacit\u00e0<\/td>\n<td>100ml, 250ml, 500ml<\/td>\n<\/tr>\n<tr style=\"height: 13.50pt;\">\n<td style=\"height: 13.50pt;\" height=\"18\">Dimensioni<\/td>\n<td>5.4\u00d713.9cm, 7.1\u00d717.3cm, 8.8\u00d721.9cm<\/td>\n<\/tr>\n<tr style=\"height: 13.50pt;\">\n<td style=\"height: 13.50pt;\" height=\"18\">Materiale<\/td>\n<td>Corpo e manico in vetro trasparente, coperchio in metallo<\/td>\n<\/tr>\n<tr style=\"height: 13.50pt;\">\n<td style=\"height: 13.50pt;\" height=\"18\">Forma<\/td>\n<td>Curved body<\/td>\n<\/tr>\n<tr style=\"height: 13.50pt;\">\n<td style=\"height: 13.50pt;\" height=\"18\">Opzioni del coperchio<\/td>\n<td>Beccuccio verde, tappo a vite nero, parte superiore aperta<\/td>\n<\/tr>\n<tr style=\"height: 13.50pt;\">\n<td style=\"height: 13.50pt;\" height=\"18\">Ideale per<\/td>\n<td>Olio d'oliva, aceto, oli da cucina, olio da cucina<\/td>\n<\/tr>\n<tr style=\"height: 13.50pt;\">\n<td style=\"height: 13.50pt;\" height=\"18\">Uso ideale<\/td>\n<td>Distributore di olio da cucina, oliere, bottiglie di olio da cucina<\/td>\n<\/tr>\n<\/tbody>\n<\/table>\n<h2>Storia di successo: il marchio gourmet si eleva<\/h2>\n<p>Il nostro partner, un distributore di prodotti alimentari al dettaglio specializzato con sede a Seattle, era alla ricerca di una bottiglia di olio in vetro distintiva e alla fine ha optato per la nostra bottiglia quadrata in vetro da 250 ml con tappo a vite nero personalizzato. La notoriet\u00e0 del loro marchio ha subito un'impennata grazie all'elegante design quadrato e al tappo in vetro trasparente. Dopo il lancio del nuovo packaging, il volume delle vendite \u00e8 aumentato del 35% in sei mesi. I consumatori hanno descritto la bottiglia come perfettamente bilanciata e antigoccia durante il versamento. Il consumo di olio \u00e8 stato ridotto del 20%, il che li ha spinti a effettuare altri tre ordini da 10.000 bottiglie ciascuno e ad estendere la nostra gamma di bottiglie alla loro linea di aceto artigianale, creando cos\u00ec di fatto un set completo di olio e aceto coordinati.<\/p>\n<h2>Idee di personalizzazione specifiche del prodotto<\/h2>\n<ul>\n<li>Colore del coperchio: il colore del coperchio a vite pu\u00f2 essere scelto tra una variet\u00e0 di colori (come nero, oro, argento o verde) che si fondono armoniosamente con l'identit\u00e0 del tuo marchio.<\/li>\n<li>Serigrafia: stampa il tuo logo o il tuo disegno direttamente sul vetro utilizzando inchiostro per una stampa permanente e durevole.<\/li>\n<li>Iniziali del marchio in arrivo: crea il logo o le iniziali del marchio modellando il vetro nella parte inferiore.<\/li>\n<li>Logo in rilievo: perch\u00e9 non valutare l'idea di far incidere il tuo logo in modo discreto sul manico o sulla base in vetro, per conferire un tocco di lusso in pi\u00f9?<\/li>\n<li>Materiale del tappo del beccuccio: potresti voler personalizzare la parte interna del tappo a vite, ad esempio utilizzando un materiale specifico per la migliore tenuta di diversi tipi di olio d'oliva.<\/li>\n<\/ul>\n<p>Come vostro fornitore diretto e produttore originale, siamo in grado di trasformare questi concetti in realt\u00e0. Perch\u00e9 non parlarci delle vostre esigenze di vendita all'ingrosso di questa elegante e pratica bottiglia di olio in vetro?<\/p>","protected":false},"excerpt":{"rendered":"<p>Esclusive bottiglie di vetro per olio con manico e design curvo. Perfette per l'olio da cucina e disponibili per la personalizzazione all'ingrosso. Campione gratuito disponibile.<\/p>","protected":false},"featured_media":1441,"template":"","meta":{"postBodyCss":"","postBodyMargin":[],"postBodyPadding":[],"postBodyBackground":{"backgroundType":"classic","gradient":""}},"product_brand":[],"product_cat":[15,16,18],"product_tag":[],"class_list":{"0":"post-1417","1":"product","2":"type-product","3":"status-publish","4":"has-post-thumbnail","6":"product_cat-glass-containers","7":"product_cat-glass-bottles","8":"product_cat-glass-oil-bottles","10":"first","11":"instock","12":"shipping-taxable","13":"product-type-simple"},"jetpack_sharing_enabled":true,"_links":{"self":[{"href":"https:\/\/minghanggroup.com\/it\/wp-json\/wp\/v2\/product\/1417","targetHints":{"allow":["GET"]}}],"collection":[{"href":"https:\/\/minghanggroup.com\/it\/wp-json\/wp\/v2\/product"}],"about":[{"href":"https:\/\/minghanggroup.com\/it\/wp-json\/wp\/v2\/types\/product"}],"wp:featuredmedia":[{"embeddable":true,"href":"https:\/\/minghanggroup.com\/it\/wp-json\/wp\/v2\/media\/1441"}],"wp:attachment":[{"href":"https:\/\/minghanggroup.com\/it\/wp-json\/wp\/v2\/media?parent=1417"}],"wp:term":[{"taxonomy":"product_brand","embeddable":true,"href":"https:\/\/minghanggroup.com\/it\/wp-json\/wp\/v2\/product_brand?post=1417"},{"taxonomy":"product_cat","embeddable":true,"href":"https:\/\/minghanggroup.com\/it\/wp-json\/wp\/v2\/product_cat?post=1417"},{"taxonomy":"product_tag","embeddable":true,"href":"https:\/\/minghanggroup.com\/it\/wp-json\/wp\/v2\/product_tag?post=1417"}],"curies":[{"name":"wp","href":"https:\/\/api.w.org\/{rel}","templated":true}]}}