{"id":1331,"date":"2025-10-14T03:43:53","date_gmt":"2025-10-14T03:43:53","guid":{"rendered":"https:\/\/minghanggroup.com\/?post_type=product&#038;p=1331"},"modified":"2025-10-16T15:23:06","modified_gmt":"2025-10-16T07:23:06","slug":"wholesale-transparent-glass-oil-bottles-with-metal-pourers","status":"publish","type":"product","link":"https:\/\/minghanggroup.com\/it\/prodotto\/wholesale-transparent-glass-oil-bottles-with-metal-pourers\/","title":{"rendered":"Bottiglie di olio in vetro trasparente all&#039;ingrosso con versatori in metallo da 150 ml, 250 ml e 500 ml"},"content":{"rendered":"<p>Le bottiglie di vetro per olio sono realizzate in vetro trasparente e presentano un&#039;elegante forma rettangolare. Queste bottiglie presentano un aspetto elegante grazie al foro per versare in metallo color argento, oro e argento nero. Inoltre, le bottiglie sono disponibili in diverse dimensioni e, allo stesso tempo, sono utili e accattivanti, poich\u00e9 costituiscono un contenitore perfetto per esporre al loro interno oli dorati.<\/p>\n<h2>Caratteristiche del prodotto<\/h2>\n<ul>\n<li><strong>Opzioni di beccuccio multiple:<\/strong> Questa serie offre all&#039;utente la libert\u00e0 di scegliere quella che pi\u00f9 si adatta al proprio stile e alle proprie preferenze. Inoltre, offre una semplice funzione di versamento con una chiusura ermetica.<\/li>\n<li><strong>Diverse dimensioni:<\/strong> Queste bottiglie sono realizzate in tre diverse dimensioni, in modo che i clienti possano scegliere quella pi\u00f9 adatta.<\/li>\n<li><strong>Rettangolare Trasparente:<\/strong> Questa bottiglia rettangolare trasparente ed elegante in vetro \u00e8 un&#039;ottima idea salvaspazio per la tua cucina.<\/li>\n<\/ul>\n<h2>Specifiche chiave<\/h2>\n<table style=\"border-collapse: collapse; margin-left: auto; margin-right: auto; width: 424.52pt;\" border=\"0\" width=\"566\" cellspacing=\"0\" cellpadding=\"0\">\n<tbody>\n<tr style=\"height: 13.50pt;\">\n<td style=\"height: 13.50pt; width: 109.50pt;\" width=\"146\" height=\"18\">Caratteristica<\/td>\n<td style=\"width: 315.00pt;\" width=\"420\">Specifica<\/td>\n<\/tr>\n<tr style=\"height: 13.50pt;\">\n<td style=\"height: 13.50pt;\" height=\"18\">Dimensioni<\/td>\n<td>4,8\u00d74,8\u00d715,8 cm, 4,7\u00d74,7\u00d721,0 cm, 5,8\u00d75,8\u00d726,1 cm<\/td>\n<\/tr>\n<tr style=\"height: 13.50pt;\">\n<td style=\"height: 13.50pt;\" height=\"18\">Capacit\u00e0<\/td>\n<td>100ml, 250ml, 500ml<\/td>\n<\/tr>\n<tr style=\"height: 13.50pt;\">\n<td style=\"height: 13.50pt;\" height=\"18\">Materiale<\/td>\n<td>Corpo in vetro trasparente, beccuccio in acciaio inossidabile e PP<\/td>\n<\/tr>\n<tr style=\"height: 13.50pt;\">\n<td style=\"height: 13.50pt;\" height=\"18\">Forma<\/td>\n<td>Bottiglia di vetro quadrata<\/td>\n<\/tr>\n<tr style=\"height: 13.50pt;\">\n<td style=\"height: 13.50pt;\" height=\"18\">Opzioni beccuccio<\/td>\n<td>Argento, oro, argento-nero (antigoccia)<\/td>\n<\/tr>\n<tr style=\"height: 13.50pt;\">\n<td style=\"height: 13.50pt;\" height=\"18\">Ideale per<\/td>\n<td>Olio d&#039;oliva, aceto, oli da cucina, condimenti<\/td>\n<\/tr>\n<tr style=\"height: 13.50pt;\">\n<td style=\"height: 13.50pt;\" height=\"18\">Uso ideale<\/td>\n<td>Bottiglie di vetro per olio, bottiglie di aceto<\/td>\n<\/tr>\n<\/tbody>\n<\/table>\n<h2>Risultati reali<\/h2>\n<p>Un marchio di olio d&#039;oliva con sede in Nord America, di fronte alla sfida del confezionamento di un buon olio d&#039;oliva, ha deciso di passare alle nostre bottiglie quadrate in vetro da 500 ml con beccuccio a vite dorato. Inizialmente, hanno effettuato un ordine all&#039;ingrosso di 1.200 bottiglie e sono rimasti molto soddisfatti del risultato. In primo luogo, la precisione del design del beccuccio lo rende antigoccia e, di conseguenza, si generano meno sprechi del 28%: un cliente ha affermato di poter risparmiare 90 dollari di olio d&#039;oliva al mese. In secondo luogo, la trasparenza aiuta i dipendenti a rilevare visivamente se le riserve si stanno esaurendo, evitando cos\u00ec le stressanti corse dell&#039;ultimo minuto ai negozi. Il feedback dei clienti \u00e8 stato cos\u00ec eccellente che le vendite sono aumentate vertiginosamente del 30% e, 11 mesi dopo, \u00e8 stato effettuato un altro ordine di 300.000 bottiglie.<\/p>\n<h2>Personalizzazione della bottiglia di olio in vetro<\/h2>\n<ul>\n<li>Loghi Laser-Excade: crea un effetto speciale incidendo il tuo logo sul vetro. \u00c8 permanente e di alta qualit\u00e0. Inoltre, funziona anche se l&#039;etichetta si rovina dopo il lavaggio.<\/li>\n<li>Graduazioni smerigliate: piccoli numeri graduati (ad esempio 50 ml, 100 ml, 250 ml) anzich\u00e9 stampati su una superficie di vetro, in modo che gli utenti possano misurare facilmente e con precisione gli oli utilizzati per cucinare o cuocere al forno.<\/li>\n<li>Finitura del vetro opaco: tratta un vetro trasparente con un rivestimento opaco per ridurre la formazione di impronte digitali, soprattutto nelle cucine commerciali dove le bottiglie dell&#039;olio sono spesso controllate dal personale.<\/li>\n<li>Base strutturata: aggiungi degli anelli metallici o un motivo a raggiera alla base. La sensazione \u00e8 di robustezza. Sembra che il creatore abbia pensato all&#039;utente durante la progettazione.<\/li>\n<\/ul>","protected":false},"excerpt":{"rendered":"<p>Questa elegante bottiglia per olio in vetro presenta una forma rettangolare e un beccuccio di alta qualit\u00e0. Spedizione veloce, campioni gratuiti e perfetta per i marchi di prodotti da cucina.<\/p>","protected":false},"featured_media":1393,"template":"","meta":{"postBodyCss":"","postBodyMargin":[],"postBodyPadding":[],"postBodyBackground":{"backgroundType":"classic","gradient":""}},"product_brand":[],"product_cat":[15,16,18],"product_tag":[],"class_list":{"0":"post-1331","1":"product","2":"type-product","3":"status-publish","4":"has-post-thumbnail","6":"product_cat-glass-containers","7":"product_cat-glass-bottles","8":"product_cat-glass-oil-bottles","10":"first","11":"instock","12":"shipping-taxable","13":"product-type-simple"},"jetpack_sharing_enabled":true,"_links":{"self":[{"href":"https:\/\/minghanggroup.com\/it\/wp-json\/wp\/v2\/product\/1331","targetHints":{"allow":["GET"]}}],"collection":[{"href":"https:\/\/minghanggroup.com\/it\/wp-json\/wp\/v2\/product"}],"about":[{"href":"https:\/\/minghanggroup.com\/it\/wp-json\/wp\/v2\/types\/product"}],"wp:featuredmedia":[{"embeddable":true,"href":"https:\/\/minghanggroup.com\/it\/wp-json\/wp\/v2\/media\/1393"}],"wp:attachment":[{"href":"https:\/\/minghanggroup.com\/it\/wp-json\/wp\/v2\/media?parent=1331"}],"wp:term":[{"taxonomy":"product_brand","embeddable":true,"href":"https:\/\/minghanggroup.com\/it\/wp-json\/wp\/v2\/product_brand?post=1331"},{"taxonomy":"product_cat","embeddable":true,"href":"https:\/\/minghanggroup.com\/it\/wp-json\/wp\/v2\/product_cat?post=1331"},{"taxonomy":"product_tag","embeddable":true,"href":"https:\/\/minghanggroup.com\/it\/wp-json\/wp\/v2\/product_tag?post=1331"}],"curies":[{"name":"wp","href":"https:\/\/api.w.org\/{rel}","templated":true}]}}