{"id":1325,"date":"2025-10-14T03:26:01","date_gmt":"2025-10-14T03:26:01","guid":{"rendered":"https:\/\/minghanggroup.com\/?post_type=product&#038;p=1325"},"modified":"2025-10-16T15:23:15","modified_gmt":"2025-10-16T07:23:15","slug":"wholesale-rectangular-green-olive-oil-bottles","status":"publish","type":"product","link":"https:\/\/minghanggroup.com\/it\/prodotto\/wholesale-rectangular-green-olive-oil-bottles\/","title":{"rendered":"Bottiglie rettangolari all&#039;ingrosso di olio d&#039;oliva verde da 500 ml, 750 ml e 1000 ml"},"content":{"rendered":"<p>Queste bottiglie per olio d&#039;oliva sono realizzate in vetro verde e presentano un design rettangolare pulito, abbinato a tappi neri, dorati e verdi. Disponibili in diverse dimensioni, rappresentano una perfetta armonia di eleganza e semplicit\u00e0, capaci di impreziosire e colorare la vostra cucina con la loro presenza.<\/p>\n<h2>Caratteristiche del prodotto<\/h2>\n<ul>\n<li><strong>Costruzione in vetro verde resistente:<\/strong> La funzione del vetro verde \u00e8 quella di filtrare i raggi UV che possono far perdere all&#039;olio d&#039;oliva la sua qualit\u00e0 originale, cos\u00ec il prodotto rimarr\u00e0 fresco pi\u00f9 a lungo e sar\u00e0 compatibile con una buona area di conservazione ed esposizione.<\/li>\n<li><strong>Design quadrato:<\/strong> Grazie alla loro forma rettangolare, le bottiglie si adattano perfettamente e in modo ordinato agli altri utensili da cucina e sono estremamente salvaspazio, poich\u00e9 possono essere impilate una sull&#039;altra quando sono vuote. Niente pi\u00f9 sprechi di spazio sul piano di lavoro o in dispensa!<\/li>\n<li><strong>Vari stili di berretto:<\/strong> La disponibilit\u00e0 dei tappi in nero, oro, verde e altri colori soddisfa i diversi gusti stilistici e le preferenze delle persone e allo stesso tempo garantisce la sicurezza della chiusura.<\/li>\n<\/ul>\n<h2>Specifiche chiave<\/h2>\n<table style=\"border-collapse: collapse; margin-left: auto; margin-right: auto; width: 477.77pt;\" border=\"0\" width=\"637\" cellspacing=\"0\" cellpadding=\"0\">\n<tbody>\n<tr style=\"height: 13.50pt;\">\n<td style=\"height: 13.50pt; width: 99.75pt;\" width=\"133\" height=\"18\">Caratteristica<\/td>\n<td style=\"width: 378.00pt;\" width=\"504\">Specifica<\/td>\n<\/tr>\n<tr style=\"height: 13.50pt;\">\n<td style=\"height: 13.50pt;\" height=\"18\">Dimensioni<\/td>\n<td>5,8\u00d75,8\u00d726,4 cm, 6,5\u00d76,5\u00d730,2 cm, 7,4\u00d77,4\u00d730,0 cm<\/td>\n<\/tr>\n<tr style=\"height: 13.50pt;\">\n<td style=\"height: 13.50pt;\" height=\"18\">Misura del collo<\/td>\n<td>Filettatura 19\u00d730mm<\/td>\n<\/tr>\n<tr style=\"height: 13.50pt;\">\n<td style=\"height: 13.50pt;\" height=\"18\">Materiale<\/td>\n<td>Corpo in vetro verde, coperchio in metallo<\/td>\n<\/tr>\n<tr style=\"height: 13.50pt;\">\n<td style=\"height: 13.50pt;\" height=\"18\">Forma<\/td>\n<td>Bottiglia di vetro quadrata<\/td>\n<\/tr>\n<tr style=\"height: 13.50pt;\">\n<td style=\"height: 13.50pt;\" height=\"18\">Opzioni del coperchio<\/td>\n<td>Nero, oro, verde (plastica o metallo)<\/td>\n<\/tr>\n<tr style=\"height: 13.50pt;\">\n<td style=\"height: 13.50pt;\" height=\"18\">Ideale per<\/td>\n<td>Olio d&#039;oliva, aceto, oli da cucina, condimenti<\/td>\n<\/tr>\n<tr style=\"height: 13.50pt;\">\n<td style=\"height: 13.50pt;\" height=\"18\">Uso ideale<\/td>\n<td>Bottiglia di olio verde, bottiglie di aceto, bottiglie di olio da cucina<\/td>\n<\/tr>\n<\/tbody>\n<\/table>\n<h2>Impatto pratico<\/h2>\n<p>Un produttore di olio d&#039;oliva di lusso della Napa Valley si trovava di fronte a un dilemma. Le bottiglie di vetro trasparente che gi\u00e0 utilizzava non contribuivano alla qualit\u00e0 del suo olio d&#039;oliva e i clienti stavano diventando sempre pi\u00f9 attenti all&#039;aspetto visivo del packaging. Hanno optato per la nostra nuova serie di bottiglie di vetro verdi per olio: una bottiglia quadrata da 750 ml con tappo a vite dorato. Abbiamo ricevuto un riscontro molto positivo per il loro ordine iniziale di 1.000 unit\u00e0. Le vendite di olio d&#039;oliva nei negozi specializzati sono aumentate del 38%: l&#039;estetica delle bottiglie di vetro verde ha fatto innamorare i consumatori, rassicurandoli anche sulla loro freschezza. Il tappo ermetico ha impedito che l&#039;olio venisse contaminato dopo l&#039;apertura, aumentando cos\u00ec l&#039;efficienza di conservazione del 25%. Cinque mesi dopo, i clienti avevano effettuato un altro ordine di acquisto di 250.000 bottiglie, che avrebbero ricevuto in consegna.<\/p>\n<h2>Creazioni personalizzate di bottiglie di olio d&#039;oliva in vetro<\/h2>\n<ul>\n<li><strong>Graduazioni satinate:<\/strong> Per consentire ai consumatori di ridurre facilmente l&#039;uso di olio in cucina o nei dolci, \u00e8 possibile incidere sul vetro linee chiare e precise (ad esempio 100 ml, 250 ml, 500 ml).<\/li>\n<li><strong>Logo o design inciso al laser:<\/strong> Lascia che il tuo marchio venga stampato sul vetro per rafforzare l&#039;identit\u00e0 del tuo brand. \u00c8 anche resistente, elegante e lavabile in lavastoviglie.<\/li>\n<li><strong>Verde scuro:<\/strong> Applica una tonalit\u00e0 di verde pi\u00f9 intensa o pi\u00f9 scura al tuo packaging in vetro, che non solo conferir\u00e0 un aspetto pi\u00f9 accattivante, ma aumenter\u00e0 anche il livello di protezione UV.<\/li>\n<li><strong>Marcature del volume in rilievo:<\/strong> Il vetro della bottiglia riporta il volume &#034;750 ml&#034; o &#034;1 L&#034;. Ci\u00f2 contribuisce alla lucentezza della bottiglia e facilita l&#039;imbottigliamento.<\/li>\n<\/ul>\n<p>&nbsp;<\/p>","protected":false},"excerpt":{"rendered":"<p>Bottiglie di olio d&#039;oliva in vetro verde con design rettangolare, disponibili in tre misure. Perfette per olio d&#039;oliva o olio da cucina. Idee per acquisti all&#039;ingrosso. Campioni gratuiti.<\/p>","protected":false},"featured_media":1329,"template":"","meta":{"postBodyCss":"","postBodyMargin":[],"postBodyPadding":[],"postBodyBackground":{"backgroundType":"classic","gradient":""}},"product_brand":[],"product_cat":[15,16,18],"product_tag":[],"class_list":{"0":"post-1325","1":"product","2":"type-product","3":"status-publish","4":"has-post-thumbnail","6":"product_cat-glass-containers","7":"product_cat-glass-bottles","8":"product_cat-glass-oil-bottles","10":"first","11":"instock","12":"shipping-taxable","13":"product-type-simple"},"jetpack_sharing_enabled":true,"_links":{"self":[{"href":"https:\/\/minghanggroup.com\/it\/wp-json\/wp\/v2\/product\/1325","targetHints":{"allow":["GET"]}}],"collection":[{"href":"https:\/\/minghanggroup.com\/it\/wp-json\/wp\/v2\/product"}],"about":[{"href":"https:\/\/minghanggroup.com\/it\/wp-json\/wp\/v2\/types\/product"}],"wp:featuredmedia":[{"embeddable":true,"href":"https:\/\/minghanggroup.com\/it\/wp-json\/wp\/v2\/media\/1329"}],"wp:attachment":[{"href":"https:\/\/minghanggroup.com\/it\/wp-json\/wp\/v2\/media?parent=1325"}],"wp:term":[{"taxonomy":"product_brand","embeddable":true,"href":"https:\/\/minghanggroup.com\/it\/wp-json\/wp\/v2\/product_brand?post=1325"},{"taxonomy":"product_cat","embeddable":true,"href":"https:\/\/minghanggroup.com\/it\/wp-json\/wp\/v2\/product_cat?post=1325"},{"taxonomy":"product_tag","embeddable":true,"href":"https:\/\/minghanggroup.com\/it\/wp-json\/wp\/v2\/product_tag?post=1325"}],"curies":[{"name":"wp","href":"https:\/\/api.w.org\/{rel}","templated":true}]}}