{"id":1307,"date":"2025-10-13T03:46:41","date_gmt":"2025-10-13T03:46:41","guid":{"rendered":"https:\/\/minghanggroup.com\/?post_type=product&#038;p=1307"},"modified":"2026-03-02T13:53:01","modified_gmt":"2026-03-02T05:53:01","slug":"embossed-glass-mason-jars-for-jam","status":"publish","type":"product","link":"https:\/\/minghanggroup.com\/it\/prodotto\/embossed-glass-mason-jars-for-jam\/","title":{"rendered":"Barattoli di vetro goffrati Mason \u2013 Contenitori personalizzati da 120-620 ml per caviale, marmellata, sottaceti"},"content":{"rendered":"<p>Il tuo caviale merita questa lucentezza. Realizziamo barattoli di vetro con incisioni a diamante che trasformano la semplice conservazione in un lusso. Questi contenitori in vetro presentano una finitura tattile, una tenuta stagna superiore e una visibilit\u00e0 cristallina: perfetti per i marchi alimentari di fascia alta. Smetti di nascondere i tuoi prodotti migliori in barattoli noiosi.<\/p>\n<h2>Caratteristiche del prodotto<\/h2>\n<ol>\n<li><strong>Motivo a rombi tattile:<\/strong>Le dita non scivoleranno sul vetro testurizzato, e in pi\u00f9 il tuo prodotto apparir\u00e0 subito di qualit\u00e0 superiore.<\/li>\n<li><strong>Protezione in vetro spesso:<\/strong>Il vetro spesso mantiene il caviale fresco pi\u00f9 a lungo: niente pi\u00f9 tristi e stantie uova di pesce conservate in contenitori fragili.<\/li>\n<li><strong>Sigilla come un professionista:<\/strong>Il design standard del barattolo di vetro si adatta perfettamente ai coperchi dei barattoli con apertura standard. Avvita, conserva, dimentica le perdite.<\/li>\n<li><strong>Il tuo marchio, all&#039;istante:<\/strong>Ottieni barattoli di vetro personalizzati con il tuo logo. Ci occupiamo della fornitura, della produzione in fabbrica e della consegna rapida.<\/li>\n<\/ol>\n<h2>Specifiche chiave<\/h2>\n<table style=\"border-collapse: collapse; width: 80%; margin-left: auto; margin-right: auto;\" border=\"0\" width=\"288\" cellspacing=\"0\" cellpadding=\"0\">\n<tbody>\n<tr style=\"height: 13.50pt;\">\n<td style=\"height: 13.5pt; width: 54pt; text-align: center;\" width=\"72\" height=\"18\">Modello<\/td>\n<td style=\"width: 54pt; text-align: center;\" width=\"72\">Capacit\u00e0 (ml)<\/td>\n<td style=\"width: 54pt; text-align: center;\" width=\"72\">Dimensioni (cm)<\/td>\n<td style=\"width: 54pt; text-align: center;\" width=\"72\">Progetto<\/td>\n<\/tr>\n<tr style=\"height: 13.50pt;\">\n<td style=\"height: 13.5pt; text-align: center;\" align=\"right\" height=\"18\">63012026<\/td>\n<td style=\"text-align: center;\" align=\"right\">120<\/td>\n<td style=\"text-align: center;\">6.4&#215;5.5&#215;6.9<\/td>\n<td class=\"et2\" style=\"text-align: center;\" rowspan=\"7\">Motivo a diamante<\/td>\n<\/tr>\n<tr style=\"height: 13.50pt;\">\n<td style=\"height: 13.5pt; text-align: center;\" align=\"right\" height=\"18\">63020027<\/td>\n<td style=\"text-align: center;\" align=\"right\">200<\/td>\n<td style=\"text-align: center;\">6.5&#215;8.7&#215;6.9<\/td>\n<\/tr>\n<tr style=\"height: 13.50pt;\">\n<td style=\"height: 13.5pt; text-align: center;\" align=\"right\" height=\"18\">63027028<\/td>\n<td style=\"text-align: center;\" align=\"right\">270<\/td>\n<td style=\"text-align: center;\">7.5&#215;8.4&#215;8.5<\/td>\n<\/tr>\n<tr style=\"height: 13.50pt;\">\n<td style=\"height: 13.5pt; text-align: center;\" align=\"right\" height=\"18\">63050029<\/td>\n<td style=\"text-align: center;\" align=\"right\">430<\/td>\n<td style=\"text-align: center;\">7.3&#215;11.7&#215;8.5<\/td>\n<\/tr>\n<tr style=\"height: 13.50pt;\">\n<td style=\"height: 13.5pt; text-align: center;\" align=\"right\" height=\"18\">63025030<\/td>\n<td style=\"text-align: center;\" align=\"right\">250<\/td>\n<td style=\"text-align: center;\">6.3&#215;10.5&#215;6.9<\/td>\n<\/tr>\n<tr style=\"height: 13.50pt;\">\n<td style=\"height: 13.5pt; text-align: center;\" align=\"right\" height=\"18\">63035031<\/td>\n<td style=\"text-align: center;\" align=\"right\">350<\/td>\n<td style=\"text-align: center;\">6.6&#215;13.3&#215;6.9<\/td>\n<\/tr>\n<tr style=\"height: 13.50pt;\">\n<td style=\"height: 13.5pt; text-align: center;\" align=\"right\" height=\"18\">63062032<\/td>\n<td style=\"text-align: center;\" align=\"right\">620<\/td>\n<td style=\"text-align: center;\">7.7&#215;16.2&#215;8.5<\/td>\n<\/tr>\n<\/tbody>\n<\/table>\n<h2>Caso di successo<\/h2>\n<p>Un marchio alimentare statunitense ci ha contattato per la sua nuova linea di caviale, realizzando un barattolo di vetro personalizzato con finitura diamante-arachide. Per completare il look, abbiamo aggiunto un tappo placcato oro rosa e un logo personalizzato sul fondo, perfettamente in linea con lo stile moderno ed elegante del marchio.<\/p>\n<p>Questo design personalizzato non solo ha aumentato l&#039;attrattiva del prodotto sugli scaffali, ma ha anche rafforzato l&#039;immagine premium del marchio. Dopo il lancio, i vasetti hanno immediatamente attirato l&#039;attenzione dei clienti del negozio e del sito web. In soli tre mesi, le vendite sono aumentate del 45%, rendendo la linea in vetro diamantato la sua linea di prodotti pi\u00f9 venduta.<\/p>\n<h2>I tuoi suggerimenti per la personalizzazione<\/h2>\n<p>Il tuo caviale merita questa brillantezza. Realizziamo barattoli di vetro personalizzati con il tuo logo e motivi a rombi. Hai bisogno di barattoli campione da 120 ml per kit di degustazione? Desideri un barattolo di vetro con i colori del tuo marchio? Descrivilo e noi lo creeremo. Consegna rapida. Rendi indimenticabile il tuo prossimo progetto.<\/p>\n<p>&nbsp;<\/p>","protected":false},"excerpt":{"rendered":"<p>Barattoli in vetro di alta qualit\u00e0 con incisione a diamante. Diversi modelli per caviale, salse e sottaceti. Vendita all&#039;ingrosso, colori personalizzati. Acquista oggi stesso il tuo barattolo in vetro!<\/p>","protected":false},"featured_media":1308,"template":"","meta":{"postBodyCss":"","postBodyMargin":[],"postBodyPadding":[],"postBodyBackground":{"backgroundType":"classic","gradient":""}},"product_brand":[],"product_cat":[15,17,19],"product_tag":[80,95,65,69],"class_list":{"0":"post-1307","1":"product","2":"type-product","3":"status-publish","4":"has-post-thumbnail","6":"product_cat-glass-containers","7":"product_cat-glass-jars","8":"product_cat-glass-mason-jars","9":"product_tag-caviar-jars","10":"product_tag-coffee-tumblers","11":"product_tag-glass-jam-jars","12":"product_tag-storage-jars","14":"first","15":"instock","16":"shipping-taxable","17":"product-type-simple"},"jetpack_sharing_enabled":true,"_links":{"self":[{"href":"https:\/\/minghanggroup.com\/it\/wp-json\/wp\/v2\/product\/1307","targetHints":{"allow":["GET"]}}],"collection":[{"href":"https:\/\/minghanggroup.com\/it\/wp-json\/wp\/v2\/product"}],"about":[{"href":"https:\/\/minghanggroup.com\/it\/wp-json\/wp\/v2\/types\/product"}],"wp:featuredmedia":[{"embeddable":true,"href":"https:\/\/minghanggroup.com\/it\/wp-json\/wp\/v2\/media\/1308"}],"wp:attachment":[{"href":"https:\/\/minghanggroup.com\/it\/wp-json\/wp\/v2\/media?parent=1307"}],"wp:term":[{"taxonomy":"product_brand","embeddable":true,"href":"https:\/\/minghanggroup.com\/it\/wp-json\/wp\/v2\/product_brand?post=1307"},{"taxonomy":"product_cat","embeddable":true,"href":"https:\/\/minghanggroup.com\/it\/wp-json\/wp\/v2\/product_cat?post=1307"},{"taxonomy":"product_tag","embeddable":true,"href":"https:\/\/minghanggroup.com\/it\/wp-json\/wp\/v2\/product_tag?post=1307"}],"curies":[{"name":"wp","href":"https:\/\/api.w.org\/{rel}","templated":true}]}}