{"id":6399,"date":"2026-04-15T16:25:04","date_gmt":"2026-04-15T08:25:04","guid":{"rendered":"https:\/\/minghanggroup.com\/?post_type=product&#038;p=6399"},"modified":"2026-04-15T16:25:05","modified_gmt":"2026-04-15T08:25:05","slug":"tapered-gel-nail-polish-bottles-empty-wholesale","status":"publish","type":"product","link":"https:\/\/minghanggroup.com\/fr\/produit\/tapered-gel-nail-polish-bottles-empty-wholesale\/","title":{"rendered":"Flacons de vernis \u00e0 ongles gel coniques de 5 ml, 8 ml et 15 ml, vides, en gros"},"content":{"rendered":"<p>Le flacon de vernis \u00e0 ongles, une fois vide, r\u00e9v\u00e8le un design aux lignes douces et l\u00e9g\u00e8rement fusel\u00e9es, gr\u00e2ce \u00e0 sa transparence qui permet aux clientes d&#039;admirer la couleur du vernis gel. Sa base renforc\u00e9e assure une stabilit\u00e9 optimale, maintenant le flacon en position verticale aussi bien en magasin que sur le comptoir d&#039;un salon. Chaque flacon est fourni avec un bouchon \u00e0 visser (disponible en noir, blanc ou couleur personnalis\u00e9e) et un applicateur pinceau int\u00e9gr\u00e9 pour une application pr\u00e9cise et facile. La personnalisation de ces flacons offre de nombreuses possibilit\u00e9s aux grossistes et aux boutiques, car ils conviennent aussi bien aux prestations professionnelles qu&#039;\u00e0 la promotion de marques.<\/p>\n<h2>Caract\u00e9ristiques du produit<\/h2>\n<ul>\n<li><strong>Forme ergonomique profil\u00e9e :<\/strong> Le design du flacon comprend une forme incurv\u00e9e qui s&#039;affine vers le haut afin d&#039;offrir aux utilisateurs une meilleure prise en main et de leur permettre de contr\u00f4ler plus efficacement la pression du pinceau.<\/li>\n<li><strong>Structure d&#039;\u00e9tanch\u00e9it\u00e9 lisse :<\/strong> Le goulot et le filetage de la bouteille s&#039;ajustent parfaitement, cr\u00e9ant ainsi une \u00e9tanch\u00e9it\u00e9 optimale qui r\u00e9duit efficacement l&#039;\u00e9vaporation du produit.<\/li>\n<li><strong>Polyvalent pour le branding\u00a0:<\/strong> La bouteille poss\u00e8de une surface lisse et plane qui constitue une surface id\u00e9ale pour la s\u00e9rigraphie et l&#039;\u00e9tiquetage, car elle permet d&#039;afficher les logos et les informations de teinte.<\/li>\n<\/ul>\n<h2>Caract\u00e9ristiques principales<\/h2>\n<table style=\"border-collapse: collapse; width: 80%; margin-left: auto; margin-right: auto;\" border=\"0\" width=\"288\" cellspacing=\"0\" cellpadding=\"0\">\n<tbody>\n<tr style=\"height: 13.50pt;\">\n<td style=\"height: 13.5pt; width: 54pt; text-align: center;\" width=\"72\" height=\"18\">Spec (ml)<\/td>\n<td style=\"width: 54pt; text-align: center;\" align=\"right\" width=\"72\">5<\/td>\n<td style=\"width: 54pt; text-align: center;\" align=\"right\" width=\"72\">8<\/td>\n<td style=\"width: 54pt; text-align: center;\" align=\"right\" width=\"72\">15<\/td>\n<\/tr>\n<tr style=\"height: 13.50pt;\">\n<td style=\"height: 13.5pt; text-align: center;\" height=\"18\">Taille (cm)<\/td>\n<td style=\"text-align: center;\">2.1 * 5.9<\/td>\n<td style=\"text-align: center;\">2.5 * 6.3<\/td>\n<td style=\"text-align: center;\">3 * 7.3<\/td>\n<\/tr>\n<tr style=\"height: 13.50pt;\">\n<td style=\"height: 13.5pt; text-align: center;\" height=\"18\">Forme<\/td>\n<td class=\"et2\" style=\"text-align: center;\" colspan=\"3\">C\u00f4ne effil\u00e9<\/td>\n<\/tr>\n<tr style=\"height: 13.50pt;\">\n<td style=\"height: 13.5pt; text-align: center;\" height=\"18\">Inclusions<\/td>\n<td class=\"et2\" style=\"text-align: center;\" colspan=\"3\">Brosse + capuchon<\/td>\n<\/tr>\n<\/tbody>\n<\/table>\n<h2>Histoire \u00e0 succ\u00e8s<\/h2>\n<p>La marque de cosm\u00e9tiques britannique a choisi nos flacons de vernis \u00e0 ongles gel comme base pour sa nouvelle collection. Souhaitant un design en accord avec son image haut de gamme, elle a opt\u00e9 pour une finition mate douce et givr\u00e9e pour les flacons et un design noir brillant pour les bouchons. Le logo et le code couleur de la marque sont imprim\u00e9s sur tous les flacons par s\u00e9rigraphie, exploitant la surface plane de chaque flacon.<\/p>\n<p>La gamme de produits a enregistr\u00e9 une hausse des ventes de 30 % au cours de ses deux premiers mois d&#039;activit\u00e9. Face \u00e0 ces excellents r\u00e9sultats, la marque a pass\u00e9 une nouvelle commande afin d&#039;\u00e9largir sa gamme avec de nouvelles couleurs.<\/p>\n<h2>Suggestions de personnalisation<\/h2>\n<ol>\n<li><strong>Marquage du panneau avant\u00a0:<\/strong> La surface plane de la bouteille offre une zone d&#039;impression permettant la s\u00e9rigraphie de logos, de codes couleur et de noms de s\u00e9ries afin d&#039;afficher des informations essentielles qui restent visibles en point de vente.<\/li>\n<li><strong>Options de capacit\u00e9\u00a0:<\/strong> Le produit propose des tailles standard ainsi que des options de plus petite capacit\u00e9 que les fabricants utilisent comme \u00e9chantillons d&#039;essai et ensembles de produits.<\/li>\n<li><strong>Gaufrage ou codage en bas\u00a0:<\/strong> La base de la bouteille comporte des \u00e9l\u00e9ments de gaufrage et de codage par lot int\u00e9gr\u00e9s qui aident les entreprises \u00e0 tracer leurs produits et \u00e0 g\u00e9rer leurs stocks.<\/li>\n<\/ol>","protected":false},"excerpt":{"rendered":"<p>Flacons de vernis \u00e0 ongles haut de gamme, vides, en verre transparent avec bouchon pinceau. Id\u00e9aux pour les vernis \u00e0 ongles gel. Vente directe d&#039;usine, personnalisation en gros, \u00e9chantillons gratuits disponibles.<\/p>","protected":false},"featured_media":6403,"template":"","meta":{"postBodyCss":"","postBodyMargin":[],"postBodyPadding":[],"postBodyBackground":{"backgroundType":"classic","gradient":""}},"product_brand":[],"product_cat":[113,16,15],"product_tag":[],"class_list":{"0":"post-6399","1":"product","2":"type-product","3":"status-publish","4":"has-post-thumbnail","6":"product_cat-nail-polish-bottles","7":"product_cat-glass-bottles","8":"product_cat-glass-containers","10":"first","11":"instock","12":"shipping-taxable","13":"product-type-simple"},"jetpack_sharing_enabled":true,"_links":{"self":[{"href":"https:\/\/minghanggroup.com\/fr\/wp-json\/wp\/v2\/product\/6399","targetHints":{"allow":["GET"]}}],"collection":[{"href":"https:\/\/minghanggroup.com\/fr\/wp-json\/wp\/v2\/product"}],"about":[{"href":"https:\/\/minghanggroup.com\/fr\/wp-json\/wp\/v2\/types\/product"}],"wp:featuredmedia":[{"embeddable":true,"href":"https:\/\/minghanggroup.com\/fr\/wp-json\/wp\/v2\/media\/6403"}],"wp:attachment":[{"href":"https:\/\/minghanggroup.com\/fr\/wp-json\/wp\/v2\/media?parent=6399"}],"wp:term":[{"taxonomy":"product_brand","embeddable":true,"href":"https:\/\/minghanggroup.com\/fr\/wp-json\/wp\/v2\/product_brand?post=6399"},{"taxonomy":"product_cat","embeddable":true,"href":"https:\/\/minghanggroup.com\/fr\/wp-json\/wp\/v2\/product_cat?post=6399"},{"taxonomy":"product_tag","embeddable":true,"href":"https:\/\/minghanggroup.com\/fr\/wp-json\/wp\/v2\/product_tag?post=6399"}],"curies":[{"name":"wp","href":"https:\/\/api.w.org\/{rel}","templated":true}]}}