{"id":6385,"date":"2026-04-15T13:23:49","date_gmt":"2026-04-15T05:23:49","guid":{"rendered":"https:\/\/minghanggroup.com\/?post_type=product&#038;p=6385"},"modified":"2026-04-15T16:42:51","modified_gmt":"2026-04-15T08:42:51","slug":"test-tubes-borosilicate-glass-with-cork-bulk","status":"publish","type":"product","link":"https:\/\/minghanggroup.com\/fr\/produit\/test-tubes-borosilicate-glass-with-cork-bulk\/","title":{"rendered":"Tubes \u00e0 essai en verre borosilicat\u00e9 avec bouchon en li\u00e8ge, 10 \u00e0 30 ml (en vrac)"},"content":{"rendered":"<p>Les tubes \u00e0 essai en verre borosilicat\u00e9 pr\u00e9sentent une forme cylindrique et sont fabriqu\u00e9s en verre borosilicat\u00e9 ultra-clair de qualit\u00e9 alimentaire, offrant une clart\u00e9 optique et une r\u00e9sistance thermique exceptionnelles. Le bouchon en li\u00e8ge naturel assure la fermeture des tubes.<\/p>\n<h2>Caract\u00e9ristiques du produit<\/h2>\n<ul>\n<li><strong>Mat\u00e9riau en verre borosilicat\u00e9\u00a0:<\/strong> L&#039;utilisation de verre borosilicat\u00e9 \u00e0 haute teneur dans ces tubes leur permet de r\u00e9sister aux chocs thermiques et facilite leur nettoyage tout en pr\u00e9servant leur r\u00e9utilisabilit\u00e9.<\/li>\n<li><strong>Sceau en li\u00e8ge naturel :<\/strong> Le bouchon en li\u00e8ge naturel assure une excellente \u00e9tanch\u00e9it\u00e9, emp\u00eachant efficacement l&#039;humidit\u00e9 et les insectes de p\u00e9n\u00e9trer.<\/li>\n<li><strong>Plusieurs capacit\u00e9s disponibles\u00a0:<\/strong> Ces tubes, disponibles en diff\u00e9rentes longueurs et capacit\u00e9s, servent \u00e0 de multiples usages, notamment la distribution d&#039;\u00e9chantillons et le stockage de produits secs.<\/li>\n<\/ul>\n<h2 style=\"text-align: left;\">Caract\u00e9ristiques principales<\/h2>\n<table class=\"aligncenter\" style=\"border-collapse: collapse; width: 551.27pt;\" border=\"0\" width=\"735\" cellspacing=\"0\" cellpadding=\"0\">\n<tbody>\n<tr style=\"height: 13.50pt;\">\n<td style=\"height: 13.50pt; width: 120.00pt;\" width=\"160\" height=\"18\">Attribut<\/td>\n<td style=\"width: 431.25pt;\" width=\"575\">D\u00e9tails<\/td>\n<\/tr>\n<tr style=\"height: 13.50pt;\">\n<td style=\"height: 13.50pt;\" height=\"18\">Taille et capacit\u00e9<\/td>\n<td>1,5\u00d710 cm (10 ml), 1,5\u00d712 cm (13 ml), 1,5\u00d722,5 cm (28 ml), 1,6\u00d722 cm (30 ml)<\/td>\n<\/tr>\n<tr style=\"height: 13.50pt;\">\n<td style=\"height: 13.50pt;\" height=\"18\">Mat\u00e9riel<\/td>\n<td>Verre borosilicate transparent, bouchon en li\u00e8ge naturel<\/td>\n<\/tr>\n<tr style=\"height: 13.50pt;\">\n<td style=\"height: 13.50pt;\" height=\"18\">Forme tubulaire<\/td>\n<td>Cylindre \u00e0 parois droites<\/td>\n<\/tr>\n<tr style=\"height: 13.50pt;\">\n<td style=\"height: 13.50pt;\" height=\"18\">Gamme de personnalisation<\/td>\n<td>Couleur, type de li\u00e8ge, taille, gaufrage\/impression<\/td>\n<\/tr>\n<tr style=\"height: 13.50pt;\">\n<td style=\"height: 13.50pt;\" height=\"18\">Savoir-faire<\/td>\n<td>\u00e9tirage\/tubage en verre borosilicat\u00e9<\/td>\n<\/tr>\n<tr style=\"height: 13.50pt;\">\n<td style=\"height: 13.50pt;\" height=\"18\">Utilisation principale<\/td>\n<td>Tubes en verre avec bouchon en li\u00e8ge, tubes \u00e0 essai en verre<\/td>\n<\/tr>\n<tr style=\"height: 13.50pt;\">\n<td style=\"height: 13.50pt;\" height=\"18\">Secteurs cibles<\/td>\n<td>Laboratoires, fournitures scolaires, loisirs cr\u00e9atifs et bricolage<\/td>\n<\/tr>\n<\/tbody>\n<\/table>\n<h2>T\u00e9moignage de r\u00e9ussite\u00a0: Une commande personnalis\u00e9e d\u2019un grand d\u00e9taillant d\u2019articles de loisirs cr\u00e9atifs<\/h2>\n<p>Une importante cha\u00eene am\u00e9ricaine de fournitures pour les loisirs cr\u00e9atifs et l&#039;art floral a choisi nos tubes en verre avec bouchon en li\u00e8ge, dot\u00e9s d&#039;un bouchon en li\u00e8ge de couleur personnalis\u00e9e et d&#039;une finition en verre d\u00e9poli. Ce produit sur mesure a rencontr\u00e9 un succ\u00e8s fulgurant\u00a0: son design ing\u00e9nieux a entra\u00een\u00e9 une croissance de 500\u00a0% des ventes en ligne dans la cat\u00e9gorie \u00ab\u00a0Pharmacie vintage\u00a0\u00bb, et 98\u00a0% des stocks ont \u00e9t\u00e9 \u00e9coul\u00e9s en points de vente au cours du premier trimestre. Face \u00e0 un tel engouement, le fournisseur a pass\u00e9 une commande suppl\u00e9mentaire de 480\u00a0000 tubes en verre.<\/p>\n<h2>Tubes en verre avec options de personnalisation en li\u00e8ge<\/h2>\n<ul>\n<li>Types de bouchons en li\u00e8ge\u00a0: Les options disponibles comprennent le li\u00e8ge naturel, le li\u00e8ge color\u00e9, le li\u00e8ge cir\u00e9 et les bouchons synth\u00e9tiques, ainsi que des bouchons d\u00e9coratifs en option.<\/li>\n<li>S\u00e9rigraphie : Cette technologie permet l&#039;application directe de graduations, de logos et de motifs d\u00e9coratifs sur des surfaces en verre.<\/li>\n<li>Bouchons pr\u00e9d\u00e9coup\u00e9s et perfor\u00e9s\u00a0: Le produit est fourni avec des bouchons pr\u00e9-perc\u00e9s permettant d\u2019ins\u00e9rer une tige de fleur, transformant ainsi le tube en un vase indispensable.<\/li>\n<\/ul>","protected":false},"excerpt":{"rendered":"<p>Tubes \u00e0 essai en verre borosilicat\u00e9 transparent avec bouchon en li\u00e8ge. Id\u00e9aux pour les \u00e9chantillons, les \u00e9pices et les cadeaux. \u00c9chantillons gratuits disponibles aujourd&#039;hui.<\/p>","protected":false},"featured_media":6390,"template":"","meta":{"postBodyCss":"","postBodyMargin":[],"postBodyPadding":[],"postBodyBackground":{"backgroundType":"classic","gradient":""}},"product_brand":[],"product_cat":[117,15,16],"product_tag":[],"class_list":{"0":"post-6385","1":"product","2":"type-product","3":"status-publish","4":"has-post-thumbnail","6":"product_cat-glass-tubes","7":"product_cat-glass-containers","8":"product_cat-glass-bottles","10":"first","11":"instock","12":"shipping-taxable","13":"product-type-simple"},"jetpack_sharing_enabled":true,"_links":{"self":[{"href":"https:\/\/minghanggroup.com\/fr\/wp-json\/wp\/v2\/product\/6385","targetHints":{"allow":["GET"]}}],"collection":[{"href":"https:\/\/minghanggroup.com\/fr\/wp-json\/wp\/v2\/product"}],"about":[{"href":"https:\/\/minghanggroup.com\/fr\/wp-json\/wp\/v2\/types\/product"}],"wp:featuredmedia":[{"embeddable":true,"href":"https:\/\/minghanggroup.com\/fr\/wp-json\/wp\/v2\/media\/6390"}],"wp:attachment":[{"href":"https:\/\/minghanggroup.com\/fr\/wp-json\/wp\/v2\/media?parent=6385"}],"wp:term":[{"taxonomy":"product_brand","embeddable":true,"href":"https:\/\/minghanggroup.com\/fr\/wp-json\/wp\/v2\/product_brand?post=6385"},{"taxonomy":"product_cat","embeddable":true,"href":"https:\/\/minghanggroup.com\/fr\/wp-json\/wp\/v2\/product_cat?post=6385"},{"taxonomy":"product_tag","embeddable":true,"href":"https:\/\/minghanggroup.com\/fr\/wp-json\/wp\/v2\/product_tag?post=6385"}],"curies":[{"name":"wp","href":"https:\/\/api.w.org\/{rel}","templated":true}]}}