{"id":6384,"date":"2026-04-15T14:09:23","date_gmt":"2026-04-15T06:09:23","guid":{"rendered":"https:\/\/minghanggroup.com\/?post_type=product&#038;p=6384"},"modified":"2026-04-15T14:09:25","modified_gmt":"2026-04-15T06:09:25","slug":"apple-shaped-empty-nail-polish-bottles-bulk","status":"publish","type":"product","link":"https:\/\/minghanggroup.com\/fr\/produit\/apple-shaped-empty-nail-polish-bottles-bulk\/","title":{"rendered":"Flacons de vernis \u00e0 ongles vides en forme de pomme, 5 ml et 10 ml, en gros"},"content":{"rendered":"<p>Les flacons de vernis \u00e0 ongles vides en verre arborent un design moderne en forme de pomme, une forme famili\u00e8re \u00e0 tous. Leur transparence met en valeur les couleurs de votre vernis, cr\u00e9ant un effet visuel attrayant. Chaque flacon est muni d&#039;un bouchon \u00e0 vis \u00e9tanche, disponible en noir ou en blanc, et d&#039;un applicateur pinceau int\u00e9gr\u00e9 pour une application pr\u00e9cise et facile. Nous proposons deux formats (5 ml et 10 ml) afin de r\u00e9pondre \u00e0 vos diff\u00e9rents besoins, que ce soit pour la vente au d\u00e9tail ou en gros. Ce produit offre des options de personnalisation compl\u00e8tes, vous permettant de cr\u00e9er une identit\u00e9 visuelle unique et de propulser votre entreprise vers le succ\u00e8s.<\/p>\n<h2>Caract\u00e9ristiques du produit<\/h2>\n<ul>\n<li><strong>Forme sculpt\u00e9e unique :<\/strong> La bouteille pr\u00e9sente une forme originale qui, gr\u00e2ce \u00e0 l&#039;association de ses courbes vari\u00e9es, lui conf\u00e8re une allure unique. Ce design assure une visibilit\u00e9 maximale \u00e0 votre emballage en cr\u00e9ant un impact visuel distinctif.<\/li>\n<li><strong>Base stable et \u00e9paisse :<\/strong> Gr\u00e2ce \u00e0 sa base \u00e9paisse, la bouteille offre une stabilit\u00e9 exceptionnelle et tient parfaitement en \u00e9quilibre sans support. Ce produit est id\u00e9al pour un usage quotidien et la pr\u00e9sentation de produits en magasin.<\/li>\n<li><strong>Capacit\u00e9 compacte :<\/strong> Le flacon utilise une capacit\u00e9 de liquide minimale car il s&#039;agit d&#039;un format d&#039;essai, id\u00e9al pour les voyages et contenant des produits de couleurs vari\u00e9es.<\/li>\n<\/ul>\n<h2>Caract\u00e9ristiques principales<\/h2>\n<table style=\"border-collapse: collapse; width: 80%; margin-left: auto; margin-right: auto;\" border=\"0\" width=\"216\" cellspacing=\"0\" cellpadding=\"0\">\n<tbody>\n<tr style=\"height: 13.50pt;\">\n<td style=\"height: 13.5pt; width: 54pt; text-align: center;\" width=\"72\" height=\"18\">Spec(ml)<\/td>\n<td style=\"width: 54pt; text-align: center;\" width=\"72\">5<\/td>\n<td style=\"width: 54pt; text-align: center;\" width=\"72\">10<\/td>\n<\/tr>\n<tr style=\"height: 13.50pt;\">\n<td style=\"height: 13.5pt; text-align: center;\" height=\"18\">Taille (cm)<\/td>\n<td style=\"text-align: center;\">3 x 6<\/td>\n<td style=\"text-align: center;\">3,9 x 6,4<\/td>\n<\/tr>\n<tr style=\"height: 13.50pt;\">\n<td style=\"height: 13.5pt; text-align: center;\" height=\"18\">Forme<\/td>\n<td class=\"et2\" style=\"text-align: center;\" colspan=\"2\">En forme de pomme<\/td>\n<\/tr>\n<tr style=\"height: 13.50pt;\">\n<td style=\"height: 13.5pt; text-align: center;\" height=\"18\">Fermeture<\/td>\n<td class=\"et2\" style=\"text-align: center;\" colspan=\"2\">Bouchon \u00e0 vis (noir \/ blanc \/ personnalis\u00e9)<\/td>\n<\/tr>\n<tr style=\"height: 13.50pt;\">\n<td style=\"height: 13.5pt; text-align: center;\" height=\"18\">Inclusions<\/td>\n<td class=\"et2\" style=\"text-align: center;\" colspan=\"2\">Brosse + capuchon<\/td>\n<\/tr>\n<\/tbody>\n<\/table>\n<h2>Histoire \u00e0 succ\u00e8s<\/h2>\n<p>Une marque fran\u00e7aise de cosm\u00e9tiques de luxe a command\u00e9 une grande quantit\u00e9 de flacons de vernis \u00e0 ongles. La marque a cr\u00e9\u00e9 un flacon sur mesure, principalement en verre teint\u00e9, avec un bouchon blanc brillant et un applicateur pinceau pour une application pr\u00e9cise et facile. Le bouchon de chaque teinte pr\u00e9sente de petits d\u00e9tails color\u00e9s permettant de les identifier et de les distinguer.<\/p>\n<p>Le produit a enregistr\u00e9 une premi\u00e8re hausse des ventes de 40 % en seulement trois mois gr\u00e2ce au design unique de son flacon, qui a s\u00e9duit les consommateurs. Face \u00e0 cet engouement, la marque a imm\u00e9diatement command\u00e9 de nouveaux produits et lanc\u00e9 de nouvelles teintes en \u00e9dition limit\u00e9e pour sa collection saisonni\u00e8re.<\/p>\n<h2>Suggestions de personnalisation<\/h2>\n<ol>\n<li><strong>Options de couleur du verre\u00a0:<\/strong> Le produit propose trois options de finition en verre, notamment du verre transparent, du verre d\u00e9poli semi-transparent et des finitions l\u00e9g\u00e8rement teint\u00e9es par pulv\u00e9risation, incluant le rose nude, le gris fum\u00e9 et le violet p\u00e2le.<\/li>\n<li><strong>S\u00e9lection du style de casquette\u00a0:<\/strong> Les capuchons noirs et blancs de base servent de point de d\u00e9part aux utilisateurs qui souhaitent cr\u00e9er des designs personnalis\u00e9s gr\u00e2ce \u00e0 la galvanoplastie, aux finitions d\u00e9grad\u00e9es et \u00e0 une peinture mate douce au toucher, ce qui am\u00e9liorera leur aspect visuel global.<\/li>\n<li><strong>D\u00e9coration de surface :<\/strong> Le profil incurv\u00e9 de la bouteille permet l&#039;impression s\u00e9rigraphique de logos basiques et des applications de marquage \u00e0 chaud s\u00e9lectives, tandis que l&#039;\u00e9tiquetage avec vernis UV s\u00e9lectif peut \u00eatre utilis\u00e9 pour mettre en valeur des aspects particuliers de la marque.<\/li>\n<\/ol>","protected":false},"excerpt":{"rendered":"<p>Sublimez votre marque avec ces flacons de vernis \u00e0 ongles vides iconiques en forme de pomme. Personnalisez logos, bouchons et \u00e9tiquettes. Id\u00e9al pour les commandes en gros. Commandez des \u00e9chantillons d\u00e8s maintenant\u00a0!<\/p>","protected":false},"featured_media":6398,"template":"","meta":{"postBodyCss":"","postBodyMargin":[],"postBodyPadding":[],"postBodyBackground":{"backgroundType":"classic","gradient":""}},"product_brand":[],"product_cat":[113,15,16],"product_tag":[],"class_list":{"0":"post-6384","1":"product","2":"type-product","3":"status-publish","4":"has-post-thumbnail","6":"product_cat-nail-polish-bottles","7":"product_cat-glass-containers","8":"product_cat-glass-bottles","10":"first","11":"instock","12":"shipping-taxable","13":"product-type-simple"},"jetpack_sharing_enabled":true,"_links":{"self":[{"href":"https:\/\/minghanggroup.com\/fr\/wp-json\/wp\/v2\/product\/6384","targetHints":{"allow":["GET"]}}],"collection":[{"href":"https:\/\/minghanggroup.com\/fr\/wp-json\/wp\/v2\/product"}],"about":[{"href":"https:\/\/minghanggroup.com\/fr\/wp-json\/wp\/v2\/types\/product"}],"wp:featuredmedia":[{"embeddable":true,"href":"https:\/\/minghanggroup.com\/fr\/wp-json\/wp\/v2\/media\/6398"}],"wp:attachment":[{"href":"https:\/\/minghanggroup.com\/fr\/wp-json\/wp\/v2\/media?parent=6384"}],"wp:term":[{"taxonomy":"product_brand","embeddable":true,"href":"https:\/\/minghanggroup.com\/fr\/wp-json\/wp\/v2\/product_brand?post=6384"},{"taxonomy":"product_cat","embeddable":true,"href":"https:\/\/minghanggroup.com\/fr\/wp-json\/wp\/v2\/product_cat?post=6384"},{"taxonomy":"product_tag","embeddable":true,"href":"https:\/\/minghanggroup.com\/fr\/wp-json\/wp\/v2\/product_tag?post=6384"}],"curies":[{"name":"wp","href":"https:\/\/api.w.org\/{rel}","templated":true}]}}