{"id":6334,"date":"2026-04-14T15:13:03","date_gmt":"2026-04-14T07:13:03","guid":{"rendered":"https:\/\/minghanggroup.com\/?post_type=product&#038;p=6334"},"modified":"2026-04-14T15:13:05","modified_gmt":"2026-04-14T07:13:05","slug":"glass-mini-nail-polish-bottles-for-brands-bulk","status":"publish","type":"product","link":"https:\/\/minghanggroup.com\/fr\/produit\/glass-mini-nail-polish-bottles-for-brands-bulk\/","title":{"rendered":"Flacons de vernis \u00e0 ongles miniatures en verre de 5 ml, 10 ml et 15 ml pour marques (vente en gros)"},"content":{"rendered":"<p>Les mini-flacons de vernis \u00e0 ongles arborent un design classique et \u00e9l\u00e9gant, tout en offrant des avantages pratiques. Fabriqu\u00e9s en verre r\u00e9sistant et durable, ils sont dot\u00e9s de parois \u00e9paisses qui prot\u00e8gent efficacement leur contenu. Chaque flacon est fourni avec un bouchon \u00e0 vis (disponible en noir ou blanc) et un pinceau applicateur int\u00e9gr\u00e9, permettant une application pr\u00e9cise et facile. Nous proposons trois contenances diff\u00e9rentes (5 ml, 10 ml et 15 ml) pour r\u00e9pondre \u00e0 tous vos besoins d&#039;emballage. Ce contenant polyvalent est id\u00e9al pour les vernis \u00e0 ongles, les gels et les laques, et convient aussi bien aux marques qu&#039;aux grossistes.<\/p>\n<h2>Caract\u00e9ristiques du produit<\/h2>\n<ul>\n<li><strong>Design rond et compact :<\/strong> Sa conception comprend un petit corps cylindrique qui n\u00e9cessite peu d&#039;espace pour le stockage et le transport, ce qui le rend adapt\u00e9 aux voyages ou aux emballages de format d&#039;essai.<\/li>\n<li><strong>Applicateur \u00e0 pinceau int\u00e9gr\u00e9\u00a0:<\/strong> L&#039;embout pinceau fourni avec le produit permet une application uniforme et un dosage pr\u00e9cis de la couleur, pour un r\u00e9sultat global optimal.<\/li>\n<li><strong>Bouchon \u00e0 vis \u00e9tanche :<\/strong> Le bouchon \u00e0 vis assure une \u00e9tanch\u00e9it\u00e9 parfaite, emp\u00eachant l&#039;\u00e9vaporation et les fuites et pr\u00e9servant ainsi la qualit\u00e9 du produit.<\/li>\n<\/ul>\n<h2>Caract\u00e9ristiques principales<\/h2>\n<table style=\"border-collapse: collapse; width: 80%; margin-left: auto; margin-right: auto;\" border=\"0\" width=\"288\" cellspacing=\"0\" cellpadding=\"0\">\n<tbody>\n<tr style=\"height: 13.50pt;\">\n<td style=\"height: 13.5pt; width: 54pt; text-align: center;\" width=\"72\" height=\"18\">Capacit\u00e9 (ml)<\/td>\n<td style=\"width: 54pt; text-align: center;\" width=\"72\">5<\/td>\n<td style=\"width: 54pt; text-align: center;\" width=\"72\">10<\/td>\n<td style=\"width: 54pt; text-align: center;\" width=\"72\">15<\/td>\n<\/tr>\n<tr style=\"height: 13.50pt;\">\n<td style=\"height: 13.5pt; text-align: center;\" height=\"18\">Dimensions (cm)<\/td>\n<td style=\"text-align: center;\">2,3 x 5,5<\/td>\n<td style=\"text-align: center;\">2,8 x 6,8<\/td>\n<td style=\"text-align: center;\">3,3 x 7,8<\/td>\n<\/tr>\n<tr style=\"height: 13.50pt;\">\n<td style=\"height: 13.5pt; text-align: center;\" height=\"18\">Forme<\/td>\n<td class=\"et2\" style=\"text-align: center;\" colspan=\"3\">Rond<\/td>\n<\/tr>\n<tr style=\"height: 13.50pt;\">\n<td style=\"height: 13.5pt; text-align: center;\" height=\"18\">Fermeture<\/td>\n<td class=\"et2\" style=\"text-align: center;\" colspan=\"3\">Bouchon \u00e0 vis<\/td>\n<\/tr>\n<tr style=\"height: 13.50pt;\">\n<td style=\"height: 13.5pt; text-align: center;\" height=\"18\">Inclusions<\/td>\n<td class=\"et2\" style=\"text-align: center;\" colspan=\"3\">Brosse + capuchon<\/td>\n<\/tr>\n<\/tbody>\n<\/table>\n<h2>Histoire \u00e0 succ\u00e8s<\/h2>\n<p>La marque de cosm\u00e9tiques italienne a achet\u00e9 nos flacons de vernis \u00e0 ongles de 15 ml via la distribution en gros pour le lancement prochain de sa collection saisonni\u00e8re en \u00e9dition limit\u00e9e, qui constituera sa premi\u00e8re nouvelle gamme de produits. Le client a opt\u00e9 pour la s\u00e9rigraphie afin d&#039;apposer son logo sur chaque flacon et des \u00e9tiquettes de couleur permettant aux consommatrices d&#039;identifier les diff\u00e9rentes teintes en un coup d&#039;\u0153il.<\/p>\n<p>La nouvelle collection a enregistr\u00e9 une hausse de 35 % de ses ventes au cours du premier trimestre suivant son lancement. Le client a pass\u00e9 plusieurs commandes group\u00e9es compl\u00e9mentaires, comprenant diverses gammes de couleurs, afin d&#039;enrichir son catalogue de produits.<\/p>\n<h2>Suggestions de personnalisation<\/h2>\n<ol>\n<li><strong>Personnalisation de la finition du capuchon\u00a0:<\/strong> Les clients peuvent choisir entre des bouchons noirs et blancs, disponibles avec trois options de finition diff\u00e9rentes : brillant, mat, rev\u00eatement UV et effets caoutchout\u00e9s, qui am\u00e9liorent les caract\u00e9ristiques tactiles tout en s&#039;harmonisant avec le design de leur marque.<\/li>\n<li><strong>Options de d\u00e9coration du logo\u00a0:<\/strong> Le syst\u00e8me prend en charge plusieurs m\u00e9thodes de d\u00e9coration, notamment la s\u00e9rigraphie et le marquage \u00e0 chaud or ou argent, ainsi que l&#039;\u00e9tiquetage pour afficher les logos de la marque et les diff\u00e9rentes couleurs du produit.<\/li>\n<li><strong>Personnalisation de la couleur de la bouteille\u00a0:<\/strong> Le produit propose du verre transparent comme option de base, tandis que les clients peuvent choisir parmi des finitions personnalis\u00e9es comprenant \u00e0 la fois une peinture mate translucide et une peinture en a\u00e9rosol \u00e0 d\u00e9grad\u00e9, ainsi que des options de rev\u00eatement de couleur unie incluant diverses nuances de rose et de nude.<\/li>\n<\/ol>","protected":false},"excerpt":{"rendered":"<p>Cr\u00e9ez votre marque de vernis \u00e0 ongles avec nos mini-flacons. Choisissez parmi des flacons de 5 ml, 10 ml ou 15 ml, personnalisables et disponibles directement de l&#039;usine. Demandez un \u00e9chantillon d\u00e8s aujourd&#039;hui\u00a0!<\/p>","protected":false},"featured_media":6377,"template":"","meta":{"postBodyCss":"","postBodyMargin":[],"postBodyPadding":[],"postBodyBackground":{"backgroundType":"classic","gradient":""}},"product_brand":[],"product_cat":[113,16,15],"product_tag":[],"class_list":{"0":"post-6334","1":"product","2":"type-product","3":"status-publish","4":"has-post-thumbnail","6":"product_cat-nail-polish-bottles","7":"product_cat-glass-bottles","8":"product_cat-glass-containers","10":"first","11":"instock","12":"shipping-taxable","13":"product-type-simple"},"jetpack_sharing_enabled":true,"_links":{"self":[{"href":"https:\/\/minghanggroup.com\/fr\/wp-json\/wp\/v2\/product\/6334","targetHints":{"allow":["GET"]}}],"collection":[{"href":"https:\/\/minghanggroup.com\/fr\/wp-json\/wp\/v2\/product"}],"about":[{"href":"https:\/\/minghanggroup.com\/fr\/wp-json\/wp\/v2\/types\/product"}],"wp:featuredmedia":[{"embeddable":true,"href":"https:\/\/minghanggroup.com\/fr\/wp-json\/wp\/v2\/media\/6377"}],"wp:attachment":[{"href":"https:\/\/minghanggroup.com\/fr\/wp-json\/wp\/v2\/media?parent=6334"}],"wp:term":[{"taxonomy":"product_brand","embeddable":true,"href":"https:\/\/minghanggroup.com\/fr\/wp-json\/wp\/v2\/product_brand?post=6334"},{"taxonomy":"product_cat","embeddable":true,"href":"https:\/\/minghanggroup.com\/fr\/wp-json\/wp\/v2\/product_cat?post=6334"},{"taxonomy":"product_tag","embeddable":true,"href":"https:\/\/minghanggroup.com\/fr\/wp-json\/wp\/v2\/product_tag?post=6334"}],"curies":[{"name":"wp","href":"https:\/\/api.w.org\/{rel}","templated":true}]}}