{"id":6324,"date":"2026-04-14T13:26:04","date_gmt":"2026-04-14T05:26:04","guid":{"rendered":"https:\/\/minghanggroup.com\/?post_type=product&#038;p=6324"},"modified":"2026-04-14T13:26:06","modified_gmt":"2026-04-14T05:26:06","slug":"clear-glass-square-nail-polish-bottles-bulk","status":"publish","type":"product","link":"https:\/\/minghanggroup.com\/fr\/produit\/clear-glass-square-nail-polish-bottles-bulk\/","title":{"rendered":"Flacons de vernis \u00e0 ongles carr\u00e9s en verre transparent de 5 ml, 10 ml et 15 ml (vente en gros)"},"content":{"rendered":"<p>Nos flacons de vernis \u00e0 ongles carr\u00e9s en verre transparent arborent un design moderne qui sublime tous vos produits. Vides, ces flacons pr\u00e9sentent un design \u00e9pur\u00e9, alliant lignes droites et bords arrondis pour une stabilit\u00e9 et une esth\u00e9tique irr\u00e9prochables. La qualit\u00e9 du verre permet \u00e0 vos vernis de r\u00e9v\u00e9ler toute leur intensit\u00e9. Leur base \u00e9paisse assure la solidit\u00e9 du flacon, tandis que le bouchon \u00e0 vis prot\u00e8ge votre formule de toute contamination. Disponibles en trois contenances (5 ml, 10 ml et 15 ml), ils vous permettent de choisir le format id\u00e9al pour votre gamme. Chaque flacon est fourni avec un pinceau \u00e0 long manche, facilitant l&#039;application et vous permettant d&#039;obtenir des r\u00e9sultats optimaux.<\/p>\n<h2>Caract\u00e9ristiques du produit<\/h2>\n<ul>\n<li><strong>G\u00e9om\u00e9trie \u00e9l\u00e9gante :<\/strong> Sa forme carr\u00e9e lui conf\u00e8re une allure moderne et lui permet de se d\u00e9marquer sur les \u00e9tag\u00e8res.<\/li>\n<li><strong>Visibilit\u00e9 cristalline :<\/strong> Le verre haut de gamme permet aux clients de voir instantan\u00e9ment chaque nuance.<\/li>\n<li><strong>Brosse pratique incluse\u00a0:<\/strong> Le pinceau fourni assure une application lisse et uniforme.<\/li>\n<\/ul>\n<h2>Caract\u00e9ristiques principales<\/h2>\n<table style=\"border-collapse: collapse; width: 80%; margin-left: auto; margin-right: auto;\" border=\"0\" width=\"288\" cellspacing=\"0\" cellpadding=\"0\">\n<tbody>\n<tr style=\"height: 13.50pt;\">\n<td style=\"height: 13.5pt; width: 54pt; text-align: center;\" width=\"72\" height=\"18\">Capacit\u00e9 (ml)<\/td>\n<td style=\"width: 54pt; text-align: center;\" width=\"72\">5<\/td>\n<td style=\"width: 54pt; text-align: center;\" width=\"72\">10<\/td>\n<td style=\"width: 54pt; text-align: center;\" width=\"72\">15<\/td>\n<\/tr>\n<tr style=\"height: 13.50pt;\">\n<td style=\"height: 13.5pt; text-align: center;\" height=\"18\">Dimensions (cm)<\/td>\n<td style=\"text-align: center;\">2,5 x 5,7<\/td>\n<td style=\"text-align: center;\">2,8 x 6,2<\/td>\n<td style=\"text-align: center;\">3,3 x 7,8<\/td>\n<\/tr>\n<tr style=\"height: 13.50pt;\">\n<td style=\"height: 13.5pt; text-align: center;\" height=\"18\">Type de cou<\/td>\n<td class=\"et2\" style=\"text-align: center;\" colspan=\"3\">Vis<\/td>\n<\/tr>\n<tr style=\"height: 13.50pt;\">\n<td style=\"height: 13.5pt; text-align: center;\" height=\"18\">Accessoires<\/td>\n<td class=\"et2\" style=\"text-align: center;\" colspan=\"3\">Brosse + capuchon<\/td>\n<\/tr>\n<\/tbody>\n<\/table>\n<h2>Histoire \u00e0 succ\u00e8s<\/h2>\n<p>La marque italienne de soins pour les ongles a choisi des flacons de vernis \u00e0 ongles carr\u00e9s et transparents de 15 ml comme \u00e9l\u00e9ment d&#039;emballage principal pour le lancement de sa nouvelle collection de vernis basiques. Le processus de conception sur mesure a d\u00e9but\u00e9 avec des designers qui ont utilis\u00e9 un verre blanc haute puret\u00e9 pour cr\u00e9er un flacon au design concave \u00e9troit, renfor\u00e7ant ainsi son attrait visuel. Le client a opt\u00e9 pour une technique de cr\u00e9ation de logo combinant sablage et s\u00e9rigraphie, car elle permet d&#039;obtenir une identit\u00e9 de marque \u00e9l\u00e9gante et durable. Les bouchons ont \u00e9t\u00e9 repens\u00e9s\u00a0: leurs couleurs noir et blanc classiques ont \u00e9t\u00e9 remplac\u00e9es par une palette de couleurs mates Morandi sp\u00e9cialement con\u00e7ue.<\/p>\n<p>La gamme de produits a enregistr\u00e9 une croissance des ventes de 38 % dans les trois mois suivant son lancement, ce qui a permis sa distribution via divers points de vente physiques. Le client a pass\u00e9 deux importantes commandes de r\u00e9approvisionnement apr\u00e8s l&#039;\u00e9coulement complet du premier stock en six mois.<\/p>\n<h2>Conseils personnalis\u00e9s<\/h2>\n<ol>\n<li><strong>Finitions du corps de la bouteille\u00a0:<\/strong> Les traitements de surface comprennent le sablage, la pulv\u00e9risation \u00e0 d\u00e9grad\u00e9, le rev\u00eatement UV ou le givrage s\u00e9lectif, id\u00e9aux pour cr\u00e9er des effets visuels distinctifs.<\/li>\n<li><strong>Logo et d\u00e9coration :<\/strong> Les options de personnalisation comprennent la s\u00e9rigraphie, le marquage \u00e0 chaud (or\/argent), l&#039;\u00e9tiquetage ou les effets de gaufrage.<\/li>\n<li><strong>Personnalisation de casquette :<\/strong> Les finitions courantes du produit comprennent des textures mates et brillantes, ainsi que des textures caoutchout\u00e9es douces au toucher, qui am\u00e9liorent \u00e0 la fois la reconnaissance de la marque et l&#039;attrait esth\u00e9tique global.<\/li>\n<\/ol>","protected":false},"excerpt":{"rendered":"<p>Sublimez votre marque de vernis \u00e0 ongles avec nos flacons carr\u00e9s de 5 ml, 10 ml ou 15 ml, personnalisables avec votre logo. Livraison rapide.<\/p>","protected":false},"featured_media":6328,"template":"","meta":{"postBodyCss":"","postBodyMargin":[],"postBodyPadding":[],"postBodyBackground":{"backgroundType":"classic","gradient":""}},"product_brand":[],"product_cat":[113,15,16],"product_tag":[],"class_list":{"0":"post-6324","1":"product","2":"type-product","3":"status-publish","4":"has-post-thumbnail","6":"product_cat-nail-polish-bottles","7":"product_cat-glass-containers","8":"product_cat-glass-bottles","10":"first","11":"instock","12":"shipping-taxable","13":"product-type-simple"},"jetpack_sharing_enabled":true,"_links":{"self":[{"href":"https:\/\/minghanggroup.com\/fr\/wp-json\/wp\/v2\/product\/6324","targetHints":{"allow":["GET"]}}],"collection":[{"href":"https:\/\/minghanggroup.com\/fr\/wp-json\/wp\/v2\/product"}],"about":[{"href":"https:\/\/minghanggroup.com\/fr\/wp-json\/wp\/v2\/types\/product"}],"wp:featuredmedia":[{"embeddable":true,"href":"https:\/\/minghanggroup.com\/fr\/wp-json\/wp\/v2\/media\/6328"}],"wp:attachment":[{"href":"https:\/\/minghanggroup.com\/fr\/wp-json\/wp\/v2\/media?parent=6324"}],"wp:term":[{"taxonomy":"product_brand","embeddable":true,"href":"https:\/\/minghanggroup.com\/fr\/wp-json\/wp\/v2\/product_brand?post=6324"},{"taxonomy":"product_cat","embeddable":true,"href":"https:\/\/minghanggroup.com\/fr\/wp-json\/wp\/v2\/product_cat?post=6324"},{"taxonomy":"product_tag","embeddable":true,"href":"https:\/\/minghanggroup.com\/fr\/wp-json\/wp\/v2\/product_tag?post=6324"}],"curies":[{"name":"wp","href":"https:\/\/api.w.org\/{rel}","templated":true}]}}