{"id":6257,"date":"2026-04-09T11:18:55","date_gmt":"2026-04-09T03:18:55","guid":{"rendered":"https:\/\/minghanggroup.com\/?post_type=product&#038;p=6257"},"modified":"2026-04-09T11:41:37","modified_gmt":"2026-04-09T03:41:37","slug":"personalized-liquor-bottles-with-mountain-base-bulk","status":"publish","type":"product","link":"https:\/\/minghanggroup.com\/fr\/produit\/personalized-liquor-bottles-with-mountain-base-bulk\/","title":{"rendered":"Bouteilles d&#039;alcool personnalis\u00e9es de 250 ml et 500 ml avec socle montagneux (en vrac)"},"content":{"rendered":"<p>Ces bouteilles d&#039;alcool personnalis\u00e9es pr\u00e9sentent un corps en verre cylindrique aux facettes verticales. Fabriqu\u00e9es en verre extra-clair \u00e0 parois \u00e9paisses, elles reposent sur un socle en forme de montagne.<\/p>\n<h2>Caract\u00e9ristiques du produit<\/h2>\n<ul>\n<li><strong>Socle de montagne sculpt\u00e9 :<\/strong> Le socle en cristal pr\u00e9sente de multiples facettes qui cr\u00e9ent une pr\u00e9sence visuelle puissante tout en assurant une stabilit\u00e9 exceptionnelle \u00e0 la structure.<\/li>\n<li><strong>Rainure verticale au milieu :<\/strong> La bouteille comporte une rainure verticale profonde qui permet aux utilisateurs de la tenir fermement tout en am\u00e9liorant son aspect visuel et ses capacit\u00e9s de r\u00e9fraction de la lumi\u00e8re.<\/li>\n<li><strong>Corps cylindrique \u00e9pais et cristallin :<\/strong> Le corps principal de la bouteille est constitu\u00e9 d&#039;un verre \u00e9pais et cristallin qui permet une visibilit\u00e9 parfaite de la couleur et de la limpidit\u00e9 de la liqueur.<\/li>\n<\/ul>\n<h2 style=\"text-align: left;\">Caract\u00e9ristiques principales<\/h2>\n<table class=\"aligncenter\" style=\"border-collapse: collapse; width: 462.02pt;\" border=\"0\" width=\"616\" cellspacing=\"0\" cellpadding=\"0\">\n<tbody>\n<tr style=\"height: 13.50pt;\">\n<td style=\"height: 13.50pt; width: 117.75pt;\" width=\"157\" height=\"18\">Attribut<\/td>\n<td style=\"width: 344.25pt;\" width=\"459\">D\u00e9tails<\/td>\n<\/tr>\n<tr style=\"height: 13.50pt;\">\n<td style=\"height: 13.50pt;\" height=\"18\">Taille et capacit\u00e9<\/td>\n<td>7,2\u00d715cm (250ml), 9\u00d718,3cm (500ml)<\/td>\n<\/tr>\n<tr style=\"height: 13.50pt;\">\n<td style=\"height: 13.50pt;\" height=\"18\">Mat\u00e9riel<\/td>\n<td>Verre \u00e9pais et cristallin<\/td>\n<\/tr>\n<tr style=\"height: 13.50pt;\">\n<td style=\"height: 13.50pt;\" height=\"18\">Forme de bouteille<\/td>\n<td>Cylindre<\/td>\n<\/tr>\n<tr style=\"height: 13.50pt;\">\n<td style=\"height: 13.50pt;\" height=\"18\">Gamme de personnalisation<\/td>\n<td>Couleur, motif de la d\u00e9coupe de base, couvercles, taille<\/td>\n<\/tr>\n<tr style=\"height: 13.50pt;\">\n<td style=\"height: 13.50pt;\" height=\"18\">Utilisation principale<\/td>\n<td>Bouteilles d&#039;alcool haut de gamme et de luxe, bouteilles d&#039;alcool personnalis\u00e9es<\/td>\n<\/tr>\n<tr style=\"height: 13.50pt;\">\n<td style=\"height: 13.50pt;\" height=\"18\">Secteurs cibles<\/td>\n<td>Marques de spiritueux ultra-premium, coffrets cadeaux de luxe<\/td>\n<\/tr>\n<\/tbody>\n<\/table>\n<h2>T\u00e9moignage de r\u00e9ussite\u00a0: Commande personnalis\u00e9e aupr\u00e8s d\u2019une grande marque de whisky \u00e9cossais<\/h2>\n<p>Une distillerie \u00e9cossaise a choisi nos \u00e9l\u00e9gantes bouteilles de 500 ml, qu&#039;elle a personnalis\u00e9es dans une teinte exclusive baptis\u00e9e \u00ab bleu glacial \u00bb. Le design, avec sa base sculpt\u00e9e selon une forme sp\u00e9cifique, en a fait un \u00e9l\u00e9ment iconique. Ce whisky en \u00e9dition limit\u00e9e a \u00e9t\u00e9 \u00e9puis\u00e9 en seulement 72 heures. Le poids de la bouteille et la qualit\u00e9 exceptionnelle de sa fabrication justifiaient son prix \u00e9lev\u00e9, trois fois sup\u00e9rieur \u00e0 celui de nos produits de luxe standards. Face au succ\u00e8s de sa premi\u00e8re commande, l&#039;entreprise a d\u00e9cid\u00e9 d&#039;acqu\u00e9rir 380\u00a0000 bouteilles suppl\u00e9mentaires pour accompagner le lancement de sa nouvelle gamme \u00ab Castle Strength \u00bb.<\/p>\n<h2>Suggestions de personnalisation pour bouteilles d&#039;alcool de luxe<\/h2>\n<ul>\n<li>Conception de socles personnalis\u00e9s\u00a0: Un large choix de socles est disponible, comprenant des montagnes, des diamants, des g\u00e9odes, des icebergs et m\u00eame des formes harmonieuses con\u00e7ues sur mesure.<\/li>\n<li>Garniture m\u00e9tallique\u00a0: Les \u00e9l\u00e9ments d\u00e9coratifs de la sculpture, en verre et sur son socle, sont orn\u00e9s de colliers en m\u00e9tal pr\u00e9cieux, de plaques nominatives et d\u2019incrustations de fil m\u00e9tallique.<\/li>\n<li>Options de bouchons\u00a0: La collection propose diff\u00e9rentes options de bouchons haut de gamme, notamment des bouchons en verre, des combinaisons de bouchons en bois et en li\u00e8ge, ainsi que des bouchons \u00e0 vis en m\u00e9tal.<\/li>\n<\/ul>","protected":false},"excerpt":{"rendered":"<p>Bouteilles de spiritueux \u00e9l\u00e9gantes en cristal, orn\u00e9es d&#039;un motif de montagne et munies d&#039;un bouchon en verre. Bouteilles personnalis\u00e9es pour le conditionnement de spiritueux. \u00c9chantillons gratuits disponibles.<\/p>","protected":false},"featured_media":6267,"template":"","meta":{"postBodyCss":"","postBodyMargin":[],"postBodyPadding":[],"postBodyBackground":{"backgroundType":"classic","gradient":""}},"product_brand":[],"product_cat":[108,15,16],"product_tag":[],"class_list":{"0":"post-6257","1":"product","2":"type-product","3":"status-publish","4":"has-post-thumbnail","6":"product_cat-liquor-bottles","7":"product_cat-glass-containers","8":"product_cat-glass-bottles","10":"first","11":"instock","12":"shipping-taxable","13":"product-type-simple"},"jetpack_sharing_enabled":true,"_links":{"self":[{"href":"https:\/\/minghanggroup.com\/fr\/wp-json\/wp\/v2\/product\/6257","targetHints":{"allow":["GET"]}}],"collection":[{"href":"https:\/\/minghanggroup.com\/fr\/wp-json\/wp\/v2\/product"}],"about":[{"href":"https:\/\/minghanggroup.com\/fr\/wp-json\/wp\/v2\/types\/product"}],"wp:featuredmedia":[{"embeddable":true,"href":"https:\/\/minghanggroup.com\/fr\/wp-json\/wp\/v2\/media\/6267"}],"wp:attachment":[{"href":"https:\/\/minghanggroup.com\/fr\/wp-json\/wp\/v2\/media?parent=6257"}],"wp:term":[{"taxonomy":"product_brand","embeddable":true,"href":"https:\/\/minghanggroup.com\/fr\/wp-json\/wp\/v2\/product_brand?post=6257"},{"taxonomy":"product_cat","embeddable":true,"href":"https:\/\/minghanggroup.com\/fr\/wp-json\/wp\/v2\/product_cat?post=6257"},{"taxonomy":"product_tag","embeddable":true,"href":"https:\/\/minghanggroup.com\/fr\/wp-json\/wp\/v2\/product_tag?post=6257"}],"curies":[{"name":"wp","href":"https:\/\/api.w.org\/{rel}","templated":true}]}}