{"id":6256,"date":"2026-04-09T11:25:01","date_gmt":"2026-04-09T03:25:01","guid":{"rendered":"https:\/\/minghanggroup.com\/?post_type=product&#038;p=6256"},"modified":"2026-04-09T16:25:57","modified_gmt":"2026-04-09T08:25:57","slug":"empty-engraved-liquor-bottles-for-spirits-bulk","status":"publish","type":"product","link":"https:\/\/minghanggroup.com\/fr\/produit\/empty-engraved-liquor-bottles-for-spirits-bulk\/","title":{"rendered":"Bouteilles de spiritueux vides grav\u00e9es de 500 ml en gros"},"content":{"rendered":"<p>Si vous recherchez un emballage qui respire la qualit\u00e9 avant m\u00eame l&#039;ouverture de la bouteille, ne cherchez plus. Ces bouteilles de spiritueux grav\u00e9es arborent un design \u00e9lanc\u00e9 et \u00e9l\u00e9gant qui les mettra en valeur sur n&#039;importe quelle \u00e9tag\u00e8re. Le gaufrage leur conf\u00e8re une qualit\u00e9 exceptionnelle, les rendant uniques. Offrant une exp\u00e9rience tactile haut de gamme, elles sauront s\u00e9duire vos clients.<\/p>\n<h2>Caract\u00e9ristiques du produit<\/h2>\n<ul>\n<li><strong>Gaufrage tactile\u00a0:<\/strong> Les motifs en relief de notre produit cr\u00e9ent des effets visuels, tandis que leurs qualit\u00e9s tactiles conf\u00e8rent une valeur visuelle instantan\u00e9e \u00e0 votre marque.<\/li>\n<li><strong>Base lourde :<\/strong> Notre \u00e9quipe de conception a cr\u00e9\u00e9 une structure de fond qui allie poids et stabilit\u00e9 pour donner aux bouteilles en verre pour spiritueux une apparence luxueuse.<\/li>\n<li><strong>Fermeture s\u00e9curis\u00e9e :<\/strong> Le goulot \u00e0 vis standard du produit cr\u00e9e une \u00e9tanch\u00e9it\u00e9 compl\u00e8te qui prot\u00e8ge les liqueurs et les spiritueux de toute contamination tout en pr\u00e9servant leur fra\u00eecheur.<\/li>\n<\/ul>\n<h2>Caract\u00e9ristiques principales<\/h2>\n<table style=\"border-collapse: collapse; width: 80%; margin-left: auto; margin-right: auto;\" border=\"0\" width=\"288\" cellspacing=\"0\" cellpadding=\"0\">\n<tbody>\n<tr style=\"height: 13.50pt;\">\n<td style=\"height: 13.5pt; width: 54pt; text-align: center;\" width=\"72\" height=\"18\">Fonctionnalit\u00e9<\/td>\n<td style=\"width: 54pt; text-align: center;\" width=\"72\">Relief inf\u00e9rieur<\/td>\n<td style=\"width: 54pt; text-align: center;\" width=\"72\">Soulagement des deux c\u00f4t\u00e9s<\/td>\n<td style=\"width: 54pt; text-align: center;\" width=\"72\">Relief sup\u00e9rieur<\/td>\n<\/tr>\n<tr style=\"height: 13.50pt;\">\n<td style=\"height: 13.5pt; text-align: center;\" height=\"18\">Capacit\u00e9<\/td>\n<td class=\"et2\" style=\"text-align: center;\" colspan=\"3\">500 ml<\/td>\n<\/tr>\n<tr style=\"height: 13.50pt;\">\n<td style=\"height: 13.5pt; text-align: center;\" height=\"18\">Dimensions (cm)<\/td>\n<td style=\"text-align: center;\">7.5 * 25.4<\/td>\n<td style=\"text-align: center;\">6.8 * 26.5<\/td>\n<td style=\"text-align: center;\">7.1 * 26.8<\/td>\n<\/tr>\n<tr style=\"height: 13.50pt;\">\n<td style=\"height: 13.5pt; text-align: center;\" height=\"18\">Finition du cou<\/td>\n<td class=\"et2\" style=\"text-align: center;\" colspan=\"3\">Vis (compatible avec les capuchons standard)<\/td>\n<\/tr>\n<tr style=\"height: 13.50pt;\">\n<td style=\"height: 13.5pt; text-align: center;\" height=\"18\">D\u00e9coration<\/td>\n<td class=\"et2\" style=\"text-align: center;\" colspan=\"3\">Motifs en relief personnalis\u00e9s<\/td>\n<\/tr>\n<\/tbody>\n<\/table>\n<h2>Histoire \u00e0 succ\u00e8s<\/h2>\n<p>La distillerie \u00e9cossaise recherchait de nouveaux emballages pour ses spiritueux haut de gamme. Pour son projet de personnalisation, le client a choisi nos bouteilles de whisky vides de 500 ml, orn\u00e9es d&#039;un motif en relief \u00e0 leur base. Il a ensuite sublim\u00e9 l&#039;emballage avec un bouchon en m\u00e9tal mat grav\u00e9 d&#039;un logo personnalis\u00e9 et a cr\u00e9\u00e9 un emplacement en creux pour l&#039;\u00e9tiquette, mettant ainsi en valeur son identit\u00e9 visuelle de style vintage.<\/p>\n<p>Le produit a enregistr\u00e9 une croissance des ventes au d\u00e9tail de plus de 25 % au cours de ses trois premiers mois de commercialisation. Face \u00e0 cet accueil favorable, le client a maintenu ses commandes importantes et a choisi ce design de bouteille exclusif pour l&#039;ensemble de sa gamme.<\/p>\n<h2>Conseils de personnalisation<\/h2>\n<ol>\n<li><strong>Placement s\u00e9lectif du gaufrage\u00a0:<\/strong> Optez pour un gaufrage partiel (bas, \u00e9paulette) ou une gravure int\u00e9grale en fonction de l&#039;effet visuel recherch\u00e9 et de votre budget.<\/li>\n<li><strong>Int\u00e9gration des \u00e9tiquettes\u00a0:<\/strong> Incorporez un panneau plat ou en creux \u00e0 l&#039;int\u00e9rieur du gaufrage pour une application d&#039;\u00e9tiquette plus simple, ou optez pour l&#039;impression directe (s\u00e9rigraphie \/ dorure \u00e0 chaud).<\/li>\n<li><strong>Options de d\u00e9coration couleur\u00a0:<\/strong> Utilisez un rev\u00eatement en spray d\u00e9grad\u00e9, des effets m\u00e9talliques ou une coloration partielle pour mettre en valeur les motifs grav\u00e9s.<\/li>\n<\/ol>","protected":false},"excerpt":{"rendered":"<p>Valorisez votre marque avec ces bouteilles de whisky vides de 500 ml. Id\u00e9ales pour les spiritueux, ces bouteilles grav\u00e9es sont disponibles en gros. \u00c9chantillons gratuits.<\/p>","protected":false},"featured_media":6265,"template":"","meta":{"postBodyCss":"","postBodyMargin":[],"postBodyPadding":[],"postBodyBackground":{"backgroundType":"classic","gradient":""}},"product_brand":[],"product_cat":[108,15,16],"product_tag":[],"class_list":{"0":"post-6256","1":"product","2":"type-product","3":"status-publish","4":"has-post-thumbnail","6":"product_cat-liquor-bottles","7":"product_cat-glass-containers","8":"product_cat-glass-bottles","10":"first","11":"instock","12":"shipping-taxable","13":"product-type-simple"},"jetpack_sharing_enabled":true,"_links":{"self":[{"href":"https:\/\/minghanggroup.com\/fr\/wp-json\/wp\/v2\/product\/6256","targetHints":{"allow":["GET"]}}],"collection":[{"href":"https:\/\/minghanggroup.com\/fr\/wp-json\/wp\/v2\/product"}],"about":[{"href":"https:\/\/minghanggroup.com\/fr\/wp-json\/wp\/v2\/types\/product"}],"wp:featuredmedia":[{"embeddable":true,"href":"https:\/\/minghanggroup.com\/fr\/wp-json\/wp\/v2\/media\/6265"}],"wp:attachment":[{"href":"https:\/\/minghanggroup.com\/fr\/wp-json\/wp\/v2\/media?parent=6256"}],"wp:term":[{"taxonomy":"product_brand","embeddable":true,"href":"https:\/\/minghanggroup.com\/fr\/wp-json\/wp\/v2\/product_brand?post=6256"},{"taxonomy":"product_cat","embeddable":true,"href":"https:\/\/minghanggroup.com\/fr\/wp-json\/wp\/v2\/product_cat?post=6256"},{"taxonomy":"product_tag","embeddable":true,"href":"https:\/\/minghanggroup.com\/fr\/wp-json\/wp\/v2\/product_tag?post=6256"}],"curies":[{"name":"wp","href":"https:\/\/api.w.org\/{rel}","templated":true}]}}