{"id":6251,"date":"2026-04-08T13:52:44","date_gmt":"2026-04-08T05:52:44","guid":{"rendered":"https:\/\/minghanggroup.com\/?post_type=product&#038;p=6251"},"modified":"2026-04-08T16:20:36","modified_gmt":"2026-04-08T08:20:36","slug":"square-small-liquor-bottles-with-cork-bulk","status":"publish","type":"product","link":"https:\/\/minghanggroup.com\/fr\/produit\/square-small-liquor-bottles-with-cork-bulk\/","title":{"rendered":"Bouteilles carr\u00e9es de 100 ml pour alcool, avec bouchon en li\u00e8ge, en gros"},"content":{"rendered":"<p>Ces petites bouteilles d&#039;alcool pr\u00e9sentent une forme rectangulaire arrondie et compacte, sont fabriqu\u00e9es en verre de haute qualit\u00e9 et se d\u00e9clinent en deux finitions \u00e9l\u00e9gantes\u00a0: transparente et mate d\u00e9polie. Leurs bouchons en li\u00e8ge naturel les rendent id\u00e9ales pour les \u00e9chantillons, les mini-bouteilles et les flacons de voyage.<\/p>\n<h2>Caract\u00e9ristiques du produit<\/h2>\n<ul>\n<li><strong>Petit corps carr\u00e9 arrondi :<\/strong> Sa forme carr\u00e9e ferm\u00e9e aux coins arrondis permet aux utilisateurs de tenir l&#039;objet en toute s\u00e9curit\u00e9 tout en conservant une apparence attrayante.<\/li>\n<li><strong>Bouchon en li\u00e8ge naturel :<\/strong> Le li\u00e8ge naturel offre une solution d&#039;\u00e9tanch\u00e9it\u00e9 \u00e9cologique qui conf\u00e8re \u00e9galement une esth\u00e9tique naturelle au produit.<\/li>\n<li><strong>format mini 100 ml :<\/strong> Son petit format est id\u00e9al pour les produits qui doivent \u00eatre d\u00e9gust\u00e9s, servis en portions individuelles, conditionn\u00e9s dans des flacons de voyage ou commercialis\u00e9s en \u00e9dition sp\u00e9ciale.<\/li>\n<\/ul>\n<h2 style=\"text-align: left;\">Caract\u00e9ristiques principales<\/h2>\n<table class=\"aligncenter\" style=\"border-collapse: collapse; width: 400.52pt;\" border=\"0\" width=\"534\" cellspacing=\"0\" cellpadding=\"0\">\n<tbody>\n<tr style=\"height: 13.50pt;\">\n<td style=\"height: 13.50pt; width: 117.75pt;\" width=\"157\" height=\"18\">Attribut<\/td>\n<td style=\"width: 282.75pt;\" width=\"377\">D\u00e9tails<\/td>\n<\/tr>\n<tr style=\"height: 13.50pt;\">\n<td style=\"height: 13.50pt;\" height=\"18\">Taille et capacit\u00e9<\/td>\n<td>5\u00d712cm (100ml)<\/td>\n<\/tr>\n<tr style=\"height: 13.50pt;\">\n<td style=\"height: 13.50pt;\" height=\"18\">Mat\u00e9riel<\/td>\n<td>Verre clair ou d\u00e9poli, li\u00e8ge naturel<\/td>\n<\/tr>\n<tr style=\"height: 13.50pt;\">\n<td style=\"height: 13.50pt;\" height=\"18\">Forme de bouteille<\/td>\n<td>Colonne carr\u00e9e aux angles arrondis<\/td>\n<\/tr>\n<tr style=\"height: 13.50pt;\">\n<td style=\"height: 13.50pt;\" height=\"18\">Gamme de personnalisation<\/td>\n<td>Couleur, finition, li\u00e8ge, taille<\/td>\n<\/tr>\n<tr style=\"height: 13.50pt;\">\n<td style=\"height: 13.50pt;\" height=\"18\">Savoir-faire<\/td>\n<td>Moulage du verre, application de finition<\/td>\n<\/tr>\n<tr style=\"height: 13.50pt;\">\n<td style=\"height: 13.50pt;\" height=\"18\">Utilisation principale<\/td>\n<td>Petites bouteilles d&#039;alcool, \u00e9chantillons de bouteilles d&#039;alcool<\/td>\n<\/tr>\n<tr style=\"height: 13.50pt;\">\n<td style=\"height: 13.50pt;\" height=\"18\">Secteurs cibles<\/td>\n<td>distilleries artisanales, coffrets d&#039;abonnement<\/td>\n<\/tr>\n<\/tbody>\n<\/table>\n<h2>T\u00e9moignage de r\u00e9ussite\u00a0: Une commande personnalis\u00e9e aupr\u00e8s d\u2019un service d\u2019abonnement national de spiritueux artisanaux<\/h2>\n<p>Un service d&#039;abonnement am\u00e9ricain de spiritueux artisanaux a s\u00e9lectionn\u00e9 nos petites bouteilles carr\u00e9es givr\u00e9es et les a personnalis\u00e9es avec un bouchon en li\u00e8ge scell\u00e9 \u00e0 la cire et un corps en verre color\u00e9. Les r\u00e9sultats ont \u00e9t\u00e9 exceptionnels\u00a0: le design unique de la bouteille carr\u00e9e a quadrupl\u00e9 le nombre de partages de vid\u00e9os de d\u00e9ballage sur les r\u00e9seaux sociaux par les abonn\u00e9s, et la personnalisation leur a permis de nouer des partenariats avec 50 nouvelles brasseries artisanales. Suite \u00e0 ce premier succ\u00e8s, l&#039;entreprise a pass\u00e9 une commande suppl\u00e9mentaire de 480\u00a0000 bouteilles.<\/p>\n<h2>Petites options de personnalisation des bouteilles d&#039;alcool<\/h2>\n<ul>\n<li>Couleurs et teintes du verre\u00a0: Ce produit est disponible en quatre options de verre\u00a0: ambr\u00e9, vert, bleu et fum\u00e9. Il propose \u00e9galement deux options de verre\u00a0: transparent et d\u00e9poli.<\/li>\n<li>Styles de li\u00e8ge\u00a0: Le syst\u00e8me propose quatre options de li\u00e8ge, notamment le li\u00e8ge naturel, le li\u00e8ge color\u00e9, le li\u00e8ge synth\u00e9tique et le li\u00e8ge impr\u00e9gn\u00e9 de cire, ainsi que des options d\u2019impression de logos.<\/li>\n<li>Garniture en cuir ou en corde\u00a0: Les clients peuvent choisir d\u2019ajouter une lani\u00e8re en cuir ou une garniture en corde au goulot de la bouteille, ainsi qu\u2019une \u00e9tiquette personnalis\u00e9e, pour cr\u00e9er un cadeau \u00e0 l\u2019aspect rustique.<\/li>\n<\/ul>","protected":false},"excerpt":{"rendered":"<p>Petites bouteilles de 100 ml en verre transparent ou d\u00e9poli. Bouchons en li\u00e8ge pour spiritueux ou huiles. \u00c9chantillons gratuits disponibles.<\/p>","protected":false},"featured_media":6253,"template":"","meta":{"postBodyCss":"","postBodyMargin":[],"postBodyPadding":[],"postBodyBackground":{"backgroundType":"classic","gradient":""}},"product_brand":[],"product_cat":[108,15,16],"product_tag":[],"class_list":{"0":"post-6251","1":"product","2":"type-product","3":"status-publish","4":"has-post-thumbnail","6":"product_cat-liquor-bottles","7":"product_cat-glass-containers","8":"product_cat-glass-bottles","10":"first","11":"instock","12":"shipping-taxable","13":"product-type-simple"},"jetpack_sharing_enabled":true,"_links":{"self":[{"href":"https:\/\/minghanggroup.com\/fr\/wp-json\/wp\/v2\/product\/6251","targetHints":{"allow":["GET"]}}],"collection":[{"href":"https:\/\/minghanggroup.com\/fr\/wp-json\/wp\/v2\/product"}],"about":[{"href":"https:\/\/minghanggroup.com\/fr\/wp-json\/wp\/v2\/types\/product"}],"wp:featuredmedia":[{"embeddable":true,"href":"https:\/\/minghanggroup.com\/fr\/wp-json\/wp\/v2\/media\/6253"}],"wp:attachment":[{"href":"https:\/\/minghanggroup.com\/fr\/wp-json\/wp\/v2\/media?parent=6251"}],"wp:term":[{"taxonomy":"product_brand","embeddable":true,"href":"https:\/\/minghanggroup.com\/fr\/wp-json\/wp\/v2\/product_brand?post=6251"},{"taxonomy":"product_cat","embeddable":true,"href":"https:\/\/minghanggroup.com\/fr\/wp-json\/wp\/v2\/product_cat?post=6251"},{"taxonomy":"product_tag","embeddable":true,"href":"https:\/\/minghanggroup.com\/fr\/wp-json\/wp\/v2\/product_tag?post=6251"}],"curies":[{"name":"wp","href":"https:\/\/api.w.org\/{rel}","templated":true}]}}