{"id":6241,"date":"2026-04-08T13:22:15","date_gmt":"2026-04-08T05:22:15","guid":{"rendered":"https:\/\/minghanggroup.com\/?post_type=product&#038;p=6241"},"modified":"2026-04-08T13:22:17","modified_gmt":"2026-04-08T05:22:17","slug":"glass-custom-square-liquor-bottles-for-spirits-wholesale","status":"publish","type":"product","link":"https:\/\/minghanggroup.com\/fr\/produit\/glass-custom-square-liquor-bottles-for-spirits-wholesale\/","title":{"rendered":"Bouteilles carr\u00e9es en verre de 250 ml, 375 ml et 500 ml pour spiritueux (vente en gros)"},"content":{"rendered":"<p>Nos \u00e9l\u00e9gantes bouteilles carr\u00e9es de spiritueux sont con\u00e7ues pour r\u00e9pondre aux exigences des marques en qu\u00eate d&#039;un design \u00e0 la fois moderne et raffin\u00e9. Leur forme angulaire et affirm\u00e9e attire imm\u00e9diatement le regard en rayon. Vides, ces bouteilles illustrent parfaitement cette combinaison d&#039;\u00e9l\u00e9ments de design robustes\u00a0: leur base assure une excellente stabilit\u00e9 et leur bouchon usin\u00e9 avec pr\u00e9cision garantit une \u00e9tanch\u00e9it\u00e9 parfaite.<\/p>\n<h2>Caract\u00e9ristiques du produit<\/h2>\n<ul>\n<li><strong>Design carr\u00e9 plat :<\/strong> Le nouveau design pr\u00e9sente une forme compacte et attrayante, caract\u00e9ris\u00e9e par des lignes droites impressionnantes, id\u00e9ales pour la mise en valeur.<\/li>\n<li><strong>Construction \u00e0 base lourde :<\/strong> La base du r\u00e9cipient a \u00e9t\u00e9 lest\u00e9e afin d&#039;offrir une stabilit\u00e9 accrue et une sensation de qualit\u00e9 sup\u00e9rieure lorsqu&#039;on le tient en main.<\/li>\n<li><strong>Panneau d&#039;\u00e9tiquette large\u00a0:<\/strong> Les surfaces avant et arri\u00e8re offrent un espace important permettant d&#039;afficher diff\u00e9rents types d&#039;\u00e9tiquettes, de gaufrages et de marquages.<\/li>\n<\/ul>\n<h2>Caract\u00e9ristiques principales<\/h2>\n<table style=\"border-collapse: collapse; width: 80%; margin-left: auto; margin-right: auto;\" border=\"0\" width=\"144\" cellspacing=\"0\" cellpadding=\"0\">\n<tbody>\n<tr style=\"height: 13.50pt;\">\n<td style=\"height: 13.5pt; width: 54pt; text-align: center;\" width=\"72\" height=\"18\">Fonctionnalit\u00e9<\/td>\n<td style=\"width: 54pt; text-align: center;\" width=\"72\">D\u00e9tails<\/td>\n<\/tr>\n<tr style=\"height: 13.50pt;\">\n<td style=\"height: 13.5pt; text-align: center;\" height=\"18\">Tailles<\/td>\n<td style=\"text-align: center;\">250 ml, 375 ml, 500 ml<\/td>\n<\/tr>\n<tr style=\"height: 13.50pt;\">\n<td style=\"height: 13.5pt; text-align: center;\" height=\"18\">Forme<\/td>\n<td style=\"text-align: center;\">Carr\u00e9<\/td>\n<\/tr>\n<tr style=\"height: 13.50pt;\">\n<td style=\"height: 13.5pt; text-align: center;\" height=\"18\">Options de plafond<\/td>\n<td style=\"text-align: center;\">Bouchon en verre, capsule \u00e0 vis en aluminium, bouchon en li\u00e8ge.<\/td>\n<\/tr>\n<tr style=\"height: 13.50pt;\">\n<td style=\"height: 13.5pt; text-align: center;\" height=\"18\">Types de cou<\/td>\n<td style=\"text-align: center;\">Bouche plate, col filet\u00e9<\/td>\n<\/tr>\n<\/tbody>\n<\/table>\n<h2>Histoire \u00e0 succ\u00e8s<\/h2>\n<p>Une distillerie artisanale am\u00e9ricaine s&#039;appr\u00eatait \u00e0 lancer un whisky haut de gamme en petites quantit\u00e9s et a choisi nos bouteilles carr\u00e9es de 375 ml pour ce lancement. Le client a opt\u00e9 pour un verre extra-transparent afin de mettre en valeur la magnifique couleur ambr\u00e9e du whisky, qu&#039;il trouvait particuli\u00e8rement attrayante. La face avant des bouteilles vides pr\u00e9sente un panneau en relief profond qui sert de cadre \u00e0 une \u00e9tiquette de style vintage. Le bouchon en li\u00e8ge personnalis\u00e9, surmont\u00e9 d&#039;un embout en bois orn\u00e9 d&#039;un m\u00e9daillon arborant le logo de la marque, a \u00e9t\u00e9 choisi.<\/p>\n<p>Le produit a atteint son premier semestre de commercialisation, apr\u00e8s quoi ses ventes ont augment\u00e9 de 32 %. Le client a pass\u00e9 de nombreuses commandes, car les distributeurs font part de retours positifs et les clients continuent de privil\u00e9gier ce produit, qui est devenu sa gamme principale.<\/p>\n<h2>Conseils de personnalisation<\/h2>\n<ol>\n<li><strong>Personnalisation du panneau avant\u00a0:<\/strong> Ajoutez un panneau d&#039;\u00e9tiquette en creux ou en relief pour encadrer la marque et am\u00e9liorer l&#039;adh\u00e9rence de l&#039;\u00e9tiquette.<\/li>\n<li><strong>Correspondance de la fermeture\u00a0:<\/strong> Personnalisez vos bouchons en li\u00e8ge avec des embouts en bois, en m\u00e9tal ou en acrylique ; ou choisissez des bouchons \u00e0 vis avec des finitions de marque pour diff\u00e9rents march\u00e9s.<\/li>\n<li><strong>D\u00e9tail de conception du fond :<\/strong> La forme int\u00e9rieure de la base push-up peut \u00eatre personnalis\u00e9e par les designers qui souhaitent cr\u00e9er leur propre signature visuelle unique gr\u00e2ce \u00e0 des marques en relief.<\/li>\n<\/ol>","protected":false},"excerpt":{"rendered":"<p>Bouteille carr\u00e9e pour spiritueux, \u00e0 fond \u00e9pais et finition transparente. Id\u00e9ale pour le conditionnement de spiritueux. Fourniture de bouteilles vides, vente directe d&#039;usine, designs personnalis\u00e9s.<\/p>","protected":false},"featured_media":6250,"template":"","meta":{"postBodyCss":"","postBodyMargin":[],"postBodyPadding":[],"postBodyBackground":{"backgroundType":"classic","gradient":""}},"product_brand":[],"product_cat":[108,15,16],"product_tag":[],"class_list":{"0":"post-6241","1":"product","2":"type-product","3":"status-publish","4":"has-post-thumbnail","6":"product_cat-liquor-bottles","7":"product_cat-glass-containers","8":"product_cat-glass-bottles","10":"first","11":"instock","12":"shipping-taxable","13":"product-type-simple"},"jetpack_sharing_enabled":true,"_links":{"self":[{"href":"https:\/\/minghanggroup.com\/fr\/wp-json\/wp\/v2\/product\/6241","targetHints":{"allow":["GET"]}}],"collection":[{"href":"https:\/\/minghanggroup.com\/fr\/wp-json\/wp\/v2\/product"}],"about":[{"href":"https:\/\/minghanggroup.com\/fr\/wp-json\/wp\/v2\/types\/product"}],"wp:featuredmedia":[{"embeddable":true,"href":"https:\/\/minghanggroup.com\/fr\/wp-json\/wp\/v2\/media\/6250"}],"wp:attachment":[{"href":"https:\/\/minghanggroup.com\/fr\/wp-json\/wp\/v2\/media?parent=6241"}],"wp:term":[{"taxonomy":"product_brand","embeddable":true,"href":"https:\/\/minghanggroup.com\/fr\/wp-json\/wp\/v2\/product_brand?post=6241"},{"taxonomy":"product_cat","embeddable":true,"href":"https:\/\/minghanggroup.com\/fr\/wp-json\/wp\/v2\/product_cat?post=6241"},{"taxonomy":"product_tag","embeddable":true,"href":"https:\/\/minghanggroup.com\/fr\/wp-json\/wp\/v2\/product_tag?post=6241"}],"curies":[{"name":"wp","href":"https:\/\/api.w.org\/{rel}","templated":true}]}}