{"id":6240,"date":"2026-04-08T09:10:27","date_gmt":"2026-04-08T01:10:27","guid":{"rendered":"https:\/\/minghanggroup.com\/?post_type=product&#038;p=6240"},"modified":"2026-04-08T13:03:36","modified_gmt":"2026-04-08T05:03:36","slug":"empty-liquor-bottle-glassware-with-gold-lids-bulk","status":"publish","type":"product","link":"https:\/\/minghanggroup.com\/fr\/produit\/empty-liquor-bottle-glassware-with-gold-lids-bulk\/","title":{"rendered":"Bouteilles de spiritueux vides de 500 ml en verre avec bouchons dor\u00e9s (vente en gros)"},"content":{"rendered":"<p>Ces verres \u00e0 liqueur arborent une forme traditionnelle \u00e9vas\u00e9e ou en goutte d&#039;eau, confectionn\u00e9e en verre ultra-clair de haute qualit\u00e9 et coiff\u00e9e d&#039;un bouchon dor\u00e9. Ils se d\u00e9clinent en mod\u00e8les aux motifs d\u00e9coratifs sobres ou raffin\u00e9s.<\/p>\n<h2>Caract\u00e9ristiques du produit<\/h2>\n<ul>\n<li><strong>Design classique de bouteille cintr\u00e9e :<\/strong> Sa forme \u00e9l\u00e9gante et effil\u00e9e en goutte d&#039;eau met en valeur des courbes gracieuses qui refl\u00e8tent les traditions \u00e9tablies en mati\u00e8re de conception d&#039;emballages de spiritueux.<\/li>\n<li><strong>Mat\u00e9riau en verre haute clart\u00e9\u00a0:<\/strong> Le mat\u00e9riau est compos\u00e9 de verre incolore d&#039;une grande clart\u00e9, ce qui permet une visibilit\u00e9 totale de la couleur du spiritueux gr\u00e2ce \u00e0 ses propri\u00e9t\u00e9s de transparence.<\/li>\n<li><strong>Options de capuchons dor\u00e9s de luxe\u00a0:<\/strong> Vous pouvez choisir entre un capuchon dor\u00e9 finement gaufr\u00e9 ou un simple capuchon dor\u00e9 plat pour repr\u00e9senter l&#039;identit\u00e9 de votre marque.<\/li>\n<\/ul>\n<h2 style=\"text-align: left;\">Caract\u00e9ristiques principales<\/h2>\n<table class=\"aligncenter\" style=\"border-collapse: collapse; width: 400.52pt;\" border=\"0\" width=\"534\" cellspacing=\"0\" cellpadding=\"0\">\n<tbody>\n<tr style=\"height: 13.50pt;\">\n<td style=\"height: 13.50pt; width: 117.75pt;\" width=\"157\" height=\"18\">Attribut<\/td>\n<td style=\"width: 282.75pt;\" width=\"377\">D\u00e9tails<\/td>\n<\/tr>\n<tr style=\"height: 13.50pt;\">\n<td style=\"height: 13.50pt;\" height=\"18\">Taille et capacit\u00e9<\/td>\n<td>Deux variantes de 500 ml\u00a0: 7,1 \u00d7 27,3 cm et 6,7 \u00d7 25,7 cm<\/td>\n<\/tr>\n<tr style=\"height: 13.50pt;\">\n<td style=\"height: 13.50pt;\" height=\"18\">Mat\u00e9riel<\/td>\n<td>Verre clair<\/td>\n<\/tr>\n<tr style=\"height: 13.50pt;\">\n<td style=\"height: 13.50pt;\" height=\"18\">Forme de bouteille<\/td>\n<td>larme svelte<\/td>\n<\/tr>\n<tr style=\"height: 13.50pt;\">\n<td style=\"height: 13.50pt;\" height=\"18\">Gamme de personnalisation<\/td>\n<td>Couleur, finition, taille des couvercles<\/td>\n<\/tr>\n<tr style=\"height: 13.50pt;\">\n<td style=\"height: 13.50pt;\" height=\"18\">Utilisation principale<\/td>\n<td>Bouteilles d&#039;alcool vides en gros, bouteilles de spiritueux<\/td>\n<\/tr>\n<tr style=\"height: 13.50pt;\">\n<td style=\"height: 13.50pt;\" height=\"18\">Secteurs cibles<\/td>\n<td>distilleries artisanales, marques de spiritueux haut de gamme<\/td>\n<\/tr>\n<\/tbody>\n<\/table>\n<h2>Succ\u00e8s commercial : Lancement mondial d&#039;une marque de spiritueux asiatiques<\/h2>\n<p>Notre entreprise a fourni \u00e0 la marque de spiritueux asiatique nos bouteilles de 500 ml, qu&#039;elle a personnalis\u00e9es avec un motif de dragon en relief et un bouchon dor\u00e9. La forme classique de la bouteille a am\u00e9lior\u00e9 la visibilit\u00e9 en rayon et la notori\u00e9t\u00e9 de la marque de 60 %, tandis que le bouchon dor\u00e9 haut de gamme a augment\u00e9 le prix de chaque bouteille de 20 $. La marque a rencontr\u00e9 un franc succ\u00e8s, commandant 500\u00a0000 bouteilles suppl\u00e9mentaires pour le lancement de ses nouveaux spiritueux aromatis\u00e9s et de ses \u00e9ditions collector.<\/p>\n<h2>Options de personnalisation pour la vente en gros de bouteilles d&#039;alcool vides<\/h2>\n<ul>\n<li>Conception et finition du capuchon\u00a0: Le produit propose trois options de finition\u00a0: or, argent et cuivre, pour des capuchons unis, ondul\u00e9s et finement gaufr\u00e9s.<\/li>\n<li>Gaufrage\/Relief\u00a0: L\u2019\u00e9paule et la base de la bouteille pr\u00e9sentent des d\u00e9tails d\u00e9coratifs soign\u00e9s, notamment de nombreux motifs, logos et illustrations culturelles.<\/li>\n<li>Mesures de s\u00e9curit\u00e9 inviolables\u00a0: Le produit propose un emballage r\u00e9tractable personnalis\u00e9, des scell\u00e9s \u00e0 la cire et des bouchons fragiles comme mesures de s\u00e9curit\u00e9 pour sa protection.<\/li>\n<\/ul>","protected":false},"excerpt":{"rendered":"<p>Bouteilles d&#039;alcool vides en gros, \u00e9l\u00e9gantes, en forme de goutte d&#039;eau avec capsules dor\u00e9es. Verrerie id\u00e9ale pour les spiritueux. Possibilit\u00e9 de personnalisation.<\/p>","protected":false},"featured_media":6245,"template":"","meta":{"postBodyCss":"","postBodyMargin":[],"postBodyPadding":[],"postBodyBackground":{"backgroundType":"classic","gradient":""}},"product_brand":[],"product_cat":[108,15,16],"product_tag":[],"class_list":{"0":"post-6240","1":"product","2":"type-product","3":"status-publish","4":"has-post-thumbnail","6":"product_cat-liquor-bottles","7":"product_cat-glass-containers","8":"product_cat-glass-bottles","10":"first","11":"instock","12":"shipping-taxable","13":"product-type-simple"},"jetpack_sharing_enabled":true,"_links":{"self":[{"href":"https:\/\/minghanggroup.com\/fr\/wp-json\/wp\/v2\/product\/6240","targetHints":{"allow":["GET"]}}],"collection":[{"href":"https:\/\/minghanggroup.com\/fr\/wp-json\/wp\/v2\/product"}],"about":[{"href":"https:\/\/minghanggroup.com\/fr\/wp-json\/wp\/v2\/types\/product"}],"wp:featuredmedia":[{"embeddable":true,"href":"https:\/\/minghanggroup.com\/fr\/wp-json\/wp\/v2\/media\/6245"}],"wp:attachment":[{"href":"https:\/\/minghanggroup.com\/fr\/wp-json\/wp\/v2\/media?parent=6240"}],"wp:term":[{"taxonomy":"product_brand","embeddable":true,"href":"https:\/\/minghanggroup.com\/fr\/wp-json\/wp\/v2\/product_brand?post=6240"},{"taxonomy":"product_cat","embeddable":true,"href":"https:\/\/minghanggroup.com\/fr\/wp-json\/wp\/v2\/product_cat?post=6240"},{"taxonomy":"product_tag","embeddable":true,"href":"https:\/\/minghanggroup.com\/fr\/wp-json\/wp\/v2\/product_tag?post=6240"}],"curies":[{"name":"wp","href":"https:\/\/api.w.org\/{rel}","templated":true}]}}