{"id":6232,"date":"2026-04-07T14:08:02","date_gmt":"2026-04-07T06:08:02","guid":{"rendered":"https:\/\/minghanggroup.com\/?post_type=product&#038;p=6232"},"modified":"2026-04-07T14:34:58","modified_gmt":"2026-04-07T06:34:58","slug":"round-glass-bottles-for-liquor-with-lids-wholesale","status":"publish","type":"product","link":"https:\/\/minghanggroup.com\/fr\/produit\/round-glass-bottles-for-liquor-with-lids-wholesale\/","title":{"rendered":"Bouteilles rondes en verre de 100 ml \u00e0 750 ml pour spiritueux avec bouchons (vente en gros)"},"content":{"rendered":"<p>Ces bouteilles en verre, \u00e0 la forme \u00e9l\u00e9gante en goutte d&#039;eau, sont ferm\u00e9es par un bouchon de li\u00e8ge naturel. Elles sont disponibles en plusieurs formats, avec une finition transparente ou d\u00e9polie.<\/p>\n<h2>Caract\u00e9ristiques du produit<\/h2>\n<ul>\n<li><strong>Forme classique en goutte d&#039;eau :<\/strong> Son design pr\u00e9sente une base arrondie qui se prolonge vers le haut en un col cr\u00e9ant un design traditionnel \u00e9l\u00e9gant tout en restant facile \u00e0 prendre en main.<\/li>\n<li><strong>Verre bicolore :<\/strong> Le produit n\u00e9cessite deux options de verre diff\u00e9rentes : du verre haute clart\u00e9 et du verre d\u00e9poli mat.<\/li>\n<li><strong>Li\u00e8ge naturel :<\/strong> L&#039;utilisation de v\u00e9ritable li\u00e8ge cr\u00e9e un sceau authentique et durable qui rehausse l&#039;attrait visuel du produit.<\/li>\n<\/ul>\n<h2 style=\"text-align: left;\">Caract\u00e9ristiques principales<\/h2>\n<table class=\"aligncenter\" style=\"border-collapse: collapse; width: 444.77pt;\" border=\"0\" width=\"593\" cellspacing=\"0\" cellpadding=\"0\">\n<tbody>\n<tr style=\"height: 13.50pt;\">\n<td style=\"height: 13.50pt; width: 133.50pt;\" width=\"178\" height=\"18\">Sp\u00e9cification<\/td>\n<td style=\"width: 311.25pt;\" width=\"415\">D\u00e9tails<\/td>\n<\/tr>\n<tr style=\"height: 13.50pt;\">\n<td style=\"height: 13.50pt;\" height=\"18\">Dimensions et capacit\u00e9<\/td>\n<td>100 ml, 250 ml, 380 ml, 500 ml, 750 ml<\/td>\n<\/tr>\n<tr style=\"height: 13.50pt;\">\n<td style=\"height: 13.50pt;\" height=\"18\">Mat\u00e9riel<\/td>\n<td>Verre clair ou d\u00e9poli, li\u00e8ge naturel<\/td>\n<\/tr>\n<tr style=\"height: 13.50pt;\">\n<td style=\"height: 13.50pt;\" height=\"18\">Forme de bouteille<\/td>\n<td>En forme de larme arrondie avec une pointe \u00e9troite<\/td>\n<\/tr>\n<tr style=\"height: 13.50pt;\">\n<td style=\"height: 13.50pt;\" height=\"18\">\u00c9tendue de la personnalisation<\/td>\n<td>Couleur, finition, li\u00e8ge, taille<\/td>\n<\/tr>\n<tr style=\"height: 13.50pt;\">\n<td style=\"height: 13.50pt;\" height=\"18\">Savoir-faire<\/td>\n<td>Soufflage de verre pour des formes organiques, traitement de d\u00e9polissage<\/td>\n<\/tr>\n<tr style=\"height: 13.50pt;\">\n<td style=\"height: 13.50pt;\" height=\"18\">Objectif du produit<\/td>\n<td>Bouteilles en verre pour spiritueux, bouteilles pour liqueurs infus\u00e9es<\/td>\n<\/tr>\n<tr style=\"height: 13.50pt;\">\n<td style=\"height: 13.50pt;\" height=\"18\">Secteurs d&#039;activit\u00e9 appropri\u00e9s<\/td>\n<td>Distilleries artisanales, vignerons, usine de boissons<\/td>\n<\/tr>\n<\/tbody>\n<\/table>\n<h2>T\u00e9moignage de r\u00e9ussite\u00a0: Commande personnalis\u00e9e aupr\u00e8s d\u2019une marque de spiritueux artisanaux californienne<\/h2>\n<p>La marque californienne a choisi nos bouteilles rondes givr\u00e9es de 500 ml et 750 ml, en verre ambr\u00e9 clair sur mesure, pour ses Amarone et liqueurs. Le r\u00e9sultat a \u00e9t\u00e9 spectaculaire\u00a0: la forme unique en goutte d\u2019eau des bouteilles leur a permis d\u2019\u00eatre 50\u00a0% plus visibles dans les points de vente tr\u00e8s fr\u00e9quent\u00e9s, tandis que le bouchon en li\u00e8ge sur mesure a assur\u00e9 une fermeture herm\u00e9tique, r\u00e9duisant ainsi l\u2019\u00e9vaporation annuelle du produit de 0,5\u00a0%. Gr\u00e2ce \u00e0 cette solution de design unique, parfaitement adapt\u00e9e \u00e0 son concept original, l\u2019entreprise a d\u00e9croch\u00e9 un contrat de traiteur national avec un groupe de restauration haut de gamme. Le succ\u00e8s initial du projet l\u2019a incit\u00e9e \u00e0 commander 300\u00a0000 bouteilles suppl\u00e9mentaires.<\/p>\n<h2>Suggestions de personnalisation de bouteilles en verre pour spiritueux<\/h2>\n<ul>\n<li>Le produit propose deux options diff\u00e9rentes de bouchons et de fermetures, notamment des bouchons en li\u00e8ge synth\u00e9tique et en li\u00e8ge impr\u00e9gn\u00e9 de cire, ainsi que des bouchons en bois avec des capuchons m\u00e9talliques.<\/li>\n<li>Scellage \u00e0 la cire\u00a0: L\u2019entreprise propose des services de scellage \u00e0 la cire de couleur personnalis\u00e9e qui contribuent \u00e0 renforcer l\u2019authenticit\u00e9 et \u00e0 am\u00e9liorer la s\u00e9curit\u00e9 des bouchons en li\u00e8ge.<\/li>\n<li>Ajustement du volume\u00a0: Les coffrets cadeaux comprennent des mini-flacons de 50\u00a0ml, tandis que les grands flacons d\u2019un litre sont propos\u00e9s en \u00e9dition sp\u00e9ciale.<\/li>\n<\/ul>","protected":false},"excerpt":{"rendered":"<p>Bouteilles en verre pour spiritueux, \u00e9l\u00e9gantes en forme de goutte d&#039;eau avec bouchon de li\u00e8ge. Bouteilles rondes disponibles en verre transparent et d\u00e9poli. Personnalisation possible.<\/p>","protected":false},"featured_media":6236,"template":"","meta":{"postBodyCss":"","postBodyMargin":[],"postBodyPadding":[],"postBodyBackground":{"backgroundType":"classic","gradient":""}},"product_brand":[],"product_cat":[15,108,16],"product_tag":[],"class_list":{"0":"post-6232","1":"product","2":"type-product","3":"status-publish","4":"has-post-thumbnail","6":"product_cat-glass-containers","7":"product_cat-liquor-bottles","8":"product_cat-glass-bottles","10":"first","11":"instock","12":"shipping-taxable","13":"product-type-simple"},"jetpack_sharing_enabled":true,"_links":{"self":[{"href":"https:\/\/minghanggroup.com\/fr\/wp-json\/wp\/v2\/product\/6232","targetHints":{"allow":["GET"]}}],"collection":[{"href":"https:\/\/minghanggroup.com\/fr\/wp-json\/wp\/v2\/product"}],"about":[{"href":"https:\/\/minghanggroup.com\/fr\/wp-json\/wp\/v2\/types\/product"}],"wp:featuredmedia":[{"embeddable":true,"href":"https:\/\/minghanggroup.com\/fr\/wp-json\/wp\/v2\/media\/6236"}],"wp:attachment":[{"href":"https:\/\/minghanggroup.com\/fr\/wp-json\/wp\/v2\/media?parent=6232"}],"wp:term":[{"taxonomy":"product_brand","embeddable":true,"href":"https:\/\/minghanggroup.com\/fr\/wp-json\/wp\/v2\/product_brand?post=6232"},{"taxonomy":"product_cat","embeddable":true,"href":"https:\/\/minghanggroup.com\/fr\/wp-json\/wp\/v2\/product_cat?post=6232"},{"taxonomy":"product_tag","embeddable":true,"href":"https:\/\/minghanggroup.com\/fr\/wp-json\/wp\/v2\/product_tag?post=6232"}],"curies":[{"name":"wp","href":"https:\/\/api.w.org\/{rel}","templated":true}]}}