{"id":6223,"date":"2026-04-07T13:40:10","date_gmt":"2026-04-07T05:40:10","guid":{"rendered":"https:\/\/minghanggroup.com\/?post_type=product&#038;p=6223"},"modified":"2026-04-07T13:40:11","modified_gmt":"2026-04-07T05:40:11","slug":"clear-liquor-bottles-with-glass-stopper-bulk","status":"publish","type":"product","link":"https:\/\/minghanggroup.com\/fr\/produit\/clear-liquor-bottles-with-glass-stopper-bulk\/","title":{"rendered":"Bouteilles de liqueur transparentes de 100 ml \u00e0 1000 ml avec bouchon en verre (vente en gros)"},"content":{"rendered":"<p>Le design de nos bouteilles de spiritueux transparentes pr\u00e9sente une forme ample qui se prolonge par un col \u00e9lanc\u00e9. Le bord plat de la bouteille assure une parfaite \u00e9tanch\u00e9it\u00e9 avec le bouchon en verre fourni. Ce design mettra en valeur votre produit gr\u00e2ce \u00e0 un verre d&#039;une grande clart\u00e9, sublimant la robe dor\u00e9e d&#039;un whisky d&#039;exception ou son fini d\u00e9poli qui lui conf\u00e8re une profondeur myst\u00e9rieuse.<\/p>\n<h2>Caract\u00e9ristiques du produit<\/h2>\n<ul>\n<li><strong>Forme compacte et arrondie :<\/strong> Cette bouteille arbore une forme tr\u00e8s particuli\u00e8re, \u00ab ronde et trapue \u00bb, avec des lignes \u00e9l\u00e9gantes et des proportions harmonieuses qui lui conf\u00e8rent une apparence tr\u00e8s agr\u00e9able et attachante.<\/li>\n<li><strong>Qualit\u00e9 des mat\u00e9riaux haut de gamme :<\/strong> Fabriqu\u00e9es en verre de haute qualit\u00e9, ces bouteilles offrent une solidit\u00e9 et une r\u00e9sistance \u00e0 la casse consid\u00e9rables, m\u00eame en cas de manutention brutale lors des livraisons longue distance.<\/li>\n<li><strong>Joint d&#039;\u00e9tanch\u00e9it\u00e9 en verre :<\/strong> Le goulot de la bouteille est dot\u00e9 d&#039;un bord plat qui garantit un ajustement id\u00e9al et uniforme avec les bouchons ou capsules en verre, ce qui la rend parfaite pour pr\u00e9server la fra\u00eecheur et la saveur originales de vos spiritueux sans aucune fuite.<\/li>\n<\/ul>\n<h2>Caract\u00e9ristiques principales<\/h2>\n<table style=\"border-collapse: collapse; width: 80%; margin-left: auto; margin-right: auto;\" border=\"0\" width=\"144\" cellspacing=\"0\" cellpadding=\"0\">\n<tbody>\n<tr style=\"height: 13.50pt;\">\n<td style=\"height: 13.5pt; width: 54pt; text-align: center;\" width=\"72\" height=\"18\">Fonctionnalit\u00e9<\/td>\n<td style=\"width: 54pt; text-align: center;\" width=\"72\">D\u00e9tails<\/td>\n<\/tr>\n<tr style=\"height: 13.50pt;\">\n<td style=\"height: 13.5pt; text-align: center;\" height=\"18\">Capacit\u00e9 (ml)<\/td>\n<td style=\"text-align: center;\">100 250 500 1000<\/td>\n<\/tr>\n<tr style=\"height: 13.50pt;\">\n<td style=\"height: 13.5pt; text-align: center;\" height=\"18\">Finition du cou<\/td>\n<td style=\"text-align: center;\">Bouche plate (pour bouchon en verre)<\/td>\n<\/tr>\n<tr style=\"height: 13.50pt;\">\n<td style=\"height: 13.5pt; text-align: center;\" height=\"18\">Application<\/td>\n<td style=\"text-align: center;\">Liqueurs, spiritueux, vin, huile d&#039;olive<\/td>\n<\/tr>\n<tr style=\"height: 13.50pt;\">\n<td style=\"height: 13.5pt; text-align: center;\" height=\"18\">Manutention de surface<\/td>\n<td style=\"text-align: center;\">Polissage, givr\u00e9, d\u00e9calcomanie, \u00e9tiquetage<\/td>\n<\/tr>\n<\/tbody>\n<\/table>\n<h2>Histoire \u00e0 succ\u00e8s<\/h2>\n<p>Nous avons entam\u00e9 un nouveau partenariat avec une distillerie de whisky australienne, une distillerie artisanale. L&#039;entreprise a choisi notre bouteille de 375 ml comme solution de conditionnement. Souhaitant mettre en valeur la qualit\u00e9 de son whisky gr\u00e2ce \u00e0 un flacon en verre transparent, elle a opt\u00e9 pour un emballage personnalis\u00e9. L&#039;entreprise a utilis\u00e9 la s\u00e9rigraphie pour cr\u00e9er un logo \u00e0 l&#039;effet givr\u00e9, appos\u00e9 en relief sur la bouteille. Ses ventes ont progress\u00e9 de 40 % d\u00e8s les trois premiers mois. Trois mois plus tard, elle a pass\u00e9 une importante commande pour constituer ses stocks en pr\u00e9vision des f\u00eates de fin d&#039;ann\u00e9e.<\/p>\n<h2>Conseils de personnalisation<\/h2>\n<ol>\n<li><strong>Fabrication de bouteilles :<\/strong> On peut d\u00e9polir le verre (pour un effet mat), r\u00e9aliser une s\u00e9rigraphie (pour y apposer le logo de l&#039;entreprise ou un motif) ou m\u00eame un marquage \u00e0 chaud avec une feuille d&#039;or ou d&#039;argent pour ceux qui recherchent un rendu luxueux. Le vernis UV s\u00e9lectif est \u00e9galement id\u00e9al pour mettre en valeur certains \u00e9l\u00e9ments du design et ainsi renforcer la notori\u00e9t\u00e9 de la marque sur la bouteille.<\/li>\n<li><strong>\u00c9tiquettes et emballages\u00a0:<\/strong> Vous pouvez utiliser des \u00e9tiquettes personnalis\u00e9es (papier ou PVC imperm\u00e9able), des coffrets cadeaux (bouteilles individuelles ou multiples), des cordons de serrage ou des sceaux de cire pour cr\u00e9er une exp\u00e9rience de marque compl\u00e8te \u2013 de l&#039;int\u00e9rieur vers l&#039;ext\u00e9rieur \u2013 ce qui rend le produit particuli\u00e8rement adapt\u00e9 au march\u00e9 des cadeaux.<\/li>\n<li><strong>Techniques d\u00e9coratives sp\u00e9ciales :<\/strong> Par exemple, on peut imprimer un motif de marque presque invisible sur le fond de la bouteille ou utiliser une texture antid\u00e9rapante sur le corps (pour am\u00e9liorer la prise en main), de sorte que m\u00eame de petits d\u00e9tails servent de facteur de diff\u00e9renciation.<\/li>\n<\/ol>","protected":false},"excerpt":{"rendered":"<p>Bouteilles transparentes de 375 ml avec bouchon en verre, id\u00e9ales pour les spiritueux et parfaites pour le branding. Livraison rapide.<\/p>","protected":false},"featured_media":6231,"template":"","meta":{"postBodyCss":"","postBodyMargin":[],"postBodyPadding":[],"postBodyBackground":{"backgroundType":"classic","gradient":""}},"product_brand":[],"product_cat":[15,108,16],"product_tag":[],"class_list":{"0":"post-6223","1":"product","2":"type-product","3":"status-publish","4":"has-post-thumbnail","6":"product_cat-glass-containers","7":"product_cat-liquor-bottles","8":"product_cat-glass-bottles","10":"first","11":"instock","12":"shipping-taxable","13":"product-type-simple"},"jetpack_sharing_enabled":true,"_links":{"self":[{"href":"https:\/\/minghanggroup.com\/fr\/wp-json\/wp\/v2\/product\/6223","targetHints":{"allow":["GET"]}}],"collection":[{"href":"https:\/\/minghanggroup.com\/fr\/wp-json\/wp\/v2\/product"}],"about":[{"href":"https:\/\/minghanggroup.com\/fr\/wp-json\/wp\/v2\/types\/product"}],"wp:featuredmedia":[{"embeddable":true,"href":"https:\/\/minghanggroup.com\/fr\/wp-json\/wp\/v2\/media\/6231"}],"wp:attachment":[{"href":"https:\/\/minghanggroup.com\/fr\/wp-json\/wp\/v2\/media?parent=6223"}],"wp:term":[{"taxonomy":"product_brand","embeddable":true,"href":"https:\/\/minghanggroup.com\/fr\/wp-json\/wp\/v2\/product_brand?post=6223"},{"taxonomy":"product_cat","embeddable":true,"href":"https:\/\/minghanggroup.com\/fr\/wp-json\/wp\/v2\/product_cat?post=6223"},{"taxonomy":"product_tag","embeddable":true,"href":"https:\/\/minghanggroup.com\/fr\/wp-json\/wp\/v2\/product_tag?post=6223"}],"curies":[{"name":"wp","href":"https:\/\/api.w.org\/{rel}","templated":true}]}}