{"id":6218,"date":"2026-04-07T10:57:04","date_gmt":"2026-04-07T02:57:04","guid":{"rendered":"https:\/\/minghanggroup.com\/?post_type=product&#038;p=6218"},"modified":"2026-04-07T10:57:06","modified_gmt":"2026-04-07T02:57:06","slug":"custom-glass-liquor-bottles-with-lids-for-packaging-bulk","status":"publish","type":"product","link":"https:\/\/minghanggroup.com\/fr\/produit\/custom-glass-liquor-bottles-with-lids-for-packaging-bulk\/","title":{"rendered":"Bouteilles en verre personnalis\u00e9es de 100 ml \u00e0 1000 ml avec bouchons pour le conditionnement en vrac"},"content":{"rendered":"<p>Les bouteilles en verre pour spiritueux affichent une construction robuste gr\u00e2ce \u00e0 leur design qui allie une forme cylindrique lisse \u00e0 un col \u00e9troit, cr\u00e9ant ainsi une esth\u00e9tique intemporelle tr\u00e8s appr\u00e9ci\u00e9e des consommateurs modernes. Vous pouvez choisir entre une finition transparente ou d\u00e9polie pour affirmer l&#039;identit\u00e9 de votre marque. Les bouteilles personnalis\u00e9es sont disponibles avec des capsules \u00e0 vis ou plates en bois ou en aluminium, garantissant une fermeture herm\u00e9tique \u00e0 chaque service. Propos\u00e9es en diff\u00e9rentes contenances, de 100 ml \u00e0 1000 ml, elles conviennent parfaitement au stockage du whisky, de la vodka et d&#039;autres spiritueux. Nos bouteilles allient qualit\u00e9 et polyvalence, r\u00e9pondant ainsi aux besoins des distilleries souhaitant lancer de nouveaux produits et des n\u00e9gociants effectuant des achats en gros.<\/p>\n<h2>Caract\u00e9ristiques du produit<\/h2>\n<ul>\n<li><strong>Finition haut de gamme :<\/strong> Proposer une finition transparente et sabl\u00e9e permet aux marques d&#039;\u00eatre plus attrayantes visuellement et d&#039;affirmer leur identit\u00e9.<\/li>\n<li><strong>Fermeture s\u00e9curis\u00e9e :<\/strong> L&#039;\u00e9tanch\u00e9it\u00e9 du stockage est garantie gr\u00e2ce aux bouchons \u00e0 vis et \u00e0 bouchon plat associ\u00e9s \u00e0 des couvercles en bois ou en aluminium.<\/li>\n<li><strong>Conception \u00e0 base \u00e9paissie\u00a0:<\/strong> Un fond renforc\u00e9 contribue non seulement \u00e0 un produit plus lourd et plus stable, mais aussi \u00e0 am\u00e9liorer sa pr\u00e9sence en rayon et \u00e0 renforcer l&#039;id\u00e9e de haute qualit\u00e9.<\/li>\n<\/ul>\n<h2>Caract\u00e9ristiques principales<\/h2>\n<table style=\"border-collapse: collapse; width: 80%; margin-left: auto; margin-right: auto;\" border=\"0\" width=\"144\" cellspacing=\"0\" cellpadding=\"0\">\n<tbody>\n<tr style=\"height: 13.50pt;\">\n<td style=\"height: 13.5pt; width: 54pt; text-align: center;\" width=\"72\" height=\"18\">Cat\u00e9gorie<\/td>\n<td style=\"width: 54pt; text-align: center;\" width=\"72\">D\u00e9tails<\/td>\n<\/tr>\n<tr style=\"height: 13.50pt;\">\n<td style=\"height: 13.5pt; text-align: center;\" height=\"18\">Capacit\u00e9s<\/td>\n<td style=\"text-align: center;\">100, 200, 375, 500, 750, 1000 ml<\/td>\n<\/tr>\n<tr style=\"height: 13.50pt;\">\n<td style=\"height: 13.5pt; text-align: center;\" height=\"18\">Finition verre<\/td>\n<td style=\"text-align: center;\">Transparent, givr\u00e9<\/td>\n<\/tr>\n<tr style=\"height: 13.50pt;\">\n<td style=\"height: 13.5pt; text-align: center;\" height=\"18\">Type de cou<\/td>\n<td style=\"text-align: center;\">\u00c9minent, cylindrique<\/td>\n<\/tr>\n<tr style=\"height: 13.50pt;\">\n<td style=\"height: 13.5pt; text-align: center;\" height=\"18\">Options de plafond<\/td>\n<td style=\"text-align: center;\">Bouchon \u00e0 vis, bouchon plat<\/td>\n<\/tr>\n<tr style=\"height: 13.50pt;\">\n<td style=\"height: 13.5pt; text-align: center;\" height=\"18\">Mat\u00e9riaux du bouchon<\/td>\n<td style=\"text-align: center;\">Bois, aluminium<\/td>\n<\/tr>\n<tr style=\"height: 13.50pt;\">\n<td style=\"height: 13.5pt; text-align: center;\" height=\"18\">Cas d&#039;utilisation<\/td>\n<td style=\"text-align: center;\">Whisky, vodka, rhum, spiritueux artisanaux<\/td>\n<\/tr>\n<\/tbody>\n<\/table>\n<h2>Histoire \u00e0 succ\u00e8s<\/h2>\n<p>Une marque de spiritueux haut de gamme italienne s&#039;appr\u00eatait \u00e0 lancer une nouvelle gamme de spiritueux artisanaux. Apr\u00e8s une \u00e9valuation comparative, elle a choisi nos bouteilles de 750 ml en verre d\u00e9poli. Le client a opt\u00e9 pour un bouchon de li\u00e8ge orn\u00e9 d&#039;incrustations de bois naturel et a exig\u00e9 un bouchon interne sur mesure pour garantir une \u00e9tanch\u00e9it\u00e9 optimale lors du transport. Nous avons combin\u00e9 la s\u00e9rigraphie et le gaufrage pour cr\u00e9er un design visuel raffin\u00e9, tout en conservant une esth\u00e9tique minimaliste.<\/p>\n<p>Le produit a enregistr\u00e9 une croissance impressionnante de ses ventes, de l&#039;ordre de 35 %, au cours de ses deux premiers trimestres suivant son lancement. Le client a pass\u00e9 des commandes suppl\u00e9mentaires suite aux retours positifs des distributeurs et \u00e0 la fid\u00e9lit\u00e9 des clients.<\/p>\n<h2>Conseils de personnalisation<\/h2>\n<ol>\n<li><strong>Personnalisation de la fermeture\u00a0:<\/strong> Choisissez parmi trois options de fermeture : bouchon en li\u00e8ge avec embout en bois, bouchon synth\u00e9tique et bouchon \u00e0 vis en aluminium. Les utilisateurs peuvent personnaliser la forme et la couleur du bouchon.<\/li>\n<li><strong>Logo et d\u00e9coration :<\/strong> Le marquage peut \u00eatre r\u00e9alis\u00e9 par s\u00e9rigraphie, marquage \u00e0 chaud, gaufrage\/d\u00e9bossage et \u00e9tiquetage par d\u00e9calcomanie, cr\u00e9ant ainsi de multiples effets visuels.<\/li>\n<li><strong>Variations de capacit\u00e9 :<\/strong> L&#039;entreprise propose plusieurs formats de bouteilles, notamment 200 ml, 375 ml, 500 ml et 700 ml, pour les coffrets cadeaux et les diff\u00e9rents canaux de vente.<\/li>\n<\/ol>","protected":false},"excerpt":{"rendered":"<p>Bouteilles en verre transparent ou d\u00e9poli pour spiritueux. Id\u00e9ales pour le conditionnement de spiritueux, ces bouteilles personnalis\u00e9es sont disponibles directement du fabricant. \u00c9chantillons gratuits et commandes en gros possibles.<\/p>","protected":false},"featured_media":6222,"template":"","meta":{"postBodyCss":"","postBodyMargin":[],"postBodyPadding":[],"postBodyBackground":{"backgroundType":"classic","gradient":""}},"product_brand":[],"product_cat":[108,15,16],"product_tag":[],"class_list":{"0":"post-6218","1":"product","2":"type-product","3":"status-publish","4":"has-post-thumbnail","6":"product_cat-liquor-bottles","7":"product_cat-glass-containers","8":"product_cat-glass-bottles","10":"first","11":"instock","12":"shipping-taxable","13":"product-type-simple"},"jetpack_sharing_enabled":true,"_links":{"self":[{"href":"https:\/\/minghanggroup.com\/fr\/wp-json\/wp\/v2\/product\/6218","targetHints":{"allow":["GET"]}}],"collection":[{"href":"https:\/\/minghanggroup.com\/fr\/wp-json\/wp\/v2\/product"}],"about":[{"href":"https:\/\/minghanggroup.com\/fr\/wp-json\/wp\/v2\/types\/product"}],"wp:featuredmedia":[{"embeddable":true,"href":"https:\/\/minghanggroup.com\/fr\/wp-json\/wp\/v2\/media\/6222"}],"wp:attachment":[{"href":"https:\/\/minghanggroup.com\/fr\/wp-json\/wp\/v2\/media?parent=6218"}],"wp:term":[{"taxonomy":"product_brand","embeddable":true,"href":"https:\/\/minghanggroup.com\/fr\/wp-json\/wp\/v2\/product_brand?post=6218"},{"taxonomy":"product_cat","embeddable":true,"href":"https:\/\/minghanggroup.com\/fr\/wp-json\/wp\/v2\/product_cat?post=6218"},{"taxonomy":"product_tag","embeddable":true,"href":"https:\/\/minghanggroup.com\/fr\/wp-json\/wp\/v2\/product_tag?post=6218"}],"curies":[{"name":"wp","href":"https:\/\/api.w.org\/{rel}","templated":true}]}}