{"id":6216,"date":"2026-04-07T09:09:06","date_gmt":"2026-04-07T01:09:06","guid":{"rendered":"https:\/\/minghanggroup.com\/?post_type=product&#038;p=6216"},"modified":"2026-04-07T16:38:05","modified_gmt":"2026-04-07T08:38:05","slug":"square-empty-liquor-bottles-wholesale","status":"publish","type":"product","link":"https:\/\/minghanggroup.com\/fr\/produit\/square-empty-liquor-bottles-wholesale\/","title":{"rendered":"Bouteilles d&#039;alcool carr\u00e9es vides de 250 ml et 500 ml en gros"},"content":{"rendered":"<p>Les bouteilles d&#039;alcool vides arborent un design carr\u00e9 moderne en verre ultra-transparent. Disponibles en deux formats, elles sont fournies avec un bouchon en verre transparent assorti.<\/p>\n<h2>Caract\u00e9ristiques du produit<\/h2>\n<ul>\n<li><strong>Conception de colonne carr\u00e9e\u00a0:<\/strong> Cet \u00e9l\u00e9ment de design pr\u00e9sente une forme carr\u00e9e aux coins arrondis qui lui conf\u00e8re robustesse et facilit\u00e9 de manipulation, tout en affichant un design contemporain qui s&#039;inspire des principes minimalistes.<\/li>\n<li><strong>Verre \u00e9pais :<\/strong> La bouteille en verre \u00e9pais offre une excellente visibilit\u00e9 de la boisson \u00e0 l&#039;int\u00e9rieur, tout en conservant sa grande r\u00e9sistance et sa qualit\u00e9.<\/li>\n<li><strong>Plusieurs tailles disponibles :<\/strong> Le produit propose deux options de taille distinctes, permettant aux utilisateurs de choisir entre diff\u00e9rentes capacit\u00e9s de reconditionnement du vin.<\/li>\n<\/ul>\n<h2 style=\"text-align: left;\">Caract\u00e9ristiques principales<\/h2>\n<table class=\"aligncenter\" style=\"border-collapse: collapse; width: 384.77pt;\" border=\"0\" width=\"513\" cellspacing=\"0\" cellpadding=\"0\">\n<tbody>\n<tr style=\"height: 13.50pt;\">\n<td style=\"height: 13.50pt; width: 142.50pt;\" width=\"190\" height=\"18\">Sp\u00e9cification<\/td>\n<td style=\"width: 242.25pt;\" width=\"323\">D\u00e9tails<\/td>\n<\/tr>\n<tr style=\"height: 13.50pt;\">\n<td style=\"height: 13.50pt;\" height=\"18\">Dimensions et capacit\u00e9<\/td>\n<td>250 ml : 7,5 \u00d7 12 cm, 500 ml : 9,4 \u00d7 14,3 cm<\/td>\n<\/tr>\n<tr style=\"height: 13.50pt;\">\n<td style=\"height: 13.50pt;\" height=\"18\">Mat\u00e9riel<\/td>\n<td>Verre clair \u00e0 parois \u00e9paisses<\/td>\n<\/tr>\n<tr style=\"height: 13.50pt;\">\n<td style=\"height: 13.50pt;\" height=\"18\">Forme de bouteille<\/td>\n<td>Prisme carr\u00e9 plat \u00e0 coins arrondis<\/td>\n<\/tr>\n<tr style=\"height: 13.50pt;\">\n<td style=\"height: 13.50pt;\" height=\"18\">\u00c9tendue de la personnalisation<\/td>\n<td>Couleur, forme, couvercles, taille<\/td>\n<\/tr>\n<tr style=\"height: 13.50pt;\">\n<td style=\"height: 13.50pt;\" height=\"18\">Savoir-faire<\/td>\n<td>Formage du verre \u00e0 parois \u00e9paisses<\/td>\n<\/tr>\n<tr style=\"height: 13.50pt;\">\n<td style=\"height: 13.50pt;\" height=\"18\">Objectif du produit<\/td>\n<td>Spiritueux artisanaux, bouteilles de liqueurs infus\u00e9es<\/td>\n<\/tr>\n<tr style=\"height: 13.50pt;\">\n<td style=\"height: 13.50pt;\" height=\"18\">Secteurs d&#039;activit\u00e9 appropri\u00e9s<\/td>\n<td>Distilleries artisanales, vignerons de petite taille<\/td>\n<\/tr>\n<\/tbody>\n<\/table>\n<h2>Histoire \u00e0 succ\u00e8s<\/h2>\n<p>La brasserie artisanale de l&#039;Oregon a command\u00e9 notre bouteille carr\u00e9e de 500 ml, dot\u00e9e d&#039;une \u00e9tiquette avant personnalis\u00e9e sabl\u00e9e et d&#039;un bouchon en li\u00e8ge naturel. La texture \u00e9paisse du verre conf\u00e8re au produit un aspect impressionnant, justifiant ainsi la surtaxe de 5 $ par bouteille. De plus, sa forme carr\u00e9e unique accro\u00eet la visibilit\u00e9 de la marque en rayon de 40 %. Forte de cette exp\u00e9rience positive, l&#039;entreprise a pass\u00e9 une nouvelle commande de 500\u00a0000 bouteilles.<\/p>\n<h2>Options de personnalisation des bouteilles d&#039;alcool vides<\/h2>\n<ul>\n<li>Options de bouchon : Le produit propose trois options de bouchon diff\u00e9rentes : li\u00e8ge naturel et li\u00e8ge synth\u00e9tique.<\/li>\n<li>Variations de taille\u00a0: La bouteille carr\u00e9e offre deux options de dimensions permettant aux utilisateurs de modifier ses caract\u00e9ristiques de hauteur et de largeur afin de r\u00e9pondre aux besoins du produit et aux exigences d\u2019affichage.<\/li>\n<li>Preuve d&#039;inviolabilit\u00e9\u00a0: L&#039;association d&#039;un film r\u00e9tractable et d&#039;un sceau de cire cr\u00e9e un syst\u00e8me inviolable qui garantit une protection de s\u00e9curit\u00e9 optimale.<\/li>\n<\/ul>","protected":false},"excerpt":{"rendered":"<p>Bouteilles d&#039;alcool vides, carr\u00e9es et transparentes, en verre \u00e9pais avec bouchon. Id\u00e9ales pour le whisky ou la vodka. Livraison rapide dans le monde entier.<\/p>","protected":false},"featured_media":6224,"template":"","meta":{"postBodyCss":"","postBodyMargin":[],"postBodyPadding":[],"postBodyBackground":{"backgroundType":"classic","gradient":""}},"product_brand":[],"product_cat":[108,15,16],"product_tag":[],"class_list":{"0":"post-6216","1":"product","2":"type-product","3":"status-publish","4":"has-post-thumbnail","6":"product_cat-liquor-bottles","7":"product_cat-glass-containers","8":"product_cat-glass-bottles","10":"first","11":"instock","12":"shipping-taxable","13":"product-type-simple"},"jetpack_sharing_enabled":true,"_links":{"self":[{"href":"https:\/\/minghanggroup.com\/fr\/wp-json\/wp\/v2\/product\/6216","targetHints":{"allow":["GET"]}}],"collection":[{"href":"https:\/\/minghanggroup.com\/fr\/wp-json\/wp\/v2\/product"}],"about":[{"href":"https:\/\/minghanggroup.com\/fr\/wp-json\/wp\/v2\/types\/product"}],"wp:featuredmedia":[{"embeddable":true,"href":"https:\/\/minghanggroup.com\/fr\/wp-json\/wp\/v2\/media\/6224"}],"wp:attachment":[{"href":"https:\/\/minghanggroup.com\/fr\/wp-json\/wp\/v2\/media?parent=6216"}],"wp:term":[{"taxonomy":"product_brand","embeddable":true,"href":"https:\/\/minghanggroup.com\/fr\/wp-json\/wp\/v2\/product_brand?post=6216"},{"taxonomy":"product_cat","embeddable":true,"href":"https:\/\/minghanggroup.com\/fr\/wp-json\/wp\/v2\/product_cat?post=6216"},{"taxonomy":"product_tag","embeddable":true,"href":"https:\/\/minghanggroup.com\/fr\/wp-json\/wp\/v2\/product_tag?post=6216"}],"curies":[{"name":"wp","href":"https:\/\/api.w.org\/{rel}","templated":true}]}}