{"id":6204,"date":"2026-04-06T10:12:26","date_gmt":"2026-04-06T02:12:26","guid":{"rendered":"https:\/\/minghanggroup.com\/?post_type=product&#038;p=6204"},"modified":"2026-04-06T13:23:17","modified_gmt":"2026-04-06T05:23:17","slug":"square-transparent-flower-vases-wholesale","status":"publish","type":"product","link":"https:\/\/minghanggroup.com\/fr\/produit\/square-transparent-flower-vases-wholesale\/","title":{"rendered":"Vases \u00e0 fleurs carr\u00e9s transparents de 750 ml, 800 ml et 1100 ml en gros"},"content":{"rendered":"<p>Ces vases carr\u00e9s en verre arborent un design moderne gr\u00e2ce \u00e0 leur forme carr\u00e9e. Fa\u00e7onn\u00e9s par des artisans dans un verre cristallin aux profondes rainures verticales, ils sont disponibles en quatre tailles diff\u00e9rentes.<\/p>\n<h2>Caract\u00e9ristiques du produit<\/h2>\n<ul>\n<li><strong>Colonne carr\u00e9e simple :<\/strong> Sa forme carr\u00e9e, nette et g\u00e9om\u00e9trique, cr\u00e9e une silhouette architecturale moderne, qui s&#039;int\u00e8gre parfaitement aux espaces contemporains.<\/li>\n<li><strong>Couverture int\u00e9grale des nervures verticales :<\/strong> Les profondes nervures verticales qui s&#039;\u00e9tendent sur tous les c\u00f4t\u00e9s de l&#039;objet cr\u00e9ent un motif visuel attrayant tout en lui conf\u00e9rant une solidit\u00e9 accrue et en produisant de superbes effets de lumi\u00e8re et d&#039;ombre.<\/li>\n<li><strong>Base solide et arrondie :<\/strong> Le socle en verre \u00e9pais et rond offre une stabilit\u00e9 exceptionnelle tout en lui conf\u00e9rant une apparence haut de gamme.<\/li>\n<\/ul>\n<h2 style=\"text-align: left;\">Caract\u00e9ristiques principales<\/h2>\n<table class=\"aligncenter\" style=\"border-collapse: collapse; width: 445.52pt;\" border=\"0\" width=\"594\" cellspacing=\"0\" cellpadding=\"0\">\n<tbody>\n<tr style=\"height: 13.50pt;\">\n<td style=\"height: 13.50pt; width: 119.25pt;\" width=\"159\" height=\"18\">Attribut<\/td>\n<td style=\"width: 326.25pt;\" width=\"435\">D\u00e9tails<\/td>\n<\/tr>\n<tr style=\"height: 13.50pt;\">\n<td style=\"height: 13.50pt;\" height=\"18\">Dimensions (H) et capacit\u00e9<\/td>\n<td>10\u00d710cm (750ml), 10\u00d712cm (800ml), 10\u00d715cm (1100ml)<\/td>\n<\/tr>\n<tr style=\"height: 13.50pt;\">\n<td style=\"height: 13.50pt;\" height=\"18\">Mat\u00e9riel<\/td>\n<td>verre transparent<\/td>\n<\/tr>\n<tr style=\"height: 13.50pt;\">\n<td style=\"height: 13.50pt;\" height=\"18\">Vase en forme de vase<\/td>\n<td>Colonne carr\u00e9e \u00e0 nervures verticales<\/td>\n<\/tr>\n<tr style=\"height: 13.50pt;\">\n<td style=\"height: 13.50pt;\" height=\"18\">Gamme de personnalisation<\/td>\n<td>Couleur, largeur\/profondeur des c\u00f4tes, taille, forme<\/td>\n<\/tr>\n<tr style=\"height: 13.50pt;\">\n<td style=\"height: 13.50pt;\" height=\"18\">Savoir-faire<\/td>\n<td>Verre moul\u00e9 de haute qualit\u00e9, formage carr\u00e9 pr\u00e9cis<\/td>\n<\/tr>\n<tr style=\"height: 13.50pt;\">\n<td style=\"height: 13.50pt;\" height=\"18\">Utilisation principale<\/td>\n<td>Vase \u00e0 fleurs transparent moderne pour compositions florales<\/td>\n<\/tr>\n<tr style=\"height: 13.50pt;\">\n<td style=\"height: 13.50pt;\" height=\"18\">Secteurs cibles<\/td>\n<td>d\u00e9taillants de d\u00e9coration int\u00e9rieure, fleuristes modernes<\/td>\n<\/tr>\n<\/tbody>\n<\/table>\n<h2>Succ\u00e8s\u00a0: Affichage embl\u00e9matique dans le hall d\u2019une marque d\u2019h\u00f4tel de luxe<\/h2>\n<p>La marque h\u00f4teli\u00e8re de luxe internationale nous a command\u00e9 un vase \u00e0 fleurs transparent \u00e0 rainures carr\u00e9es, personnalis\u00e9 dans un gris fum\u00e9 clair avec un logo sabl\u00e9 sur le socle. D\u00e8s son lancement, ce vase a g\u00e9n\u00e9r\u00e9 une augmentation de 500 % des ventes en ligne dans la cat\u00e9gorie \u00ab\u00a0vase moderne\u00a0\u00bb, atteignant un taux d&#039;\u00e9coulement de 98 % au premier trimestre. Face \u00e0 un tel succ\u00e8s, la marque a pass\u00e9 une commande suppl\u00e9mentaire de 480\u00a0000 vases pour son nouvel h\u00f4tel et sa collection exclusive en ligne pour la maison.<\/p>\n<h2>Options de personnalisation pour les vases carr\u00e9s en verre<\/h2>\n<ul>\n<li>Texture rainur\u00e9e\u00a0: Les motifs rainur\u00e9s offrent de multiples options de design, notamment des rainures horizontales, un matelassage en losanges et une surface lisse et polie.<\/li>\n<li>D\u00e9tails du manche\u00a0: Les d\u00e9tails du manche disponibles comprennent un manche poli lisse, des bords biseaut\u00e9s et de d\u00e9licates incrustations m\u00e9talliques.<\/li>\n<li>Personnalisation du socle\u00a0: Le socle peut \u00eatre personnalis\u00e9 par l\u2019ajout de patins en feutre, de bases encastr\u00e9es et de motifs d\u00e9coratifs grav\u00e9s.<\/li>\n<\/ul>","protected":false},"excerpt":{"rendered":"<p>\u00c9l\u00e9gants vases carr\u00e9s en verre \u00e0 texture verticale. Vase transparent id\u00e9al pour la d\u00e9coration int\u00e9rieure et les \u00e9v\u00e9nements. Livraison rapide dans le monde entier.<\/p>","protected":false},"featured_media":6212,"template":"","meta":{"postBodyCss":"","postBodyMargin":[],"postBodyPadding":[],"postBodyBackground":{"backgroundType":"classic","gradient":""}},"product_brand":[],"product_cat":[107,15,16],"product_tag":[],"class_list":{"0":"post-6204","1":"product","2":"type-product","3":"status-publish","4":"has-post-thumbnail","6":"product_cat-glass-bud-vases","7":"product_cat-glass-containers","8":"product_cat-glass-bottles","10":"first","11":"instock","12":"shipping-taxable","13":"product-type-simple"},"jetpack_sharing_enabled":true,"_links":{"self":[{"href":"https:\/\/minghanggroup.com\/fr\/wp-json\/wp\/v2\/product\/6204","targetHints":{"allow":["GET"]}}],"collection":[{"href":"https:\/\/minghanggroup.com\/fr\/wp-json\/wp\/v2\/product"}],"about":[{"href":"https:\/\/minghanggroup.com\/fr\/wp-json\/wp\/v2\/types\/product"}],"wp:featuredmedia":[{"embeddable":true,"href":"https:\/\/minghanggroup.com\/fr\/wp-json\/wp\/v2\/media\/6212"}],"wp:attachment":[{"href":"https:\/\/minghanggroup.com\/fr\/wp-json\/wp\/v2\/media?parent=6204"}],"wp:term":[{"taxonomy":"product_brand","embeddable":true,"href":"https:\/\/minghanggroup.com\/fr\/wp-json\/wp\/v2\/product_brand?post=6204"},{"taxonomy":"product_cat","embeddable":true,"href":"https:\/\/minghanggroup.com\/fr\/wp-json\/wp\/v2\/product_cat?post=6204"},{"taxonomy":"product_tag","embeddable":true,"href":"https:\/\/minghanggroup.com\/fr\/wp-json\/wp\/v2\/product_tag?post=6204"}],"curies":[{"name":"wp","href":"https:\/\/api.w.org\/{rel}","templated":true}]}}