{"id":6194,"date":"2026-04-03T16:06:14","date_gmt":"2026-04-03T08:06:14","guid":{"rendered":"https:\/\/minghanggroup.com\/?post_type=product&#038;p=6194"},"modified":"2026-04-03T16:25:50","modified_gmt":"2026-04-03T08:25:50","slug":"textured-glass-tall-flower-vases-for-display-bulk","status":"publish","type":"product","link":"https:\/\/minghanggroup.com\/fr\/produit\/textured-glass-tall-flower-vases-for-display-bulk\/","title":{"rendered":"Vases \u00e0 fleurs hauts en verre textur\u00e9 pour pr\u00e9sentation en gros"},"content":{"rendered":"<p>Ces cylindres \u00e9lanc\u00e9s doivent leur forme \u00e0 leur construction en verre color\u00e9 transparent et translucide. Le vase pr\u00e9sente des textures verticales irr\u00e9guli\u00e8res qui cr\u00e9ent un effet de flux d&#039;eau, produisant de magnifiques r\u00e9fractions de lumi\u00e8re et une profondeur visuelle. Le mod\u00e8le se d\u00e9cline en quatre coloris\u00a0: des bleus \u00e9l\u00e9gants, des gris doux, des ambr\u00e9s chauds et une finition cristalline, pour des effets esth\u00e9tiques vari\u00e9s. Son ouverture droite aux bords nets facilite la composition florale, qu&#039;il s&#039;agisse d&#039;une simple tige ou d&#039;un bouquet g\u00e9n\u00e9reux en cascade.<\/p>\n<h2>Caract\u00e9ristiques du produit<\/h2>\n<ul>\n<li><strong>Conception architecturale :<\/strong> Les hauts cylindres pr\u00e9sentent des ondulations verticales textur\u00e9es qui cr\u00e9ent des \u00e9l\u00e9ments visuellement attrayants sous tous les angles.<\/li>\n<li><strong>Palettes polyvalentes\u00a0:<\/strong> Les trois options de couleur \u2013 bleu, gris, ambre et transparent \u2013 \u200b\u200bcr\u00e9ent une harmonie esth\u00e9tique avec les styles de d\u00e9coration int\u00e9rieure modernes et traditionnels.<\/li>\n<li><strong>Arrangement sans effort :<\/strong> Ce syst\u00e8me permet aux utilisateurs de cr\u00e9er des compositions florales gr\u00e2ce \u00e0 ses ouvertures droites qui simplifient le processus d&#039;arrangement de tiges individuelles et de bouquets complets.<\/li>\n<\/ul>\n<h2>Caract\u00e9ristiques principales<\/h2>\n<table style=\"border-collapse: collapse; width: 80%; margin-left: auto; margin-right: auto;\" border=\"0\" width=\"144\" cellspacing=\"0\" cellpadding=\"0\">\n<tbody>\n<tr style=\"height: 13.50pt;\">\n<td style=\"height: 13.5pt; width: 54pt; text-align: center;\" width=\"72\" height=\"18\">Attribut<\/td>\n<td style=\"width: 54pt; text-align: center;\" width=\"72\">D\u00e9tail<\/td>\n<\/tr>\n<tr style=\"height: 13.50pt;\">\n<td style=\"height: 13.5pt; text-align: center;\" height=\"18\">Forme<\/td>\n<td style=\"text-align: center;\">Cylindrique<\/td>\n<\/tr>\n<tr style=\"height: 13.50pt;\">\n<td style=\"height: 13.5pt; text-align: center;\" height=\"18\">Mat\u00e9riel<\/td>\n<td style=\"text-align: center;\">Verre clair<\/td>\n<\/tr>\n<tr style=\"height: 13.50pt;\">\n<td style=\"height: 13.5pt; text-align: center;\" height=\"18\">Hauteurs<\/td>\n<td style=\"text-align: center;\">19 cm, 24 cm<\/td>\n<\/tr>\n<tr style=\"height: 13.50pt;\">\n<td style=\"height: 13.5pt; text-align: center;\" height=\"18\">Diam\u00e8tres<\/td>\n<td style=\"text-align: center;\">7,5 cm, 9 cm<\/td>\n<\/tr>\n<tr style=\"height: 13.50pt;\">\n<td style=\"height: 13.5pt; text-align: center;\" height=\"18\">Surface<\/td>\n<td style=\"text-align: center;\">Texture concave et convexe<\/td>\n<\/tr>\n<\/tbody>\n<\/table>\n<h2>Histoire \u00e0 succ\u00e8s<\/h2>\n<p>Une marque allemande d&#039;art de vivre souhaitait sublimer sa collection saisonni\u00e8re de d\u00e9coration int\u00e9rieure et a choisi nos grands vases \u00e0 fleurs pour ce projet. Le client a demand\u00e9 une palette de couleurs compl\u00e8te, comprenant des bleus doux, des gris fum\u00e9s, des ambr\u00e9s clairs et des finitions transparentes, afin de cr\u00e9er un \u00e9l\u00e9ment de design s&#039;harmonisant avec diff\u00e9rents styles d&#039;int\u00e9rieur. Pour la mise en valeur de la marque, nous avons utilis\u00e9 la gravure laser pour cr\u00e9er un logo discret, appos\u00e9 sur le pied de chaque vase.<\/p>\n<p>Suite \u00e0 son lancement, la collection a permis d&#039;augmenter de 30 % les ventes globales de la cat\u00e9gorie de produits en seulement deux mois. Le client passe des commandes trimestrielles importantes, t\u00e9moignant d&#039;un fort int\u00e9r\u00eat du march\u00e9 et d&#039;une demande soutenue de la part des consommateurs pour nos produits.<\/p>\n<h2>Conseils de personnalisation pour les vases en verre en gros<\/h2>\n<ol>\n<li><strong>D\u00e9veloppement de la gamme de couleurs\u00a0:<\/strong> En plus des teintes actuelles bleu, gris et ambre, de nouvelles options pourraient inclure des palettes de couleurs de type Morandi ou des effets de d\u00e9grad\u00e9, conf\u00e9rant ainsi \u00e0 l&#039;ensemble de la gamme de produits un aspect visuel harmonieux mais \u00e0 plusieurs niveaux.<\/li>\n<li><strong>Options de finition de surface\u00a0:<\/strong> Pour s&#039;adapter aux diff\u00e9rents styles de marque (Moderne, Naturel ou Luxe L\u00e9ger), une gamme d&#039;options de finition peut \u00eatre choisie, allant d&#039;un brillant tr\u00e8s transparent \u00e0 un givrage partiel ou \u00e0 un mat int\u00e9gral.<\/li>\n<li><strong>Personnalisation de l&#039;identit\u00e9 de marque\u00a0:<\/strong> Nous proposons diff\u00e9rentes techniques de marquage, telles que la gravure laser sur le fond de la bouteille, la s\u00e9rigraphie sur les c\u00f4t\u00e9s de la bouteille ou un \u00e9tiquetage discret, afin de cr\u00e9er le juste \u00e9quilibre entre attractivit\u00e9 et visibilit\u00e9 de la marque.<\/li>\n<\/ol>","protected":false},"excerpt":{"rendered":"<p>Grands vases \u00e0 fleurs en verre textur\u00e9. Id\u00e9aux pour la d\u00e9coration et les \u00e9v\u00e9nements. Vente en gros de vases en verre, directement du fabricant, \u00e9chantillons gratuits, options personnalis\u00e9es disponibles.<\/p>","protected":false},"featured_media":6198,"template":"","meta":{"postBodyCss":"","postBodyMargin":[],"postBodyPadding":[],"postBodyBackground":{"backgroundType":"classic","gradient":""}},"product_brand":[],"product_cat":[107,15,16],"product_tag":[],"class_list":{"0":"post-6194","1":"product","2":"type-product","3":"status-publish","4":"has-post-thumbnail","6":"product_cat-glass-bud-vases","7":"product_cat-glass-containers","8":"product_cat-glass-bottles","10":"first","11":"instock","12":"shipping-taxable","13":"product-type-simple"},"jetpack_sharing_enabled":true,"_links":{"self":[{"href":"https:\/\/minghanggroup.com\/fr\/wp-json\/wp\/v2\/product\/6194","targetHints":{"allow":["GET"]}}],"collection":[{"href":"https:\/\/minghanggroup.com\/fr\/wp-json\/wp\/v2\/product"}],"about":[{"href":"https:\/\/minghanggroup.com\/fr\/wp-json\/wp\/v2\/types\/product"}],"wp:featuredmedia":[{"embeddable":true,"href":"https:\/\/minghanggroup.com\/fr\/wp-json\/wp\/v2\/media\/6198"}],"wp:attachment":[{"href":"https:\/\/minghanggroup.com\/fr\/wp-json\/wp\/v2\/media?parent=6194"}],"wp:term":[{"taxonomy":"product_brand","embeddable":true,"href":"https:\/\/minghanggroup.com\/fr\/wp-json\/wp\/v2\/product_brand?post=6194"},{"taxonomy":"product_cat","embeddable":true,"href":"https:\/\/minghanggroup.com\/fr\/wp-json\/wp\/v2\/product_cat?post=6194"},{"taxonomy":"product_tag","embeddable":true,"href":"https:\/\/minghanggroup.com\/fr\/wp-json\/wp\/v2\/product_tag?post=6194"}],"curies":[{"name":"wp","href":"https:\/\/api.w.org\/{rel}","templated":true}]}}