{"id":6182,"date":"2026-04-03T10:57:49","date_gmt":"2026-04-03T02:57:49","guid":{"rendered":"https:\/\/minghanggroup.com\/?post_type=product&#038;p=6182"},"modified":"2026-04-03T11:28:36","modified_gmt":"2026-04-03T03:28:36","slug":"matte-gold-flower-vase-set-wholesale","status":"publish","type":"product","link":"https:\/\/minghanggroup.com\/fr\/produit\/matte-gold-flower-vase-set-wholesale\/","title":{"rendered":"Ensemble de vases \u00e0 fleurs or mat en gros"},"content":{"rendered":"<p>L&#039;ensemble de vases \u00e0 fleurs dor\u00e9s pr\u00e9sente une finition or mat uniforme, caract\u00e9ristique de toute la collection. Son design comprend quatre \u00e9l\u00e9ments distincts aux finitions diff\u00e9rentes\u00a0: un vase cylindrique carr\u00e9 lisse, un vase haut ondul\u00e9, un vase cylindrique arrondi matelass\u00e9 et un vase cylindrique haut c\u00f4tel\u00e9.<\/p>\n<h2>Caract\u00e9ristiques du produit<\/h2>\n<ul>\n<li><strong>Quatre formes :<\/strong> Le choix de vases carr\u00e9s, allong\u00e9s, ronds courts et cylindriques hauts offre suffisamment de possibilit\u00e9s pour cr\u00e9er des compositions \u00e9l\u00e9gantes.<\/li>\n<li><strong>Finition or mat unifi\u00e9e :<\/strong> Les quatre vases pr\u00e9sentent une finition or mat commune qui, gr\u00e2ce \u00e0 son design unifi\u00e9, cr\u00e9e une apparence \u00e9l\u00e9gante.<\/li>\n<li><strong>Diversit\u00e9 des textures de surface :<\/strong> Les surfaces des vases pr\u00e9sentent trois textures diff\u00e9rentes qui cr\u00e9ent \u00e0 la fois un int\u00e9r\u00eat visuel et des \u00e9l\u00e9ments tactiles tangibles.<\/li>\n<\/ul>\n<h2 style=\"text-align: left;\">Caract\u00e9ristiques principales<\/h2>\n<table class=\"aligncenter\" style=\"border-collapse: collapse; width: 452.27pt;\" border=\"0\" width=\"603\" cellspacing=\"0\" cellpadding=\"0\">\n<tbody>\n<tr style=\"height: 13.50pt;\">\n<td style=\"height: 13.50pt; width: 117.75pt;\" width=\"157\" height=\"18\">Attribut<\/td>\n<td style=\"width: 334.50pt;\" width=\"446\">D\u00e9tails<\/td>\n<\/tr>\n<tr style=\"height: 13.50pt;\">\n<td style=\"height: 13.50pt;\" height=\"18\">Composition de l&#039;ensemble<\/td>\n<td>Carr\u00e9 lisse, diamant haut, diamant rond, haut c\u00f4tel\u00e9<\/td>\n<\/tr>\n<tr style=\"height: 13.50pt;\">\n<td style=\"height: 13.50pt;\" height=\"18\">Mat\u00e9riel<\/td>\n<td>Verre sodocalcique \u00e0 finition or mat<\/td>\n<\/tr>\n<tr style=\"height: 13.50pt;\">\n<td style=\"height: 13.50pt;\" height=\"18\">Vase en forme de vase<\/td>\n<td>Assortiment de cylindres et de formes arrondies<\/td>\n<\/tr>\n<tr style=\"height: 13.50pt;\">\n<td style=\"height: 13.50pt;\" height=\"18\">Gamme de personnalisation<\/td>\n<td>Finition du m\u00e9tal, couleur, forme, taille<\/td>\n<\/tr>\n<tr style=\"height: 13.50pt;\">\n<td style=\"height: 13.50pt;\" height=\"18\">Utilisation principale<\/td>\n<td>Vases \u00e0 fleurs d\u00e9coratifs dor\u00e9s, vases \u00e0 fleurs en gros<\/td>\n<\/tr>\n<tr style=\"height: 13.50pt;\">\n<td style=\"height: 13.50pt;\" height=\"18\">Secteurs cibles<\/td>\n<td>Magasins de d\u00e9coration int\u00e9rieure, boutiques de cadeaux<\/td>\n<\/tr>\n<\/tbody>\n<\/table>\n<h2>Histoire \u00e0 succ\u00e8s<\/h2>\n<p>Une grande cha\u00eene de d\u00e9coration d&#039;int\u00e9rieur a command\u00e9 notre ensemble de quatre vases dor\u00e9s, avec une finition personnalis\u00e9e en or rose. Le stock initial de 25\u00a0000 pi\u00e8ces a \u00e9t\u00e9 \u00e9puis\u00e9 en ligne en seulement 10 jours, entra\u00eenant une hausse de 30\u00a0% des ventes de fleurs s\u00e9ch\u00e9es assorties. Face \u00e0 un tel succ\u00e8s, la cha\u00eene a command\u00e9 200\u00a0000 ensembles de vases pour r\u00e9approvisionner ses magasins \u00e0 travers le pays et cr\u00e9er une collection exclusive pour h\u00f4tels, \u00e0 partir de son stock total de 800\u00a0000 vases.<\/p>\n<h2>Suggestions de personnalisation pour les vases \u00e0 fleurs en gros<\/h2>\n<ul>\n<li>La collection propose des finitions m\u00e9talliques luxueuses, notamment l&#039;or poli, l&#039;or rose, le nickel bross\u00e9, le chrome noir et la patine.<\/li>\n<li>Chaque forme de vase permet aux designers de choisir parmi diff\u00e9rentes textures de surface, notamment des options enti\u00e8rement c\u00f4tel\u00e9es, enti\u00e8rement lisses et enti\u00e8rement martel\u00e9es.<\/li>\n<li>L&#039;ensemble comprend un vase qui permet aux utilisateurs de cr\u00e9er un texte personnalis\u00e9 gr\u00e2ce \u00e0 la gravure laser de lettres, de dates ou de courts messages sur sa surface lisse.<\/li>\n<\/ul>","protected":false},"excerpt":{"rendered":"<p>Collection \u00e9l\u00e9gante de vases dor\u00e9s aux motifs g\u00e9om\u00e9triques et c\u00f4tel\u00e9s. Vases en gros, parfaits pour la d\u00e9coration int\u00e9rieure. Personnalisation possible pour les marques.<\/p>","protected":false},"featured_media":6183,"template":"","meta":{"postBodyCss":"","postBodyMargin":[],"postBodyPadding":[],"postBodyBackground":{"backgroundType":"classic","gradient":""}},"product_brand":[],"product_cat":[107,15,16],"product_tag":[],"class_list":{"0":"post-6182","1":"product","2":"type-product","3":"status-publish","4":"has-post-thumbnail","6":"product_cat-glass-bud-vases","7":"product_cat-glass-containers","8":"product_cat-glass-bottles","10":"first","11":"instock","12":"shipping-taxable","13":"product-type-simple"},"jetpack_sharing_enabled":true,"_links":{"self":[{"href":"https:\/\/minghanggroup.com\/fr\/wp-json\/wp\/v2\/product\/6182","targetHints":{"allow":["GET"]}}],"collection":[{"href":"https:\/\/minghanggroup.com\/fr\/wp-json\/wp\/v2\/product"}],"about":[{"href":"https:\/\/minghanggroup.com\/fr\/wp-json\/wp\/v2\/types\/product"}],"wp:featuredmedia":[{"embeddable":true,"href":"https:\/\/minghanggroup.com\/fr\/wp-json\/wp\/v2\/media\/6183"}],"wp:attachment":[{"href":"https:\/\/minghanggroup.com\/fr\/wp-json\/wp\/v2\/media?parent=6182"}],"wp:term":[{"taxonomy":"product_brand","embeddable":true,"href":"https:\/\/minghanggroup.com\/fr\/wp-json\/wp\/v2\/product_brand?post=6182"},{"taxonomy":"product_cat","embeddable":true,"href":"https:\/\/minghanggroup.com\/fr\/wp-json\/wp\/v2\/product_cat?post=6182"},{"taxonomy":"product_tag","embeddable":true,"href":"https:\/\/minghanggroup.com\/fr\/wp-json\/wp\/v2\/product_tag?post=6182"}],"curies":[{"name":"wp","href":"https:\/\/api.w.org\/{rel}","templated":true}]}}