{"id":6177,"date":"2026-04-03T10:22:09","date_gmt":"2026-04-03T02:22:09","guid":{"rendered":"https:\/\/minghanggroup.com\/?post_type=product&#038;p=6177"},"modified":"2026-04-03T10:32:30","modified_gmt":"2026-04-03T02:32:30","slug":"ribbed-small-bud-vases-green-glass-bulk","status":"publish","type":"product","link":"https:\/\/minghanggroup.com\/fr\/produit\/ribbed-small-bud-vases-green-glass-bulk\/","title":{"rendered":"Petits vases c\u00f4tel\u00e9s en verre vert (vente en gros)"},"content":{"rendered":"<p>Ce vase en verre vert est fabriqu\u00e9 en verre transparent vert clair et pr\u00e9sente un design vintage gr\u00e2ce \u00e0 ses c\u00f4tes verticales et son bord ondul\u00e9. La collection comprend trois mod\u00e8les\u00a0: deux vases coniques hauts et un petit vase arrondi et discret.<\/p>\n<h2>Caract\u00e9ristiques du produit<\/h2>\n<ul>\n<li><strong>Verre vintage vert clair :<\/strong> La douce couleur verte transparente de ce mat\u00e9riau en verre cr\u00e9e un aspect traditionnel de \u00ab verre m\u00e9lancolique \u00bb qui combine des \u00e9l\u00e9ments \u00e0 la fois historiques et modernes.<\/li>\n<li><strong>Texture verticale :<\/strong> Les textures verticales profondes cr\u00e9ent un motif de surface vertical complet qui offre \u00e0 la fois une richesse visuelle et une solidit\u00e9 structurelle, tout en permettant \u00e0 une belle lumi\u00e8re de se courber \u00e0 travers le mat\u00e9riau.<\/li>\n<li><strong>Bordure ondul\u00e9e d\u00e9corative :<\/strong> Chaque vase est orn\u00e9 d&#039;un magnifique bord ondul\u00e9 qui t\u00e9moigne d&#039;une touche artisanale gr\u00e2ce \u00e0 son design asym\u00e9trique.<\/li>\n<\/ul>\n<h2 style=\"text-align: left;\">Caract\u00e9ristiques principales<\/h2>\n<table class=\"aligncenter\" style=\"border-collapse: collapse; width: 389.27pt;\" border=\"0\" width=\"519\" cellspacing=\"0\" cellpadding=\"0\">\n<tbody>\n<tr style=\"height: 13.50pt;\">\n<td style=\"height: 13.50pt; width: 117.75pt;\" width=\"157\" height=\"18\">Attribut<\/td>\n<td style=\"width: 271.50pt;\" width=\"362\">D\u00e9tails<\/td>\n<\/tr>\n<tr style=\"height: 13.50pt;\">\n<td style=\"height: 13.50pt;\" height=\"18\">Mat\u00e9riel<\/td>\n<td>Verre vert p\u00e2le<\/td>\n<\/tr>\n<tr style=\"height: 13.50pt;\">\n<td style=\"height: 13.50pt;\" height=\"18\">Gamme de personnalisation<\/td>\n<td>Couleur, motif c\u00f4tel\u00e9, style de bordure, taille<\/td>\n<\/tr>\n<tr style=\"height: 13.50pt;\">\n<td style=\"height: 13.50pt;\" height=\"18\">Savoir-faire<\/td>\n<td>Verre souffl\u00e9 \u00e0 la bouche ou verre moul\u00e9 de haute qualit\u00e9<\/td>\n<\/tr>\n<tr style=\"height: 13.50pt;\">\n<td style=\"height: 13.50pt;\" height=\"18\">Utilisation principale<\/td>\n<td>petits vases d\u00e9coratifs pour la d\u00e9coration de table<\/td>\n<\/tr>\n<tr style=\"height: 13.50pt;\">\n<td style=\"height: 13.50pt;\" height=\"18\">Secteurs cibles<\/td>\n<td>fleuristes, d\u00e9taillants de d\u00e9coration int\u00e9rieure<\/td>\n<\/tr>\n<\/tbody>\n<\/table>\n<h2>T\u00e9moignage de r\u00e9ussite\u00a0: Une commande personnalis\u00e9e aupr\u00e8s d\u2019une cha\u00eene nationale de d\u00e9coration d\u2019int\u00e9rieur<\/h2>\n<p>Une grande enseigne am\u00e9ricaine de d\u00e9coration d&#039;int\u00e9rieur a s\u00e9lectionn\u00e9 nos petits vases \u00e0 bourgeons et a demand\u00e9 une version plus fonc\u00e9e du coloris \u00ab\u00a0Vert Sauge\u00a0\u00bb, orn\u00e9e d&#039;une poudre m\u00e9tallique dor\u00e9e claire sur sa surface c\u00f4tel\u00e9e. La collection a rencontr\u00e9 un succ\u00e8s retentissant\u00a0: les ventes en ligne d&#039;articles de d\u00e9coration de table ont bondi de 500\u00a0% au cours du premier trimestre, avec un taux d&#039;\u00e9coulement de 98\u00a0% en six mois. Suite \u00e0 cette premi\u00e8re commande, l&#039;enseigne a pass\u00e9 une nouvelle commande de 600\u00a0000 vases afin d&#039;enrichir sa gamme de couleurs.<\/p>\n<h2>Options de personnalisation pour petits vases \u00e0 bourgeons<\/h2>\n<ul>\n<li>D\u00e9tails du socle en relief\u00a0: Les clients peuvent cr\u00e9er une identit\u00e9 de marque ou c\u00e9l\u00e9brer des \u00e9v\u00e9nements sp\u00e9ciaux en choisissant un motif de gaufrage pour le socle de leurs vases, incluant une option avec l\u2019ann\u00e9e et le logo.<\/li>\n<li>D\u00e9tails du col : Le produit propose trois styles de col, dont un col lisse et un col plaqu\u00e9 or, ainsi que plusieurs options de design pliss\u00e9.<\/li>\n<li>Finitions de surface : Le produit propose trois options de finition de surface : brillant, mat et partiellement d\u00e9poli.<\/li>\n<\/ul>","protected":false},"excerpt":{"rendered":"<p>Ensemble de vases d\u00e9coratifs en verre vert \u00e0 texture c\u00f4tel\u00e9e et bord ondul\u00e9. Petits vases parfaits pour les fleurs, la d\u00e9coration ou les cadeaux. Livraison rapide dans le monde entier.<\/p>","protected":false},"featured_media":6180,"template":"","meta":{"postBodyCss":"","postBodyMargin":[],"postBodyPadding":[],"postBodyBackground":{"backgroundType":"classic","gradient":""}},"product_brand":[],"product_cat":[107,15,16],"product_tag":[],"class_list":{"0":"post-6177","1":"product","2":"type-product","3":"status-publish","4":"has-post-thumbnail","6":"product_cat-glass-bud-vases","7":"product_cat-glass-containers","8":"product_cat-glass-bottles","10":"first","11":"instock","12":"shipping-taxable","13":"product-type-simple"},"jetpack_sharing_enabled":true,"_links":{"self":[{"href":"https:\/\/minghanggroup.com\/fr\/wp-json\/wp\/v2\/product\/6177","targetHints":{"allow":["GET"]}}],"collection":[{"href":"https:\/\/minghanggroup.com\/fr\/wp-json\/wp\/v2\/product"}],"about":[{"href":"https:\/\/minghanggroup.com\/fr\/wp-json\/wp\/v2\/types\/product"}],"wp:featuredmedia":[{"embeddable":true,"href":"https:\/\/minghanggroup.com\/fr\/wp-json\/wp\/v2\/media\/6180"}],"wp:attachment":[{"href":"https:\/\/minghanggroup.com\/fr\/wp-json\/wp\/v2\/media?parent=6177"}],"wp:term":[{"taxonomy":"product_brand","embeddable":true,"href":"https:\/\/minghanggroup.com\/fr\/wp-json\/wp\/v2\/product_brand?post=6177"},{"taxonomy":"product_cat","embeddable":true,"href":"https:\/\/minghanggroup.com\/fr\/wp-json\/wp\/v2\/product_cat?post=6177"},{"taxonomy":"product_tag","embeddable":true,"href":"https:\/\/minghanggroup.com\/fr\/wp-json\/wp\/v2\/product_tag?post=6177"}],"curies":[{"name":"wp","href":"https:\/\/api.w.org\/{rel}","templated":true}]}}