{"id":6172,"date":"2026-04-02T16:14:04","date_gmt":"2026-04-02T08:14:04","guid":{"rendered":"https:\/\/minghanggroup.com\/?post_type=product&#038;p=6172"},"modified":"2026-04-02T16:14:05","modified_gmt":"2026-04-02T08:14:05","slug":"clear-bud-vases-in-different-style-wholesale","status":"publish","type":"product","link":"https:\/\/minghanggroup.com\/fr\/produit\/clear-bud-vases-in-different-style-wholesale\/","title":{"rendered":"Vases \u00e0 bourgeons transparents de diff\u00e9rents styles en gros"},"content":{"rendered":"<p>Notre collection pr\u00e9sente des vases transparents au design minimaliste. Chaque pi\u00e8ce arbore trois textures distinctes\u00a0: motifs losanges, gravures en nid d\u2019abeille et reliefs d\u2019inspiration vintage. Disponibles en trois tailles, ils s\u2019int\u00e8grent parfaitement \u00e0 la d\u00e9coration des bureaux, tables \u00e0 manger et entr\u00e9es.<\/p>\n<h2>Caract\u00e9ristiques du produit<\/h2>\n<ul>\n<li><strong>Motif en relief \u00e0 textures multiples\u00a0:<\/strong> Les diff\u00e9rents corps de bouteilles pr\u00e9sentent des motifs en relief \u00e0 losanges, en nid d&#039;abeilles et de style vintage, qui cr\u00e9ent diff\u00e9rents effets visuels pour le design textur\u00e9 en relief, mettant ainsi en valeur ses qualit\u00e9s d\u00e9coratives.<\/li>\n<li><strong>Mat\u00e9riau en verre haute clart\u00e9\u00a0:<\/strong> Le verre pr\u00e9sente une transparence exceptionnelle qui permet aux spectateurs de voir le niveau d&#039;eau et l&#039;\u00e9tat des tiges de fleurs \u00e0 l&#039;int\u00e9rieur de la vitrine, ce qui convient parfaitement aux fleurs uniques et aux petites compositions florales.<\/li>\n<li><strong>Structure compacte et stable :<\/strong> Gr\u00e2ce \u00e0 sa conception compos\u00e9e d&#039;un col court et d&#039;une base large, le vase conserve sa stabilit\u00e9 et reste stable en position verticale sans basculer, que ce soit sur une table ou un rebord de fen\u00eatre.<\/li>\n<\/ul>\n<h2>Caract\u00e9ristiques principales<\/h2>\n<table style=\"border-collapse: collapse; width: 80%; margin-left: auto; margin-right: auto;\" border=\"0\" width=\"288\" cellspacing=\"0\" cellpadding=\"0\">\n<tbody>\n<tr style=\"height: 13.50pt;\">\n<td style=\"height: 13.5pt; width: 54pt; text-align: center;\" width=\"72\" height=\"18\">Style<\/td>\n<td style=\"width: 54pt; text-align: center;\" width=\"72\">Dimensions (mm)<\/td>\n<td style=\"width: 54pt; text-align: center;\" width=\"72\">Sc\u00e8ne<\/td>\n<td style=\"width: 54pt; text-align: center;\" width=\"72\">Options de couleur<\/td>\n<\/tr>\n<tr style=\"height: 13.50pt;\">\n<td style=\"height: 13.5pt; text-align: center;\" height=\"18\">En relief<\/td>\n<td style=\"text-align: center;\">55 x 100 x 35<\/td>\n<td class=\"et2\" style=\"text-align: center;\" rowspan=\"3\">D\u00e9coration int\u00e9rieure, Commerces de d\u00e9tail, \u00c9v\u00e9nements<\/td>\n<td class=\"et2\" style=\"text-align: center;\" rowspan=\"3\">Clair, personnalis\u00e9<\/td>\n<\/tr>\n<tr style=\"height: 13.50pt;\">\n<td style=\"height: 13.5pt; text-align: center;\" height=\"18\">Rayon de miel<\/td>\n<td style=\"text-align: center;\">60 x 100 x 45<\/td>\n<\/tr>\n<tr style=\"height: 13.50pt;\">\n<td style=\"height: 13.5pt; text-align: center;\" height=\"18\">C\u00f4tes fines<\/td>\n<td style=\"text-align: center;\">55 x 130 x 35<\/td>\n<\/tr>\n<\/tbody>\n<\/table>\n<h2>Histoire \u00e0 succ\u00e8s<\/h2>\n<p>L&#039;enseigne fran\u00e7aise de d\u00e9coration d&#039;int\u00e9rieur a enrichi sa collection d&#039;arts de la table avec nos petits vases transparents, choisis pour sa gamme de produits en expansion. Le client a s\u00e9lectionn\u00e9 nos trois motifs en relief \u2013 losange, nid d&#039;abeille et relief classique \u2013 pour s&#039;accorder \u00e0 l&#039;esth\u00e9tique vintage de sa marque. L&#039;\u00e9quipe a r\u00e9alis\u00e9 les vases en verre \u00e9pais, leur assurant une meilleure stabilit\u00e9 pour la pr\u00e9sentation en magasin, et a cr\u00e9\u00e9 un logo en relief sur le dessous de chaque pi\u00e8ce. Ce choix de design renforce efficacement la notori\u00e9t\u00e9 de la marque tout en pr\u00e9servant l&#039;aspect \u00e9pur\u00e9 et minimaliste des vases.<\/p>\n<p>Le d\u00e9taillant a enregistr\u00e9 une hausse de 25 % de ses ventes d&#039;articles de d\u00e9coration de table au cours de ses trois premiers mois d&#039;activit\u00e9. Face \u00e0 l&#039;engouement des clients et \u00e0 leur forte demande, il a mis en place un syst\u00e8me de r\u00e9approvisionnement trimestriel r\u00e9gulier pour ces produits.<\/p>\n<h2>Conseils de personnalisation<\/h2>\n<ol>\n<li><strong>Couleur et finition de surface\u00a0:<\/strong> Une base transparente permet l&#039;application de teintes ambr\u00e9es claires ou gris fum\u00e9 et de finitions givr\u00e9es s\u00e9lectives, cr\u00e9ant ainsi un contraste visuel.<\/li>\n<li><strong>Pr\u00e9sentation du logo\u00a0:<\/strong> Le syst\u00e8me permet de multiples techniques de marquage, notamment le gaufrage sur le fond de la bouteille, la s\u00e9rigraphie sur le c\u00f4t\u00e9 et un \u00e9tiquetage minimaliste, afin de renforcer l&#039;identit\u00e9 de la marque tout en pr\u00e9servant la visibilit\u00e9 naturelle du produit.<\/li>\n<li><strong>Solutions d&#039;emballage\u00a0:<\/strong> Le syst\u00e8me d&#039;emballage permet aux utilisateurs de cr\u00e9er des emballages personnalis\u00e9s, notamment des emballages unitaires et des coffrets cadeaux de trois pi\u00e8ces et des plateaux avec s\u00e9parateurs internes, afin de r\u00e9pondre aux besoins sp\u00e9cifiques de la vente au d\u00e9tail, du commerce \u00e9lectronique et des m\u00e9thodes de distribution de cadeaux.<\/li>\n<\/ol>","protected":false},"excerpt":{"rendered":"<p>Nos petits vases transparents, disponibles en diff\u00e9rents styles, sont parfaits pour la d\u00e9coration ou la pr\u00e9sentation. Nous offrons des \u00e9chantillons gratuits et proposons la personnalisation de nos petits vases en gros.<\/p>","protected":false},"featured_media":6175,"template":"","meta":{"postBodyCss":"","postBodyMargin":[],"postBodyPadding":[],"postBodyBackground":{"backgroundType":"classic","gradient":""}},"product_brand":[],"product_cat":[107,16,15],"product_tag":[],"class_list":{"0":"post-6172","1":"product","2":"type-product","3":"status-publish","4":"has-post-thumbnail","6":"product_cat-glass-bud-vases","7":"product_cat-glass-bottles","8":"product_cat-glass-containers","10":"first","11":"instock","12":"shipping-taxable","13":"product-type-simple"},"jetpack_sharing_enabled":true,"_links":{"self":[{"href":"https:\/\/minghanggroup.com\/fr\/wp-json\/wp\/v2\/product\/6172","targetHints":{"allow":["GET"]}}],"collection":[{"href":"https:\/\/minghanggroup.com\/fr\/wp-json\/wp\/v2\/product"}],"about":[{"href":"https:\/\/minghanggroup.com\/fr\/wp-json\/wp\/v2\/types\/product"}],"wp:featuredmedia":[{"embeddable":true,"href":"https:\/\/minghanggroup.com\/fr\/wp-json\/wp\/v2\/media\/6175"}],"wp:attachment":[{"href":"https:\/\/minghanggroup.com\/fr\/wp-json\/wp\/v2\/media?parent=6172"}],"wp:term":[{"taxonomy":"product_brand","embeddable":true,"href":"https:\/\/minghanggroup.com\/fr\/wp-json\/wp\/v2\/product_brand?post=6172"},{"taxonomy":"product_cat","embeddable":true,"href":"https:\/\/minghanggroup.com\/fr\/wp-json\/wp\/v2\/product_cat?post=6172"},{"taxonomy":"product_tag","embeddable":true,"href":"https:\/\/minghanggroup.com\/fr\/wp-json\/wp\/v2\/product_tag?post=6172"}],"curies":[{"name":"wp","href":"https:\/\/api.w.org\/{rel}","templated":true}]}}