{"id":6163,"date":"2026-04-02T13:26:38","date_gmt":"2026-04-02T05:26:38","guid":{"rendered":"https:\/\/minghanggroup.com\/?post_type=product&#038;p=6163"},"modified":"2026-04-02T13:26:40","modified_gmt":"2026-04-02T05:26:40","slug":"glass-flower-clear-vases-with-different-shape-in-bulk","status":"publish","type":"product","link":"https:\/\/minghanggroup.com\/fr\/produit\/glass-flower-clear-vases-with-different-shape-in-bulk\/","title":{"rendered":"Vases \u00e0 fleurs en verre transparent de formes vari\u00e9es, en gros"},"content":{"rendered":"<p>Ces vases transparents sont parfaits pour mettre en valeur des \u0153uvres d&#039;art minimalistes. Leur design se d\u00e9cline en trois motifs distincts, jouant sur les formes pour cr\u00e9er trois types de reflets lumineux. Ils offrent aux marques des solutions de d\u00e9coration \u00e9l\u00e9gantes et sont disponibles dans leurs boutiques. Leur finesse permet d&#039;y pr\u00e9senter des fleurs \u00e0 l&#039;unit\u00e9, de petits bouquets ou des fleurs s\u00e9ch\u00e9es.<\/p>\n<h2>Caract\u00e9ristiques du produit<\/h2>\n<ul>\n<li><strong>Formes polyvalentes :<\/strong> Choisissez parmi des cylindres incurv\u00e9s, angulaires ou nervur\u00e9s pour s&#039;adapter \u00e0 tous les styles \u2013 parfait pour des assortiments vari\u00e9s.<\/li>\n<li><strong>\u00c9l\u00e9gance textur\u00e9e :<\/strong> Des ondulations verticales ou des motifs subtils ajoutent de la profondeur et jouent avec la lumi\u00e8re pour des pr\u00e9sentations d\u00e9coratives dynamiques.<\/li>\n<li><strong>Bouche pratique :<\/strong> Les ouvertures coniques de la conception pratique de l&#039;embouchure remplissent deux fonctions : elles maintiennent les tiges en toute s\u00e9curit\u00e9 et permettent un remplacement facile de l&#039;eau et un nettoyage ais\u00e9.<\/li>\n<\/ul>\n<h2>Caract\u00e9ristiques principales<\/h2>\n<table style=\"border-collapse: collapse; width: 80%; margin-left: auto; margin-right: auto;\" border=\"0\" width=\"360\" cellspacing=\"0\" cellpadding=\"0\">\n<tbody>\n<tr style=\"height: 13.50pt;\">\n<td style=\"height: 13.5pt; width: 54pt; text-align: center;\" width=\"72\" height=\"18\">Forme<\/td>\n<td style=\"width: 54pt; text-align: center;\" width=\"72\">Taille (cm)<\/td>\n<td style=\"width: 54pt; text-align: center;\" width=\"72\">Mat\u00e9riel<\/td>\n<td style=\"width: 54pt; text-align: center;\" width=\"72\">Couleur<\/td>\n<td style=\"width: 54pt; text-align: center;\" width=\"72\">Usage<\/td>\n<\/tr>\n<tr style=\"height: 13.50pt;\">\n<td style=\"height: 13.5pt; text-align: center;\" height=\"18\">nervur\u00e9<\/td>\n<td style=\"text-align: center;\">5,5 \u00d7 11,2 \u00d7 3,8<\/td>\n<td class=\"et2\" style=\"text-align: center;\" rowspan=\"3\">Verre<\/td>\n<td class=\"et2\" style=\"text-align: center;\" rowspan=\"3\">Clair ou personnalis\u00e9<\/td>\n<td class=\"et2\" style=\"text-align: center;\" rowspan=\"3\">Fleurs, plantes succulentes, compositions artificielles<\/td>\n<\/tr>\n<tr style=\"height: 13.50pt;\">\n<td style=\"height: 13.5pt; text-align: center;\" height=\"18\">Gourde<\/td>\n<td style=\"text-align: center;\">6,0 \u00d7 11,5 \u00d7 3,8<\/td>\n<\/tr>\n<tr style=\"height: 13.50pt;\">\n<td style=\"height: 13.5pt; text-align: center;\" height=\"18\">Spirale<\/td>\n<td style=\"text-align: center;\">5,9 \u00d7 11,5 \u00d7 3,8<\/td>\n<\/tr>\n<\/tbody>\n<\/table>\n<h2>Cas de r\u00e9ussite<\/h2>\n<p>Le d\u00e9taillant n\u00e9erlandais de d\u00e9coration int\u00e9rieure a choisi nos vases transparents pour cr\u00e9er sa premi\u00e8re collection d&#039;accessoires de table minimalistes. Nos clients pouvaient choisir parmi plusieurs teintes claires, dont le gris fum\u00e9, l&#039;ambre et le vert tendre. Nous avons repens\u00e9 le col des vases pour assurer un maintien stable des fleurs \u00e0 tige unique. Nous avons \u00e9galement cr\u00e9\u00e9 un syst\u00e8me d&#039;emballage sp\u00e9cifique pour la distribution en gros de ces vases, garantissant une meilleure protection pendant le transport et une pr\u00e9sentation plus attrayante en magasin.<\/p>\n<p>Apr\u00e8s le lancement de son produit en six semaines, la cat\u00e9gorie \u00ab petits articles de d\u00e9coration \u00bb a connu une hausse des ventes de 25 % car le client avait besoin de plus de produits pour r\u00e9pondre \u00e0 la demande multicanale croissante, ce qui a entra\u00een\u00e9 une deuxi\u00e8me commande de 50 000 unit\u00e9s suppl\u00e9mentaires.<\/p>\n<h2>Conseils de personnalisation<\/h2>\n<ol>\n<li><strong>Options de teinte :<\/strong> Pour les collections saisonni\u00e8res, vous pouvez teinter les couleurs du film avec un ambre doux, un gris fum\u00e9, un bleu clair ou un d\u00e9grad\u00e9.<\/li>\n<li><strong>Identit\u00e9 visuelle (logo) :<\/strong> Incorporez les logos de la marque sous forme de gravure laser, de gaufrage en relief ou d&#039;un petit logo imprim\u00e9.<\/li>\n<li><strong>Association d&#039;accessoires\u00a0:<\/strong> Offrir la possibilit\u00e9 d&#039;associer les produits \u00e0 des articles secondaires tels que des \u00e9tiquettes d\u00e9coratives, des petits pr\u00e9sentoirs ou des plateaux en bois pour une pr\u00e9sentation am\u00e9lior\u00e9e.<\/li>\n<\/ol>","protected":false},"excerpt":{"rendered":"<p>Nos vases transparents pour fleurs existent en trois formes, parfaits pour la pr\u00e9sentation, la d\u00e9coration, etc. Nous proposons des vases \u00e0 bourgeons en gros, personnalisables, et offrons des \u00e9chantillons gratuits.<\/p>","protected":false},"featured_media":6171,"template":"","meta":{"postBodyCss":"","postBodyMargin":[],"postBodyPadding":[],"postBodyBackground":{"backgroundType":"classic","gradient":""}},"product_brand":[],"product_cat":[107,15,16],"product_tag":[],"class_list":{"0":"post-6163","1":"product","2":"type-product","3":"status-publish","4":"has-post-thumbnail","6":"product_cat-glass-bud-vases","7":"product_cat-glass-containers","8":"product_cat-glass-bottles","10":"first","11":"instock","12":"shipping-taxable","13":"product-type-simple"},"jetpack_sharing_enabled":true,"_links":{"self":[{"href":"https:\/\/minghanggroup.com\/fr\/wp-json\/wp\/v2\/product\/6163","targetHints":{"allow":["GET"]}}],"collection":[{"href":"https:\/\/minghanggroup.com\/fr\/wp-json\/wp\/v2\/product"}],"about":[{"href":"https:\/\/minghanggroup.com\/fr\/wp-json\/wp\/v2\/types\/product"}],"wp:featuredmedia":[{"embeddable":true,"href":"https:\/\/minghanggroup.com\/fr\/wp-json\/wp\/v2\/media\/6171"}],"wp:attachment":[{"href":"https:\/\/minghanggroup.com\/fr\/wp-json\/wp\/v2\/media?parent=6163"}],"wp:term":[{"taxonomy":"product_brand","embeddable":true,"href":"https:\/\/minghanggroup.com\/fr\/wp-json\/wp\/v2\/product_brand?post=6163"},{"taxonomy":"product_cat","embeddable":true,"href":"https:\/\/minghanggroup.com\/fr\/wp-json\/wp\/v2\/product_cat?post=6163"},{"taxonomy":"product_tag","embeddable":true,"href":"https:\/\/minghanggroup.com\/fr\/wp-json\/wp\/v2\/product_tag?post=6163"}],"curies":[{"name":"wp","href":"https:\/\/api.w.org\/{rel}","templated":true}]}}