{"id":6162,"date":"2026-04-02T11:33:54","date_gmt":"2026-04-02T03:33:54","guid":{"rendered":"https:\/\/minghanggroup.com\/?post_type=product&#038;p=6162"},"modified":"2026-04-02T13:25:44","modified_gmt":"2026-04-02T05:25:44","slug":"smoky-lantern-shape-ribbed-glass-vases-bulk","status":"publish","type":"product","link":"https:\/\/minghanggroup.com\/fr\/produit\/smoky-lantern-shape-ribbed-glass-vases-bulk\/","title":{"rendered":"Vases en verre c\u00f4tel\u00e9 en forme de lanterne fum\u00e9e (vente en gros)"},"content":{"rendered":"<p>Le design de ce vase en verre c\u00f4tel\u00e9 s&#039;inspire des lanternes traditionnelles. Ce vase en verre transparent gris fum\u00e9 pr\u00e9sente de profondes c\u00f4tes verticales qui ornent sa surface, tandis que la bordure en m\u00e9tal dor\u00e9 \u00e0 son ouverture lui conf\u00e8re une allure raffin\u00e9e.<\/p>\n<h2>Caract\u00e9ristiques du produit<\/h2>\n<ul>\n<li><strong>Forme classique de lanterne :<\/strong> Le design combine trois parties gr\u00e2ce \u00e0 son col \u00e9lanc\u00e9, son corps arrondi et sa base \u00e9vas\u00e9e, s&#039;inspirant des lanternes traditionnelles pour cr\u00e9er un design permanent.<\/li>\n<li><strong>C\u00f4tes verticales profondes :<\/strong> Les nervures verticales cr\u00e9ent un effet visuel impressionnant gr\u00e2ce \u00e0 la texture marqu\u00e9e du vase, ce qui produit des effets visuels profonds et cr\u00e9e des jeux d&#039;ombre et de lumi\u00e8re attrayants.<\/li>\n<li><strong>Verre gris fum\u00e9 avec des accents dor\u00e9s\u00a0:<\/strong> Le verre, d&#039;un gris fum\u00e9 transparent, affirme un style moderne tandis que les finitions en m\u00e9tal dor\u00e9 apportent une touche de sophistication au design.<\/li>\n<\/ul>\n<h2 style=\"text-align: left;\">Caract\u00e9ristiques principales<\/h2>\n<table class=\"aligncenter\" style=\"border-collapse: collapse; width: 432.77pt;\" border=\"0\" width=\"577\" cellspacing=\"0\" cellpadding=\"0\">\n<tbody>\n<tr style=\"height: 13.50pt;\">\n<td style=\"height: 13.50pt; width: 117.75pt;\" width=\"157\" height=\"18\">Attribut<\/td>\n<td style=\"width: 315.00pt;\" width=\"420\">D\u00e9tails<\/td>\n<\/tr>\n<tr style=\"height: 13.50pt;\">\n<td style=\"height: 13.50pt;\" height=\"18\">Dimensions approximatives (H\u00d7L)<\/td>\n<td>19,8 cm (H) \u00d7 12 cm (L)<\/td>\n<\/tr>\n<tr style=\"height: 13.50pt;\">\n<td style=\"height: 13.50pt;\" height=\"18\">Mat\u00e9riel<\/td>\n<td>Verre transparent gris fum\u00e9, bordure en m\u00e9tal dor\u00e9<\/td>\n<\/tr>\n<tr style=\"height: 13.50pt;\">\n<td style=\"height: 13.50pt;\" height=\"18\">Vase en forme de vase<\/td>\n<td>Silhouette de lanterne en trois parties<\/td>\n<\/tr>\n<tr style=\"height: 13.50pt;\">\n<td style=\"height: 13.50pt;\" height=\"18\">Gamme de personnalisation<\/td>\n<td>Couleur, style c\u00f4tel\u00e9, finition, taille<\/td>\n<\/tr>\n<tr style=\"height: 13.50pt;\">\n<td style=\"height: 13.50pt;\" height=\"18\">Savoir-faire<\/td>\n<td>Verre souffl\u00e9 \u00e0 la bouche ou verre moul\u00e9 de haute qualit\u00e9<\/td>\n<\/tr>\n<tr style=\"height: 13.50pt;\">\n<td style=\"height: 13.50pt;\" height=\"18\">Utilisation principale<\/td>\n<td>Vase d\u00e9coratif en verre pour fleurs, vase en verre c\u00f4tel\u00e9<\/td>\n<\/tr>\n<tr style=\"height: 13.50pt;\">\n<td style=\"height: 13.50pt;\" height=\"18\">Secteurs cibles<\/td>\n<td>d\u00e9taillants de d\u00e9coration int\u00e9rieure, fleuristes de boutique<\/td>\n<\/tr>\n<\/tbody>\n<\/table>\n<h2>Succ\u00e8s fulgurant\u00a0: Un produit phare d\u2019une cha\u00eene nationale de d\u00e9coration d\u2019int\u00e9rieur<\/h2>\n<p>Une grande cha\u00eene de d\u00e9coration d&#039;int\u00e9rieur a command\u00e9 notre vase en verre c\u00f4tel\u00e9 gris fum\u00e9, le personnalisant avec une teinte gris clair \u00ab givr\u00e9 \u00bb et des finitions or rose. Ce vase au design unique a vu son stock en ligne de 20\u00a0000 unit\u00e9s \u00e9puis\u00e9 en seulement deux jours apr\u00e8s son lancement. Le produit a g\u00e9n\u00e9r\u00e9 une augmentation de 350\u00a0% des ventes d&#039;accessoires d\u00e9coratifs au cours de son premier trimestre de commercialisation, tandis que les clients ont \u00e9valu\u00e9 sa durabilit\u00e9 \u00e0 99,5\u00a0%. Ce succ\u00e8s a conduit la cha\u00eene \u00e0 passer une commande suppl\u00e9mentaire de 620\u00a0000 vases pour ses prochaines collections de printemps et de f\u00eates de fin d&#039;ann\u00e9e.<\/p>\n<h2>Vase en verre pour fleurs : options de personnalisation<\/h2>\n<ul>\n<li>Il existe diff\u00e9rentes finitions possibles pour le m\u00e9tal du manche, telles que le polissage dor\u00e9, le laiton noir antique, l&#039;argent et le cuivre.<\/li>\n<li>Motifs c\u00f4tel\u00e9s \u2013 peuvent \u00eatre \u00e0 rainures fines, \u00e0 larges c\u00f4tes ou \u00e0 motif en spirale.<\/li>\n<li>Le produit est disponible en trois tailles d&#039;affichage : mini, standard et grande, afin de r\u00e9pondre \u00e0 diff\u00e9rents besoins d&#039;affichage et \u00e0 diff\u00e9rentes applications.<\/li>\n<\/ul>","protected":false},"excerpt":{"rendered":"<p>Vase en verre c\u00f4tel\u00e9 gris fum\u00e9, en forme de lanterne et bord dor\u00e9. Ce vase en verre apporte une touche d&#039;\u00e9l\u00e9gance \u00e0 votre d\u00e9coration. Possibilit\u00e9 de personnalisation. Livraison rapide.<\/p>","protected":false},"featured_media":6167,"template":"","meta":{"postBodyCss":"","postBodyMargin":[],"postBodyPadding":[],"postBodyBackground":{"backgroundType":"classic","gradient":""}},"product_brand":[],"product_cat":[107,15,16],"product_tag":[],"class_list":{"0":"post-6162","1":"product","2":"type-product","3":"status-publish","4":"has-post-thumbnail","6":"product_cat-glass-bud-vases","7":"product_cat-glass-containers","8":"product_cat-glass-bottles","10":"first","11":"instock","12":"shipping-taxable","13":"product-type-simple"},"jetpack_sharing_enabled":true,"_links":{"self":[{"href":"https:\/\/minghanggroup.com\/fr\/wp-json\/wp\/v2\/product\/6162","targetHints":{"allow":["GET"]}}],"collection":[{"href":"https:\/\/minghanggroup.com\/fr\/wp-json\/wp\/v2\/product"}],"about":[{"href":"https:\/\/minghanggroup.com\/fr\/wp-json\/wp\/v2\/types\/product"}],"wp:featuredmedia":[{"embeddable":true,"href":"https:\/\/minghanggroup.com\/fr\/wp-json\/wp\/v2\/media\/6167"}],"wp:attachment":[{"href":"https:\/\/minghanggroup.com\/fr\/wp-json\/wp\/v2\/media?parent=6162"}],"wp:term":[{"taxonomy":"product_brand","embeddable":true,"href":"https:\/\/minghanggroup.com\/fr\/wp-json\/wp\/v2\/product_brand?post=6162"},{"taxonomy":"product_cat","embeddable":true,"href":"https:\/\/minghanggroup.com\/fr\/wp-json\/wp\/v2\/product_cat?post=6162"},{"taxonomy":"product_tag","embeddable":true,"href":"https:\/\/minghanggroup.com\/fr\/wp-json\/wp\/v2\/product_tag?post=6162"}],"curies":[{"name":"wp","href":"https:\/\/api.w.org\/{rel}","templated":true}]}}