{"id":6143,"date":"2026-04-01T11:58:43","date_gmt":"2026-04-01T03:58:43","guid":{"rendered":"https:\/\/minghanggroup.com\/?post_type=product&#038;p=6143"},"modified":"2026-04-01T11:58:45","modified_gmt":"2026-04-01T03:58:45","slug":"colored-small-glass-vases-set-for-displays-bulk","status":"publish","type":"product","link":"https:\/\/minghanggroup.com\/fr\/produit\/colored-small-glass-vases-set-for-displays-bulk\/","title":{"rendered":"Ensemble de petits vases en verre color\u00e9 pour pr\u00e9sentoirs (vente en gros)"},"content":{"rendered":"<p>Ces petits vases en verre haute transparence arborent des formes arrondies et lisses qui s&#039;harmonisent avec tous les styles d&#039;int\u00e9rieur. Disponibles en trois tailles, ils permettent de pr\u00e9senter des fleurs individuelles, de petits bouquets et des plantes grasses. La collection comprend des vases en verre transparent bleu, ambr\u00e9 et vert, qui diffusent une lumi\u00e8re douce et mettent en valeur la beaut\u00e9 des tables, des pr\u00e9sentoirs de caf\u00e9s et des espaces de vente.<\/p>\n<h2>Caract\u00e9ristiques du produit<\/h2>\n<ul>\n<li><strong>Expression color\u00e9e :<\/strong> Le syst\u00e8me permet aux utilisateurs de choisir parmi quatre couleurs de plastique diff\u00e9rentes, dont le transparent classique, le bleu d&#039;inspiration vintage, l&#039;ambre chaud et le vert luxuriant, pour correspondre au style souhait\u00e9.<\/li>\n<li><strong>Arrangement sans effort : <\/strong>Sa conception permet une insertion facile de la tige et un remplacement ais\u00e9 de l&#039;eau gr\u00e2ce \u00e0 ses larges ouvertures et \u00e0 son design int\u00e9rieur lisse.<\/li>\n<li><strong>Quand durabilit\u00e9 rime avec design :<\/strong> Le verre de haute qualit\u00e9 offre une protection contre les \u00e9br\u00e9chures et les rayures, ce qui garantit la durabilit\u00e9 de votre produit pendant plusieurs saisons.<\/li>\n<\/ul>\n<h2>Caract\u00e9ristiques principales<\/h2>\n<table style=\"border-collapse: collapse; width: 80%; margin-left: auto; margin-right: auto;\" border=\"0\" width=\"288\" cellspacing=\"0\" cellpadding=\"0\">\n<tbody>\n<tr style=\"height: 13.50pt;\">\n<td style=\"height: 13.5pt; width: 54pt; text-align: center;\" width=\"72\" height=\"18\">Forme<\/td>\n<td style=\"width: 54pt; text-align: center;\" width=\"72\">Taille (mm)<\/td>\n<td style=\"width: 54pt; text-align: center;\" width=\"72\">Options de couleur<\/td>\n<td style=\"width: 54pt; text-align: center;\" width=\"72\">Usage<\/td>\n<\/tr>\n<tr style=\"height: 13.50pt;\">\n<td style=\"height: 13.5pt; text-align: center;\" height=\"18\">Vase rond plat<\/td>\n<td style=\"text-align: center;\">110 x 100 x 30<\/td>\n<td class=\"et2\" style=\"text-align: center;\" rowspan=\"3\">Transparent, ambre, gris, vert ou personnalis\u00e9<\/td>\n<td class=\"et2\" style=\"text-align: center;\" rowspan=\"3\">Fleurs, plantes succulentes, garnitures d\u00e9coratives<\/td>\n<\/tr>\n<tr style=\"height: 13.50pt;\">\n<td style=\"height: 13.5pt; text-align: center;\" height=\"18\">Vase rond aplati<\/td>\n<td style=\"text-align: center;\">90 x 111 x 30<\/td>\n<\/tr>\n<tr style=\"height: 13.50pt;\">\n<td style=\"height: 13.5pt; text-align: center;\" height=\"18\">Vase \u00e0 col haut<\/td>\n<td style=\"text-align: center;\">70 x 150 x 28<\/td>\n<\/tr>\n<\/tbody>\n<\/table>\n<h2>Histoire \u00e0 succ\u00e8s<\/h2>\n<p>Une cha\u00eene de caf\u00e9s a r\u00e9cemment modernis\u00e9 la d\u00e9coration de ses tables en rempla\u00e7ant ses contenants en plastique par nos petits vases en verre color\u00e9s \u00e0 une seule tige. Ces vases, con\u00e7us sur mesure, ont \u00e9t\u00e9 cr\u00e9\u00e9s selon une technique de d\u00e9grad\u00e9 utilisant deux couleurs principales issues des gammes de bleu et d&#039;ambre \u00e0 faible saturation. L&#039;\u00e9paisseur du verre a \u00e9t\u00e9 optimis\u00e9e pour garantir une plus grande durabilit\u00e9, permettant ainsi une utilisation quotidienne optimale m\u00eame dans les environnements \u00e0 fort passage. Le caf\u00e9 a b\u00e9n\u00e9fici\u00e9 d&#039;un emballage protecteur robuste, facilitant la gestion et le r\u00e9approvisionnement de ses importantes commandes de caf\u00e9.<\/p>\n<p>Le caf\u00e9 a vu son nombre d&#039;abonn\u00e9s Instagram tripler au cours des trois premiers mois suivant la mise \u00e0 jour, tandis que la fr\u00e9quentation a augment\u00e9 de 20 %. Le caf\u00e9 commande d&#039;importantes quantit\u00e9s de ces vases tous les trois mois, car leur design et leur durabilit\u00e9 exceptionnelle cr\u00e9ent des effets saisissants.<\/p>\n<h2>Conseils de personnalisation pour les marques et les commer\u00e7ants<\/h2>\n<ol>\n<li><strong>Combinaisons de formes de bouteilles :<\/strong> Un excellent moyen d&#039;am\u00e9liorer la diversit\u00e9 visuelle et l&#039;attrait d\u00e9coratif est tout simplement de favoriser le m\u00e9lange et l&#039;assortiment de diff\u00e9rentes formes de bouteilles (telles que les mod\u00e8les ronds, ronds aplatis et \u00e0 col \u00e9troit) pour cr\u00e9er des ensembles harmonieux.<\/li>\n<li><strong>Options de finition de surface\u00a0:<\/strong> Aujourd&#039;hui, les possibilit\u00e9s de personnalisation des surfaces sont infinies\u00a0: laquage s\u00e9lectif transparent brillant ou d\u00e9poli, effets vieillis, etc. Le client peut ainsi choisir une finition qui refl\u00e8te non seulement le style du produit, mais aussi l&#039;esth\u00e9tique globale de la marque.<\/li>\n<li><strong>Emplacement du logo de la marque\u00a0:<\/strong> En fait, un moyen assez simple de diff\u00e9rencier votre produit et votre marque consiste \u00e0 permettre aux clients de personnaliser des logos minimalistes (par des m\u00e9thodes telles que la s\u00e9rigraphie ou la gravure) sur la base ou le corps de la bouteille, augmentant ainsi efficacement la notori\u00e9t\u00e9 de la marque sans compromettre l&#039;int\u00e9grit\u00e9 esth\u00e9tique du produit.<\/li>\n<\/ol>","protected":false},"excerpt":{"rendered":"<section class=\"text-token-text-primary w-full focus:outline-none [--shadow-height:45px] has-data-writing-block:pointer-events-none has-data-writing-block:-mt-(--shadow-height) has-data-writing-block:pt-(--shadow-height) [&amp;:has([data-writing-block])&gt;*]:pointer-events-auto scroll-mt-(--header-height)\" dir=\"auto\" data-turn-id=\"4ae7f63b-6834-4db5-97e2-bc29cfe92107\" data-testid=\"conversation-turn-39\" data-scroll-anchor=\"false\" data-turn=\"user\">\n<div class=\"text-base my-auto mx-auto pt-12 [--thread-content-margin:var(--thread-content-margin-xs,calc(var(--spacing)*4))] @w-sm\/main:[--thread-content-margin:var(--thread-content-margin-sm,calc(var(--spacing)*6))] @w-lg\/main:[--thread-content-margin:var(--thread-content-margin-lg,calc(var(--spacing)*16))] px-(--thread-content-margin)\">\n<div class=\"[--thread-content-max-width:40rem] @w-lg\/main:[--thread-content-max-width:48rem] mx-auto max-w-(--thread-content-max-width) flex-1 group\/turn-messages focus-visible:outline-hidden relative flex w-full min-w-0 flex-col\">\n<div class=\"z-0 flex justify-end\">\n<div class=\"text-base my-auto mx-auto pb-10 [--thread-content-margin:var(--thread-content-margin-xs,calc(var(--spacing)*4))] @w-sm\/main:[--thread-content-margin:var(--thread-content-margin-sm,calc(var(--spacing)*6))] @w-lg\/main:[--thread-content-margin:var(--thread-content-margin-lg,calc(var(--spacing)*16))] px-(--thread-content-margin)\">\n<div class=\"[--thread-content-max-width:40rem] @w-lg\/main:[--thread-content-max-width:48rem] mx-auto max-w-(--thread-content-max-width) flex-1 group\/turn-messages focus-visible:outline-hidden relative flex w-full min-w-0 flex-col agent-turn\">\n<div class=\"flex max-w-full flex-col gap-4 grow\">\n<div class=\"min-h-8 text-message relative flex w-full flex-col items-end gap-2 text-start break-words whitespace-normal outline-none keyboard-focused:focus-ring [.text-message+&amp;]:mt-1\" dir=\"auto\" tabindex=\"0\" data-message-author-role=\"assistant\" data-message-id=\"6f55707e-ed3a-43ba-a7bf-1ed1edfca194\" data-message-model-slug=\"gpt-5-3\" data-turn-start-message=\"true\">\n<div class=\"flex w-full flex-col gap-1 empty:hidden\">\n<div class=\"markdown prose dark:prose-invert w-full wrap-break-word light markdown-new-styling\">\n<p data-start=\"0\" data-end=\"155\" data-is-last-node=\"\" data-is-only-node=\"\">Vases en verre de petite taille, bleus, ambr\u00e9s ou verts, disponibles en gros. Ces vases en verre color\u00e9 sont parfaits pour les fleurs individuelles, la d\u00e9coration de table et les commandes en gros \u00e0 prix d&#039;usine.<\/p>\n<\/div>\n<\/div>\n<\/div>\n<\/div>\n<\/div>\n<\/div>\n<\/div>\n<\/div>\n<\/div>\n<\/section>","protected":false},"featured_media":6148,"template":"","meta":{"postBodyCss":"","postBodyMargin":[],"postBodyPadding":[],"postBodyBackground":{"backgroundType":"classic","gradient":""}},"product_brand":[],"product_cat":[107,16,15],"product_tag":[],"class_list":{"0":"post-6143","1":"product","2":"type-product","3":"status-publish","4":"has-post-thumbnail","6":"product_cat-glass-bud-vases","7":"product_cat-glass-bottles","8":"product_cat-glass-containers","10":"first","11":"instock","12":"shipping-taxable","13":"product-type-simple"},"jetpack_sharing_enabled":true,"_links":{"self":[{"href":"https:\/\/minghanggroup.com\/fr\/wp-json\/wp\/v2\/product\/6143","targetHints":{"allow":["GET"]}}],"collection":[{"href":"https:\/\/minghanggroup.com\/fr\/wp-json\/wp\/v2\/product"}],"about":[{"href":"https:\/\/minghanggroup.com\/fr\/wp-json\/wp\/v2\/types\/product"}],"wp:featuredmedia":[{"embeddable":true,"href":"https:\/\/minghanggroup.com\/fr\/wp-json\/wp\/v2\/media\/6148"}],"wp:attachment":[{"href":"https:\/\/minghanggroup.com\/fr\/wp-json\/wp\/v2\/media?parent=6143"}],"wp:term":[{"taxonomy":"product_brand","embeddable":true,"href":"https:\/\/minghanggroup.com\/fr\/wp-json\/wp\/v2\/product_brand?post=6143"},{"taxonomy":"product_cat","embeddable":true,"href":"https:\/\/minghanggroup.com\/fr\/wp-json\/wp\/v2\/product_cat?post=6143"},{"taxonomy":"product_tag","embeddable":true,"href":"https:\/\/minghanggroup.com\/fr\/wp-json\/wp\/v2\/product_tag?post=6143"}],"curies":[{"name":"wp","href":"https:\/\/api.w.org\/{rel}","templated":true}]}}