{"id":6122,"date":"2026-03-30T13:42:57","date_gmt":"2026-03-30T05:42:57","guid":{"rendered":"https:\/\/minghanggroup.com\/?post_type=product&#038;p=6122"},"modified":"2026-03-30T13:42:58","modified_gmt":"2026-03-30T05:42:58","slug":"green-frosted-cosmetics-glass-jars-for-skincare-bulk","status":"publish","type":"product","link":"https:\/\/minghanggroup.com\/fr\/produit\/green-frosted-cosmetics-glass-jars-for-skincare-bulk\/","title":{"rendered":"Pots en verre d\u00e9poli vert pour cosm\u00e9tiques (5 g \u2013 250 g) pour soins de la peau (vente en gros)"},"content":{"rendered":"<p>Les pots cosm\u00e9tiques en verre vert translucide, l\u00e9g\u00e8rement mat, offrent une protection naturelle contre la lumi\u00e8re, pour une pr\u00e9sentation \u00e0 la fois douce et \u00e9l\u00e9gante, id\u00e9ale pour les cr\u00e8mes et s\u00e9rums d\u00e9licats. Leurs couvercles \u00e0 vis en plastique lisse, disponibles en plusieurs coloris, garantissent une fermeture herm\u00e9tique et une utilisation facile. Parfaits pour des emballages luxueux ou la vente en gros \u00e0 prix avantageux, ces pots cosm\u00e9tiques en verre allient esth\u00e9tique, fonctionnalit\u00e9 et personnalisation. Mettez en valeur vos produits en rayon et impressionnez vos clients par une pr\u00e9sentation haut de gamme.<\/p>\n<h2>Caract\u00e9ristiques principales<\/h2>\n<ul>\n<li><strong>La protection solaire naturelle int\u00e9gr\u00e9e :<\/strong> Le verre vert bloque les rayons UV, emp\u00eachant ainsi les formules sensibles de se d\u00e9colorer sur les \u00e9tag\u00e8res.<\/li>\n<li><strong>Pratique gr\u00e2ce \u00e0 sa large ouverture\u00a0:<\/strong> Sa large ouverture facilite grandement le remplissage du produit ainsi que son utilisation par le client.<\/li>\n<li><strong>Conception \u00e0 dessus plat empilable\u00a0:<\/strong> La surface sup\u00e9rieure plate du couvercle permet un empilage s\u00fbr lors du stockage et du transport, \u00e9vitant ainsi les d\u00e9versements.<\/li>\n<\/ul>\n<h2>Tableau des sp\u00e9cifications<\/h2>\n<table style=\"border-collapse: collapse; width: 80%; margin-left: auto; margin-right: auto;\" border=\"0\" width=\"144\" cellspacing=\"0\" cellpadding=\"0\">\n<tbody>\n<tr style=\"height: 13.50pt;\">\n<td style=\"height: 13.5pt; width: 54pt; text-align: center;\" width=\"72\" height=\"18\">Sp\u00e9cification<\/td>\n<td style=\"width: 54pt; text-align: center;\" width=\"72\">D\u00e9tails<\/td>\n<\/tr>\n<tr style=\"height: 13.50pt;\">\n<td style=\"height: 13.5pt; text-align: center;\" height=\"18\">Capacit\u00e9<\/td>\n<td style=\"text-align: center;\">5 g, 10 g, 15 g, 30 g, 50 g, 60 g, 100 g, 120 g, 250 g<\/td>\n<\/tr>\n<tr style=\"height: 13.50pt;\">\n<td style=\"height: 13.5pt; text-align: center;\" height=\"18\">Forme<\/td>\n<td style=\"text-align: center;\">Rond<\/td>\n<\/tr>\n<tr style=\"height: 13.50pt;\">\n<td style=\"height: 13.5pt; text-align: center;\" height=\"18\">Couleur du corps<\/td>\n<td style=\"text-align: center;\">Vert ou personnalis\u00e9<\/td>\n<\/tr>\n<tr style=\"height: 13.50pt;\">\n<td style=\"height: 13.5pt; text-align: center;\" height=\"18\">Mat\u00e9riau du couvercle<\/td>\n<td style=\"text-align: center;\">Plastique avec filetage<\/td>\n<\/tr>\n<\/tbody>\n<\/table>\n<h2>Cas de r\u00e9ussite<\/h2>\n<p>Une start-up am\u00e9ricaine sp\u00e9cialis\u00e9e dans les soins de la peau nous a contact\u00e9s et nous a confi\u00e9 la fourniture exclusive de ses flacons cosm\u00e9tiques. Ces flacons sont dot\u00e9s d&#039;un syst\u00e8me de double \u00e9tanch\u00e9it\u00e9\u00a0: un joint interne en poly\u00e9thyl\u00e8ne et un bouchon \u00e0 vis \u00e9tanche, assurant une protection optimale contre les fuites. De plus, nous avons con\u00e7u des bouchons mats \u00e0 la couleur \u00e9quilibr\u00e9e, trait\u00e9s avec un rev\u00eatement doux au toucher, conf\u00e9rant au produit une sensation haut de gamme. Enfin, nous avons pr\u00e9vu un emplacement sp\u00e9cifique au fond du flacon pour l&#039;impression du code de lot, garantissant ainsi une tra\u00e7abilit\u00e9 compl\u00e8te du produit.<\/p>\n<p>Suite au lancement de cette solution d&#039;emballage sur le march\u00e9, la cr\u00e8me visage phare de la marque a connu une hausse ph\u00e9nom\u00e9nale de ses ventes, de 30 % en seulement six semaines. Ayant \u00e9tendu sa distribution \u00e0 d&#039;autres points de vente, la marque nous a imm\u00e9diatement pass\u00e9 une nouvelle commande de 40\u00a0000 unit\u00e9s.<\/p>\n<h2>Conseils de personnalisation<\/h2>\n<ol>\n<li><strong>Options de finition du verre\u00a0:<\/strong> Choisissez une finition transparente, d\u00e9polie, mate ou d\u00e9grad\u00e9e pour cr\u00e9er des effets visuels vari\u00e9s et positionner votre marque.<\/li>\n<li><strong>Structures d&#039;\u00e9tanch\u00e9it\u00e9 internes :<\/strong> Des rev\u00eatements en PE, des joints d&#039;\u00e9tanch\u00e9it\u00e9 ou des syst\u00e8mes de joints peuvent \u00eatre ajout\u00e9s pour am\u00e9liorer les performances des syst\u00e8mes \u00e9tanches et garantir la s\u00e9curit\u00e9 du produit.<\/li>\n<li><strong>Accessoires compl\u00e9mentaires\u00a0:<\/strong> Ajoutez des spatules, des couvercles int\u00e9rieurs ou des disques de protection pour am\u00e9liorer l&#039;exp\u00e9rience utilisateur.<\/li>\n<\/ol>","protected":false},"excerpt":{"rendered":"<p>D\u00e9couvrez nos pots en verre \u00e9cologiques pour cosm\u00e9tiques, destin\u00e9s aux marques et grossistes du secteur de la beaut\u00e9. Id\u00e9aux pour les cr\u00e8mes et les s\u00e9rums. Contactez-nous pour les commandes en gros ou les solutions de personnalisation. Livraison rapide.<\/p>","protected":false},"featured_media":6125,"template":"","meta":{"postBodyCss":"","postBodyMargin":[],"postBodyPadding":[],"postBodyBackground":{"backgroundType":"classic","gradient":""}},"product_brand":[],"product_cat":[106,15,17],"product_tag":[],"class_list":{"0":"post-6122","1":"product","2":"type-product","3":"status-publish","4":"has-post-thumbnail","6":"product_cat-cosmetic-jars","7":"product_cat-glass-containers","8":"product_cat-glass-jars","10":"first","11":"instock","12":"shipping-taxable","13":"product-type-simple"},"jetpack_sharing_enabled":true,"_links":{"self":[{"href":"https:\/\/minghanggroup.com\/fr\/wp-json\/wp\/v2\/product\/6122","targetHints":{"allow":["GET"]}}],"collection":[{"href":"https:\/\/minghanggroup.com\/fr\/wp-json\/wp\/v2\/product"}],"about":[{"href":"https:\/\/minghanggroup.com\/fr\/wp-json\/wp\/v2\/types\/product"}],"wp:featuredmedia":[{"embeddable":true,"href":"https:\/\/minghanggroup.com\/fr\/wp-json\/wp\/v2\/media\/6125"}],"wp:attachment":[{"href":"https:\/\/minghanggroup.com\/fr\/wp-json\/wp\/v2\/media?parent=6122"}],"wp:term":[{"taxonomy":"product_brand","embeddable":true,"href":"https:\/\/minghanggroup.com\/fr\/wp-json\/wp\/v2\/product_brand?post=6122"},{"taxonomy":"product_cat","embeddable":true,"href":"https:\/\/minghanggroup.com\/fr\/wp-json\/wp\/v2\/product_cat?post=6122"},{"taxonomy":"product_tag","embeddable":true,"href":"https:\/\/minghanggroup.com\/fr\/wp-json\/wp\/v2\/product_tag?post=6122"}],"curies":[{"name":"wp","href":"https:\/\/api.w.org\/{rel}","templated":true}]}}