{"id":6107,"date":"2026-03-27T09:05:25","date_gmt":"2026-03-27T01:05:25","guid":{"rendered":"https:\/\/minghanggroup.com\/?post_type=product&#038;p=6107"},"modified":"2026-03-27T16:50:47","modified_gmt":"2026-03-27T08:50:47","slug":"round-cosmetic-containers-with-lids-wholesale","status":"publish","type":"product","link":"https:\/\/minghanggroup.com\/fr\/produit\/round-cosmetic-containers-with-lids-wholesale\/","title":{"rendered":"Pots cosm\u00e9tiques ronds avec couvercles, 20 g, 30 g et 50 g, vente en gros"},"content":{"rendered":"<p>Ce sont des pots cosm\u00e9tiques cylindriques en forme de champignon, munis d&#039;un couvercle. Le couvercle et le corps sont incurv\u00e9s et arrondis. Disponibles en blanc et en noir, ils sont parfaitement adapt\u00e9s pour y ranger cr\u00e8mes pour le visage, baumes \u00e0 l\u00e8vres et autres produits de soin.<\/p>\n<h2>Caract\u00e9ristiques du produit<\/h2>\n<ul>\n<li><strong>Combinaison une pi\u00e8ce en forme de champignon :<\/strong> Le capuchon et le corps ont une forme de champignon aux contours lisses et arrondis, ce qui lui conf\u00e8re une apparence \u00e9pur\u00e9e et moderne.<\/li>\n<li><strong>Finition blanc brillant ou noir brillant\u00a0:<\/strong> Elle se d\u00e9cline en blanc brillant \u00e9clatant et pur, ainsi qu&#039;en noir brillant profond et \u00e9l\u00e9gant, pour une impression de minimalisme et de sophistication.<\/li>\n<li><strong>Forme cylindrique minimale :<\/strong> Sa forme cylindrique large et minimaliste est stable et facile \u00e0 tenir, et offre beaucoup d&#039;espace pour diffuser discr\u00e8tement des publicit\u00e9s de la marque.<\/li>\n<\/ul>\n<h2 style=\"text-align: left;\">Caract\u00e9ristiques principales<\/h2>\n<table class=\"aligncenter\" style=\"border-collapse: collapse; width: 417.77pt;\" border=\"0\" width=\"557\" cellspacing=\"0\" cellpadding=\"0\">\n<tbody>\n<tr style=\"height: 13.50pt;\">\n<td style=\"height: 13.50pt; width: 118.50pt;\" width=\"158\" height=\"18\">Sp\u00e9cification<\/td>\n<td style=\"width: 299.25pt;\" width=\"399\">D\u00e9tails<\/td>\n<\/tr>\n<tr style=\"height: 13.50pt;\">\n<td style=\"height: 13.50pt;\" height=\"18\">Capacit\u00e9<\/td>\n<td>20 g, 30 g, 50 g<\/td>\n<\/tr>\n<tr style=\"height: 13.50pt;\">\n<td style=\"height: 13.50pt;\" height=\"18\">Mat\u00e9riel<\/td>\n<td>Verre sodium-calcium<\/td>\n<\/tr>\n<tr style=\"height: 13.50pt;\">\n<td style=\"height: 13.50pt;\" height=\"18\">Pot en forme de bocal<\/td>\n<td>Cylindre avec profil de couvercle en forme de \u00ab champignon \u00bb<\/td>\n<\/tr>\n<tr style=\"height: 13.50pt;\">\n<td style=\"height: 13.50pt;\" height=\"18\">Gamme de personnalisation<\/td>\n<td>Couleur, finition, taille, mat\u00e9riau<\/td>\n<\/tr>\n<tr style=\"height: 13.50pt;\">\n<td style=\"height: 13.50pt;\" height=\"18\">Savoir-faire<\/td>\n<td>Moulage par injection de pr\u00e9cision pour finition par pulv\u00e9risation<\/td>\n<\/tr>\n<tr style=\"height: 13.50pt;\">\n<td style=\"height: 13.50pt;\" height=\"18\">Utilisation principale<\/td>\n<td>Pots de cr\u00e8mes, contenants cosm\u00e9tiques en gros<\/td>\n<\/tr>\n<tr style=\"height: 13.50pt;\">\n<td style=\"height: 13.50pt;\" height=\"18\">Secteurs cibles<\/td>\n<td>Soins de la peau, cosm\u00e9tiques, esth\u00e9tique professionnelle<\/td>\n<\/tr>\n<\/tbody>\n<\/table>\n<h2>Succ\u00e8s\u00a0: Campagne pilote mondiale d\u2019une marque de beaut\u00e9 cor\u00e9enne<\/h2>\n<p>Une marque de cosm\u00e9tiques cor\u00e9enne a choisi nos flacons blancs de 30 g avec couvercle. Un design s\u00e9rigraphi\u00e9 \u00e0 d\u00e9grad\u00e9 et un couvercle mat ont \u00e9t\u00e9 sp\u00e9cialement con\u00e7us pour nous. Leur forme originale de champignon est extr\u00eamement photog\u00e9nique, ce qui a g\u00e9n\u00e9r\u00e9 500 % de contenu suppl\u00e9mentaire sur TikTok et Instagram. Leur petit format en fait les compagnons de voyage id\u00e9aux, et les ventes de flacons de 20 g ont ainsi bondi de 200 %. Fort de ce succ\u00e8s, la marque a pass\u00e9 une nouvelle commande de 5 millions de flacons pour ses nouveaux produits et des coffrets cadeaux VIP.<\/p>\n<h2>Suggestions de personnalisation pour les contenants cosm\u00e9tiques en gros<\/h2>\n<ul>\n<li>Sch\u00e9ma de couleurs personnalis\u00e9\u00a0: Possibilit\u00e9 d\u2019inclure une finition brillante, correspondant au nuancier Pantone et parfaitement adapt\u00e9e \u00e0 la marque et \u00e0 son identit\u00e9, sans recourir au traditionnel sch\u00e9ma de couleurs noir et blanc.<\/li>\n<li>Finition mate ou douce au toucher\u00a0: La m\u00eame finition mate ou douce au toucher que celle utilis\u00e9e pour la forme du champignon sera employ\u00e9e afin de garantir une exp\u00e9rience tactile haut de gamme.<\/li>\n<li>Anneau d\u00e9coratif m\u00e9tallique\u00a0: Un petit anneau m\u00e9tallique (or, argent, or rose) entre la bouteille et le bouchon est un d\u00e9tail superflu mais luxueux.<\/li>\n<\/ul>","protected":false},"excerpt":{"rendered":"<p>Contenants cosm\u00e9tiques en gros, au design \u00e9l\u00e9gant en forme de champignon et \u00e0 la finition brillante. Couvercles inclus pour une fermeture herm\u00e9tique. \u00c9chantillons gratuits disponibles.<\/p>","protected":false},"featured_media":6109,"template":"","meta":{"postBodyCss":"","postBodyMargin":[],"postBodyPadding":[],"postBodyBackground":{"backgroundType":"classic","gradient":""}},"product_brand":[],"product_cat":[106,15,17],"product_tag":[],"class_list":{"0":"post-6107","1":"product","2":"type-product","3":"status-publish","4":"has-post-thumbnail","6":"product_cat-cosmetic-jars","7":"product_cat-glass-containers","8":"product_cat-glass-jars","10":"first","11":"instock","12":"shipping-taxable","13":"product-type-simple"},"jetpack_sharing_enabled":true,"_links":{"self":[{"href":"https:\/\/minghanggroup.com\/fr\/wp-json\/wp\/v2\/product\/6107","targetHints":{"allow":["GET"]}}],"collection":[{"href":"https:\/\/minghanggroup.com\/fr\/wp-json\/wp\/v2\/product"}],"about":[{"href":"https:\/\/minghanggroup.com\/fr\/wp-json\/wp\/v2\/types\/product"}],"wp:featuredmedia":[{"embeddable":true,"href":"https:\/\/minghanggroup.com\/fr\/wp-json\/wp\/v2\/media\/6109"}],"wp:attachment":[{"href":"https:\/\/minghanggroup.com\/fr\/wp-json\/wp\/v2\/media?parent=6107"}],"wp:term":[{"taxonomy":"product_brand","embeddable":true,"href":"https:\/\/minghanggroup.com\/fr\/wp-json\/wp\/v2\/product_brand?post=6107"},{"taxonomy":"product_cat","embeddable":true,"href":"https:\/\/minghanggroup.com\/fr\/wp-json\/wp\/v2\/product_cat?post=6107"},{"taxonomy":"product_tag","embeddable":true,"href":"https:\/\/minghanggroup.com\/fr\/wp-json\/wp\/v2\/product_tag?post=6107"}],"curies":[{"name":"wp","href":"https:\/\/api.w.org\/{rel}","templated":true}]}}