{"id":6096,"date":"2026-03-26T09:47:01","date_gmt":"2026-03-26T01:47:01","guid":{"rendered":"https:\/\/minghanggroup.com\/?post_type=product&#038;p=6096"},"modified":"2026-03-26T11:13:17","modified_gmt":"2026-03-26T03:13:17","slug":"black-containers-for-cosmetics-with-wood-lids-wholesale","status":"publish","type":"product","link":"https:\/\/minghanggroup.com\/fr\/produit\/black-containers-for-cosmetics-with-wood-lids-wholesale\/","title":{"rendered":"Pots noirs de 30 ml et 60 ml pour cosm\u00e9tiques avec couvercles en bois (vente en gros)"},"content":{"rendered":"<p>Ces flacons cosm\u00e9tiques sont con\u00e7us avec des formes courtes et \u00e9l\u00e9gantes, en verre noir, surmont\u00e9s de bouchons en bois naturel. Le verre noir opaque prot\u00e8ge les formules confidentielles, tandis que la chaleur du bois conf\u00e8re \u00e0 la marque une attrait visuel ind\u00e9niable.<\/p>\n<h2>Caract\u00e9ristiques du produit<\/h2>\n<ul>\n<li><strong>Bouteille en verre noir brillant :<\/strong> La surface en verre noir brillant, profonde et lisse, apporte une touche moderne et luxueuse \u00e0 la bouteille et la rend r\u00e9sistante aux traces de doigts.<\/li>\n<li><strong>Bouchon \u00e0 grain de bois naturel :<\/strong> Le capuchon en bois clair poss\u00e8de un bouchon \u00e0 vis au contraste naturel et offre une sensation tr\u00e8s particuli\u00e8re.<\/li>\n<li><strong>Grande bouteille cylindrique basse :<\/strong> La bouteille courte et large offre un syst\u00e8me de maintien stable, elle est facile \u00e0 manipuler et offre beaucoup d&#039;espace pour mettre en valeur la marque.<\/li>\n<\/ul>\n<h2 style=\"text-align: left;\">Caract\u00e9ristiques principales<\/h2>\n<table class=\"aligncenter\" style=\"border-collapse: collapse; width: 438.77pt;\" border=\"0\" width=\"585\" cellspacing=\"0\" cellpadding=\"0\">\n<tbody>\n<tr style=\"height: 13.50pt;\">\n<td style=\"height: 13.50pt; width: 118.50pt;\" width=\"158\" height=\"18\">Sp\u00e9cification<\/td>\n<td style=\"width: 320.25pt;\" width=\"427\">D\u00e9tails<\/td>\n<\/tr>\n<tr style=\"height: 13.50pt;\">\n<td style=\"height: 13.50pt;\" height=\"18\">Capacit\u00e9<\/td>\n<td>30 ml, 60 ml<\/td>\n<\/tr>\n<tr style=\"height: 13.50pt;\">\n<td style=\"height: 13.50pt;\" height=\"18\">Mat\u00e9riel<\/td>\n<td>Verre noir opaque, couvercle en bois naturel<\/td>\n<\/tr>\n<tr style=\"height: 13.50pt;\">\n<td style=\"height: 13.50pt;\" height=\"18\">Pot en forme de bocal<\/td>\n<td>Cylindre court et large (\u00ab\u00a0chubby\u00a0\u00bb) \u00e0 col filet\u00e9<\/td>\n<\/tr>\n<tr style=\"height: 13.50pt;\">\n<td style=\"height: 13.50pt;\" height=\"18\">\u00c9tendue de la personnalisation<\/td>\n<td>Taille, couleur, couvercles, finition<\/td>\n<\/tr>\n<tr style=\"height: 13.50pt;\">\n<td style=\"height: 13.50pt;\" height=\"18\">Savoir-faire<\/td>\n<td>Formage de verre de pr\u00e9cision pour couleurs opaques<\/td>\n<\/tr>\n<tr style=\"height: 13.50pt;\">\n<td style=\"height: 13.50pt;\" height=\"18\">Objectif du produit<\/td>\n<td>Pots de s\u00e9rum pour les yeux, contenants cosm\u00e9tiques en gros<\/td>\n<\/tr>\n<tr style=\"height: 13.50pt;\">\n<td style=\"height: 13.50pt;\" height=\"18\">Secteurs d&#039;activit\u00e9 appropri\u00e9s<\/td>\n<td>Marques de soins de la peau haut de gamme, cosm\u00e9tiques biologiques et naturels<\/td>\n<\/tr>\n<\/tbody>\n<\/table>\n<h2>Succ\u00e8s\u00a0: Une gamme de produits embl\u00e9matique d\u2019une marque canadienne de soins de la peau<\/h2>\n<p>Une entreprise canadienne de soins de la peau haut de gamme a achet\u00e9 nos flacons noirs de 60 ml pour ses cosm\u00e9tiques. Elle a fait graver au laser les bouchons en bois avec le logo de la marque et s\u00e9rigraphier un lettrage minimaliste. Ce design distinctif a entra\u00een\u00e9 une hausse de 300 % des pr\u00e9commandes avant m\u00eame la sortie du produit, et les bouchons en bois, en accord avec la philosophie naturelle de l&#039;entreprise, ont vu leurs ventes directes augmenter de 50 %. La marque a connu un tel succ\u00e8s qu&#039;elle a command\u00e9 300\u00a0000 pots en verre suppl\u00e9mentaires pour conditionner l&#039;ensemble de sa gamme de soins de la peau, destin\u00e9e \u00e0 \u00eatre distribu\u00e9e dans le monde entier.<\/p>\n<h2>Personnalisation de contenants cosm\u00e9tiques en gros<\/h2>\n<ul>\n<li>Mat\u00e9riau du couvercle\u00a0: Les couvercles peuvent \u00eatre fabriqu\u00e9s dans diff\u00e9rents mat\u00e9riaux (bambou, noyer, h\u00eatre), en li\u00e8ge ou en c\u00e9ramique.<\/li>\n<li>Finitions de verre personnalis\u00e9es\u00a0: Le verre peut \u00eatre sabl\u00e9\/grav\u00e9 ou pr\u00e9senter diverses finitions (noir mat, gris fum\u00e9, verre opaque color\u00e9).<\/li>\n<li>S\u00e9rigraphie\u00a0: Les bocaux en verre noir peuvent \u00eatre s\u00e9rigraphi\u00e9s avec de l\u2019encre m\u00e9tallique ou blanche et des logos de marque ou des ic\u00f4nes d\u2019ingr\u00e9dients, ou d\u00e9cor\u00e9s d\u2019autocollants.<\/li>\n<\/ul>","protected":false},"excerpt":{"rendered":"<p>Contenants haut de gamme pour cosm\u00e9tiques, \u00e9l\u00e9gants, en verre noir avec couvercle en bois. Id\u00e9aux pour le conditionnement des soins de la peau. Livraison rapide et tarifs d\u00e9gressifs disponibles.<\/p>","protected":false},"featured_media":6099,"template":"","meta":{"postBodyCss":"","postBodyMargin":[],"postBodyPadding":[],"postBodyBackground":{"backgroundType":"classic","gradient":""}},"product_brand":[],"product_cat":[106,15,17],"product_tag":[],"class_list":{"0":"post-6096","1":"product","2":"type-product","3":"status-publish","4":"has-post-thumbnail","6":"product_cat-cosmetic-jars","7":"product_cat-glass-containers","8":"product_cat-glass-jars","10":"first","11":"instock","12":"shipping-taxable","13":"product-type-simple"},"jetpack_sharing_enabled":true,"_links":{"self":[{"href":"https:\/\/minghanggroup.com\/fr\/wp-json\/wp\/v2\/product\/6096","targetHints":{"allow":["GET"]}}],"collection":[{"href":"https:\/\/minghanggroup.com\/fr\/wp-json\/wp\/v2\/product"}],"about":[{"href":"https:\/\/minghanggroup.com\/fr\/wp-json\/wp\/v2\/types\/product"}],"wp:featuredmedia":[{"embeddable":true,"href":"https:\/\/minghanggroup.com\/fr\/wp-json\/wp\/v2\/media\/6099"}],"wp:attachment":[{"href":"https:\/\/minghanggroup.com\/fr\/wp-json\/wp\/v2\/media?parent=6096"}],"wp:term":[{"taxonomy":"product_brand","embeddable":true,"href":"https:\/\/minghanggroup.com\/fr\/wp-json\/wp\/v2\/product_brand?post=6096"},{"taxonomy":"product_cat","embeddable":true,"href":"https:\/\/minghanggroup.com\/fr\/wp-json\/wp\/v2\/product_cat?post=6096"},{"taxonomy":"product_tag","embeddable":true,"href":"https:\/\/minghanggroup.com\/fr\/wp-json\/wp\/v2\/product_tag?post=6096"}],"curies":[{"name":"wp","href":"https:\/\/api.w.org\/{rel}","templated":true}]}}