{"id":6086,"date":"2026-03-25T09:15:28","date_gmt":"2026-03-25T01:15:28","guid":{"rendered":"https:\/\/minghanggroup.com\/?post_type=product&#038;p=6086"},"modified":"2026-03-25T11:01:56","modified_gmt":"2026-03-25T03:01:56","slug":"white-glass-cosmetic-jars-and-lids-wholesale","status":"publish","type":"product","link":"https:\/\/minghanggroup.com\/fr\/produit\/white-glass-cosmetic-jars-and-lids-wholesale\/","title":{"rendered":"Pots cosm\u00e9tiques en verre blanc de 300 ml avec couvercles (vente en gros)"},"content":{"rendered":"<p>Ces pots cosm\u00e9tiques et leurs couvercles sont l\u00e9g\u00e8rement fusel\u00e9s et de forme carr\u00e9e arrondie, avec une poign\u00e9e pratique. Les pots sont en c\u00e9ramique \u00e9maill\u00e9e de haute qualit\u00e9, lisse et brillante, ce qui les rend r\u00e9sistants aux traces de doigts.<\/p>\n<h2>Caract\u00e9ristiques du produit<\/h2>\n<ul>\n<li><strong>Forme carr\u00e9e arrondie et lisse :<\/strong> Sa forme carr\u00e9e et fusel\u00e9e offre une grande stabilit\u00e9, un look moderne et une prise en main confortable.<\/li>\n<li><strong>Surface en c\u00e9ramique blanche brillante :<\/strong> La surface en c\u00e9ramique \u00e9maill\u00e9e, largement brillante, est facile \u00e0 nettoyer, inoxydable et pr\u00e9sente un aspect lumineux et \u00e9l\u00e9gant.<\/li>\n<li><strong>Grande capacit\u00e9 de 300 ml :<\/strong> Sa taille g\u00e9n\u00e9reuse est tr\u00e8s pratique pour les lotions pour le corps, les cr\u00e8mes, les masques ou tout autre produit n\u00e9cessitant une application ou une utilisation constante sur l&#039;ensemble du corps.<\/li>\n<\/ul>\n<h2 style=\"text-align: left;\">Caract\u00e9ristiques principales<\/h2>\n<table class=\"aligncenter\" style=\"border-collapse: collapse; width: 371.27pt;\" border=\"0\" width=\"495\" cellspacing=\"0\" cellpadding=\"0\">\n<tbody>\n<tr style=\"height: 13.50pt;\">\n<td style=\"height: 13.50pt; width: 117.75pt;\" width=\"157\" height=\"18\">Attribut<\/td>\n<td style=\"width: 253.50pt;\" width=\"338\">D\u00e9tails<\/td>\n<\/tr>\n<tr style=\"height: 13.50pt;\">\n<td style=\"height: 13.50pt;\" height=\"18\">Capacit\u00e9<\/td>\n<td>300 ml<\/td>\n<\/tr>\n<tr style=\"height: 13.50pt;\">\n<td style=\"height: 13.50pt;\" height=\"18\">Mat\u00e9riel<\/td>\n<td>C\u00e9ramique \u00e9maill\u00e9e blanche<\/td>\n<\/tr>\n<tr style=\"height: 13.50pt;\">\n<td style=\"height: 13.50pt;\" height=\"18\">Pot en forme de bocal<\/td>\n<td>Carr\u00e9 arrondi \u00e0 taille cintr\u00e9e<\/td>\n<\/tr>\n<tr style=\"height: 13.50pt;\">\n<td style=\"height: 13.50pt;\" height=\"18\">Gamme de personnalisation<\/td>\n<td>Couleur, couvercles, finition, taille<\/td>\n<\/tr>\n<tr style=\"height: 13.50pt;\">\n<td style=\"height: 13.50pt;\" height=\"18\">Savoir-faire<\/td>\n<td>Cuisson \u00e0 haute brillance, filetage pr\u00e9cis<\/td>\n<\/tr>\n<tr style=\"height: 13.50pt;\">\n<td style=\"height: 13.50pt;\" height=\"18\">Utilisation principale<\/td>\n<td>pots cosm\u00e9tiques en gros, pots de lotion pour le corps<\/td>\n<\/tr>\n<tr style=\"height: 13.50pt;\">\n<td style=\"height: 13.50pt;\" height=\"18\">Secteurs cibles<\/td>\n<td>marques de soins de luxe pour la peau, spas et professionnels<\/td>\n<\/tr>\n<\/tbody>\n<\/table>\n<h2>Succ\u00e8s garanti\u00a0: Une cr\u00e8me visage signature de West Coast SpA<\/h2>\n<p>Une marque de spas haut de gamme de la c\u00f4te ouest am\u00e9ricaine a choisi d&#039;utiliser nos pots cosm\u00e9tiques blancs de 300 ml avec couvercles, ainsi que nos couvercles mats \u00e9maill\u00e9s personnalis\u00e9s avec logo. L&#039;ouverture a \u00e9t\u00e9 \u00e9largie de 20 %, ce qui rend le pot plus pratique et permet d&#039;utiliser chaque goutte plus facilement. La contenance de 300 ml a \u00e9galement permis d&#039;augmenter les ventes de produits plus chers et d&#039;accro\u00eetre le panier moyen de 25 %. Fort de ce succ\u00e8s, la marque a d\u00e9j\u00e0 pass\u00e9 une nouvelle commande de 500\u00a0000 pots, qui seront personnalis\u00e9s avec toute sa gamme de produits de soins corporels.<\/p>\n<h2>Pots cosm\u00e9tiques en gros Personnalisation<\/h2>\n<ul>\n<li>Couleurs des gla\u00e7ures\u00a0: Scott peut choisir n\u2019importe quelle couleur du nuancier Pantone correspondant aux couleurs des gla\u00e7ures c\u00e9ramiques, des pastels doux aux tons profonds et pr\u00e9cieux.<\/li>\n<li>Finitions de surface\u00a0: Il existe des finitions brillantes, satin\u00e9es ou enti\u00e8rement mates.<\/li>\n<li>D\u00e9corations sur les couvercles\u00a0: Ces couvercles (pas toujours les m\u00eames) peuvent \u00eatre d\u00e9cor\u00e9s de nombreuses couleurs, de diff\u00e9rents mat\u00e9riaux (par exemple de bois, de pierre), ou incrust\u00e9s de cristaux.<\/li>\n<\/ul>","protected":false},"excerpt":{"rendered":"<p>Pots cosm\u00e9tiques en gros, finition blanche lisse et couvercles herm\u00e9tiques. Id\u00e9aux pour les cr\u00e8mes et les soins de la peau. Pots et couvercles cosm\u00e9tiques en stock, prix direct usine.<\/p>","protected":false},"featured_media":6090,"template":"","meta":{"postBodyCss":"","postBodyMargin":[],"postBodyPadding":[],"postBodyBackground":{"backgroundType":"classic","gradient":""}},"product_brand":[],"product_cat":[106,15,17],"product_tag":[],"class_list":{"0":"post-6086","1":"product","2":"type-product","3":"status-publish","4":"has-post-thumbnail","6":"product_cat-cosmetic-jars","7":"product_cat-glass-containers","8":"product_cat-glass-jars","10":"first","11":"instock","12":"shipping-taxable","13":"product-type-simple"},"jetpack_sharing_enabled":true,"_links":{"self":[{"href":"https:\/\/minghanggroup.com\/fr\/wp-json\/wp\/v2\/product\/6086","targetHints":{"allow":["GET"]}}],"collection":[{"href":"https:\/\/minghanggroup.com\/fr\/wp-json\/wp\/v2\/product"}],"about":[{"href":"https:\/\/minghanggroup.com\/fr\/wp-json\/wp\/v2\/types\/product"}],"wp:featuredmedia":[{"embeddable":true,"href":"https:\/\/minghanggroup.com\/fr\/wp-json\/wp\/v2\/media\/6090"}],"wp:attachment":[{"href":"https:\/\/minghanggroup.com\/fr\/wp-json\/wp\/v2\/media?parent=6086"}],"wp:term":[{"taxonomy":"product_brand","embeddable":true,"href":"https:\/\/minghanggroup.com\/fr\/wp-json\/wp\/v2\/product_brand?post=6086"},{"taxonomy":"product_cat","embeddable":true,"href":"https:\/\/minghanggroup.com\/fr\/wp-json\/wp\/v2\/product_cat?post=6086"},{"taxonomy":"product_tag","embeddable":true,"href":"https:\/\/minghanggroup.com\/fr\/wp-json\/wp\/v2\/product_tag?post=6086"}],"curies":[{"name":"wp","href":"https:\/\/api.w.org\/{rel}","templated":true}]}}