{"id":6076,"date":"2026-03-24T10:57:33","date_gmt":"2026-03-24T02:57:33","guid":{"rendered":"https:\/\/minghanggroup.com\/?post_type=product&#038;p=6076"},"modified":"2026-03-24T16:17:16","modified_gmt":"2026-03-24T08:17:16","slug":"green-glass-cream-jars-packaging-with-lids-bulk","status":"publish","type":"product","link":"https:\/\/minghanggroup.com\/fr\/produit\/green-glass-cream-jars-packaging-with-lids-bulk\/","title":{"rendered":"Pots de cr\u00e8me en verre vert de 1 oz, 2 oz et 4 oz avec couvercles, en vrac"},"content":{"rendered":"<p>Cette gamme de pots de cr\u00e8me se distingue par son verre vert fonc\u00e9 et son couvercle \u00e0 vis en m\u00e9tal argent\u00e9 lisse, gage de qualit\u00e9. Cette teinte vert fonc\u00e9 n&#039;est pas seulement esth\u00e9tique\u00a0: elle filtre \u00e9galement la lumi\u00e8re n\u00e9gative susceptible d&#039;alt\u00e9rer les formules d\u00e9licates des soins. Diff\u00e9rentes contenances sont disponibles, permettant ainsi de d\u00e9velopper une gamme de produits sans changer de fournisseur. La large ouverture facilite le remplissage et permet \u00e0 l&#039;utilisateur d&#039;acc\u00e9der facilement \u00e0 la cr\u00e8me restante. Ces pots en verre offrent une excellente protection et un rendu esth\u00e9tique optimal, que ce soit pour le lancement d&#039;un nouveau produit ou pour le conditionnement des pots de cr\u00e8me d&#039;une marque existante.<\/p>\n<h2>Caract\u00e9ristiques du produit<\/h2>\n<ul>\n<li><strong>Verre vert opaque :<\/strong> La couleur vert fonc\u00e9 emp\u00eache la d\u00e9gradation des formules sensibles \u00e0 la lumi\u00e8re tout en conservant l&#039;aspect d&#039;une couche translucide \u00e9l\u00e9gante.<\/li>\n<li><strong>Conception \u00e0 large ouverture\u00a0:<\/strong> Cette conception facilitera le processus de remplissage en production et rendra l&#039;utilisation quotidienne pratique pour vos clients.<\/li>\n<li><strong>Couvercles \u00e0 vis m\u00e9talliques s\u00e9curis\u00e9s\u00a0:<\/strong> Les bouchons \u00e0 filetage serr\u00e9 assurent une \u00e9tanch\u00e9it\u00e9 parfaite, ce qui permet de r\u00e9sister au transport et de pr\u00e9server les produits en rayon.<\/li>\n<\/ul>\n<h2>Caract\u00e9ristiques principales<\/h2>\n<table style=\"border-collapse: collapse; width: 80%; margin-right: auto; margin-left: auto;\" border=\"0\" width=\"144\" cellspacing=\"0\" cellpadding=\"0\">\n<tbody>\n<tr style=\"height: 13.50pt;\">\n<td style=\"height: 13.5pt; width: 54pt; text-align: center;\" width=\"72\" height=\"18\">Sp\u00e9cification<\/td>\n<td style=\"width: 54pt; text-align: center;\" width=\"72\">D\u00e9tails<\/td>\n<\/tr>\n<tr style=\"height: 13.50pt;\">\n<td style=\"height: 13.5pt; text-align: center;\" height=\"18\">Capacit\u00e9<\/td>\n<td style=\"text-align: center;\">1 oz, 2 oz, 4 oz, 8 oz<\/td>\n<\/tr>\n<tr style=\"height: 13.50pt;\">\n<td style=\"height: 13.5pt; text-align: center;\" height=\"18\">Forme<\/td>\n<td style=\"text-align: center;\">Cylindre \u00e0 c\u00f4t\u00e9s droits<\/td>\n<\/tr>\n<tr style=\"height: 13.50pt;\">\n<td style=\"height: 13.5pt; text-align: center;\" height=\"18\">Couleur<\/td>\n<td style=\"text-align: center;\">Vert fonc\u00e9 (personnalisable)<\/td>\n<\/tr>\n<tr style=\"height: 13.50pt;\">\n<td style=\"height: 13.5pt; text-align: center;\" height=\"18\">Mat\u00e9riau du couvercle<\/td>\n<td style=\"text-align: center;\">M\u00e9tal argent\u00e9 (aluminium\/\u00e9lectroplaqu\u00e9)<\/td>\n<\/tr>\n<tr style=\"height: 13.50pt;\">\n<td style=\"height: 13.5pt; text-align: center;\" height=\"18\">Type d&#039;\u00e9tanch\u00e9it\u00e9<\/td>\n<td style=\"text-align: center;\">Bouchon \u00e0 vis<\/td>\n<\/tr>\n<tr style=\"height: 13.50pt;\">\n<td style=\"height: 13.5pt; text-align: center;\" height=\"18\">Usage<\/td>\n<td style=\"text-align: center;\">Cr\u00e8me visage, cr\u00e8me contour des yeux, baume corporel, cr\u00e8me pour les mains<\/td>\n<\/tr>\n<\/tbody>\n<\/table>\n<h2>Cas de r\u00e9ussite<\/h2>\n<p>Une entreprise australienne de soins de la peau, positionn\u00e9e sur le segment moyen du march\u00e9, a remplac\u00e9 ses pots cosm\u00e9tiques vides en verre vert fonc\u00e9 par les n\u00f4tres. C\u00f4t\u00e9 personnalisation, l&#039;ext\u00e9rieur du pot a \u00e9t\u00e9 trait\u00e9 avec un rev\u00eatement d\u00e9poli, ce qui le rend plus visible en rayon. Le couvercle en aluminium a \u00e9t\u00e9 finement sabl\u00e9 et orn\u00e9 d&#039;un logo discret en relief.<\/p>\n<p>La gamme de produits de la marque a enregistr\u00e9 une croissance de 28 % du volume des ventes mensuelles au cours des trois derniers mois ; au cours des six mois suivants, le client a pass\u00e9 deux commandes suppl\u00e9mentaires, ce qui a donn\u00e9 lieu \u00e0 une commande totale de plus de 120 000 unit\u00e9s.<\/p>\n<h2>Conseils de personnalisation<\/h2>\n<ol>\n<li><strong>Options de couleur\u00a0:<\/strong> Personnalisez la couleur du verre, autre que le vert fonc\u00e9, notamment avec des options comme l&#039;ambre, le blanc d\u00e9poli, les couleurs d\u00e9grad\u00e9es ou les finitions totalement opaques, afin de renforcer votre identit\u00e9 de marque.<\/li>\n<li><strong>D\u00e9coration de surface :<\/strong> Utilisez la s\u00e9rigraphie, le marquage \u00e0 chaud, le rev\u00eatement UV ou les logos en relief sur le pot pour cr\u00e9er un effet de marque plus marqu\u00e9.<\/li>\n<li><strong>Marque de casquettes\u00a0:<\/strong> Ornez le dessus de la casquette par gravure laser, incrustation de couleur ou marquage \u00e0 chaud m\u00e9tallique pour une finition \u00e9l\u00e9gante, distingu\u00e9e et professionnelle.<\/li>\n<\/ol>","protected":false},"excerpt":{"rendered":"<p>Emballages en pots de cr\u00e8me directement du fabricant, pots cosm\u00e9tiques vides avec livraison rapide et personnalisation en gros. Demandez des \u00e9chantillons gratuits pour votre gamme de soins de la peau d\u00e8s aujourd&#039;hui.<\/p>","protected":false},"featured_media":6084,"template":"","meta":{"postBodyCss":"","postBodyMargin":[],"postBodyPadding":[],"postBodyBackground":{"backgroundType":"classic","gradient":""}},"product_brand":[],"product_cat":[106,15,17],"product_tag":[],"class_list":{"0":"post-6076","1":"product","2":"type-product","3":"status-publish","4":"has-post-thumbnail","6":"product_cat-cosmetic-jars","7":"product_cat-glass-containers","8":"product_cat-glass-jars","10":"first","11":"instock","12":"shipping-taxable","13":"product-type-simple"},"jetpack_sharing_enabled":true,"_links":{"self":[{"href":"https:\/\/minghanggroup.com\/fr\/wp-json\/wp\/v2\/product\/6076","targetHints":{"allow":["GET"]}}],"collection":[{"href":"https:\/\/minghanggroup.com\/fr\/wp-json\/wp\/v2\/product"}],"about":[{"href":"https:\/\/minghanggroup.com\/fr\/wp-json\/wp\/v2\/types\/product"}],"wp:featuredmedia":[{"embeddable":true,"href":"https:\/\/minghanggroup.com\/fr\/wp-json\/wp\/v2\/media\/6084"}],"wp:attachment":[{"href":"https:\/\/minghanggroup.com\/fr\/wp-json\/wp\/v2\/media?parent=6076"}],"wp:term":[{"taxonomy":"product_brand","embeddable":true,"href":"https:\/\/minghanggroup.com\/fr\/wp-json\/wp\/v2\/product_brand?post=6076"},{"taxonomy":"product_cat","embeddable":true,"href":"https:\/\/minghanggroup.com\/fr\/wp-json\/wp\/v2\/product_cat?post=6076"},{"taxonomy":"product_tag","embeddable":true,"href":"https:\/\/minghanggroup.com\/fr\/wp-json\/wp\/v2\/product_tag?post=6076"}],"curies":[{"name":"wp","href":"https:\/\/api.w.org\/{rel}","templated":true}]}}