{"id":6075,"date":"2026-03-24T09:05:49","date_gmt":"2026-03-24T01:05:49","guid":{"rendered":"https:\/\/minghanggroup.com\/?post_type=product&#038;p=6075"},"modified":"2026-03-24T10:40:46","modified_gmt":"2026-03-24T02:40:46","slug":"amber-cosmetic-glass-jars-with-lids-wholesale","status":"publish","type":"product","link":"https:\/\/minghanggroup.com\/fr\/produit\/amber-cosmetic-glass-jars-with-lids-wholesale\/","title":{"rendered":"Pots cosm\u00e9tiques en verre ambr\u00e9 de 5 ml \u00e0 80 ml avec couvercles, vente en gros"},"content":{"rendered":"<p>Ces pots cosm\u00e9tiques en verre ambr\u00e9, de forme cylindrique traditionnelle, sont fabriqu\u00e9s en verre ambr\u00e9 de haute qualit\u00e9 afin d&#039;offrir une protection maximale contre la lumi\u00e8re. Disponibles en diff\u00e9rentes tailles, ils sont munis d&#039;un couvercle \u00e0 vis noir, ce qui les rend id\u00e9aux pour le conditionnement de cr\u00e8mes, baumes \u00e0 l\u00e8vres, pommades et autres produits de soin.<\/p>\n<h2>Caract\u00e9ristiques du produit<\/h2>\n<ul>\n<li><strong>Verre ambr\u00e9 photostable\u00a0:<\/strong> Le verre ambr\u00e9 fonc\u00e9 est plac\u00e9 sur les constituants actifs photosensibles (r\u00e9tinol, vitamine C, etc.), la formule conserve ainsi son efficacit\u00e9 et sa stabilit\u00e9.<\/li>\n<li><strong>Bouchon \u00e0 vis lisse et ajust\u00e9 :<\/strong> Le bouchon \u00e0 vis noir, lisse et brillant, s&#039;ajuste parfaitement au bocal, assurant une \u00e9tanch\u00e9it\u00e9 optimale et emp\u00eachant toute humidit\u00e9, oxydation et fuite.<\/li>\n<li><strong>Forme cylindrique unique :<\/strong> La forme cylindrique simple est la forme cylindrique \u00e0 paroi droite courante, stable, facile \u00e0 \u00e9tiqueter et poss\u00e9dant la plus grande capacit\u00e9 interne.<\/li>\n<\/ul>\n<h2 style=\"text-align: left;\">Caract\u00e9ristiques principales<\/h2>\n<table class=\"aligncenter\" style=\"border-collapse: collapse; width: 354.02pt;\" border=\"0\" width=\"472\" cellspacing=\"0\" cellpadding=\"0\">\n<tbody>\n<tr style=\"height: 13.50pt;\">\n<td style=\"height: 13.50pt; width: 98.25pt;\" width=\"131\" height=\"18\">Sp\u00e9cification<\/td>\n<td style=\"width: 255.75pt;\" width=\"341\">D\u00e9tails<\/td>\n<\/tr>\n<tr style=\"height: 13.50pt;\">\n<td style=\"height: 13.50pt;\" height=\"18\">Capacit\u00e9<\/td>\n<td>5 ml, 8 ml, 10 ml, 15 ml, 30 ml, 40 ml, 80 ml<\/td>\n<\/tr>\n<tr style=\"height: 13.50pt;\">\n<td style=\"height: 13.50pt;\" height=\"18\">Mat\u00e9riel<\/td>\n<td>Verre ambr\u00e9, couvercle en plastique noir brillant<\/td>\n<\/tr>\n<tr style=\"height: 13.50pt;\">\n<td style=\"height: 13.50pt;\" height=\"18\">Pot en forme de bocal<\/td>\n<td>Cylindre \u00e0 parois droites avec col filet\u00e9<\/td>\n<\/tr>\n<tr style=\"height: 13.50pt;\">\n<td style=\"height: 13.50pt;\" height=\"18\">\u00c9tendue de la personnalisation<\/td>\n<td>Couleur, finition, couvercles, taille<\/td>\n<\/tr>\n<tr style=\"height: 13.50pt;\">\n<td style=\"height: 13.50pt;\" height=\"18\">Savoir-faire<\/td>\n<td>Formage de verre de pr\u00e9cision pour la protection UV<\/td>\n<\/tr>\n<tr style=\"height: 13.50pt;\">\n<td style=\"height: 13.50pt;\" height=\"18\">Objectif du produit<\/td>\n<td>Pots de cr\u00e8mes pour les yeux, pots cosm\u00e9tiques en verre<\/td>\n<\/tr>\n<tr style=\"height: 13.50pt;\">\n<td style=\"height: 13.50pt;\" height=\"18\">Secteurs d&#039;activit\u00e9 appropri\u00e9s<\/td>\n<td>Marques de soins de la peau, fournisseurs de spas et de salons<\/td>\n<\/tr>\n<\/tbody>\n<\/table>\n<h2>Histoire \u00e0 succ\u00e8s<\/h2>\n<p>Une entreprise cor\u00e9enne de soins de la peau a choisi nos flacons cosm\u00e9tiques ambr\u00e9s de 30 ml, avec indications de dosage imprim\u00e9es et opercules de s\u00e9curit\u00e9 en aluminium. Ces flacons en verre ambr\u00e9 sont essentiels pour prot\u00e9ger le r\u00e9tinol de la lumi\u00e8re et pr\u00e9server son activit\u00e9 \u00e0 99 % apr\u00e8s 12 mois, augmentant ainsi la fid\u00e9lisation client de 30 %. Fort de ce succ\u00e8s, la marque a command\u00e9 une nouvelle livraison de 2 millions de flacons pour conditionner l&#039;ensemble de sa cr\u00e8me de soin destin\u00e9e au march\u00e9 international.<\/p>\n<h2>Ces pots cosm\u00e9tiques en verre offrent certaines possibilit\u00e9s de personnalisation.<\/h2>\n<ul>\n<li>D\u00e9grad\u00e9 Ambre : Ils se pr\u00e9sentent dans plusieurs flacons en verre ambr\u00e9, de couleur miel clair \u00e0 brun fonc\u00e9 (presque opaque).<\/li>\n<li>Mat\u00e9riau et finition du capuchon\u00a0: Un capuchon noir ou blanc mat, argent\u00e9 ou m\u00e9tallis\u00e9 peut \u00eatre utilis\u00e9.<\/li>\n<li>Design carr\u00e9\u00a0: Des bouteilles carr\u00e9es qui permettent de gagner de la place, avec un look moderne et original, et qui s\u2019adapteront parfaitement aux emballages cadeaux et aux \u00e9tag\u00e8res.<\/li>\n<\/ul>","protected":false},"excerpt":{"rendered":"<p>Pots cosm\u00e9tiques en verre ambr\u00e9 avec couvercles con\u00e7us pour prot\u00e9ger les cr\u00e8mes de la lumi\u00e8re. Id\u00e9aux pour conserver cr\u00e8mes, baumes et produits de soin. Vente directe d&#039;usine, livraison rapide.<\/p>","protected":false},"featured_media":6079,"template":"","meta":{"postBodyCss":"","postBodyMargin":[],"postBodyPadding":[],"postBodyBackground":{"backgroundType":"classic","gradient":""}},"product_brand":[],"product_cat":[106,15,17],"product_tag":[],"class_list":{"0":"post-6075","1":"product","2":"type-product","3":"status-publish","4":"has-post-thumbnail","6":"product_cat-cosmetic-jars","7":"product_cat-glass-containers","8":"product_cat-glass-jars","10":"first","11":"instock","12":"shipping-taxable","13":"product-type-simple"},"jetpack_sharing_enabled":true,"_links":{"self":[{"href":"https:\/\/minghanggroup.com\/fr\/wp-json\/wp\/v2\/product\/6075","targetHints":{"allow":["GET"]}}],"collection":[{"href":"https:\/\/minghanggroup.com\/fr\/wp-json\/wp\/v2\/product"}],"about":[{"href":"https:\/\/minghanggroup.com\/fr\/wp-json\/wp\/v2\/types\/product"}],"wp:featuredmedia":[{"embeddable":true,"href":"https:\/\/minghanggroup.com\/fr\/wp-json\/wp\/v2\/media\/6079"}],"wp:attachment":[{"href":"https:\/\/minghanggroup.com\/fr\/wp-json\/wp\/v2\/media?parent=6075"}],"wp:term":[{"taxonomy":"product_brand","embeddable":true,"href":"https:\/\/minghanggroup.com\/fr\/wp-json\/wp\/v2\/product_brand?post=6075"},{"taxonomy":"product_cat","embeddable":true,"href":"https:\/\/minghanggroup.com\/fr\/wp-json\/wp\/v2\/product_cat?post=6075"},{"taxonomy":"product_tag","embeddable":true,"href":"https:\/\/minghanggroup.com\/fr\/wp-json\/wp\/v2\/product_tag?post=6075"}],"curies":[{"name":"wp","href":"https:\/\/api.w.org\/{rel}","templated":true}]}}