{"id":6065,"date":"2026-03-23T10:39:26","date_gmt":"2026-03-23T02:39:26","guid":{"rendered":"https:\/\/minghanggroup.com\/?post_type=product&#038;p=6065"},"modified":"2026-03-23T10:39:28","modified_gmt":"2026-03-23T02:39:28","slug":"frosted-glass-cream-jars-with-bamboo-lids-bulk","status":"publish","type":"product","link":"https:\/\/minghanggroup.com\/fr\/produit\/frosted-glass-cream-jars-with-bamboo-lids-bulk\/","title":{"rendered":"Pots \u00e0 cr\u00e8me en verre d\u00e9poli de 30 ml avec couvercles en bambou (vente en gros)"},"content":{"rendered":"<p><span class=\"qk-md-text complete\" data-spm-anchor-id=\"5176.28103460.0.i5.51627551XUs49R\">Ce pot \u00e0 cr\u00e8me en verre aux parois droites associe un corps d\u00e9poli raffin\u00e9 \u00e0 un couvercle \u00e0 vis en bambou \u00e9co-responsable, symbole \u00e0 la fois de luxe et de durabilit\u00e9.<\/span> Le joint filet\u00e9 assure une \u00e9tanch\u00e9it\u00e9 parfaite et le fond l\u00e9g\u00e8rement \u00e9paissi conf\u00e8re poids et stabilit\u00e9. Ces pots cosm\u00e9tiques en verre d\u00e9poli, du plus bel effet sur les r\u00e9seaux sociaux, sont suffisamment lourds pour justifier un prix plus \u00e9lev\u00e9. Fabriqu\u00e9s en verre d\u00e9poli, ils offrent aux clients l&#039;allure \u00e9co-luxe recherch\u00e9e.<\/p>\n<h2>Caract\u00e9ristiques du produit<\/h2>\n<ul>\n<li><strong>Couvercle en bambou \u00e9co-responsable\u00a0:<\/strong> Il se compose d&#039;une texture de grain de bois naturel associ\u00e9e \u00e0 du verre d\u00e9poli, formant un emballage qui revendique haut et fort son engagement en faveur du d\u00e9veloppement durable tout en restant \u00e9l\u00e9gant.<\/li>\n<li><strong>Corps givr\u00e9 protecteur contre la lumi\u00e8re\u00a0:<\/strong> La surface d\u00e9polie prot\u00e8ge les formules sensibles \u00e0 la lumi\u00e8re et conserve cet aspect semi-transparent haut de gamme que les clients appr\u00e9cient.<\/li>\n<li><strong>Fermeture s\u00e9curis\u00e9e par filetage\u00a0:<\/strong> Les couvercles sont des couvercles herm\u00e9tiques dot\u00e9s d&#039;une doublure int\u00e9rieure afin de garantir la fra\u00eecheur des contenants en verre pour produits cosm\u00e9tiques jusqu&#039;au client.<\/li>\n<\/ul>\n<h2>Caract\u00e9ristiques principales<\/h2>\n<table style=\"border-collapse: collapse; width: 80%; margin-left: auto; margin-right: auto;\" border=\"0\" width=\"144\" cellspacing=\"0\" cellpadding=\"0\">\n<tbody>\n<tr style=\"height: 13.50pt;\">\n<td style=\"height: 13.5pt; width: 54pt; text-align: center;\" width=\"72\" height=\"18\">Sp\u00e9cification<\/td>\n<td style=\"width: 54pt; text-align: center;\" width=\"72\">D\u00e9tails<\/td>\n<\/tr>\n<tr style=\"height: 13.50pt;\">\n<td style=\"height: 13.5pt; text-align: center;\" height=\"18\">Capacit\u00e9<\/td>\n<td style=\"text-align: center;\">30 ml \/ 1 oz<\/td>\n<\/tr>\n<tr style=\"height: 13.50pt;\">\n<td style=\"height: 13.5pt; text-align: center;\" height=\"18\">Forme<\/td>\n<td style=\"text-align: center;\">C\u00f4t\u00e9s droits<\/td>\n<\/tr>\n<tr style=\"height: 13.50pt;\">\n<td style=\"height: 13.5pt; text-align: center;\" height=\"18\">Type d&#039;\u00e9tanch\u00e9it\u00e9<\/td>\n<td style=\"text-align: center;\">Vis filet\u00e9e avec couvercle en bambou<\/td>\n<\/tr>\n<tr style=\"height: 13.50pt;\">\n<td style=\"height: 13.5pt; text-align: center;\" height=\"18\">Couleur<\/td>\n<td style=\"text-align: center;\">Givr\u00e9<\/td>\n<\/tr>\n<tr style=\"height: 13.50pt;\">\n<td style=\"height: 13.5pt; text-align: center;\" height=\"18\">Mat\u00e9riau du couvercle<\/td>\n<td style=\"text-align: center;\">Bambou naturel avec doublure int\u00e9rieure<\/td>\n<\/tr>\n<tr style=\"height: 13.50pt;\">\n<td style=\"height: 13.5pt; text-align: center;\" height=\"18\">Mati\u00e8re corporelle<\/td>\n<td style=\"text-align: center;\">Verre<\/td>\n<\/tr>\n<tr style=\"height: 13.50pt;\">\n<td style=\"height: 13.5pt; text-align: center;\" height=\"18\">Usage<\/td>\n<td style=\"text-align: center;\">Cr\u00e8me visage, cr\u00e8me contour des yeux, baume corporel, masque pour les l\u00e8vres<\/td>\n<\/tr>\n<\/tbody>\n<\/table>\n<h2>Cas de r\u00e9ussite<\/h2>\n<p>Pour sa nouvelle gamme de cr\u00e8mes r\u00e9paratrices bio, une entreprise australienne de soins naturels a choisi notre pot en verre d\u00e9poli comme emballage principal. Nous avons opt\u00e9 pour une personnalisation originale\u00a0: le pot d\u00e9poli a \u00e9t\u00e9 sublim\u00e9 par un d\u00e9grad\u00e9 mat (avec une texture plus dense et translucide au fond). Le couvercle en bambou, carbonis\u00e9 fonc\u00e9, est muni d\u2019un joint en silicone sp\u00e9cialement con\u00e7u pour une \u00e9tanch\u00e9it\u00e9 optimale.<\/p>\n<p>La s\u00e9rie s&#039;est vendue \u00e0 pr\u00e8s de 52 exemplaires dans les trois mois suivant son lancement. Apr\u00e8s le premier r\u00e9approvisionnement, le produit a enregistr\u00e9 trois vagues de r\u00e9achats, devenant rapidement l&#039;un des produits phares de la marque.<\/p>\n<h2>Recommandations de personnalisation<\/h2>\n<ol>\n<li><strong>Mat\u00e9riaux du couvercle am\u00e9lior\u00e9s\u00a0:<\/strong> Les couvercles en bambou peuvent \u00eatre remplac\u00e9s par des couvercles en aluminium, \u00e9lectroplaqu\u00e9s ou en ABS imitation bois pour s&#039;adapter \u00e0 diff\u00e9rents niveaux de prix et styles de design.<\/li>\n<li><strong>Solutions d&#039;\u00e9tanch\u00e9it\u00e9 optimis\u00e9es\u00a0:<\/strong> Des doublures en PE, des joints en feuille d&#039;aluminium ou des bouchons internes peuvent \u00eatre ajout\u00e9s pour am\u00e9liorer la pr\u00e9vention des fuites et la fra\u00eecheur du produit.<\/li>\n<li><strong>Personnalisation de la marque\u00a0:<\/strong> Les diff\u00e9rents types de marquage utilis\u00e9s, tels que la s\u00e9rigraphie, le marquage \u00e0 chaud (or\/argent), l&#039;\u00e9tiquetage ou la gravure laser de logos sur les couvercles en bambou, sont pris en charge.<\/li>\n<\/ol>","protected":false},"excerpt":{"rendered":"<p>Pots \u00e0 cr\u00e8me en verre de haute qualit\u00e9, finition d\u00e9polie et couvercles en bambou. Pots cosm\u00e9tiques en verre d\u00e9poli id\u00e9aux, vente directe d&#039;usine avec possibilit\u00e9 de personnalisation en gros.<\/p>","protected":false},"featured_media":6074,"template":"","meta":{"postBodyCss":"","postBodyMargin":[],"postBodyPadding":[],"postBodyBackground":{"backgroundType":"classic","gradient":""}},"product_brand":[],"product_cat":[106,15,17],"product_tag":[],"class_list":{"0":"post-6065","1":"product","2":"type-product","3":"status-publish","4":"has-post-thumbnail","6":"product_cat-cosmetic-jars","7":"product_cat-glass-containers","8":"product_cat-glass-jars","10":"first","11":"instock","12":"shipping-taxable","13":"product-type-simple"},"jetpack_sharing_enabled":true,"_links":{"self":[{"href":"https:\/\/minghanggroup.com\/fr\/wp-json\/wp\/v2\/product\/6065","targetHints":{"allow":["GET"]}}],"collection":[{"href":"https:\/\/minghanggroup.com\/fr\/wp-json\/wp\/v2\/product"}],"about":[{"href":"https:\/\/minghanggroup.com\/fr\/wp-json\/wp\/v2\/types\/product"}],"wp:featuredmedia":[{"embeddable":true,"href":"https:\/\/minghanggroup.com\/fr\/wp-json\/wp\/v2\/media\/6074"}],"wp:attachment":[{"href":"https:\/\/minghanggroup.com\/fr\/wp-json\/wp\/v2\/media?parent=6065"}],"wp:term":[{"taxonomy":"product_brand","embeddable":true,"href":"https:\/\/minghanggroup.com\/fr\/wp-json\/wp\/v2\/product_brand?post=6065"},{"taxonomy":"product_cat","embeddable":true,"href":"https:\/\/minghanggroup.com\/fr\/wp-json\/wp\/v2\/product_cat?post=6065"},{"taxonomy":"product_tag","embeddable":true,"href":"https:\/\/minghanggroup.com\/fr\/wp-json\/wp\/v2\/product_tag?post=6065"}],"curies":[{"name":"wp","href":"https:\/\/api.w.org\/{rel}","templated":true}]}}